{"id":18782,"date":"2022-11-14T16:08:43","date_gmt":"2022-11-14T15:08:43","guid":{"rendered":"https:\/\/ihdemu.com\/objetivos\/"},"modified":"2023-11-28T14:53:52","modified_gmt":"2023-11-28T13:53:52","slug":"ziele","status":"publish","type":"page","link":"https:\/\/ihdemu.com\/de\/ziele\/","title":{"rendered":"Ziele nach Niveau in unseren Spanischkursen"},"content":{"rendered":"\t\t<div data-elementor-type=\"wp-page\" data-elementor-id=\"18782\" class=\"elementor elementor-18782 elementor-3818\" data-elementor-post-type=\"page\">\n\t\t\t\t\t\t<section data-dce-background-image-url=\"https:\/\/ihdemu.com\/wp-content\/uploads\/2022\/11\/Instituto-Hispanico-de-Murcia-Cabecera-Objetivos.jpg\" class=\"elementor-section elementor-top-section elementor-element elementor-element-aa0fffd elementor-section-boxed elementor-section-height-default elementor-section-height-default\" data-id=\"aa0fffd\" data-element_type=\"section\" data-e-type=\"section\" id=\"cabecera\" data-settings=\"{&quot;background_background&quot;:&quot;classic&quot;}\">\n\t\t\t\t\t\t\t<div class=\"elementor-background-overlay\"><\/div>\n\t\t\t\t\t\t\t<div class=\"elementor-container elementor-column-gap-default\">\n\t\t\t\t\t<div class=\"elementor-column elementor-col-100 elementor-top-column elementor-element elementor-element-fd2f8cf\" data-id=\"fd2f8cf\" data-element_type=\"column\" data-e-type=\"column\">\n\t\t\t<div class=\"elementor-widget-wrap elementor-element-populated\">\n\t\t\t\t\t\t<div class=\"elementor-element elementor-element-4424047 elementor-widget elementor-widget-heading\" data-id=\"4424047\" data-element_type=\"widget\" data-e-type=\"widget\" data-widget_type=\"heading.default\">\n\t\t\t\t<div class=\"elementor-widget-container\">\n\t\t\t\t\t<h1 class=\"elementor-heading-title elementor-size-default\">Ziele nach Niveau<\/h1>\t\t\t\t<\/div>\n\t\t\t\t<\/div>\n\t\t\t\t\t<\/div>\n\t\t<\/div>\n\t\t\t\t\t<\/div>\n\t\t<\/section>\n\t\t\t\t<section class=\"elementor-section elementor-top-section elementor-element elementor-element-c1b8866 contenido elementor-section-boxed elementor-section-height-default elementor-section-height-default\" data-id=\"c1b8866\" data-element_type=\"section\" data-e-type=\"section\">\n\t\t\t\t\t\t<div class=\"elementor-container elementor-column-gap-default\">\n\t\t\t\t\t<div class=\"elementor-column elementor-col-50 elementor-top-column elementor-element elementor-element-17b9e95 caja rosa\" data-id=\"17b9e95\" data-element_type=\"column\" data-e-type=\"column\">\n\t\t\t<div class=\"elementor-widget-wrap elementor-element-populated\">\n\t\t\t\t\t\t<div class=\"elementor-element elementor-element-96cc032 elementor-widget elementor-widget-image\" data-id=\"96cc032\" data-element_type=\"widget\" data-e-type=\"widget\" data-widget_type=\"image.default\">\n\t\t\t\t<div class=\"elementor-widget-container\">\n\t\t\t\t\t\t\t\t\t\t\t\t\t\t\t<img decoding=\"async\" width=\"231\" height=\"200\" src=\"https:\/\/ihdemu.com\/wp-content\/uploads\/2023\/01\/Instituto-Hispanico-de-Murcia-Objetivos-A1.png\" class=\"attachment-large size-large wp-image-20857\" alt=\"Instituto Hispanico de Murcia - Objetivos - A1\" \/>\t\t\t\t\t\t\t\t\t\t\t\t\t\t\t<\/div>\n\t\t\t\t<\/div>\n\t\t\t\t<div class=\"elementor-element elementor-element-dd21f10 elementor-widget elementor-widget-heading\" data-id=\"dd21f10\" data-element_type=\"widget\" data-e-type=\"widget\" data-widget_type=\"heading.default\">\n\t\t\t\t<div class=\"elementor-widget-container\">\n\t\t\t\t\t<h2 class=\"elementor-heading-title elementor-size-default\">A1 - EINSTIEG<\/h2>\t\t\t\t<\/div>\n\t\t\t\t<\/div>\n\t\t\t\t<div class=\"elementor-element elementor-element-a3a33b0 elementor-widget elementor-widget-text-editor\" data-id=\"a3a33b0\" data-element_type=\"widget\" data-e-type=\"widget\" data-widget_type=\"text-editor.default\">\n\t\t\t\t<div class=\"elementor-widget-container\">\n\t\t\t\t\t\t\t\t\t<ul><li>Um diese Stufe abzuschlie\u00dfen, m\u00fcssen mindestens 60 Stunden gem\u00e4\u00df den Standards des Instituto Cervantes absolviert werden.<\/li><li>Die Sch\u00fcler verf\u00fcgen \u00fcber ein sehr begrenztes einstudiertes und lexikalisch organisiertes Repertoire an Redewendungen, die in konkreten und vorhersehbaren Situationen verwendet werden.<\/li><li>Sie k\u00f6nnen auf einfache Weise interagieren, solange der Gespr\u00e4chspartner kooperiert.<\/li><li>Sie verf\u00fcgen \u00fcber Ressourcen, die es ihnen erm\u00f6glichen, unmittelbare Bed\u00fcrfnisse im Zusammenhang mit allt\u00e4glichen Situationen zu befriedigen, z. B. nach ganz bestimmten Dingen zu fragen und ihren Standort herauszufinden, zu fragen, wohin sie gehen m\u00f6chten, Informationen zu pers\u00f6nlichen Aspekten zu geben und sich mit Mengen, Preisen und Zeitpl\u00e4nen zu befassen.<\/li><\/ul>\t\t\t\t\t\t\t\t<\/div>\n\t\t\t\t<\/div>\n\t\t\t\t\t<\/div>\n\t\t<\/div>\n\t\t\t\t<div class=\"elementor-column elementor-col-50 elementor-top-column elementor-element elementor-element-3375698 caja rosa\" data-id=\"3375698\" data-element_type=\"column\" data-e-type=\"column\">\n\t\t\t<div class=\"elementor-widget-wrap elementor-element-populated\">\n\t\t\t\t\t\t<div class=\"elementor-element elementor-element-938e257 elementor-widget elementor-widget-image\" data-id=\"938e257\" data-element_type=\"widget\" data-e-type=\"widget\" data-widget_type=\"image.default\">\n\t\t\t\t<div class=\"elementor-widget-container\">\n\t\t\t\t\t\t\t\t\t\t\t\t\t\t\t<img fetchpriority=\"high\" decoding=\"async\" width=\"293\" height=\"200\" src=\"https:\/\/ihdemu.com\/wp-content\/uploads\/2022\/12\/Instituto-Hispanico-de-Murcia-Objetivos-A2.png\" class=\"attachment-large size-large wp-image-17311\" alt=\"Instituto Hispanico de Murcia - Objetivos - A2\" \/>\t\t\t\t\t\t\t\t\t\t\t\t\t\t\t<\/div>\n\t\t\t\t<\/div>\n\t\t\t\t<div class=\"elementor-element elementor-element-69496a1 elementor-widget elementor-widget-heading\" data-id=\"69496a1\" data-element_type=\"widget\" data-e-type=\"widget\" data-widget_type=\"heading.default\">\n\t\t\t\t<div class=\"elementor-widget-container\">\n\t\t\t\t\t<h2 class=\"elementor-heading-title elementor-size-default\">A2 - GRUNDLAGEN<\/h2>\t\t\t\t<\/div>\n\t\t\t\t<\/div>\n\t\t\t\t<div class=\"elementor-element elementor-element-9f6de3c elementor-widget elementor-widget-text-editor\" data-id=\"9f6de3c\" data-element_type=\"widget\" data-e-type=\"widget\" data-widget_type=\"text-editor.default\">\n\t\t\t\t<div class=\"elementor-widget-container\">\n\t\t\t\t\t\t\t\t\t<ul><li>Um diese Stufe abzuschlie\u00dfen, m\u00fcssen mindestens 120 Stunden gem\u00e4\u00df den Standards des Instituto Cervantes absolviert werden.<\/li><li>Die Studierenden sind in der Lage, mit einem begrenzten Repertoire an einfachen sprachlichen und nicht-sprachlichen Ressourcen umzugehen, wie grundlegende syntaktische Strukturen (einschlie\u00dflich auswendig gelernter Phrasen oder Formeln) und sehr allgemeine Kenntnisse \u00fcber soziale Konventionen und kulturelle Bez\u00fcge der hispanischen Welt.<\/li><li>Sie nutzen ihre F\u00e4higkeiten, Fertigkeiten und Einstellungen, um ihre Kommunikationsschwierigkeiten auszugleichen.<\/li><li>Sie kommunizieren verst\u00e4ndlich und klar, auch wenn ihr ausl\u00e4ndischer Akzent deutlich wird und es in seltenen Situationen zu Unterbrechungen und Missverst\u00e4ndnissen kommt.<\/li><li>Sie funktionieren in allt\u00e4glichen Situationen des elementaren \u00dcberlebens: Sie fragen und beantworten Anfragen, besorgen grundlegende Informationen in Gesch\u00e4ften, Banken, Post\u00e4mtern, Transportmitteln usw. und beschaffen die Waren und Dienstleistungen, die sie ben\u00f6tigen.<\/li><\/ul>\t\t\t\t\t\t\t\t<\/div>\n\t\t\t\t<\/div>\n\t\t\t\t\t<\/div>\n\t\t<\/div>\n\t\t\t\t\t<\/div>\n\t\t<\/section>\n\t\t\t\t<section class=\"elementor-section elementor-top-section elementor-element elementor-element-abdc0d4 contenido elementor-section-boxed elementor-section-height-default elementor-section-height-default\" data-id=\"abdc0d4\" data-element_type=\"section\" data-e-type=\"section\">\n\t\t\t\t\t\t<div class=\"elementor-container elementor-column-gap-default\">\n\t\t\t\t\t<div class=\"elementor-column elementor-col-50 elementor-top-column elementor-element elementor-element-3c1c07b caja amarillo\" data-id=\"3c1c07b\" data-element_type=\"column\" data-e-type=\"column\">\n\t\t\t<div class=\"elementor-widget-wrap elementor-element-populated\">\n\t\t\t\t\t\t<div class=\"elementor-element elementor-element-c5bca0a elementor-widget elementor-widget-image\" data-id=\"c5bca0a\" data-element_type=\"widget\" data-e-type=\"widget\" data-widget_type=\"image.default\">\n\t\t\t\t<div class=\"elementor-widget-container\">\n\t\t\t\t\t\t\t\t\t\t\t\t\t\t\t<img decoding=\"async\" width=\"231\" height=\"200\" src=\"https:\/\/ihdemu.com\/wp-content\/uploads\/2022\/12\/Instituto-Hispanico-de-Murcia-Objetivos-B1-2.png\" class=\"attachment-large size-large wp-image-17347\" alt=\"Instituto Hispanico de Murcia - Objetivos - B1\" \/>\t\t\t\t\t\t\t\t\t\t\t\t\t\t\t<\/div>\n\t\t\t\t<\/div>\n\t\t\t\t<div class=\"elementor-element elementor-element-aa45d0a elementor-widget elementor-widget-heading\" data-id=\"aa45d0a\" data-element_type=\"widget\" data-e-type=\"widget\" data-widget_type=\"heading.default\">\n\t\t\t\t<div class=\"elementor-widget-container\">\n\t\t\t\t\t<h2 class=\"elementor-heading-title elementor-size-default\">B1 - MITTELSTUFE<\/h2>\t\t\t\t<\/div>\n\t\t\t\t<\/div>\n\t\t\t\t<div class=\"elementor-element elementor-element-5c7ee26 elementor-widget elementor-widget-text-editor\" data-id=\"5c7ee26\" data-element_type=\"widget\" data-e-type=\"widget\" data-widget_type=\"text-editor.default\">\n\t\t\t\t<div class=\"elementor-widget-container\">\n\t\t\t\t\t\t\t\t\t<ul><li>Um diese Stufe zu absolvieren, m\u00fcssen gem\u00e4\u00df den Standards des Instituto Cervantes mindestens 180 bis 240 Stunden absolviert werden.<\/li><li>Die Studierenden k\u00f6nnen aus einem breiten, aber einfachen Repertoire an erlernten Vokabeln, Strukturen und Formeln Nutzen ziehen.<\/li><li>Sie setzen das allgemeine Wissen der hispanischen Welt (kulturelle Referenzen, Normen und Konventionen soziokultureller Art) ein, das sie ben\u00f6tigen, um in den verschiedenen Transaktionen, an denen sie teilnehmen, zu funktionieren.<\/li><li>Sie kommunizieren angemessen in einem neutralen Register, jedoch mit gen\u00fcgend Flexibilit\u00e4t, um sich an unterschiedliche Situationen anzupassen.<\/li><li>Sie dr\u00fccken sich mit angemessener Genauigkeit aus, obwohl sie z\u00f6gern oder innehalten, um dar\u00fcber nachzudenken, was sie sagen werden, und Fehler machen (insbesondere Aussprache), insbesondere in unvorhergesehenen und angespannten Situationen.<\/li><li>Sie wissen, wie man jemanden bittet, das gerade Gesagte zu verdeutlichen oder weiterzuentwickeln.<\/li><li>Sie sind in der Lage, die Transaktionen durchzuf\u00fchren, die bei der Organisation einer Reise oder w\u00e4hrend ihrer Entwicklung oder in weniger \u00fcblichen Situationen in Gesch\u00e4ften, Autovermietungen, Post\u00e4mtern, Banken usw. erforderlich sind.<\/li><li>Sie sind in der Lage, unvorhergesehene Situationen (Diebst\u00e4hle, Unf\u00e4lle usw.) zu reklamieren und Einzelheiten zu schildern.<\/li><\/ul>\t\t\t\t\t\t\t\t<\/div>\n\t\t\t\t<\/div>\n\t\t\t\t\t<\/div>\n\t\t<\/div>\n\t\t\t\t<div class=\"elementor-column elementor-col-50 elementor-top-column elementor-element elementor-element-0ed1c9f caja amarillo\" data-id=\"0ed1c9f\" data-element_type=\"column\" data-e-type=\"column\">\n\t\t\t<div class=\"elementor-widget-wrap elementor-element-populated\">\n\t\t\t\t\t\t<div class=\"elementor-element elementor-element-35fc6ec elementor-widget elementor-widget-image\" data-id=\"35fc6ec\" data-element_type=\"widget\" data-e-type=\"widget\" data-widget_type=\"image.default\">\n\t\t\t\t<div class=\"elementor-widget-container\">\n\t\t\t\t\t\t\t\t\t\t\t\t\t\t\t<img loading=\"lazy\" decoding=\"async\" width=\"176\" height=\"200\" src=\"https:\/\/ihdemu.com\/wp-content\/uploads\/2023\/01\/Instituto-Hispanico-de-Murcia-Objetivos-B2.png\" class=\"attachment-large size-large wp-image-20878\" alt=\"Instituto Hispanico de Murcia - Objetivos - B2\" \/>\t\t\t\t\t\t\t\t\t\t\t\t\t\t\t<\/div>\n\t\t\t\t<\/div>\n\t\t\t\t<div class=\"elementor-element elementor-element-046c727 elementor-widget elementor-widget-heading\" data-id=\"046c727\" data-element_type=\"widget\" data-e-type=\"widget\" data-widget_type=\"heading.default\">\n\t\t\t\t<div class=\"elementor-widget-container\">\n\t\t\t\t\t<h2 class=\"elementor-heading-title elementor-size-default\">B2 - GUTE MITTELSTUFE<\/h2>\t\t\t\t<\/div>\n\t\t\t\t<\/div>\n\t\t\t\t<div class=\"elementor-element elementor-element-6666f0a elementor-widget elementor-widget-text-editor\" data-id=\"6666f0a\" data-element_type=\"widget\" data-e-type=\"widget\" data-widget_type=\"text-editor.default\">\n\t\t\t\t<div class=\"elementor-widget-container\">\n\t\t\t\t\t\t\t\t\t<ul><li>Um dieses Niveau abzuschlie\u00dfen, m\u00fcssen mindestens 180 Stunden absolviert werden, nachdem zuvor die vorherigen Niveaus gem\u00e4\u00df den Standards des Instituto Cervantes akkreditiert wurden.<\/li><li>Die Studierenden verf\u00fcgen \u00fcber die notwendigen sprachlichen und nicht-sprachlichen Ressourcen, um am kommunikativen Austausch mit einem ausreichenden Ma\u00df an Gel\u00e4ufigkeit, Pr\u00e4zision und Selbstverst\u00e4ndlichkeit teilzunehmen, ohne dass ihre Gespr\u00e4chspartner besondere Anstrengungen unternehmen m\u00fcssen.<\/li><li>Sie verf\u00fcgen \u00fcber ein Sprachbewusstsein, das es ihnen erm\u00f6glicht, Fehler zu vermeiden, die zu Missverst\u00e4ndnissen f\u00fchren, und gen\u00fcgend Ressourcen einzusetzen, um Situationen der Mehrdeutigkeit zu vermeiden und zu kl\u00e4ren, was der Gespr\u00e4chspartner gemeint hat.<\/li><li>Sie nutzen ein breites sprachliches Repertoire, das ausreicht, um sich argumentativ und nuanciert, ohne gr\u00f6\u00dfere Formulierungsfehler und mit klarer Aussprache auszudr\u00fccken.<\/li><li>Sie ber\u00fccksichtigen die Wirkung ihrer Kommentare und ber\u00fccksichtigen sowohl die Kommunikationssituation als auch ihre Gespr\u00e4chspartner, um das Register und den Formalit\u00e4tsgrad an unterschiedliche Gegebenheiten anzupassen.<\/li><li>Sie verf\u00fcgen \u00fcber ausreichende sprachliche F\u00e4higkeiten, um die Einzelheiten eines Problems zu skizzieren, Behauptungen zu pr\u00e4sentieren und Konfliktsituationen zu l\u00f6sen, indem sie argumentieren und eine \u00fcberzeugende Sprache verwenden.<\/li><\/ul>\t\t\t\t\t\t\t\t<\/div>\n\t\t\t\t<\/div>\n\t\t\t\t\t<\/div>\n\t\t<\/div>\n\t\t\t\t\t<\/div>\n\t\t<\/section>\n\t\t\t\t<section class=\"elementor-section elementor-top-section elementor-element elementor-element-a5a639f contenido elementor-section-boxed elementor-section-height-default elementor-section-height-default\" data-id=\"a5a639f\" data-element_type=\"section\" data-e-type=\"section\">\n\t\t\t\t\t\t<div class=\"elementor-container elementor-column-gap-default\">\n\t\t\t\t\t<div class=\"elementor-column elementor-col-50 elementor-top-column elementor-element elementor-element-5cb95d8 caja verde\" data-id=\"5cb95d8\" data-element_type=\"column\" data-e-type=\"column\">\n\t\t\t<div class=\"elementor-widget-wrap elementor-element-populated\">\n\t\t\t\t\t\t<div class=\"elementor-element elementor-element-84d4c4f elementor-widget elementor-widget-image\" data-id=\"84d4c4f\" data-element_type=\"widget\" data-e-type=\"widget\" data-widget_type=\"image.default\">\n\t\t\t\t<div class=\"elementor-widget-container\">\n\t\t\t\t\t\t\t\t\t\t\t\t\t\t\t<img loading=\"lazy\" decoding=\"async\" width=\"149\" height=\"200\" src=\"https:\/\/ihdemu.com\/wp-content\/uploads\/2022\/12\/Instituto-Hispanico-de-Murcia-Objetivos-C1.png\" class=\"attachment-large size-large wp-image-17284\" alt=\"Instituto Hispanico de Murcia - Objetivos - C1\" \/>\t\t\t\t\t\t\t\t\t\t\t\t\t\t\t<\/div>\n\t\t\t\t<\/div>\n\t\t\t\t<div class=\"elementor-element elementor-element-fa93224 elementor-widget elementor-widget-heading\" data-id=\"fa93224\" data-element_type=\"widget\" data-e-type=\"widget\" data-widget_type=\"heading.default\">\n\t\t\t\t<div class=\"elementor-widget-container\">\n\t\t\t\t\t<h2 class=\"elementor-heading-title elementor-size-default\">C1 - FORTGESCHRITTENE KENNTNISSE<\/h2>\t\t\t\t<\/div>\n\t\t\t\t<\/div>\n\t\t\t\t<div class=\"elementor-element elementor-element-74e6de1 elementor-widget elementor-widget-text-editor\" data-id=\"74e6de1\" data-element_type=\"widget\" data-e-type=\"widget\" data-widget_type=\"text-editor.default\">\n\t\t\t\t<div class=\"elementor-widget-container\">\n\t\t\t\t\t\t\t\t\t<ul><li>Um dieses Niveau abzuschlie\u00dfen, m\u00fcssen mindestens 180 Stunden absolviert werden, nachdem zuvor die vorherigen Niveaus gem\u00e4\u00df den Standards des Instituto Cervantes akkreditiert wurden.<\/li><li>Die Sch\u00fcler verf\u00fcgen \u00fcber ein Repertoire an sprachlichen und nichtsprachlichen Ressourcen, das breit und reichhaltig genug ist, um flie\u00dfend und nat\u00fcrlich fast m\u00fchelos zu kommunizieren.<\/li><li>Sie verf\u00fcgen \u00fcber ein umfangreiches und pr\u00e4zises lexikalisches Repertoire, das es ihnen erm\u00f6glicht, Bedeutungsnuancen auszudr\u00fccken und Mehrdeutigkeiten und Verwirrung zu beseitigen.<\/li><li>Sie kommunizieren flie\u00dfend und spontan, ohne zu z\u00f6gern, selbst in komplizierten Situationen oder bei widrigen Umst\u00e4nden wie L\u00e4rm oder St\u00f6rungen.<\/li><li>Sie verwenden f\u00fcr jede Art von Situation das passende Register und agieren koh\u00e4rent und konsistent in verschiedenen Registern (vertraut, neutral, formell, feierlich usw.).<\/li><li>Sie greifen auf die F\u00e4higkeiten, F\u00e4higkeiten und Einstellungen zur\u00fcck, die erforderlich sind, um heikle Transaktionen oder Transaktionen mit einem gewissen Grad an Komplexit\u00e4t durchzuf\u00fchren, wie z.<\/li><\/ul>\t\t\t\t\t\t\t\t<\/div>\n\t\t\t\t<\/div>\n\t\t\t\t\t<\/div>\n\t\t<\/div>\n\t\t\t\t<div class=\"elementor-column elementor-col-50 elementor-top-column elementor-element elementor-element-74a2edf caja verde\" data-id=\"74a2edf\" data-element_type=\"column\" data-e-type=\"column\">\n\t\t\t<div class=\"elementor-widget-wrap elementor-element-populated\">\n\t\t\t\t\t\t<div class=\"elementor-element elementor-element-510448a elementor-widget elementor-widget-image\" data-id=\"510448a\" data-element_type=\"widget\" data-e-type=\"widget\" data-widget_type=\"image.default\">\n\t\t\t\t<div class=\"elementor-widget-container\">\n\t\t\t\t\t\t\t\t\t\t\t\t\t\t\t<img loading=\"lazy\" decoding=\"async\" width=\"185\" height=\"200\" src=\"https:\/\/ihdemu.com\/wp-content\/uploads\/2022\/12\/Instituto-Hispanico-de-Murcia-Objetivos-C2.png\" class=\"attachment-large size-large wp-image-17293\" alt=\"Instituto Hispanico de Murcia - Objetivos - C2\" \/>\t\t\t\t\t\t\t\t\t\t\t\t\t\t\t<\/div>\n\t\t\t\t<\/div>\n\t\t\t\t<div class=\"elementor-element elementor-element-9ed0f77 elementor-widget elementor-widget-heading\" data-id=\"9ed0f77\" data-element_type=\"widget\" data-e-type=\"widget\" data-widget_type=\"heading.default\">\n\t\t\t\t<div class=\"elementor-widget-container\">\n\t\t\t\t\t<h2 class=\"elementor-heading-title elementor-size-default\">C2 - EXZELLENTE KENNTNISSE<\/h2>\t\t\t\t<\/div>\n\t\t\t\t<\/div>\n\t\t\t\t<div class=\"elementor-element elementor-element-4f2a7b0 elementor-widget elementor-widget-text-editor\" data-id=\"4f2a7b0\" data-element_type=\"widget\" data-e-type=\"widget\" data-widget_type=\"text-editor.default\">\n\t\t\t\t<div class=\"elementor-widget-container\">\n\t\t\t\t\t\t\t\t\t<ul><li>Um dieses Niveau abzuschlie\u00dfen, m\u00fcssen mindestens 180 Stunden absolviert werden, nachdem zuvor die vorherigen Niveaus gem\u00e4\u00df den Standards des Instituto Cervantes akkreditiert wurden.<\/li><li>Die Studierenden verf\u00fcgen \u00fcber sprachliche und nichtsprachliche Ressourcen sowie \u00fcber ausreichendes deklaratives Wissen, um mit allen Arten von Situationen, einschlie\u00dflich unvorhergesehener, und den Komplikationen, in die sie verwickelt sein k\u00f6nnen, umzugehen.<\/li><li>Sie dr\u00fccken sich mit Pr\u00e4zision, Anstand und Leichtigkeit in der Verwendung der Sprache aus und sind in der Lage, subtile Bedeutungsnuancen zu vermitteln.<\/li><li>Sie funktionieren reibungslos in verschiedenen Tonlagen und beherrschen idiomatische und umgangssprachliche Ausdr\u00fccke.<\/li><li>In besonders heiklen oder komplexen Situationen verstehen sie es, Kommunikationsschwierigkeiten so geschickt und diskret zu umgehen, dass der Gespr\u00e4chspartner sie kaum wahrnimmt.<\/li><li>Sie verf\u00fcgen \u00fcber ausreichende sprachliche F\u00e4higkeiten, um die Implikationen eines Vertrags oder eines Verwaltungsdokuments zu verstehen, sich nach anderen Arbeitsbereichen als dem eigenen zu erkundigen, ein Angebot differenziert zu beurteilen, nicht sichtbare Krankheitssymptome zu beschreiben, mit ungew\u00f6hnlichen beruflichen Situationen umzugehen usw.<\/li><\/ul>\t\t\t\t\t\t\t\t<\/div>\n\t\t\t\t<\/div>\n\t\t\t\t\t<\/div>\n\t\t<\/div>\n\t\t\t\t\t<\/div>\n\t\t<\/section>\n\t\t\t\t<section class=\"elementor-section elementor-top-section elementor-element elementor-element-c2ea7ad elementor-section-boxed elementor-section-height-default elementor-section-height-default\" data-id=\"c2ea7ad\" data-element_type=\"section\" data-e-type=\"section\" id=\"imagen\">\n\t\t\t\t\t\t<div class=\"elementor-container elementor-column-gap-default\">\n\t\t\t\t\t<div class=\"elementor-column elementor-col-100 elementor-top-column elementor-element elementor-element-0642bec\" data-id=\"0642bec\" data-element_type=\"column\" data-e-type=\"column\">\n\t\t\t<div class=\"elementor-widget-wrap elementor-element-populated\">\n\t\t\t\t\t\t<div class=\"elementor-element elementor-element-e03ede4 elementor-widget elementor-widget-image\" data-id=\"e03ede4\" data-element_type=\"widget\" data-e-type=\"widget\" data-widget_type=\"image.default\">\n\t\t\t\t<div class=\"elementor-widget-container\">\n\t\t\t\t\t\t\t\t\t\t\t\t\t\t\t<img loading=\"lazy\" decoding=\"async\" width=\"1024\" height=\"372\" src=\"https:\/\/ihdemu.com\/wp-content\/uploads\/2022\/12\/Instituto-Hispanico-de-Murcia-Ziele-Niveau-1024x372.png\" class=\"attachment-large size-large wp-image-18850\" alt=\"Instituto Hispanico de Murcia - Ziele - Niveau\" srcset=\"https:\/\/ihdemu.com\/wp-content\/uploads\/2022\/12\/Instituto-Hispanico-de-Murcia-Ziele-Niveau-1024x372.png 1024w, https:\/\/ihdemu.com\/wp-content\/uploads\/2022\/12\/Instituto-Hispanico-de-Murcia-Ziele-Niveau-300x109.png 300w, https:\/\/ihdemu.com\/wp-content\/uploads\/2022\/12\/Instituto-Hispanico-de-Murcia-Ziele-Niveau-768x279.png 768w, https:\/\/ihdemu.com\/wp-content\/uploads\/2022\/12\/Instituto-Hispanico-de-Murcia-Ziele-Niveau-600x218.png 600w, https:\/\/ihdemu.com\/wp-content\/uploads\/2022\/12\/Instituto-Hispanico-de-Murcia-Ziele-Niveau.png 1100w\" sizes=\"(max-width: 1024px) 100vw, 1024px\" \/>\t\t\t\t\t\t\t\t\t\t\t\t\t\t\t<\/div>\n\t\t\t\t<\/div>\n\t\t\t\t\t<\/div>\n\t\t<\/div>\n\t\t\t\t\t<\/div>\n\t\t<\/section>\n\t\t\t\t<\/div>\n\t\t","protected":false},"excerpt":{"rendered":"<p>Ziele nach Niveau A1 &#8211; EINSTIEG Um diese Stufe abzuschlie\u00dfen, m\u00fcssen mindestens 60 Stunden gem\u00e4\u00df den Standards des Instituto Cervantes absolviert werden. Die Sch\u00fcler verf\u00fcgen \u00fcber ein sehr begrenztes einstudiertes und lexikalisch organisiertes Repertoire an Redewendungen, die in konkreten und vorhersehbaren Situationen verwendet werden. Sie k\u00f6nnen auf einfache Weise interagieren, solange der Gespr\u00e4chspartner kooperiert. Sie [&hellip;]<\/p>\n","protected":false},"author":1,"featured_media":16566,"parent":0,"menu_order":0,"comment_status":"closed","ping_status":"closed","template":"elementor_header_footer","meta":{"_acf_changed":false,"inline_featured_image":false,"site-sidebar-layout":"no-sidebar","site-content-layout":"page-builder","ast-site-content-layout":"default","site-content-style":"default","site-sidebar-style":"default","ast-global-header-display":"","ast-banner-title-visibility":"","ast-main-header-display":"","ast-hfb-above-header-display":"","ast-hfb-below-header-display":"","ast-hfb-mobile-header-display":"","site-post-title":"disabled","ast-breadcrumbs-content":"","ast-featured-img":"disabled","footer-sml-layout":"","ast-disable-related-posts":"","theme-transparent-header-meta":"default","adv-header-id-meta":"","stick-header-meta":"default","header-above-stick-meta":"","header-main-stick-meta":"","header-below-stick-meta":"","astra-migrate-meta-layouts":"set","ast-page-background-enabled":"default","ast-page-background-meta":{"desktop":{"background-color":"var(--ast-global-color-4)","background-image":"","background-repeat":"repeat","background-position":"center center","background-size":"auto","background-attachment":"scroll","background-type":"","background-media":"","overlay-type":"","overlay-color":"","overlay-opacity":"","overlay-gradient":""},"tablet":{"background-color":"","background-image":"","background-repeat":"repeat","background-position":"center center","background-size":"auto","background-attachment":"scroll","background-type":"","background-media":"","overlay-type":"","overlay-color":"","overlay-opacity":"","overlay-gradient":""},"mobile":{"background-color":"","background-image":"","background-repeat":"repeat","background-position":"center center","background-size":"auto","background-attachment":"scroll","background-type":"","background-media":"","overlay-type":"","overlay-color":"","overlay-opacity":"","overlay-gradient":""}},"ast-content-background-meta":{"desktop":{"background-color":"var(--ast-global-color-5)","background-image":"","background-repeat":"repeat","background-position":"center center","background-size":"auto","background-attachment":"scroll","background-type":"","background-media":"","overlay-type":"","overlay-color":"","overlay-opacity":"","overlay-gradient":""},"tablet":{"background-color":"var(--ast-global-color-5)","background-image":"","background-repeat":"repeat","background-position":"center center","background-size":"auto","background-attachment":"scroll","background-type":"","background-media":"","overlay-type":"","overlay-color":"","overlay-opacity":"","overlay-gradient":""},"mobile":{"background-color":"var(--ast-global-color-5)","background-image":"","background-repeat":"repeat","background-position":"center center","background-size":"auto","background-attachment":"scroll","background-type":"","background-media":"","overlay-type":"","overlay-color":"","overlay-opacity":"","overlay-gradient":""}},"footnotes":""},"class_list":["post-18782","page","type-page","status-publish","has-post-thumbnail","hentry"],"acf":[],"_links":{"self":[{"href":"https:\/\/ihdemu.com\/de\/wp-json\/wp\/v2\/pages\/18782","targetHints":{"allow":["GET"]}}],"collection":[{"href":"https:\/\/ihdemu.com\/de\/wp-json\/wp\/v2\/pages"}],"about":[{"href":"https:\/\/ihdemu.com\/de\/wp-json\/wp\/v2\/types\/page"}],"author":[{"embeddable":true,"href":"https:\/\/ihdemu.com\/de\/wp-json\/wp\/v2\/users\/1"}],"replies":[{"embeddable":true,"href":"https:\/\/ihdemu.com\/de\/wp-json\/wp\/v2\/comments?post=18782"}],"version-history":[{"count":0,"href":"https:\/\/ihdemu.com\/de\/wp-json\/wp\/v2\/pages\/18782\/revisions"}],"wp:featuredmedia":[{"embeddable":true,"href":"https:\/\/ihdemu.com\/de\/wp-json\/wp\/v2\/media\/16566"}],"wp:attachment":[{"href":"https:\/\/ihdemu.com\/de\/wp-json\/wp\/v2\/media?parent=18782"}],"curies":[{"name":"wp","href":"https:\/\/api.w.org\/{rel}","templated":true}]}}