{"id":6713,"date":"2022-11-13T17:53:56","date_gmt":"2022-11-13T16:53:56","guid":{"rendered":"https:\/\/ihdemu.com\/quiero-reservar\/"},"modified":"2026-01-14T12:09:08","modified_gmt":"2026-01-14T11:09:08","slug":"spanisch-lernen-murcia","status":"publish","type":"page","link":"https:\/\/ihdemu.com\/de\/spanisch-lernen-murcia\/","title":{"rendered":"Wie reservieren"},"content":{"rendered":"\t\t<div data-elementor-type=\"wp-page\" data-elementor-id=\"6713\" class=\"elementor elementor-6713 elementor-2866\" data-elementor-post-type=\"page\">\n\t\t\t\t\t\t<section data-dce-background-image-url=\"https:\/\/ihdemu.com\/wp-content\/uploads\/2022\/11\/Instituto-Hispanico-de-Murcia-Cabecera-Quiero-Reservar-1.jpg\" class=\"elementor-section elementor-top-section elementor-element elementor-element-c152739 elementor-section-boxed elementor-section-height-default elementor-section-height-default\" data-id=\"c152739\" data-element_type=\"section\" data-e-type=\"section\" id=\"cabecera\" data-settings=\"{&quot;background_background&quot;:&quot;classic&quot;}\">\n\t\t\t\t\t\t\t<div class=\"elementor-background-overlay\"><\/div>\n\t\t\t\t\t\t\t<div class=\"elementor-container elementor-column-gap-default\">\n\t\t\t\t\t<div class=\"elementor-column elementor-col-100 elementor-top-column elementor-element elementor-element-85f2154\" data-id=\"85f2154\" data-element_type=\"column\" data-e-type=\"column\">\n\t\t\t<div class=\"elementor-widget-wrap elementor-element-populated\">\n\t\t\t\t\t\t<div class=\"elementor-element elementor-element-d55310f elementor-widget elementor-widget-heading\" data-id=\"d55310f\" data-element_type=\"widget\" data-e-type=\"widget\" data-widget_type=\"heading.default\">\n\t\t\t\t<div class=\"elementor-widget-container\">\n\t\t\t\t\t<h1 class=\"elementor-heading-title elementor-size-default\">ICH M\u00d6CHTE STUDIEREN<\/h1>\t\t\t\t<\/div>\n\t\t\t\t<\/div>\n\t\t\t\t\t<\/div>\n\t\t<\/div>\n\t\t\t\t\t<\/div>\n\t\t<\/section>\n\t\t\t\t<section class=\"elementor-section elementor-top-section elementor-element elementor-element-8e78c8e intro elementor-section-boxed elementor-section-height-default elementor-section-height-default\" data-id=\"8e78c8e\" data-element_type=\"section\" data-e-type=\"section\">\n\t\t\t\t\t\t<div class=\"elementor-container elementor-column-gap-default\">\n\t\t\t\t\t<div class=\"elementor-column elementor-col-100 elementor-top-column elementor-element elementor-element-d38cd03\" data-id=\"d38cd03\" data-element_type=\"column\" data-e-type=\"column\">\n\t\t\t<div class=\"elementor-widget-wrap elementor-element-populated\">\n\t\t\t\t\t\t<div class=\"elementor-element elementor-element-15992fe elementor-widget elementor-widget-text-editor\" data-id=\"15992fe\" data-element_type=\"widget\" data-e-type=\"widget\" data-widget_type=\"text-editor.default\">\n\t\t\t\t<div class=\"elementor-widget-container\">\n\t\t\t\t\t\t\t\t\t<p style=\"text-align: center;\">Bitte lesen Sie dies sorgf\u00e4ltig durch, um sich f\u00fcr <strong>JEDEN<\/strong> Spanischkurs an unserer Schule in Murcia anzumelden.<\/p>\t\t\t\t\t\t\t\t<\/div>\n\t\t\t\t<\/div>\n\t\t\t\t\t<\/div>\n\t\t<\/div>\n\t\t\t\t\t<\/div>\n\t\t<\/section>\n\t\t\t\t<section class=\"elementor-section elementor-top-section elementor-element elementor-element-cd59742 espsup elementor-section-boxed elementor-section-height-default elementor-section-height-default\" data-id=\"cd59742\" data-element_type=\"section\" data-e-type=\"section\">\n\t\t\t\t\t\t<div class=\"elementor-container elementor-column-gap-default\">\n\t\t\t\t\t<div class=\"elementor-column elementor-col-33 elementor-top-column elementor-element elementor-element-240c3d5 col1\" data-id=\"240c3d5\" data-element_type=\"column\" data-e-type=\"column\">\n\t\t\t<div class=\"elementor-widget-wrap elementor-element-populated\">\n\t\t\t\t\t\t<div class=\"elementor-element elementor-element-082a69b elementor-widget elementor-widget-image\" data-id=\"082a69b\" data-element_type=\"widget\" data-e-type=\"widget\" data-widget_type=\"image.default\">\n\t\t\t\t<div class=\"elementor-widget-container\">\n\t\t\t\t\t\t\t\t\t\t\t\t\t\t\t<img decoding=\"async\" width=\"150\" height=\"150\" src=\"https:\/\/ihdemu.com\/wp-content\/uploads\/2022\/11\/Instituto-Hispanico-de-Murcia-Como-Reservar-Formulario-de-Reserva-1.png\" class=\"attachment-full size-full wp-image-2901\" alt=\"Instituto Hispanico de Murcia - Como Reservar - Formulario de Reserva\" srcset=\"https:\/\/ihdemu.com\/wp-content\/uploads\/2022\/11\/Instituto-Hispanico-de-Murcia-Como-Reservar-Formulario-de-Reserva-1.png 150w, https:\/\/ihdemu.com\/wp-content\/uploads\/2022\/11\/Instituto-Hispanico-de-Murcia-Como-Reservar-Formulario-de-Reserva-1-100x100.png 100w\" sizes=\"(max-width: 150px) 100vw, 150px\" \/>\t\t\t\t\t\t\t\t\t\t\t\t\t\t\t<\/div>\n\t\t\t\t<\/div>\n\t\t\t\t\t<\/div>\n\t\t<\/div>\n\t\t\t\t<div class=\"elementor-column elementor-col-66 elementor-top-column elementor-element elementor-element-3020695\" data-id=\"3020695\" data-element_type=\"column\" data-e-type=\"column\">\n\t\t\t<div class=\"elementor-widget-wrap elementor-element-populated\">\n\t\t\t\t\t\t<div class=\"elementor-element elementor-element-3922b30 elementor-widget elementor-widget-heading\" data-id=\"3922b30\" data-element_type=\"widget\" data-e-type=\"widget\" data-widget_type=\"heading.default\">\n\t\t\t\t<div class=\"elementor-widget-container\">\n\t\t\t\t\t<h2 class=\"elementor-heading-title elementor-size-default\">1. W\u00e4hlen Sie Ihren Spanischkurs sowie Start- und Enddatum<\/h2>\t\t\t\t<\/div>\n\t\t\t\t<\/div>\n\t\t\t\t<div class=\"elementor-element elementor-element-eff5ede elementor-widget elementor-widget-text-editor\" data-id=\"eff5ede\" data-element_type=\"widget\" data-e-type=\"widget\" data-widget_type=\"text-editor.default\">\n\t\t\t\t<div class=\"elementor-widget-container\">\n\t\t\t\t\t\t\t\t\t<div id=\"column-wrap-id-1652112848756\" class=\"sppb-col-md-9\"><div id=\"column-id-1652112848756\" class=\"sppb-column\"><div class=\"sppb-column-addons\"><div id=\"sppb-addon-wrapper-1545119420241\" class=\"sppb-addon-wrapper\"><div id=\"sppb-addon-1545119420241\" class=\"clearfix \"><div class=\"sppb-addon sppb-addon-feature \"><div class=\"sppb-addon-content sppb-text-left\"><div class=\"sppb-media-content\"><div class=\"sppb-addon-text\"><p>Wir bieten mehr als 20 verschiedene Kurse an. Sie k\u00f6nnen alle <a href=\"https:\/\/ihdemu.com\/de\/spanisch-kurse\/\">hier<\/a> erneut einsehen.<\/p><\/div><\/div><\/div><\/div><\/div><\/div><\/div><\/div><\/div><div id=\"column-wrap-id-1652112848757\" class=\"sppb-col-md-9\"><div id=\"column-id-1652112848757\" class=\"sppb-column\"><div class=\"sppb-column-addons\"><div id=\"sppb-addon-wrapper-1545119420449\" class=\"sppb-addon-wrapper\"><div id=\"sppb-addon-1545119420449\" class=\"clearfix \"><div class=\"sppb-addon sppb-addon-feature \"><div class=\"sppb-addon-content sppb-text-right\">\u00a0<\/div><\/div><\/div><\/div><\/div><\/div><\/div>\t\t\t\t\t\t\t\t<\/div>\n\t\t\t\t<\/div>\n\t\t\t\t\t<\/div>\n\t\t<\/div>\n\t\t\t\t\t<\/div>\n\t\t<\/section>\n\t\t\t\t<section class=\"elementor-section elementor-top-section elementor-element elementor-element-f8c5a65 espsup elementor-section-boxed elementor-section-height-default elementor-section-height-default\" data-id=\"f8c5a65\" data-element_type=\"section\" data-e-type=\"section\">\n\t\t\t\t\t\t<div class=\"elementor-container elementor-column-gap-default\">\n\t\t\t\t\t<div class=\"elementor-column elementor-col-33 elementor-top-column elementor-element elementor-element-70856df col1\" data-id=\"70856df\" data-element_type=\"column\" data-e-type=\"column\">\n\t\t\t<div class=\"elementor-widget-wrap elementor-element-populated\">\n\t\t\t\t\t\t<div class=\"elementor-element elementor-element-1279b93 elementor-widget elementor-widget-image\" data-id=\"1279b93\" data-element_type=\"widget\" data-e-type=\"widget\" data-widget_type=\"image.default\">\n\t\t\t\t<div class=\"elementor-widget-container\">\n\t\t\t\t\t\t\t\t\t\t\t\t\t\t\t<img decoding=\"async\" width=\"150\" height=\"150\" src=\"https:\/\/ihdemu.com\/wp-content\/uploads\/2022\/11\/Instituto-Hispanico-de-Murcia-Como-Reservar-Envia-tu-Pasaporte.png\" class=\"attachment-full size-full wp-image-2892\" alt=\"Instituto Hispanico de Murcia - Como Reservar - Envia tu Pasaporte\" srcset=\"https:\/\/ihdemu.com\/wp-content\/uploads\/2022\/11\/Instituto-Hispanico-de-Murcia-Como-Reservar-Envia-tu-Pasaporte.png 150w, https:\/\/ihdemu.com\/wp-content\/uploads\/2022\/11\/Instituto-Hispanico-de-Murcia-Como-Reservar-Envia-tu-Pasaporte-100x100.png 100w\" sizes=\"(max-width: 150px) 100vw, 150px\" \/>\t\t\t\t\t\t\t\t\t\t\t\t\t\t\t<\/div>\n\t\t\t\t<\/div>\n\t\t\t\t\t<\/div>\n\t\t<\/div>\n\t\t\t\t<div class=\"elementor-column elementor-col-66 elementor-top-column elementor-element elementor-element-7df0923\" data-id=\"7df0923\" data-element_type=\"column\" data-e-type=\"column\">\n\t\t\t<div class=\"elementor-widget-wrap elementor-element-populated\">\n\t\t\t\t\t\t<div class=\"elementor-element elementor-element-87be7bd elementor-widget elementor-widget-heading\" data-id=\"87be7bd\" data-element_type=\"widget\" data-e-type=\"widget\" data-widget_type=\"heading.default\">\n\t\t\t\t<div class=\"elementor-widget-container\">\n\t\t\t\t\t<h2 class=\"elementor-heading-title elementor-size-default\">2. Senden Sie uns Ihren Reisepass an hola @ ihdemu.com\n<\/h2>\t\t\t\t<\/div>\n\t\t\t\t<\/div>\n\t\t\t\t<div class=\"elementor-element elementor-element-680cf12 elementor-widget elementor-widget-text-editor\" data-id=\"680cf12\" data-element_type=\"widget\" data-e-type=\"widget\" data-widget_type=\"text-editor.default\">\n\t\t\t\t<div class=\"elementor-widget-container\">\n\t\t\t\t\t\t\t\t\t<p>Eine klare Farbkopie, auf der angegeben ist, welchen Kurs Sie belegen m\u00f6chten, sowie das Start- und Enddatum. Haben Sie bereits unseren <a href=\"https:\/\/ihdemu.com\/de\/level-test\/\">Einstufungstest gemacht<\/a>? Dies ist nicht erforderlich, wenn Ihr Spanischlevel 0 ist.<\/p>\t\t\t\t\t\t\t\t<\/div>\n\t\t\t\t<\/div>\n\t\t\t\t\t<\/div>\n\t\t<\/div>\n\t\t\t\t\t<\/div>\n\t\t<\/section>\n\t\t\t\t<section class=\"elementor-section elementor-top-section elementor-element elementor-element-edfef91 espsup elementor-section-boxed elementor-section-height-default elementor-section-height-default\" data-id=\"edfef91\" data-element_type=\"section\" data-e-type=\"section\">\n\t\t\t\t\t\t<div class=\"elementor-container elementor-column-gap-default\">\n\t\t\t\t\t<div class=\"elementor-column elementor-col-33 elementor-top-column elementor-element elementor-element-aff192f col1\" data-id=\"aff192f\" data-element_type=\"column\" data-e-type=\"column\">\n\t\t\t<div class=\"elementor-widget-wrap elementor-element-populated\">\n\t\t\t\t\t\t<div class=\"elementor-element elementor-element-86a3098 elementor-widget elementor-widget-image\" data-id=\"86a3098\" data-element_type=\"widget\" data-e-type=\"widget\" data-widget_type=\"image.default\">\n\t\t\t\t<div class=\"elementor-widget-container\">\n\t\t\t\t\t\t\t\t\t\t\t\t\t\t\t<img decoding=\"async\" width=\"152\" height=\"150\" src=\"https:\/\/ihdemu.com\/wp-content\/uploads\/2022\/11\/Instituto-Hispanico-de-Murcia-Como-Reservar-Metodos-de-Pago-1.png\" class=\"attachment-full size-full wp-image-5554\" alt=\"Instituto Hispanico de Murcia - Como Reservar - Metodos de Pago\" srcset=\"https:\/\/ihdemu.com\/wp-content\/uploads\/2022\/11\/Instituto-Hispanico-de-Murcia-Como-Reservar-Metodos-de-Pago-1.png 152w, https:\/\/ihdemu.com\/wp-content\/uploads\/2022\/11\/Instituto-Hispanico-de-Murcia-Como-Reservar-Metodos-de-Pago-1-100x100.png 100w\" sizes=\"(max-width: 152px) 100vw, 152px\" \/>\t\t\t\t\t\t\t\t\t\t\t\t\t\t\t<\/div>\n\t\t\t\t<\/div>\n\t\t\t\t\t<\/div>\n\t\t<\/div>\n\t\t\t\t<div class=\"elementor-column elementor-col-66 elementor-top-column elementor-element elementor-element-35b4de3\" data-id=\"35b4de3\" data-element_type=\"column\" data-e-type=\"column\">\n\t\t\t<div class=\"elementor-widget-wrap elementor-element-populated\">\n\t\t\t\t\t\t<div class=\"elementor-element elementor-element-cd3f4af elementor-widget elementor-widget-heading\" data-id=\"cd3f4af\" data-element_type=\"widget\" data-e-type=\"widget\" data-widget_type=\"heading.default\">\n\t\t\t\t<div class=\"elementor-widget-container\">\n\t\t\t\t\t<h2 class=\"elementor-heading-title elementor-size-default\">3. Zahlungsmethoden<\/h2>\t\t\t\t<\/div>\n\t\t\t\t<\/div>\n\t\t\t\t<div class=\"elementor-element elementor-element-ef9e782 elementor-widget elementor-widget-text-editor\" data-id=\"ef9e782\" data-element_type=\"widget\" data-e-type=\"widget\" data-widget_type=\"text-editor.default\">\n\t\t\t\t<div class=\"elementor-widget-container\">\n\t\t\t\t\t\t\t\t\t<p>Um Ihren Platz zu sichern, m\u00fcssen Sie den Gesamtbetrag f\u00fcr den Kurs und die Unterkunft bezahlen oder eine Anzahlung von 200 \u20ac leisten, <span style=\"text-decoration: underline;\">die vom Gesamtbetrag des Kurses abgezogen wird. Bei Langzeitkursen ist die Zahlung von 100 %<\/span> erforderlich, und bei einem Berufsbildungskurs <span style=\"text-decoration: underline;\">(FP) das gesamte erste Jahr<\/span>. Bitte senden Sie uns eine Kopie der Zahlung per E-Mail, um den Prozess zu beschleunigen.<\/p><p>F\u00fcr weitere Informationen zu <span style=\"text-decoration: underline;\">Stornierungen, R\u00fcckerstattungen und Studienvisa lesen<\/span> Sie bitte <a href=\"https:\/\/ihdemu.com\/de\/buchungsbedingungen\/\">hier<\/a>.<\/p><p><strong>Akzeptierte Zahlungsmethoden<\/strong><br \/>(Bitte beachten Sie, dass alle Bank\u00fcberweisungsgeb\u00fchren und W\u00e4hrungsumrechnungsgeb\u00fchren vom Absender zu tragen sind):<\/p><ul><li><strong>100% sichere Online-Zahlung per Kreditkarte<\/strong> \u00fcber unsere Website. Sie k\u00f6nnen unseren <a href=\"https:\/\/ihdemu.com\/de\/spezifische-zahlung\/\">personalisierten Zahlungslink<\/a> verwenden.<\/li><li>Bank\u00fcberweisung auf folgendes Konto:<br \/><strong>Bank:<\/strong> Sabadell<br \/><strong>Adresse:<\/strong> Calle Salzillo, 7, Postleitzahl 30001, Murcia, Spanien<br \/><strong>Kontoinhaber:<\/strong> Instituto Hisp\u00e1nico de Murcia S.L.<br \/><strong>IBAN:<\/strong> ES63 0081 1162 3700 0112 1814<br \/><strong>BIC \/ SWIFT-Code:<\/strong> BSABESBBXXX<\/li><li><strong>PAYPAL<\/strong> durch Klicken <a href=\"https:\/\/www.paypal.com\/paypalme\/ihmurcia\" target=\"_blank\" rel=\"noopener\">hier<\/a>. PayPal Inc. verarbeitet die Transaktionen, sodass Ihre Kreditkarteninformationen sicher sind und niemals gespeichert werden.<\/li><li>In unserem B\u00fcro akzeptieren wir au\u00dferdem <strong>APPLE PAY<\/strong> und g\u00e4ngige Kreditkarten.<\/li><\/ul>\t\t\t\t\t\t\t\t<\/div>\n\t\t\t\t<\/div>\n\t\t\t\t<div class=\"elementor-element elementor-element-7dce697 elementor-widget elementor-widget-image\" data-id=\"7dce697\" data-element_type=\"widget\" data-e-type=\"widget\" data-widget_type=\"image.default\">\n\t\t\t\t<div class=\"elementor-widget-container\">\n\t\t\t\t\t\t\t\t\t\t\t\t\t\t\t<img loading=\"lazy\" decoding=\"async\" width=\"900\" height=\"84\" src=\"https:\/\/ihdemu.com\/wp-content\/uploads\/2022\/11\/Instituto-Hispanico-de-Murcia-Como-Reservar-LogosPago.jpg\" class=\"attachment-large size-large wp-image-4984\" alt=\"Instituto Hispanico de Murcia - Como Reservar - LogosPago\" srcset=\"https:\/\/ihdemu.com\/wp-content\/uploads\/2022\/11\/Instituto-Hispanico-de-Murcia-Como-Reservar-LogosPago.jpg 900w, https:\/\/ihdemu.com\/wp-content\/uploads\/2022\/11\/Instituto-Hispanico-de-Murcia-Como-Reservar-LogosPago-300x28.jpg 300w, https:\/\/ihdemu.com\/wp-content\/uploads\/2022\/11\/Instituto-Hispanico-de-Murcia-Como-Reservar-LogosPago-768x72.jpg 768w, https:\/\/ihdemu.com\/wp-content\/uploads\/2022\/11\/Instituto-Hispanico-de-Murcia-Como-Reservar-LogosPago-600x56.jpg 600w\" sizes=\"(max-width: 900px) 100vw, 900px\" \/>\t\t\t\t\t\t\t\t\t\t\t\t\t\t\t<\/div>\n\t\t\t\t<\/div>\n\t\t\t\t\t<\/div>\n\t\t<\/div>\n\t\t\t\t\t<\/div>\n\t\t<\/section>\n\t\t\t\t<section class=\"elementor-section elementor-top-section elementor-element elementor-element-207abe0 espsup espinf elementor-section-boxed elementor-section-height-default elementor-section-height-default\" data-id=\"207abe0\" data-element_type=\"section\" data-e-type=\"section\">\n\t\t\t\t\t\t<div class=\"elementor-container elementor-column-gap-default\">\n\t\t\t\t\t<div class=\"elementor-column elementor-col-33 elementor-top-column elementor-element elementor-element-92f94fb col1\" data-id=\"92f94fb\" data-element_type=\"column\" data-e-type=\"column\">\n\t\t\t<div class=\"elementor-widget-wrap elementor-element-populated\">\n\t\t\t\t\t\t<div class=\"elementor-element elementor-element-e21e232 elementor-widget elementor-widget-image\" data-id=\"e21e232\" data-element_type=\"widget\" data-e-type=\"widget\" data-widget_type=\"image.default\">\n\t\t\t\t<div class=\"elementor-widget-container\">\n\t\t\t\t\t\t\t\t\t\t\t\t\t\t\t<img loading=\"lazy\" decoding=\"async\" width=\"150\" height=\"150\" src=\"https:\/\/ihdemu.com\/wp-content\/uploads\/2022\/11\/Instituto-Hispanico-de-Murcia-Como-Reservar-Confirmacion.png\" class=\"attachment-full size-full wp-image-2883\" alt=\"Instituto Hispanico de Murcia - Como Reservar - Confirmacion\" srcset=\"https:\/\/ihdemu.com\/wp-content\/uploads\/2022\/11\/Instituto-Hispanico-de-Murcia-Como-Reservar-Confirmacion.png 150w, https:\/\/ihdemu.com\/wp-content\/uploads\/2022\/11\/Instituto-Hispanico-de-Murcia-Como-Reservar-Confirmacion-100x100.png 100w\" sizes=\"(max-width: 150px) 100vw, 150px\" \/>\t\t\t\t\t\t\t\t\t\t\t\t\t\t\t<\/div>\n\t\t\t\t<\/div>\n\t\t\t\t\t<\/div>\n\t\t<\/div>\n\t\t\t\t<div class=\"elementor-column elementor-col-66 elementor-top-column elementor-element elementor-element-da17ac5\" data-id=\"da17ac5\" data-element_type=\"column\" data-e-type=\"column\">\n\t\t\t<div class=\"elementor-widget-wrap elementor-element-populated\">\n\t\t\t\t\t\t<div class=\"elementor-element elementor-element-2519e7b elementor-widget elementor-widget-heading\" data-id=\"2519e7b\" data-element_type=\"widget\" data-e-type=\"widget\" data-widget_type=\"heading.default\">\n\t\t\t\t<div class=\"elementor-widget-container\">\n\t\t\t\t\t<h2 class=\"elementor-heading-title elementor-size-default\">Best\u00e4tigung\n<\/h2>\t\t\t\t<\/div>\n\t\t\t\t<\/div>\n\t\t\t\t<div class=\"elementor-element elementor-element-34ec299 elementor-widget elementor-widget-text-editor\" data-id=\"34ec299\" data-element_type=\"widget\" data-e-type=\"widget\" data-widget_type=\"text-editor.default\">\n\t\t\t\t<div class=\"elementor-widget-container\">\n\t\t\t\t\t\t\t\t\t<p>Sobald diese Schritte abgeschlossen sind, senden wir Ihnen die Kursbest\u00e4tigung, die Details Ihrer Unterkunft (falls angefordert) und die relevanten Reiseinformationen. Wenn Sie Fragen vor oder nach der Anmeldung haben, z\u00f6gern Sie bitte nicht, uns unter hola @ ihdemu.com zu kontaktieren. Wir helfen Ihnen gerne!<\/p><p><strong>Hinweis:<\/strong> <a href=\"https:\/\/ihdemu.com\/de\/visa-antrag\/\">Bitte lesen Sie diese Informationen zum Studentenvisum.<\/a><\/p><p>\u00a0<\/p>\t\t\t\t\t\t\t\t<\/div>\n\t\t\t\t<\/div>\n\t\t\t\t\t<\/div>\n\t\t<\/div>\n\t\t\t\t\t<\/div>\n\t\t<\/section>\n\t\t\t\t<\/div>\n\t\t","protected":false},"excerpt":{"rendered":"<p>ICH M\u00d6CHTE STUDIEREN Bitte lesen Sie dies sorgf\u00e4ltig durch, um sich f\u00fcr JEDEN Spanischkurs an unserer Schule in Murcia anzumelden. 1. W\u00e4hlen Sie Ihren Spanischkurs sowie Start- und Enddatum Wir bieten mehr als 20 verschiedene Kurse an. Sie k\u00f6nnen alle hier erneut einsehen. 2. Senden Sie uns Ihren Reisepass an hola @ ihdemu.com Eine klare [&hellip;]<\/p>\n","protected":false},"author":1,"featured_media":16566,"parent":0,"menu_order":0,"comment_status":"closed","ping_status":"closed","template":"elementor_header_footer","meta":{"_acf_changed":false,"inline_featured_image":false,"site-sidebar-layout":"no-sidebar","site-content-layout":"page-builder","ast-site-content-layout":"full-width-container","site-content-style":"unboxed","site-sidebar-style":"unboxed","ast-global-header-display":"","ast-banner-title-visibility":"","ast-main-header-display":"","ast-hfb-above-header-display":"","ast-hfb-below-header-display":"","ast-hfb-mobile-header-display":"","site-post-title":"","ast-breadcrumbs-content":"","ast-featured-img":"disabled","footer-sml-layout":"","ast-disable-related-posts":"","theme-transparent-header-meta":"default","adv-header-id-meta":"","stick-header-meta":"default","header-above-stick-meta":"","header-main-stick-meta":"","header-below-stick-meta":"","astra-migrate-meta-layouts":"set","ast-page-background-enabled":"default","ast-page-background-meta":{"desktop":{"background-color":"var(--ast-global-color-4)","background-image":"","background-repeat":"repeat","background-position":"center center","background-size":"auto","background-attachment":"scroll","background-type":"","background-media":"","overlay-type":"","overlay-color":"","overlay-opacity":"","overlay-gradient":""},"tablet":{"background-color":"","background-image":"","background-repeat":"repeat","background-position":"center center","background-size":"auto","background-attachment":"scroll","background-type":"","background-media":"","overlay-type":"","overlay-color":"","overlay-opacity":"","overlay-gradient":""},"mobile":{"background-color":"","background-image":"","background-repeat":"repeat","background-position":"center center","background-size":"auto","background-attachment":"scroll","background-type":"","background-media":"","overlay-type":"","overlay-color":"","overlay-opacity":"","overlay-gradient":""}},"ast-content-background-meta":{"desktop":{"background-color":"var(--ast-global-color-5)","background-image":"","background-repeat":"repeat","background-position":"center center","background-size":"auto","background-attachment":"scroll","background-type":"","background-media":"","overlay-type":"","overlay-color":"","overlay-opacity":"","overlay-gradient":""},"tablet":{"background-color":"var(--ast-global-color-5)","background-image":"","background-repeat":"repeat","background-position":"center center","background-size":"auto","background-attachment":"scroll","background-type":"","background-media":"","overlay-type":"","overlay-color":"","overlay-opacity":"","overlay-gradient":""},"mobile":{"background-color":"var(--ast-global-color-5)","background-image":"","background-repeat":"repeat","background-position":"center center","background-size":"auto","background-attachment":"scroll","background-type":"","background-media":"","overlay-type":"","overlay-color":"","overlay-opacity":"","overlay-gradient":""}},"footnotes":""},"class_list":["post-6713","page","type-page","status-publish","has-post-thumbnail","hentry"],"acf":[],"_links":{"self":[{"href":"https:\/\/ihdemu.com\/de\/wp-json\/wp\/v2\/pages\/6713","targetHints":{"allow":["GET"]}}],"collection":[{"href":"https:\/\/ihdemu.com\/de\/wp-json\/wp\/v2\/pages"}],"about":[{"href":"https:\/\/ihdemu.com\/de\/wp-json\/wp\/v2\/types\/page"}],"author":[{"embeddable":true,"href":"https:\/\/ihdemu.com\/de\/wp-json\/wp\/v2\/users\/1"}],"replies":[{"embeddable":true,"href":"https:\/\/ihdemu.com\/de\/wp-json\/wp\/v2\/comments?post=6713"}],"version-history":[{"count":17,"href":"https:\/\/ihdemu.com\/de\/wp-json\/wp\/v2\/pages\/6713\/revisions"}],"predecessor-version":[{"id":107491,"href":"https:\/\/ihdemu.com\/de\/wp-json\/wp\/v2\/pages\/6713\/revisions\/107491"}],"wp:featuredmedia":[{"embeddable":true,"href":"https:\/\/ihdemu.com\/de\/wp-json\/wp\/v2\/media\/16566"}],"wp:attachment":[{"href":"https:\/\/ihdemu.com\/de\/wp-json\/wp\/v2\/media?parent=6713"}],"curies":[{"name":"wp","href":"https:\/\/api.w.org\/{rel}","templated":true}]}}