{"id":8638,"date":"2022-11-14T13:45:41","date_gmt":"2022-11-14T12:45:41","guid":{"rendered":"https:\/\/ihdemu.com\/mision\/"},"modified":"2023-05-18T13:08:15","modified_gmt":"2023-05-18T11:08:15","slug":"mission","status":"publish","type":"page","link":"https:\/\/ihdemu.com\/de\/mission\/","title":{"rendered":"Mission, Vision und Werte"},"content":{"rendered":"\t\t<div data-elementor-type=\"wp-page\" data-elementor-id=\"8638\" class=\"elementor elementor-8638 elementor-3727\" data-elementor-post-type=\"page\">\n\t\t\t\t\t\t<section data-dce-background-image-url=\"https:\/\/ihdemu.com\/wp-content\/uploads\/2022\/11\/Instituto-Hispanico-de-Murcia-Cabecera-Mision-Vision-Valores.jpeg\" class=\"elementor-section elementor-top-section elementor-element elementor-element-29f32d8 elementor-section-boxed elementor-section-height-default elementor-section-height-default\" data-id=\"29f32d8\" data-element_type=\"section\" data-e-type=\"section\" id=\"cabecera\" data-settings=\"{&quot;background_background&quot;:&quot;classic&quot;}\">\n\t\t\t\t\t\t\t<div class=\"elementor-background-overlay\"><\/div>\n\t\t\t\t\t\t\t<div class=\"elementor-container elementor-column-gap-default\">\n\t\t\t\t\t<div class=\"elementor-column elementor-col-100 elementor-top-column elementor-element elementor-element-fd2ca1d\" data-id=\"fd2ca1d\" data-element_type=\"column\" data-e-type=\"column\">\n\t\t\t<div class=\"elementor-widget-wrap elementor-element-populated\">\n\t\t\t\t\t\t<div class=\"elementor-element elementor-element-668e0cb elementor-widget elementor-widget-heading\" data-id=\"668e0cb\" data-element_type=\"widget\" data-e-type=\"widget\" data-widget_type=\"heading.default\">\n\t\t\t\t<div class=\"elementor-widget-container\">\n\t\t\t\t\t<h1 class=\"elementor-heading-title elementor-size-default\">MISSION, VISION UND WERTE\n<\/h1>\t\t\t\t<\/div>\n\t\t\t\t<\/div>\n\t\t\t\t\t<\/div>\n\t\t<\/div>\n\t\t\t\t\t<\/div>\n\t\t<\/section>\n\t\t\t\t<section class=\"elementor-section elementor-top-section elementor-element elementor-element-c32e08c fila espsup elementor-section-boxed elementor-section-height-default elementor-section-height-default\" data-id=\"c32e08c\" data-element_type=\"section\" data-e-type=\"section\">\n\t\t\t\t\t\t<div class=\"elementor-container elementor-column-gap-default\">\n\t\t\t\t\t<div class=\"elementor-column elementor-col-66 elementor-top-column elementor-element elementor-element-6fc4b23\" data-id=\"6fc4b23\" data-element_type=\"column\" data-e-type=\"column\">\n\t\t\t<div class=\"elementor-widget-wrap elementor-element-populated\">\n\t\t\t\t\t\t<div class=\"elementor-element elementor-element-0349232 elementor-widget elementor-widget-text-editor\" data-id=\"0349232\" data-element_type=\"widget\" data-e-type=\"widget\" data-widget_type=\"text-editor.default\">\n\t\t\t\t<div class=\"elementor-widget-container\">\n\t\t\t\t\t\t\t\t\t<p>Die meisten Unternehmen fassen die Aussagen mit ihrer Mission auf goldenen Pl\u00e4tzen ein und h\u00e4ngen sie an der Rezeption oder in B\u00fcros auf.<\/p><p><strong>Wir im Instituto Hisp\u00e1nico konzentrieren all unsere Kraft darauf, was\u00a0<em>wir sein k\u00f6nnen<\/em>\u00a0und nicht was\u00a0<em>wir sein wollen<\/em><\/strong>. Dieses Ziel ist einfacher, praktischer und produktiver.<\/p><p>Seit 2000 arbeiten wir hart daran, Menschen gl\u00fccklich zu machen, immer die richtigen Dinge zu tun und gleichzeitig daf\u00fcr zu sorgen, dass unsere Teammitglieder diese Mission verstehen und sich als Teil davon f\u00fchlen. Aus diesem Grund sind wir f\u00fchrend im Spanischunterricht f\u00fcr Ausl\u00e4nder in Murcia!<\/p><p>Als ein Betrieb des 21. Jahrhunderts sind wir sehr froh in die Vielfalt investieren zu k\u00f6nnen und dass unser Team aus Mitgliedern verschiedenen Alters, Geschlechts, Nationalit\u00e4t und Kultur besteht.<\/p><p>Unsere Ziele im Dienste der Gesellschaft sind:<\/p><div id=\"column-wrap-id-1613027002193\" class=\"sppb-col-md-8\"><div id=\"column-id-1613027002193\" class=\"sppb-column\"><div class=\"sppb-column-addons\"><div id=\"sppb-addon-wrapper-1613650380032\" class=\"sppb-addon-wrapper\"><div id=\"sppb-addon-1613650380032\" class=\" sppb-wow fadeInUp clearfix  sppb-animated\" data-sppb-wow-duration=\"300ms\" data-sppb-wow-delay=\"300ms\"><div class=\"sppb-addon sppb-addon-text-block  \"><div class=\"sppb-addon-content\"><ul><li>Die Kommunikation, Aufwertung und Weitergabe von Wissen im Dienste der Kultur, Lebensqualit\u00e4t und wirtschaftlichen Entwicklung der Stadt Murcia.<\/li><li>Die Verbreitung der spanischen Sprache und Kultur durch den Unterricht internationaler Studenten, wodurch Murcia auf der Weltkarte f\u00fcr das Erlernen von Spanisch als Fremdsprache platziert wird.<\/li><\/ul><\/div><\/div><\/div><\/div><\/div><\/div><\/div><div id=\"column-wrap-id-1613649900313\" class=\"sppb-col-md-4\"><div id=\"column-id-1613649900313\" class=\"sppb-column\"><div class=\"sppb-column-addons\"><div id=\"sppb-addon-wrapper-1613650511151\" class=\"sppb-addon-wrapper\">\u00a0<\/div><\/div><\/div><\/div>\t\t\t\t\t\t\t\t<\/div>\n\t\t\t\t<\/div>\n\t\t\t\t\t<\/div>\n\t\t<\/div>\n\t\t\t\t<div class=\"elementor-column elementor-col-33 elementor-top-column elementor-element elementor-element-bf4e2b9\" data-id=\"bf4e2b9\" data-element_type=\"column\" data-e-type=\"column\">\n\t\t\t<div class=\"elementor-widget-wrap elementor-element-populated\">\n\t\t\t\t\t\t<div class=\"elementor-element elementor-element-626dee8 elementor-invisible elementor-widget elementor-widget-image\" data-id=\"626dee8\" data-element_type=\"widget\" data-e-type=\"widget\" data-settings=\"{&quot;_animation&quot;:&quot;slideInRight&quot;}\" data-widget_type=\"image.default\">\n\t\t\t\t<div class=\"elementor-widget-container\">\n\t\t\t\t\t\t\t\t\t\t\t\t\t\t\t<img fetchpriority=\"high\" decoding=\"async\" width=\"243\" height=\"300\" src=\"https:\/\/ihdemu.com\/wp-content\/uploads\/2022\/11\/Instituto-Hispanico-de-Murcia-Mission-Vision-Werte-Mission-243x300.jpg\" class=\"attachment-medium size-medium wp-image-10159\" alt=\"Instituto-Hispanico-de-Murcia-Mission-Vision-Werte-Mission\" srcset=\"https:\/\/ihdemu.com\/wp-content\/uploads\/2022\/11\/Instituto-Hispanico-de-Murcia-Mission-Vision-Werte-Mission-243x300.jpg 243w, https:\/\/ihdemu.com\/wp-content\/uploads\/2022\/11\/Instituto-Hispanico-de-Murcia-Mission-Vision-Werte-Mission.jpg 324w\" sizes=\"(max-width: 243px) 100vw, 243px\" \/>\t\t\t\t\t\t\t\t\t\t\t\t\t\t\t<\/div>\n\t\t\t\t<\/div>\n\t\t\t\t\t<\/div>\n\t\t<\/div>\n\t\t\t\t\t<\/div>\n\t\t<\/section>\n\t\t\t\t<section class=\"elementor-section elementor-top-section elementor-element elementor-element-d50e840 fila elementor-section-boxed elementor-section-height-default elementor-section-height-default\" data-id=\"d50e840\" data-element_type=\"section\" data-e-type=\"section\">\n\t\t\t\t\t\t<div class=\"elementor-container elementor-column-gap-default\">\n\t\t\t\t\t<div class=\"elementor-column elementor-col-66 elementor-top-column elementor-element elementor-element-cf5674d\" data-id=\"cf5674d\" data-element_type=\"column\" data-e-type=\"column\">\n\t\t\t<div class=\"elementor-widget-wrap elementor-element-populated\">\n\t\t\t\t\t\t<div class=\"elementor-element elementor-element-e28ffdf elementor-widget elementor-widget-text-editor\" data-id=\"e28ffdf\" data-element_type=\"widget\" data-e-type=\"widget\" data-widget_type=\"text-editor.default\">\n\t\t\t\t<div class=\"elementor-widget-container\">\n\t\t\t\t\t\t\t\t\t<p>Wir wollen ein echtes Engagement f\u00fcr akademische Exzellenz und die Qualit\u00e4t unserer Dienstleistungen anbieten.<\/p><p>Wir m\u00f6chten qualitativ hochwertige Sprachkurse in Murcia unterrichten und Trainings- und Freizeitaktivit\u00e4ten entwickeln, die dem Interesse unserer Sch\u00fcler an der spanischen Sprache und Kultur entsprechen.<\/p><p>Wir arbeiten daran, ein Modell f\u00fcr Management und Kommunikation zu sein, mit professionellem Personal, das bereit ist, seine Aufgaben zu erf\u00fcllen, und das st\u00e4ndig bereit ist, sich zu verbessern.<\/p><div id=\"column-wrap-id-1613649900314\" class=\"sppb-col-md-8\"><div id=\"column-id-1613649900314\" class=\"sppb-column\"><div class=\"sppb-column-addons\"><div id=\"sppb-addon-wrapper-1613649900342\" class=\"sppb-addon-wrapper\"><div id=\"sppb-addon-1613649900342\" class=\" sppb-wow fadeInUp clearfix  sppb-animated\" data-sppb-wow-duration=\"400ms\" data-sppb-wow-delay=\"400ms\"><div class=\"sppb-addon sppb-addon-text-block  \"><div class=\"sppb-addon-content\"><p>Und f\u00fcr all das streben wir danach, f\u00fchrend im Bereich Sprachreisen an der Mittelmeerk\u00fcste zu sein.<\/p><\/div><\/div><\/div><\/div><\/div><\/div><\/div><div id=\"column-wrap-id-1651059478258\" class=\"sppb-col-md-4\"><div id=\"column-id-1651059478258\" class=\"sppb-column\"><div class=\"sppb-column-addons\"><div id=\"sppb-addon-wrapper-1651058417824\" class=\"sppb-addon-wrapper\"><div id=\"sppb-addon-1651058417824\" class=\"clearfix sppb-positioned-addon\" data-rowid=\"1613027002138\" data-colid=\"1651059478258\"><div class=\"sppb-addon sppb-addon-single-image sppb-text-center \">\u00a0<\/div><\/div><\/div><\/div><\/div><\/div>\t\t\t\t\t\t\t\t<\/div>\n\t\t\t\t<\/div>\n\t\t\t\t\t<\/div>\n\t\t<\/div>\n\t\t\t\t<div class=\"elementor-column elementor-col-33 elementor-top-column elementor-element elementor-element-bb90b32\" data-id=\"bb90b32\" data-element_type=\"column\" data-e-type=\"column\">\n\t\t\t<div class=\"elementor-widget-wrap elementor-element-populated\">\n\t\t\t\t\t\t<div class=\"elementor-element elementor-element-a8cf87e elementor-invisible elementor-widget elementor-widget-image\" data-id=\"a8cf87e\" data-element_type=\"widget\" data-e-type=\"widget\" data-settings=\"{&quot;_animation&quot;:&quot;slideInRight&quot;}\" data-widget_type=\"image.default\">\n\t\t\t\t<div class=\"elementor-widget-container\">\n\t\t\t\t\t\t\t\t\t\t\t\t\t\t\t<img decoding=\"async\" width=\"296\" height=\"300\" src=\"https:\/\/ihdemu.com\/wp-content\/uploads\/2022\/11\/Instituto-Hispanico-de-Murcia-Mission-Vision-Werte-Vision-296x300.jpg\" class=\"attachment-medium size-medium wp-image-10187\" alt=\"Instituto-Hispanico-de-Murcia-Mission-Vision-Werte-Vision\" srcset=\"https:\/\/ihdemu.com\/wp-content\/uploads\/2022\/11\/Instituto-Hispanico-de-Murcia-Mission-Vision-Werte-Vision-296x300.jpg 296w, https:\/\/ihdemu.com\/wp-content\/uploads\/2022\/11\/Instituto-Hispanico-de-Murcia-Mission-Vision-Werte-Vision-600x607.jpg 600w, https:\/\/ihdemu.com\/wp-content\/uploads\/2022\/11\/Instituto-Hispanico-de-Murcia-Mission-Vision-Werte-Vision-100x100.jpg 100w, https:\/\/ihdemu.com\/wp-content\/uploads\/2022\/11\/Instituto-Hispanico-de-Murcia-Mission-Vision-Werte-Vision.jpg 654w\" sizes=\"(max-width: 296px) 100vw, 296px\" \/>\t\t\t\t\t\t\t\t\t\t\t\t\t\t\t<\/div>\n\t\t\t\t<\/div>\n\t\t\t\t\t<\/div>\n\t\t<\/div>\n\t\t\t\t\t<\/div>\n\t\t<\/section>\n\t\t\t\t<section class=\"elementor-section elementor-top-section elementor-element elementor-element-22296d6 fila elementor-section-boxed elementor-section-height-default elementor-section-height-default\" data-id=\"22296d6\" data-element_type=\"section\" data-e-type=\"section\">\n\t\t\t\t\t\t<div class=\"elementor-container elementor-column-gap-default\">\n\t\t\t\t\t<div class=\"elementor-column elementor-col-66 elementor-top-column elementor-element elementor-element-3d28b84\" data-id=\"3d28b84\" data-element_type=\"column\" data-e-type=\"column\">\n\t\t\t<div class=\"elementor-widget-wrap elementor-element-populated\">\n\t\t\t\t\t\t<div class=\"elementor-element elementor-element-2f661e6 elementor-widget elementor-widget-text-editor\" data-id=\"2f661e6\" data-element_type=\"widget\" data-e-type=\"widget\" data-widget_type=\"text-editor.default\">\n\t\t\t\t<div class=\"elementor-widget-container\">\n\t\t\t\t\t\t\t\t\t<p>Offene Haltung gegen\u00fcber Ver\u00e4nderungen durch Bildungsinnovationen.<\/p><p>Berufsethik, Ehrlichkeit und Respekt f\u00fcr alle Menschen. Toleranz gegen\u00fcber der Vielfalt der Meinungen, Kulturen und Weltanschauungen.<\/p><p>Engagement f\u00fcr den \u00f6ffentlichen Dienst, den wir anbieten.<\/p><p>F\u00fchrung, Initiative und Professionalit\u00e4t in der Entwicklung von Aktivit\u00e4ten und der schnellen Probleml\u00f6sung.<\/p><p>Interaktion der verschiedenen Abteilungen der Schule, um eine gemeinsame Kultur zu entwickeln.<\/p><div id=\"column-wrap-id-1651059478259\" class=\"sppb-col-md-8\"><div id=\"column-id-1651059478259\" class=\"sppb-column\"><div class=\"sppb-column-addons\"><div id=\"sppb-addon-wrapper-1613649900427\" class=\"sppb-addon-wrapper\"><div id=\"sppb-addon-1613649900427\" class=\" sppb-wow fadeInUp clearfix  sppb-animated\" data-sppb-wow-duration=\"500ms\" data-sppb-wow-delay=\"500ms\"><div class=\"sppb-addon sppb-addon-text-block  \"><div class=\"sppb-addon-content\"><p>\u00dcbertreffen Sie die Erwartungen der Sch\u00fcler. Gehen Sie eine Extrameile!<\/p><\/div><\/div><\/div><\/div><\/div><\/div><\/div><div id=\"column-wrap-id-1651059478260\" class=\"sppb-col-md-4\"><div id=\"column-id-1651059478260\" class=\"sppb-column\"><div class=\"sppb-column-addons\"><div id=\"sppb-addon-wrapper-1651058417813\" class=\"sppb-addon-wrapper\"><div id=\"sppb-addon-1651058417813\" class=\"clearfix sppb-positioned-addon\" data-rowid=\"1613027002138\" data-colid=\"1651059478260\"><div class=\"sppb-addon sppb-addon-single-image sppb-text-center \">\u00a0<\/div><\/div><\/div><\/div><\/div><\/div>\t\t\t\t\t\t\t\t<\/div>\n\t\t\t\t<\/div>\n\t\t\t\t\t<\/div>\n\t\t<\/div>\n\t\t\t\t<div class=\"elementor-column elementor-col-33 elementor-top-column elementor-element elementor-element-6fd226f\" data-id=\"6fd226f\" data-element_type=\"column\" data-e-type=\"column\">\n\t\t\t<div class=\"elementor-widget-wrap elementor-element-populated\">\n\t\t\t\t\t\t<div class=\"elementor-element elementor-element-9a9c27b elementor-invisible elementor-widget elementor-widget-image\" data-id=\"9a9c27b\" data-element_type=\"widget\" data-e-type=\"widget\" data-settings=\"{&quot;_animation&quot;:&quot;slideInRight&quot;}\" data-widget_type=\"image.default\">\n\t\t\t\t<div class=\"elementor-widget-container\">\n\t\t\t\t\t\t\t\t\t\t\t\t\t\t\t<img decoding=\"async\" width=\"233\" height=\"300\" src=\"https:\/\/ihdemu.com\/wp-content\/uploads\/2022\/11\/Instituto-Hispanico-de-Murcia-Mission-Vision-Werte-Werte-233x300.jpg\" class=\"attachment-medium size-medium wp-image-10196\" alt=\"Instituto-Hispanico-de-Murcia-Mission-Vision-Werte-Werte\" srcset=\"https:\/\/ihdemu.com\/wp-content\/uploads\/2022\/11\/Instituto-Hispanico-de-Murcia-Mission-Vision-Werte-Werte-233x300.jpg 233w, https:\/\/ihdemu.com\/wp-content\/uploads\/2022\/11\/Instituto-Hispanico-de-Murcia-Mission-Vision-Werte-Werte-795x1024.jpg 795w, https:\/\/ihdemu.com\/wp-content\/uploads\/2022\/11\/Instituto-Hispanico-de-Murcia-Mission-Vision-Werte-Werte-768x990.jpg 768w, https:\/\/ihdemu.com\/wp-content\/uploads\/2022\/11\/Instituto-Hispanico-de-Murcia-Mission-Vision-Werte-Werte-600x773.jpg 600w, https:\/\/ihdemu.com\/wp-content\/uploads\/2022\/11\/Instituto-Hispanico-de-Murcia-Mission-Vision-Werte-Werte.jpg 804w\" sizes=\"(max-width: 233px) 100vw, 233px\" \/>\t\t\t\t\t\t\t\t\t\t\t\t\t\t\t<\/div>\n\t\t\t\t<\/div>\n\t\t\t\t\t<\/div>\n\t\t<\/div>\n\t\t\t\t\t<\/div>\n\t\t<\/section>\n\t\t\t\t<section class=\"elementor-section elementor-top-section elementor-element elementor-element-b26d45d elementor-section-boxed elementor-section-height-default elementor-section-height-default\" data-id=\"b26d45d\" data-element_type=\"section\" data-e-type=\"section\" data-settings=\"{&quot;background_background&quot;:&quot;classic&quot;}\">\n\t\t\t\t\t\t<div class=\"elementor-container elementor-column-gap-default\">\n\t\t\t\t\t<div class=\"elementor-column elementor-col-100 elementor-top-column elementor-element elementor-element-80bf9e1\" data-id=\"80bf9e1\" data-element_type=\"column\" data-e-type=\"column\">\n\t\t\t<div class=\"elementor-widget-wrap elementor-element-populated\">\n\t\t\t\t\t\t<section data-dce-background-color=\"#F7F6F8\" class=\"elementor-section elementor-inner-section elementor-element elementor-element-59d64d7 bloque elementor-section-boxed elementor-section-height-default elementor-section-height-default\" data-id=\"59d64d7\" data-element_type=\"section\" data-e-type=\"section\" data-settings=\"{&quot;background_background&quot;:&quot;classic&quot;}\">\n\t\t\t\t\t\t<div class=\"elementor-container elementor-column-gap-default\">\n\t\t\t\t\t<div class=\"elementor-column elementor-col-25 elementor-inner-column elementor-element elementor-element-3aa6920\" data-id=\"3aa6920\" data-element_type=\"column\" data-e-type=\"column\">\n\t\t\t<div class=\"elementor-widget-wrap elementor-element-populated\">\n\t\t\t\t\t\t<div class=\"elementor-element elementor-element-403705b elementor-view-default elementor-widget elementor-widget-icon\" data-id=\"403705b\" data-element_type=\"widget\" data-e-type=\"widget\" data-widget_type=\"icon.default\">\n\t\t\t\t<div class=\"elementor-widget-container\">\n\t\t\t\t\t\t\t<div class=\"elementor-icon-wrapper\">\n\t\t\t<div class=\"elementor-icon\">\n\t\t\t<svg aria-hidden=\"true\" class=\"e-font-icon-svg e-fas-recycle\" viewBox=\"0 0 512 512\" xmlns=\"http:\/\/www.w3.org\/2000\/svg\"><path d=\"M184.561 261.903c3.232 13.997-12.123 24.635-24.068 17.168l-40.736-25.455-50.867 81.402C55.606 356.273 70.96 384 96.012 384H148c6.627 0 12 5.373 12 12v40c0 6.627-5.373 12-12 12H96.115c-75.334 0-121.302-83.048-81.408-146.88l50.822-81.388-40.725-25.448c-12.081-7.547-8.966-25.961 4.879-29.158l110.237-25.45c8.611-1.988 17.201 3.381 19.189 11.99l25.452 110.237zm98.561-182.915l41.289 66.076-40.74 25.457c-12.051 7.528-9 25.953 4.879 29.158l110.237 25.45c8.672 1.999 17.215-3.438 19.189-11.99l25.45-110.237c3.197-13.844-11.99-24.719-24.068-17.168l-40.687 25.424-41.263-66.082c-37.521-60.033-125.209-60.171-162.816 0l-17.963 28.766c-3.51 5.62-1.8 13.021 3.82 16.533l33.919 21.195c5.62 3.512 13.024 1.803 16.536-3.817l17.961-28.743c12.712-20.341 41.973-19.676 54.257-.022zM497.288 301.12l-27.515-44.065c-3.511-5.623-10.916-7.334-16.538-3.821l-33.861 21.159c-5.62 3.512-7.33 10.915-3.818 16.536l27.564 44.112c13.257 21.211-2.057 48.96-27.136 48.96H320V336.02c0-14.213-17.242-21.383-27.313-11.313l-80 79.981c-6.249 6.248-6.249 16.379 0 22.627l80 79.989C302.689 517.308 320 510.3 320 495.989V448h95.88c75.274 0 121.335-82.997 81.408-146.88z\"><\/path><\/svg>\t\t\t<\/div>\n\t\t<\/div>\n\t\t\t\t\t\t<\/div>\n\t\t\t\t<\/div>\n\t\t\t\t\t<\/div>\n\t\t<\/div>\n\t\t\t\t<div class=\"elementor-column elementor-col-50 elementor-inner-column elementor-element elementor-element-44f293e\" data-id=\"44f293e\" data-element_type=\"column\" data-e-type=\"column\">\n\t\t\t<div class=\"elementor-widget-wrap elementor-element-populated\">\n\t\t\t\t\t\t<div class=\"elementor-element elementor-element-8e29afb elementor-widget elementor-widget-text-editor\" data-id=\"8e29afb\" data-element_type=\"widget\" data-e-type=\"widget\" data-widget_type=\"text-editor.default\">\n\t\t\t\t<div class=\"elementor-widget-container\">\n\t\t\t\t\t\t\t\t\t<p style=\"text-align: center;\"><a href=\"https:\/\/ihdemu.com\/de\/engagiert-die-umwelt\/\">Der Umwelt verpflichtet<\/a><\/p>\t\t\t\t\t\t\t\t<\/div>\n\t\t\t\t<\/div>\n\t\t\t\t\t<\/div>\n\t\t<\/div>\n\t\t\t\t<div class=\"elementor-column elementor-col-25 elementor-inner-column elementor-element elementor-element-723e02d\" data-id=\"723e02d\" data-element_type=\"column\" data-e-type=\"column\">\n\t\t\t<div class=\"elementor-widget-wrap elementor-element-populated\">\n\t\t\t\t\t\t<div class=\"elementor-element elementor-element-ace4849 elementor-widget elementor-widget-image\" data-id=\"ace4849\" data-element_type=\"widget\" data-e-type=\"widget\" data-widget_type=\"image.default\">\n\t\t\t\t<div class=\"elementor-widget-container\">\n\t\t\t\t\t\t\t\t\t\t\t\t\t\t\t\t<a href=\"https:\/\/ihdemu.com\/wp-content\/uploads\/2023\/05\/Compromiso-con-el-medio-ambiente.png\" data-elementor-open-lightbox=\"yes\" data-elementor-lightbox-title=\"Compromiso con el medio ambiente\" data-elementor-lightbox-description=\"Engagiert f\u00fcr die Umwelt\" data-e-action-hash=\"#elementor-action%3Aaction%3Dlightbox%26settings%3DeyJpZCI6NjI4NzMsInVybCI6Imh0dHBzOlwvXC9paGRlbXUuY29tXC93cC1jb250ZW50XC91cGxvYWRzXC8yMDIzXC8wNVwvQ29tcHJvbWlzby1jb24tZWwtbWVkaW8tYW1iaWVudGUucG5nIn0%3D\">\n\t\t\t\t\t\t\t<img loading=\"lazy\" decoding=\"async\" width=\"255\" height=\"110\" src=\"https:\/\/ihdemu.com\/wp-content\/uploads\/2023\/05\/Compromiso-con-el-medio-ambiente.png\" class=\"attachment-large size-large wp-image-62873\" alt=\"Engagiert f\u00fcr die Umwelt\" \/>\t\t\t\t\t\t\t\t<\/a>\n\t\t\t\t\t\t\t\t\t\t\t\t\t\t\t<\/div>\n\t\t\t\t<\/div>\n\t\t\t\t\t<\/div>\n\t\t<\/div>\n\t\t\t\t\t<\/div>\n\t\t<\/section>\n\t\t\t\t\t<\/div>\n\t\t<\/div>\n\t\t\t\t\t<\/div>\n\t\t<\/section>\n\t\t\t\t<\/div>\n\t\t","protected":false},"excerpt":{"rendered":"<p>MISSION, VISION UND WERTE Die meisten Unternehmen fassen die Aussagen mit ihrer Mission auf goldenen Pl\u00e4tzen ein und h\u00e4ngen sie an der Rezeption oder in B\u00fcros auf. Wir im Instituto Hisp\u00e1nico konzentrieren all unsere Kraft darauf, was\u00a0wir sein k\u00f6nnen\u00a0und nicht was\u00a0wir sein wollen. Dieses Ziel ist einfacher, praktischer und produktiver. Seit 2000 arbeiten wir hart [&hellip;]<\/p>\n","protected":false},"author":1,"featured_media":16566,"parent":0,"menu_order":0,"comment_status":"closed","ping_status":"closed","template":"elementor_header_footer","meta":{"_acf_changed":false,"inline_featured_image":false,"site-sidebar-layout":"no-sidebar","site-content-layout":"page-builder","ast-site-content-layout":"default","site-content-style":"default","site-sidebar-style":"default","ast-global-header-display":"","ast-banner-title-visibility":"","ast-main-header-display":"","ast-hfb-above-header-display":"","ast-hfb-below-header-display":"","ast-hfb-mobile-header-display":"","site-post-title":"disabled","ast-breadcrumbs-content":"","ast-featured-img":"disabled","footer-sml-layout":"","ast-disable-related-posts":"","theme-transparent-header-meta":"default","adv-header-id-meta":"","stick-header-meta":"default","header-above-stick-meta":"","header-main-stick-meta":"","header-below-stick-meta":"","astra-migrate-meta-layouts":"default","ast-page-background-enabled":"default","ast-page-background-meta":{"desktop":{"background-color":"var(--ast-global-color-4)","background-image":"","background-repeat":"repeat","background-position":"center center","background-size":"auto","background-attachment":"scroll","background-type":"","background-media":"","overlay-type":"","overlay-color":"","overlay-opacity":"","overlay-gradient":""},"tablet":{"background-color":"","background-image":"","background-repeat":"repeat","background-position":"center center","background-size":"auto","background-attachment":"scroll","background-type":"","background-media":"","overlay-type":"","overlay-color":"","overlay-opacity":"","overlay-gradient":""},"mobile":{"background-color":"","background-image":"","background-repeat":"repeat","background-position":"center center","background-size":"auto","background-attachment":"scroll","background-type":"","background-media":"","overlay-type":"","overlay-color":"","overlay-opacity":"","overlay-gradient":""}},"ast-content-background-meta":{"desktop":{"background-color":"var(--ast-global-color-5)","background-image":"","background-repeat":"repeat","background-position":"center center","background-size":"auto","background-attachment":"scroll","background-type":"","background-media":"","overlay-type":"","overlay-color":"","overlay-opacity":"","overlay-gradient":""},"tablet":{"background-color":"var(--ast-global-color-5)","background-image":"","background-repeat":"repeat","background-position":"center center","background-size":"auto","background-attachment":"scroll","background-type":"","background-media":"","overlay-type":"","overlay-color":"","overlay-opacity":"","overlay-gradient":""},"mobile":{"background-color":"var(--ast-global-color-5)","background-image":"","background-repeat":"repeat","background-position":"center center","background-size":"auto","background-attachment":"scroll","background-type":"","background-media":"","overlay-type":"","overlay-color":"","overlay-opacity":"","overlay-gradient":""}},"footnotes":""},"class_list":["post-8638","page","type-page","status-publish","has-post-thumbnail","hentry"],"acf":[],"_links":{"self":[{"href":"https:\/\/ihdemu.com\/de\/wp-json\/wp\/v2\/pages\/8638","targetHints":{"allow":["GET"]}}],"collection":[{"href":"https:\/\/ihdemu.com\/de\/wp-json\/wp\/v2\/pages"}],"about":[{"href":"https:\/\/ihdemu.com\/de\/wp-json\/wp\/v2\/types\/page"}],"author":[{"embeddable":true,"href":"https:\/\/ihdemu.com\/de\/wp-json\/wp\/v2\/users\/1"}],"replies":[{"embeddable":true,"href":"https:\/\/ihdemu.com\/de\/wp-json\/wp\/v2\/comments?post=8638"}],"version-history":[{"count":0,"href":"https:\/\/ihdemu.com\/de\/wp-json\/wp\/v2\/pages\/8638\/revisions"}],"wp:featuredmedia":[{"embeddable":true,"href":"https:\/\/ihdemu.com\/de\/wp-json\/wp\/v2\/media\/16566"}],"wp:attachment":[{"href":"https:\/\/ihdemu.com\/de\/wp-json\/wp\/v2\/media?parent=8638"}],"curies":[{"name":"wp","href":"https:\/\/api.w.org\/{rel}","templated":true}]}}