{"id":8736,"date":"2022-11-13T21:24:10","date_gmt":"2022-11-13T20:24:10","guid":{"rendered":"https:\/\/ihdemu.com\/escuela-murcia\/"},"modified":"2024-05-15T11:26:12","modified_gmt":"2024-05-15T09:26:12","slug":"spanischschule","status":"publish","type":"page","link":"https:\/\/ihdemu.com\/de\/spanischschule\/","title":{"rendered":"Die beste Spanischschule"},"content":{"rendered":"\t\t<div data-elementor-type=\"wp-page\" data-elementor-id=\"8736\" class=\"elementor elementor-8736 elementor-3121\" data-elementor-post-type=\"page\">\n\t\t\t\t\t\t<section data-dce-background-image-url=\"https:\/\/ihdemu.com\/wp-content\/uploads\/2022\/11\/Instituto-Hispanico-de-Murcia-Cabecera-Mejor-Escuela-Espanol.jpg\" class=\"elementor-section elementor-top-section elementor-element elementor-element-c3faa4e elementor-section-boxed elementor-section-height-default elementor-section-height-default\" data-id=\"c3faa4e\" data-element_type=\"section\" data-e-type=\"section\" data-settings=\"{&quot;background_background&quot;:&quot;classic&quot;}\">\n\t\t\t\t\t\t\t<div class=\"elementor-background-overlay\"><\/div>\n\t\t\t\t\t\t\t<div class=\"elementor-container elementor-column-gap-default\">\n\t\t\t\t\t<div class=\"elementor-column elementor-col-100 elementor-top-column elementor-element elementor-element-093e1fd\" data-id=\"093e1fd\" data-element_type=\"column\" data-e-type=\"column\">\n\t\t\t<div class=\"elementor-widget-wrap elementor-element-populated\">\n\t\t\t\t\t\t<div class=\"elementor-element elementor-element-3bd93d4 elementor-widget elementor-widget-heading\" data-id=\"3bd93d4\" data-element_type=\"widget\" data-e-type=\"widget\" id=\"cabecera\" data-widget_type=\"heading.default\">\n\t\t\t\t<div class=\"elementor-widget-container\">\n\t\t\t\t\t<h1 class=\"elementor-heading-title elementor-size-default\">DIE BESTE SPANISCHSCHULE<\/h1>\t\t\t\t<\/div>\n\t\t\t\t<\/div>\n\t\t\t\t\t<\/div>\n\t\t<\/div>\n\t\t\t\t\t<\/div>\n\t\t<\/section>\n\t\t\t\t<section class=\"elementor-section elementor-top-section elementor-element elementor-element-1784ab0 sepsup elementor-section-boxed elementor-section-height-default elementor-section-height-default\" data-id=\"1784ab0\" data-element_type=\"section\" data-e-type=\"section\">\n\t\t\t\t\t\t<div class=\"elementor-container elementor-column-gap-default\">\n\t\t\t\t\t<div class=\"elementor-column elementor-col-66 elementor-top-column elementor-element elementor-element-de71d9a col1\" data-id=\"de71d9a\" data-element_type=\"column\" data-e-type=\"column\">\n\t\t\t<div class=\"elementor-widget-wrap elementor-element-populated\">\n\t\t\t\t\t\t<div class=\"elementor-element elementor-element-883a4ee elementor-widget elementor-widget-text-editor\" data-id=\"883a4ee\" data-element_type=\"widget\" data-e-type=\"widget\" data-widget_type=\"text-editor.default\">\n\t\t\t\t<div class=\"elementor-widget-container\">\n\t\t\t\t\t\t\t\t\t<p>Unsere Sprachschule liegt mitten im Herzen von Murcia. Gegen\u00fcber der Universit\u00e4t und neben dem Festspielhaus, wird sie au\u00dferdem von interessanten und belebten Pl\u00e4tzen, der Kathedrale, Museen, Bars und Restaurants umringt. Sie beinhaltet eine kleine Bibliothek, sowie audiovisuelle Medien f\u00fcr das Spanischstudium und kostenlosem Internetzugang.<\/p><p>Wir leiden nicht unter dem sogenannten Gr\u00f6\u00dfenkomplex, also erwartet keine gro\u00dfe Schule. Denken Sie daran, dass wir alle Spanischniveaus gem\u00e4\u00df dem Gemeinsamen Europ\u00e4ischen Referenzrahmen f\u00fcr Sprachen anbieten.Wir leiden nicht unter dem sogenannten Gr\u00f6\u00dfenkomplex, also erwartet keine gro\u00dfe Schule. Denken Sie daran, dass wir alle Spanischniveaus gem\u00e4\u00df dem Gemeinsamen Europ\u00e4ischen Referenzrahmen f\u00fcr Sprachen anbieten.<\/p><p>Wir k\u00fcmmern uns um alle, deshalb gibt es in unserer Schule auch Zugang f\u00fcr Behinderte mit einer speziellen elektrischen Behindertenrampe sowie barrierefreien Toiletten.<\/p>\t\t\t\t\t\t\t\t<\/div>\n\t\t\t\t<\/div>\n\t\t\t\t\t<\/div>\n\t\t<\/div>\n\t\t\t\t<div class=\"elementor-column elementor-col-33 elementor-top-column elementor-element elementor-element-f602b9b col2\" data-id=\"f602b9b\" data-element_type=\"column\" data-e-type=\"column\">\n\t\t\t<div class=\"elementor-widget-wrap elementor-element-populated\">\n\t\t\t\t\t\t<div class=\"elementor-element elementor-element-496e172 elementor-view-default elementor-widget elementor-widget-icon\" data-id=\"496e172\" data-element_type=\"widget\" data-e-type=\"widget\" data-widget_type=\"icon.default\">\n\t\t\t\t<div class=\"elementor-widget-container\">\n\t\t\t\t\t\t\t<div class=\"elementor-icon-wrapper\">\n\t\t\t<div class=\"elementor-icon elementor-animation-grow\">\n\t\t\t<svg aria-hidden=\"true\" class=\"e-font-icon-svg e-fas-wheelchair\" viewBox=\"0 0 512 512\" xmlns=\"http:\/\/www.w3.org\/2000\/svg\"><path d=\"M496.101 385.669l14.227 28.663c3.929 7.915.697 17.516-7.218 21.445l-65.465 32.886c-16.049 7.967-35.556 1.194-43.189-15.055L331.679 320H192c-15.925 0-29.426-11.71-31.679-27.475C126.433 55.308 128.38 70.044 128 64c0-36.358 30.318-65.635 67.052-63.929 33.271 1.545 60.048 28.905 60.925 62.201.868 32.933-23.152 60.423-54.608 65.039l4.67 32.69H336c8.837 0 16 7.163 16 16v32c0 8.837-7.163 16-16 16H215.182l4.572 32H352a32 32 0 0 1 28.962 18.392L438.477 396.8l36.178-18.349c7.915-3.929 17.517-.697 21.446 7.218zM311.358 352h-24.506c-7.788 54.204-54.528 96-110.852 96-61.757 0-112-50.243-112-112 0-41.505 22.694-77.809 56.324-97.156-3.712-25.965-6.844-47.86-9.488-66.333C45.956 198.464 0 261.963 0 336c0 97.047 78.953 176 176 176 71.87 0 133.806-43.308 161.11-105.192L311.358 352z\"><\/path><\/svg>\t\t\t<\/div>\n\t\t<\/div>\n\t\t\t\t\t\t<\/div>\n\t\t\t\t<\/div>\n\t\t\t\t\t<\/div>\n\t\t<\/div>\n\t\t\t\t\t<\/div>\n\t\t<\/section>\n\t\t\t\t<section class=\"elementor-section elementor-top-section elementor-element elementor-element-211266f sepsup elementor-section-boxed elementor-section-height-default elementor-section-height-default\" data-id=\"211266f\" data-element_type=\"section\" data-e-type=\"section\" id=\"metodologia\">\n\t\t\t\t\t\t<div class=\"elementor-container elementor-column-gap-default\">\n\t\t\t\t\t<div class=\"elementor-column elementor-col-100 elementor-top-column elementor-element elementor-element-c4d50ed\" data-id=\"c4d50ed\" data-element_type=\"column\" data-e-type=\"column\">\n\t\t\t<div class=\"elementor-widget-wrap elementor-element-populated\">\n\t\t\t\t\t\t<div class=\"elementor-element elementor-element-14b6421 elementor-widget elementor-widget-heading\" data-id=\"14b6421\" data-element_type=\"widget\" data-e-type=\"widget\" data-widget_type=\"heading.default\">\n\t\t\t\t<div class=\"elementor-widget-container\">\n\t\t\t\t\t<h2 class=\"elementor-heading-title elementor-size-default\">Gute Methodik und Lehrer um Spanisch zu lernen<\/h2>\t\t\t\t<\/div>\n\t\t\t\t<\/div>\n\t\t\t\t<section class=\"elementor-section elementor-inner-section elementor-element elementor-element-70a5694 elementor-section-boxed elementor-section-height-default elementor-section-height-default\" data-id=\"70a5694\" data-element_type=\"section\" data-e-type=\"section\">\n\t\t\t\t\t\t<div class=\"elementor-container elementor-column-gap-default\">\n\t\t\t\t\t<div class=\"elementor-column elementor-col-50 elementor-inner-column elementor-element elementor-element-00ed6ec col1\" data-id=\"00ed6ec\" data-element_type=\"column\" data-e-type=\"column\">\n\t\t\t<div class=\"elementor-widget-wrap elementor-element-populated\">\n\t\t\t\t\t\t<div class=\"elementor-element elementor-element-f9feb4b texto elementor-widget elementor-widget-text-editor\" data-id=\"f9feb4b\" data-element_type=\"widget\" data-e-type=\"widget\" data-widget_type=\"text-editor.default\">\n\t\t\t\t<div class=\"elementor-widget-container\">\n\t\t\t\t\t\t\t\t\t<p>Der Erfolg jeder Spanischschule beruht auf der Qualit\u00e4t der Lehrer und der Methoden, die sie verwenden. Deshalb z\u00e4hlen wir auf ein Team von begeisterten Fachleuten, die vor allem darauf abzielen, unsere Sch\u00fcler effektiv, unterhaltsam und professionell zu unterrichten.Der Erfolg jeder Spanischschule beruht auf der Qualit\u00e4t der Lehrer und der Methoden, die sie verwenden. Deshalb z\u00e4hlen wir auf ein Team von begeisterten Fachleuten, die vor allem darauf abzielen, unsere Sch\u00fcler effektiv, unterhaltsam und professionell zu unterrichten.<\/p><p>Sie sind die S\u00e4ulen unserer Schule und was wohl am meisten auff\u00e4llt, ist der Kontakt zwischen Lehrern und Sch\u00fclern.<\/p>\t\t\t\t\t\t\t\t<\/div>\n\t\t\t\t<\/div>\n\t\t\t\t<div class=\"elementor-element elementor-element-c5c40bf elementor-widget elementor-widget-image\" data-id=\"c5c40bf\" data-element_type=\"widget\" data-e-type=\"widget\" data-widget_type=\"image.default\">\n\t\t\t\t<div class=\"elementor-widget-container\">\n\t\t\t\t\t\t\t\t\t\t\t\t\t\t\t<img fetchpriority=\"high\" decoding=\"async\" width=\"700\" height=\"438\" src=\"https:\/\/ihdemu.com\/wp-content\/uploads\/2022\/11\/Instituto-Hispanico-de-Murcia-Mejor-Escuela-de-Espanol-Excelente-Metodologia.jpg\" class=\"attachment-large size-large wp-image-5445\" alt=\"Instituto Hispanico de Murcia - Mejor Escuela de Espanol - Excelente Metodologia\" srcset=\"https:\/\/ihdemu.com\/wp-content\/uploads\/2022\/11\/Instituto-Hispanico-de-Murcia-Mejor-Escuela-de-Espanol-Excelente-Metodologia.jpg 700w, https:\/\/ihdemu.com\/wp-content\/uploads\/2022\/11\/Instituto-Hispanico-de-Murcia-Mejor-Escuela-de-Espanol-Excelente-Metodologia-300x188.jpg 300w, https:\/\/ihdemu.com\/wp-content\/uploads\/2022\/11\/Instituto-Hispanico-de-Murcia-Mejor-Escuela-de-Espanol-Excelente-Metodologia-600x375.jpg 600w\" sizes=\"(max-width: 700px) 100vw, 700px\" \/>\t\t\t\t\t\t\t\t\t\t\t\t\t\t\t<\/div>\n\t\t\t\t<\/div>\n\t\t\t\t\t<\/div>\n\t\t<\/div>\n\t\t\t\t<div class=\"elementor-column elementor-col-50 elementor-inner-column elementor-element elementor-element-9bdd6d1 col2\" data-id=\"9bdd6d1\" data-element_type=\"column\" data-e-type=\"column\">\n\t\t\t<div class=\"elementor-widget-wrap elementor-element-populated\">\n\t\t\t\t\t\t<div class=\"elementor-element elementor-element-167119c texto elementor-widget elementor-widget-text-editor\" data-id=\"167119c\" data-element_type=\"widget\" data-e-type=\"widget\" data-widget_type=\"text-editor.default\">\n\t\t\t\t<div class=\"elementor-widget-container\">\n\t\t\t\t\t\t\t\t\t<p>Sie werden aufgrund ihrer F\u00e4higkeit zuzuh\u00f6ren, ihrer Freundlichkeit, ihres Enthusiasmus und ihrer Geduld, aber vor allem ihrer Liebe zum Unterrichten ausgew\u00e4hlt.Sie werden aufgrund ihrer F\u00e4higkeit zuzuh\u00f6ren, ihrer Freundlichkeit, ihres Enthusiasmus und ihrer Geduld, aber vor allem ihrer Liebe zum Unterrichten ausgew\u00e4hlt.<\/p><p>Die meisten von ihnen sind schon lange bei uns und haben viel Erfahrung mit unserer effektiven Art,\u00a0<strong>Spanisch als Fremdsprache zu unterrichten<\/strong>. Tats\u00e4chlich sind die meisten Pr\u00fcfer des\u00a0<a href=\"https:\/\/cervantes.org\/\" target=\"_blank\" rel=\"noopener\">Cervantes-Instituts<\/a>.<\/p><p>\u00a0 \u00a0 \u00a0 \u00a0 \u00a0 \u00a0 \u00a0 \u00a0 \u00a0 \u00a0 \u00a0 \u00a0 \u00a0 \u00a0 \u00a0 \u00a0 \u00a0 \u00a0 \u00a0 \u00a0 \u00a0 \u00a0 \u00a0 \u00a0 \u00a0 \u00a0 \u00a0 \u00a0 \u00a0 \u00a0 \u00a0 \u00a0 \u00a0 \u00a0 \u00a0 \u00a0 \u00a0 \u00a0 \u00a0 \u00a0 \u00a0 \u00a0 \u00a0 \u00a0 \u00a0 \u00a0 \u00a0\u00a0<\/p>\t\t\t\t\t\t\t\t<\/div>\n\t\t\t\t<\/div>\n\t\t\t\t<div class=\"elementor-element elementor-element-5fa861f elementor-widget elementor-widget-image\" data-id=\"5fa861f\" data-element_type=\"widget\" data-e-type=\"widget\" data-widget_type=\"image.default\">\n\t\t\t\t<div class=\"elementor-widget-container\">\n\t\t\t\t\t\t\t\t\t\t\t\t\t\t\t<img decoding=\"async\" width=\"700\" height=\"438\" src=\"https:\/\/ihdemu.com\/wp-content\/uploads\/2022\/11\/Instituto-Hispanico-de-Murcia-Mejor-Escuela-de-Espanol-Excelentes-Profesores.jpg\" class=\"attachment-large size-large wp-image-5436\" alt=\"Instituto Hispanico de Murcia - Mejor Escuela de Espanol - Excelentes Profesores\" srcset=\"https:\/\/ihdemu.com\/wp-content\/uploads\/2022\/11\/Instituto-Hispanico-de-Murcia-Mejor-Escuela-de-Espanol-Excelentes-Profesores.jpg 700w, https:\/\/ihdemu.com\/wp-content\/uploads\/2022\/11\/Instituto-Hispanico-de-Murcia-Mejor-Escuela-de-Espanol-Excelentes-Profesores-300x188.jpg 300w, https:\/\/ihdemu.com\/wp-content\/uploads\/2022\/11\/Instituto-Hispanico-de-Murcia-Mejor-Escuela-de-Espanol-Excelentes-Profesores-600x375.jpg 600w\" sizes=\"(max-width: 700px) 100vw, 700px\" \/>\t\t\t\t\t\t\t\t\t\t\t\t\t\t\t<\/div>\n\t\t\t\t<\/div>\n\t\t\t\t\t<\/div>\n\t\t<\/div>\n\t\t\t\t\t<\/div>\n\t\t<\/section>\n\t\t\t\t\t<\/div>\n\t\t<\/div>\n\t\t\t\t\t<\/div>\n\t\t<\/section>\n\t\t\t\t<section class=\"elementor-section elementor-top-section elementor-element elementor-element-705541b sepsup elementor-section-boxed elementor-section-height-default elementor-section-height-default\" data-id=\"705541b\" data-element_type=\"section\" data-e-type=\"section\" id=\"material\">\n\t\t\t\t\t\t<div class=\"elementor-container elementor-column-gap-default\">\n\t\t\t\t\t<div class=\"elementor-column elementor-col-100 elementor-top-column elementor-element elementor-element-96601f8\" data-id=\"96601f8\" data-element_type=\"column\" data-e-type=\"column\">\n\t\t\t<div class=\"elementor-widget-wrap elementor-element-populated\">\n\t\t\t\t\t\t<div class=\"elementor-element elementor-element-66e9150 elementor-widget elementor-widget-heading\" data-id=\"66e9150\" data-element_type=\"widget\" data-e-type=\"widget\" data-widget_type=\"heading.default\">\n\t\t\t\t<div class=\"elementor-widget-container\">\n\t\t\t\t\t<h2 class=\"elementor-heading-title elementor-size-default\">Alle Unterrichtsmaterialien notwendig um die Sprache zu lernen<\/h2>\t\t\t\t<\/div>\n\t\t\t\t<\/div>\n\t\t\t\t<section class=\"elementor-section elementor-inner-section elementor-element elementor-element-d8daf05 elementor-section-boxed elementor-section-height-default elementor-section-height-default\" data-id=\"d8daf05\" data-element_type=\"section\" data-e-type=\"section\">\n\t\t\t\t\t\t<div class=\"elementor-container elementor-column-gap-default\">\n\t\t\t\t\t<div class=\"elementor-column elementor-col-50 elementor-inner-column elementor-element elementor-element-1b51c14 col1\" data-id=\"1b51c14\" data-element_type=\"column\" data-e-type=\"column\">\n\t\t\t<div class=\"elementor-widget-wrap elementor-element-populated\">\n\t\t\t\t\t\t<div class=\"elementor-element elementor-element-4271e70 texto elementor-widget elementor-widget-text-editor\" data-id=\"4271e70\" data-element_type=\"widget\" data-e-type=\"widget\" data-widget_type=\"text-editor.default\">\n\t\t\t\t<div class=\"elementor-widget-container\">\n\t\t\t\t\t\t\t\t\t<div id=\"column-wrap-id-1651159048146\" class=\"sppb-col-md-6\"><div id=\"column-id-1651159048146\" class=\"sppb-column\"><div class=\"sppb-column-addons\"><div id=\"sppb-addon-wrapper-1651159048327\" class=\"sppb-addon-wrapper\"><div id=\"sppb-addon-1651159048327\" class=\"clearfix\"><div class=\"sppb-addon sppb-addon-text-block  \"><div class=\"sppb-addon-content\"><p>W\u00e4hrend des gesamten Kurses erhalten Sie die erforderlichen didaktischen Materialien. Unsere Lehrb\u00fccher bestehen aus einer Reihe von Einheiten mit integrierten Hausaufgaben und praktischen \u00dcbungen, durch die Sie fast unmerklich lernen, Spanisch zu verstehen und zu sprechen. Diese Einheiten f\u00fchren Sie strukturiert und schrittweise durch die spanische Sprache.<\/p><\/div><\/div><\/div><\/div><\/div><\/div><\/div>\t\t\t\t\t\t\t\t<\/div>\n\t\t\t\t<\/div>\n\t\t\t\t\t<\/div>\n\t\t<\/div>\n\t\t\t\t<div class=\"elementor-column elementor-col-50 elementor-inner-column elementor-element elementor-element-6945364 col2\" data-id=\"6945364\" data-element_type=\"column\" data-e-type=\"column\">\n\t\t\t<div class=\"elementor-widget-wrap elementor-element-populated\">\n\t\t\t\t\t\t<div class=\"elementor-element elementor-element-83fa77c texto elementor-widget elementor-widget-text-editor\" data-id=\"83fa77c\" data-element_type=\"widget\" data-e-type=\"widget\" data-widget_type=\"text-editor.default\">\n\t\t\t\t<div class=\"elementor-widget-container\">\n\t\t\t\t\t\t\t\t\t<p>Wir verwenden eine Kombination aus kommerziell ver\u00f6ffentlichten Lehrb\u00fcchern und erg\u00e4nzenden Materialien, die von unseren Lehrern erstellt wurden.Wir verwenden eine Kombination aus kommerziell ver\u00f6ffentlichten Lehrb\u00fcchern und erg\u00e4nzenden Materialien, die von unseren Lehrern erstellt wurden.<\/p><p>Beachten Sie zu guter Letzt, dass jeder Sch\u00fcler vom ersten Tag an ermutigt wird, Spanisch zu sprechen, und das tun sie auch, selbst Anf\u00e4nger.<\/p>\t\t\t\t\t\t\t\t<\/div>\n\t\t\t\t<\/div>\n\t\t\t\t\t<\/div>\n\t\t<\/div>\n\t\t\t\t\t<\/div>\n\t\t<\/section>\n\t\t\t\t<div class=\"elementor-element elementor-element-e936ce1 elementor-widget elementor-widget-text-editor\" data-id=\"e936ce1\" data-element_type=\"widget\" data-e-type=\"widget\" data-widget_type=\"text-editor.default\">\n\t\t\t\t<div class=\"elementor-widget-container\">\n\t\t\t\t\t\t\t\t\t<p style=\"text-align: center;\"><strong style=\"font-size: 16px;\">Auf Spanisch zu sprechen f\u00e4ngt an, auf Spanisch zu denken!<\/strong><\/p>\t\t\t\t\t\t\t\t<\/div>\n\t\t\t\t<\/div>\n\t\t\t\t\t<\/div>\n\t\t<\/div>\n\t\t\t\t\t<\/div>\n\t\t<\/section>\n\t\t\t\t<section class=\"elementor-section elementor-top-section elementor-element elementor-element-2ca6318 sepsup sepinf elementor-section-boxed elementor-section-height-default elementor-section-height-default\" data-id=\"2ca6318\" data-element_type=\"section\" data-e-type=\"section\" id=\"fotos\">\n\t\t\t\t\t\t<div class=\"elementor-container elementor-column-gap-default\">\n\t\t\t\t\t<div class=\"elementor-column elementor-col-50 elementor-top-column elementor-element elementor-element-5b2fe2b col1\" data-id=\"5b2fe2b\" data-element_type=\"column\" data-e-type=\"column\">\n\t\t\t<div class=\"elementor-widget-wrap elementor-element-populated\">\n\t\t\t\t\t\t<div class=\"elementor-element elementor-element-df79a87 elementor-widget elementor-widget-image\" data-id=\"df79a87\" data-element_type=\"widget\" data-e-type=\"widget\" data-widget_type=\"image.default\">\n\t\t\t\t<div class=\"elementor-widget-container\">\n\t\t\t\t\t\t\t\t\t\t\t\t\t\t\t<img decoding=\"async\" width=\"700\" height=\"438\" src=\"https:\/\/ihdemu.com\/wp-content\/uploads\/2022\/11\/Instituto-Hispanico-de-Murcia-Mejor-Escuela-de-Espanol-Comienza-a-Hablar.jpg\" class=\"attachment-large size-large wp-image-5427\" alt=\"Instituto Hispanico de Murcia - Mejor Escuela de Espanol - Comienza a Hablar\" srcset=\"https:\/\/ihdemu.com\/wp-content\/uploads\/2022\/11\/Instituto-Hispanico-de-Murcia-Mejor-Escuela-de-Espanol-Comienza-a-Hablar.jpg 700w, https:\/\/ihdemu.com\/wp-content\/uploads\/2022\/11\/Instituto-Hispanico-de-Murcia-Mejor-Escuela-de-Espanol-Comienza-a-Hablar-300x188.jpg 300w, https:\/\/ihdemu.com\/wp-content\/uploads\/2022\/11\/Instituto-Hispanico-de-Murcia-Mejor-Escuela-de-Espanol-Comienza-a-Hablar-600x375.jpg 600w\" sizes=\"(max-width: 700px) 100vw, 700px\" \/>\t\t\t\t\t\t\t\t\t\t\t\t\t\t\t<\/div>\n\t\t\t\t<\/div>\n\t\t\t\t\t<\/div>\n\t\t<\/div>\n\t\t\t\t<div class=\"elementor-column elementor-col-50 elementor-top-column elementor-element elementor-element-f64d6cb col2\" data-id=\"f64d6cb\" data-element_type=\"column\" data-e-type=\"column\">\n\t\t\t<div class=\"elementor-widget-wrap elementor-element-populated\">\n\t\t\t\t\t\t<div class=\"elementor-element elementor-element-a9633bd elementor-widget elementor-widget-image\" data-id=\"a9633bd\" data-element_type=\"widget\" data-e-type=\"widget\" data-widget_type=\"image.default\">\n\t\t\t\t<div class=\"elementor-widget-container\">\n\t\t\t\t\t\t\t\t\t\t\t\t\t\t\t<img loading=\"lazy\" decoding=\"async\" width=\"700\" height=\"438\" src=\"https:\/\/ihdemu.com\/wp-content\/uploads\/2022\/11\/Instituto-Hispanico-de-Murcia-Mejor-Escuela-de-Espanol-Pensar-en-Espanol.jpg\" class=\"attachment-large size-large wp-image-5454\" alt=\"Instituto Hispanico de Murcia - Mejor Escuela de Espanol - Pensar en Espanol\" srcset=\"https:\/\/ihdemu.com\/wp-content\/uploads\/2022\/11\/Instituto-Hispanico-de-Murcia-Mejor-Escuela-de-Espanol-Pensar-en-Espanol.jpg 700w, https:\/\/ihdemu.com\/wp-content\/uploads\/2022\/11\/Instituto-Hispanico-de-Murcia-Mejor-Escuela-de-Espanol-Pensar-en-Espanol-300x188.jpg 300w, https:\/\/ihdemu.com\/wp-content\/uploads\/2022\/11\/Instituto-Hispanico-de-Murcia-Mejor-Escuela-de-Espanol-Pensar-en-Espanol-600x375.jpg 600w\" sizes=\"(max-width: 700px) 100vw, 700px\" \/>\t\t\t\t\t\t\t\t\t\t\t\t\t\t\t<\/div>\n\t\t\t\t<\/div>\n\t\t\t\t\t<\/div>\n\t\t<\/div>\n\t\t\t\t\t<\/div>\n\t\t<\/section>\n\t\t\t\t<\/div>\n\t\t","protected":false},"excerpt":{"rendered":"<p>DIE BESTE SPANISCHSCHULE Unsere Sprachschule liegt mitten im Herzen von Murcia. Gegen\u00fcber der Universit\u00e4t und neben dem Festspielhaus, wird sie au\u00dferdem von interessanten und belebten Pl\u00e4tzen, der Kathedrale, Museen, Bars und Restaurants umringt. Sie beinhaltet eine kleine Bibliothek, sowie audiovisuelle Medien f\u00fcr das Spanischstudium und kostenlosem Internetzugang. Wir leiden nicht unter dem sogenannten Gr\u00f6\u00dfenkomplex, also [&hellip;]<\/p>\n","protected":false},"author":1,"featured_media":16566,"parent":0,"menu_order":0,"comment_status":"closed","ping_status":"closed","template":"elementor_header_footer","meta":{"_acf_changed":false,"inline_featured_image":false,"site-sidebar-layout":"no-sidebar","site-content-layout":"page-builder","ast-site-content-layout":"default","site-content-style":"default","site-sidebar-style":"default","ast-global-header-display":"","ast-banner-title-visibility":"","ast-main-header-display":"","ast-hfb-above-header-display":"","ast-hfb-below-header-display":"","ast-hfb-mobile-header-display":"","site-post-title":"disabled","ast-breadcrumbs-content":"","ast-featured-img":"disabled","footer-sml-layout":"","ast-disable-related-posts":"","theme-transparent-header-meta":"default","adv-header-id-meta":"","stick-header-meta":"default","header-above-stick-meta":"","header-main-stick-meta":"","header-below-stick-meta":"","astra-migrate-meta-layouts":"default","ast-page-background-enabled":"default","ast-page-background-meta":{"desktop":{"background-color":"var(--ast-global-color-4)","background-image":"","background-repeat":"repeat","background-position":"center center","background-size":"auto","background-attachment":"scroll","background-type":"","background-media":"","overlay-type":"","overlay-color":"","overlay-opacity":"","overlay-gradient":""},"tablet":{"background-color":"","background-image":"","background-repeat":"repeat","background-position":"center center","background-size":"auto","background-attachment":"scroll","background-type":"","background-media":"","overlay-type":"","overlay-color":"","overlay-opacity":"","overlay-gradient":""},"mobile":{"background-color":"","background-image":"","background-repeat":"repeat","background-position":"center center","background-size":"auto","background-attachment":"scroll","background-type":"","background-media":"","overlay-type":"","overlay-color":"","overlay-opacity":"","overlay-gradient":""}},"ast-content-background-meta":{"desktop":{"background-color":"var(--ast-global-color-5)","background-image":"","background-repeat":"repeat","background-position":"center center","background-size":"auto","background-attachment":"scroll","background-type":"","background-media":"","overlay-type":"","overlay-color":"","overlay-opacity":"","overlay-gradient":""},"tablet":{"background-color":"var(--ast-global-color-5)","background-image":"","background-repeat":"repeat","background-position":"center center","background-size":"auto","background-attachment":"scroll","background-type":"","background-media":"","overlay-type":"","overlay-color":"","overlay-opacity":"","overlay-gradient":""},"mobile":{"background-color":"var(--ast-global-color-5)","background-image":"","background-repeat":"repeat","background-position":"center center","background-size":"auto","background-attachment":"scroll","background-type":"","background-media":"","overlay-type":"","overlay-color":"","overlay-opacity":"","overlay-gradient":""}},"footnotes":""},"class_list":["post-8736","page","type-page","status-publish","has-post-thumbnail","hentry"],"acf":[],"_links":{"self":[{"href":"https:\/\/ihdemu.com\/de\/wp-json\/wp\/v2\/pages\/8736","targetHints":{"allow":["GET"]}}],"collection":[{"href":"https:\/\/ihdemu.com\/de\/wp-json\/wp\/v2\/pages"}],"about":[{"href":"https:\/\/ihdemu.com\/de\/wp-json\/wp\/v2\/types\/page"}],"author":[{"embeddable":true,"href":"https:\/\/ihdemu.com\/de\/wp-json\/wp\/v2\/users\/1"}],"replies":[{"embeddable":true,"href":"https:\/\/ihdemu.com\/de\/wp-json\/wp\/v2\/comments?post=8736"}],"version-history":[{"count":1,"href":"https:\/\/ihdemu.com\/de\/wp-json\/wp\/v2\/pages\/8736\/revisions"}],"predecessor-version":[{"id":93843,"href":"https:\/\/ihdemu.com\/de\/wp-json\/wp\/v2\/pages\/8736\/revisions\/93843"}],"wp:featuredmedia":[{"embeddable":true,"href":"https:\/\/ihdemu.com\/de\/wp-json\/wp\/v2\/media\/16566"}],"wp:attachment":[{"href":"https:\/\/ihdemu.com\/de\/wp-json\/wp\/v2\/media?parent=8736"}],"curies":[{"name":"wp","href":"https:\/\/api.w.org\/{rel}","templated":true}]}}