{"id":20936,"date":"2022-11-14T00:12:35","date_gmt":"2022-11-13T23:12:35","guid":{"rendered":"https:\/\/ihdemu.com\/habitacion\/"},"modified":"2024-03-21T10:33:37","modified_gmt":"2024-03-21T09:33:37","slug":"zimmer","status":"publish","type":"product","link":"https:\/\/ihdemu.com\/de\/zimmer\/","title":{"rendered":"Gastfamilie (Preis pro Nacht)"},"content":{"rendered":"","protected":false},"excerpt":{"rendered":"<p>Das Leben in einer spanischen Familie bietet viele Vorteile!<\/p>\n<p>Unser Unterkunftsprogramm bietet dir die M\u00f6glichkeit, in das spanische Alltagsleben einzutauchen und die Gelegenheit, <strong>Spanisch zu \u00fcben<\/strong> und deine Vokabeln und Aussprache zu verbessern. Du kannst eine entspannte und gesellige Umgebung genie\u00dfen und dabei die Unabh\u00e4ngigkeit haben, deinen <strong>eigenen Schl\u00fcssel<\/strong> zu besitzen.<\/p>\n<p>Unsere Gastfamilien sind darauf bedacht, dir eine <strong>warme und einladende<\/strong> Atmosph\u00e4re w\u00e4hrend deines Aufenthalts zu bieten. Du wirst ihren Alltag teilen, ihre Kultur und Traditionen hautnah kennenlernen und besondere Bindungen kn\u00fcpfen, die im Laufe der Zeit Bestand haben werden.<\/p>\n<p>Entscheide dich, ob du lieber eine Unterkunft mit <strong>Halbpension<\/strong> (Fr\u00fchst\u00fcck und Abendessen) oder <strong>Vollpension<\/strong> (Fr\u00fchst\u00fcck, Mittagessen und Abendessen) m\u00f6chtest, und entdecke mit unseren Gastfamilien die traditionellen Aromen von Murcia.<\/p>\n<p>Mache deinen Aufenthalt in Murcia zu einer <strong>unvergesslichen Erinnerung<\/strong> und entdecke, wie der direkte Kontakt mit lokalen Familien dein Sprachverst\u00e4ndnis bereichern und es dir erm\u00f6glichen wird, das Beste aus deinem Auslandsabenteuer zu machen.<\/p>\n","protected":false},"featured_media":32355,"template":"","meta":{"_acf_changed":false,"inline_featured_image":false,"site-sidebar-layout":"default","site-content-layout":"default","ast-site-content-layout":"default","site-content-style":"default","site-sidebar-style":"default","ast-global-header-display":"","ast-banner-title-visibility":"","ast-main-header-display":"","ast-hfb-above-header-display":"","ast-hfb-below-header-display":"","ast-hfb-mobile-header-display":"","site-post-title":"","ast-breadcrumbs-content":"","ast-featured-img":"","footer-sml-layout":"","ast-disable-related-posts":"","theme-transparent-header-meta":"default","adv-header-id-meta":"","stick-header-meta":"default","header-above-stick-meta":"","header-main-stick-meta":"","header-below-stick-meta":"","astra-migrate-meta-layouts":"set","ast-page-background-enabled":"default","ast-page-background-meta":{"desktop":{"background-color":"var(--ast-global-color-4)","background-image":"","background-repeat":"repeat","background-position":"center center","background-size":"auto","background-attachment":"scroll","background-type":"","background-media":"","overlay-type":"","overlay-color":"","overlay-opacity":"","overlay-gradient":""},"tablet":{"background-color":"","background-image":"","background-repeat":"repeat","background-position":"center center","background-size":"auto","background-attachment":"scroll","background-type":"","background-media":"","overlay-type":"","overlay-color":"","overlay-opacity":"","overlay-gradient":""},"mobile":{"background-color":"","background-image":"","background-repeat":"repeat","background-position":"center center","background-size":"auto","background-attachment":"scroll","background-type":"","background-media":"","overlay-type":"","overlay-color":"","overlay-opacity":"","overlay-gradient":""}},"ast-content-background-meta":{"desktop":{"background-color":"var(--ast-global-color-5)","background-image":"","background-repeat":"repeat","background-position":"center center","background-size":"auto","background-attachment":"scroll","background-type":"","background-media":"","overlay-type":"","overlay-color":"","overlay-opacity":"","overlay-gradient":""},"tablet":{"background-color":"var(--ast-global-color-5)","background-image":"","background-repeat":"repeat","background-position":"center center","background-size":"auto","background-attachment":"scroll","background-type":"","background-media":"","overlay-type":"","overlay-color":"","overlay-opacity":"","overlay-gradient":""},"mobile":{"background-color":"var(--ast-global-color-5)","background-image":"","background-repeat":"repeat","background-position":"center center","background-size":"auto","background-attachment":"scroll","background-type":"","background-media":"","overlay-type":"","overlay-color":"","overlay-opacity":"","overlay-gradient":""}}},"product_brand":[],"product_cat":[177],"product_tag":[],"class_list":{"0":"post-20936","1":"product","2":"type-product","3":"status-publish","4":"has-post-thumbnail","6":"product_cat-unterkunft","7":"desktop-align-left","8":"tablet-align-left","9":"mobile-align-left","10":"ast-product-gallery-layout-horizontal-slider","11":"ast-product-gallery-with-no-image","12":"ast-product-single-variable","13":"ast-product-tabs-layout-horizontal","15":"first","16":"instock","17":"taxable","18":"shipping-taxable","19":"purchasable","20":"product-type-variable"},"acf":[],"_links":{"self":[{"href":"https:\/\/ihdemu.com\/de\/wp-json\/wp\/v2\/product\/20936","targetHints":{"allow":["GET"]}}],"collection":[{"href":"https:\/\/ihdemu.com\/de\/wp-json\/wp\/v2\/product"}],"about":[{"href":"https:\/\/ihdemu.com\/de\/wp-json\/wp\/v2\/types\/product"}],"wp:featuredmedia":[{"embeddable":true,"href":"https:\/\/ihdemu.com\/de\/wp-json\/wp\/v2\/media\/32355"}],"wp:attachment":[{"href":"https:\/\/ihdemu.com\/de\/wp-json\/wp\/v2\/media?parent=20936"}],"wp:term":[{"taxonomy":"product_brand","embeddable":true,"href":"https:\/\/ihdemu.com\/de\/wp-json\/wp\/v2\/product_brand?post=20936"},{"taxonomy":"product_cat","embeddable":true,"href":"https:\/\/ihdemu.com\/de\/wp-json\/wp\/v2\/product_cat?post=20936"},{"taxonomy":"product_tag","embeddable":true,"href":"https:\/\/ihdemu.com\/de\/wp-json\/wp\/v2\/product_tag?post=20936"}],"curies":[{"name":"wp","href":"https:\/\/api.w.org\/{rel}","templated":true}]}}