{"id":20976,"date":"2022-11-22T18:56:17","date_gmt":"2022-11-22T17:56:17","guid":{"rendered":"https:\/\/ihdemu.com\/taxi-aeropuerto-murcia\/"},"modified":"2024-01-15T13:51:35","modified_gmt":"2024-01-15T12:51:35","slug":"flughafentaxi-murcia","status":"publish","type":"product","link":"https:\/\/ihdemu.com\/de\/flughafentaxi-murcia\/","title":{"rendered":"Flughafentaxi Murcia"},"content":{"rendered":"","protected":false},"excerpt":{"rendered":"<p>Hallo, Reisende vom Instituto Hisp\u00e1nico de Murcia!<\/p>\n<p>Bereit f\u00fcr eine <strong>sorgenfreie Reise<\/strong>? Unser personalisierter Taxidienst ist hier, um Sie mit insgesamt <strong>Komfort und Sicherheit<\/strong> zu Ihrem Ziel zu bringen.<\/p>\n<p>Unsere Taxis sind darauf ausgelegt, einen <strong>freundlichen und professionellen<\/strong> Service zu bieten, mit erfahrenen Fahrern und gut ausgestatteten Fahrzeugen f\u00fcr eine angenehme Reise. Vom Moment der Landung an werden wir sicherstellen, dass Ihre Erfahrung problemlos verl\u00e4uft und Sie bequem zu Ihrem Ziel bringt. Mit wettbewerbsf\u00e4higen Preisen, g\u00fcnstigeren und erstklassigem Service garantieren wir ein au\u00dfergew\u00f6hnliches Reiseerlebnis.<\/p>\n<p>Der <strong>Flughafen Murcia \/ Corvera<\/strong> ist ein hochmodernes Flughafen, der nur <strong>19 Autominuten von Murcia entfernt<\/strong> liegt. Er\u00f6ffnet im Januar 2019 bietet dieser hochmoderne Flughafen erstklassige Einrichtungen, hochwertige Dienstleistungen und eine beeindruckende Auswahl an nationalen und internationalen Zielen.<\/p>\n<p>Verschwenden Sie keine Zeit oder Energie mit komplizierten Transportoptionen. Buchen Sie jetzt und lassen Sie unseren Taxidienst den <strong>Komfort und die Ruhe<\/strong> bieten, die Ihr Abenteuer verdient! Los geht&#8217;s!<\/p>\n","protected":false},"featured_media":49894,"template":"","meta":{"_acf_changed":false,"inline_featured_image":false,"site-sidebar-layout":"default","site-content-layout":"default","ast-site-content-layout":"default","site-content-style":"default","site-sidebar-style":"default","ast-global-header-display":"","ast-banner-title-visibility":"","ast-main-header-display":"","ast-hfb-above-header-display":"","ast-hfb-below-header-display":"","ast-hfb-mobile-header-display":"","site-post-title":"","ast-breadcrumbs-content":"","ast-featured-img":"","footer-sml-layout":"","ast-disable-related-posts":"","theme-transparent-header-meta":"default","adv-header-id-meta":"","stick-header-meta":"default","header-above-stick-meta":"","header-main-stick-meta":"","header-below-stick-meta":"","astra-migrate-meta-layouts":"set","ast-page-background-enabled":"default","ast-page-background-meta":{"desktop":{"background-color":"var(--ast-global-color-4)","background-image":"","background-repeat":"repeat","background-position":"center center","background-size":"auto","background-attachment":"scroll","background-type":"","background-media":"","overlay-type":"","overlay-color":"","overlay-opacity":"","overlay-gradient":""},"tablet":{"background-color":"","background-image":"","background-repeat":"repeat","background-position":"center center","background-size":"auto","background-attachment":"scroll","background-type":"","background-media":"","overlay-type":"","overlay-color":"","overlay-opacity":"","overlay-gradient":""},"mobile":{"background-color":"","background-image":"","background-repeat":"repeat","background-position":"center center","background-size":"auto","background-attachment":"scroll","background-type":"","background-media":"","overlay-type":"","overlay-color":"","overlay-opacity":"","overlay-gradient":""}},"ast-content-background-meta":{"desktop":{"background-color":"var(--ast-global-color-5)","background-image":"","background-repeat":"repeat","background-position":"center center","background-size":"auto","background-attachment":"scroll","background-type":"","background-media":"","overlay-type":"","overlay-color":"","overlay-opacity":"","overlay-gradient":""},"tablet":{"background-color":"var(--ast-global-color-5)","background-image":"","background-repeat":"repeat","background-position":"center center","background-size":"auto","background-attachment":"scroll","background-type":"","background-media":"","overlay-type":"","overlay-color":"","overlay-opacity":"","overlay-gradient":""},"mobile":{"background-color":"var(--ast-global-color-5)","background-image":"","background-repeat":"repeat","background-position":"center center","background-size":"auto","background-attachment":"scroll","background-type":"","background-media":"","overlay-type":"","overlay-color":"","overlay-opacity":"","overlay-gradient":""}}},"product_brand":[],"product_cat":[207],"product_tag":[],"class_list":{"0":"post-20976","1":"product","2":"type-product","3":"status-publish","4":"has-post-thumbnail","6":"product_cat-flughafen-abholservice","7":"desktop-align-left","8":"tablet-align-left","9":"mobile-align-left","10":"ast-product-gallery-layout-horizontal-slider","11":"ast-product-gallery-with-no-image","12":"ast-product-single-variable","13":"ast-product-tabs-layout-horizontal","15":"first","16":"instock","17":"taxable","18":"shipping-taxable","19":"purchasable","20":"product-type-variable"},"acf":[],"_links":{"self":[{"href":"https:\/\/ihdemu.com\/de\/wp-json\/wp\/v2\/product\/20976","targetHints":{"allow":["GET"]}}],"collection":[{"href":"https:\/\/ihdemu.com\/de\/wp-json\/wp\/v2\/product"}],"about":[{"href":"https:\/\/ihdemu.com\/de\/wp-json\/wp\/v2\/types\/product"}],"wp:featuredmedia":[{"embeddable":true,"href":"https:\/\/ihdemu.com\/de\/wp-json\/wp\/v2\/media\/49894"}],"wp:attachment":[{"href":"https:\/\/ihdemu.com\/de\/wp-json\/wp\/v2\/media?parent=20976"}],"wp:term":[{"taxonomy":"product_brand","embeddable":true,"href":"https:\/\/ihdemu.com\/de\/wp-json\/wp\/v2\/product_brand?post=20976"},{"taxonomy":"product_cat","embeddable":true,"href":"https:\/\/ihdemu.com\/de\/wp-json\/wp\/v2\/product_cat?post=20976"},{"taxonomy":"product_tag","embeddable":true,"href":"https:\/\/ihdemu.com\/de\/wp-json\/wp\/v2\/product_tag?post=20976"}],"curies":[{"name":"wp","href":"https:\/\/api.w.org\/{rel}","templated":true}]}}