{"id":10066,"date":"2022-11-14T11:29:56","date_gmt":"2022-11-14T10:29:56","guid":{"rendered":"https:\/\/ihdemu.com\/estudiar-nosotros\/"},"modified":"2024-01-04T17:43:26","modified_gmt":"2024-01-04T16:43:26","slug":"etudier-avec-nous","status":"publish","type":"page","link":"https:\/\/ihdemu.com\/fr\/etudier-avec-nous\/","title":{"rendered":"Pourquoi \u00e9tudier avec nous?"},"content":{"rendered":"\t\t<div data-elementor-type=\"wp-page\" data-elementor-id=\"10066\" class=\"elementor elementor-10066 elementor-3660\" data-elementor-post-type=\"page\">\n\t\t\t\t\t\t<section data-dce-background-image-url=\"https:\/\/ihdemu.com\/wp-content\/uploads\/2022\/11\/Instituto-Hispanico-de-Murcia-Cabecera-Estudiar-con-Nosotros.jpg\" class=\"elementor-section elementor-top-section elementor-element elementor-element-5fb548c elementor-section-boxed elementor-section-height-default elementor-section-height-default\" data-id=\"5fb548c\" data-element_type=\"section\" data-e-type=\"section\" id=\"cabecera\" data-settings=\"{&quot;background_background&quot;:&quot;classic&quot;}\">\n\t\t\t\t\t\t\t<div class=\"elementor-background-overlay\"><\/div>\n\t\t\t\t\t\t\t<div class=\"elementor-container elementor-column-gap-default\">\n\t\t\t\t\t<div class=\"elementor-column elementor-col-100 elementor-top-column elementor-element elementor-element-fa476ce\" data-id=\"fa476ce\" data-element_type=\"column\" data-e-type=\"column\">\n\t\t\t<div class=\"elementor-widget-wrap elementor-element-populated\">\n\t\t\t\t\t\t<div class=\"elementor-element elementor-element-5245c88 elementor-widget elementor-widget-heading\" data-id=\"5245c88\" data-element_type=\"widget\" data-e-type=\"widget\" data-widget_type=\"heading.default\">\n\t\t\t\t<div class=\"elementor-widget-container\">\n\t\t\t\t\t<h1 class=\"elementor-heading-title elementor-size-default\">POURQUOI \u00c9TUDIER AVEC NOUS ?\n<\/h1>\t\t\t\t<\/div>\n\t\t\t\t<\/div>\n\t\t\t\t\t<\/div>\n\t\t<\/div>\n\t\t\t\t\t<\/div>\n\t\t<\/section>\n\t\t\t\t<section class=\"elementor-section elementor-top-section elementor-element elementor-element-2af0aa5 fila espsup elementor-section-boxed elementor-section-height-default elementor-section-height-default\" data-id=\"2af0aa5\" data-element_type=\"section\" data-e-type=\"section\">\n\t\t\t\t\t\t<div class=\"elementor-container elementor-column-gap-default\">\n\t\t\t\t\t<div class=\"elementor-column elementor-col-50 elementor-top-column elementor-element elementor-element-ea2a454 c1\" data-id=\"ea2a454\" data-element_type=\"column\" data-e-type=\"column\">\n\t\t\t<div class=\"elementor-widget-wrap elementor-element-populated\">\n\t\t\t\t\t\t<section class=\"elementor-section elementor-inner-section elementor-element elementor-element-6146c7f sepsup elementor-section-boxed elementor-section-height-default elementor-section-height-default\" data-id=\"6146c7f\" data-element_type=\"section\" data-e-type=\"section\">\n\t\t\t\t\t\t<div class=\"elementor-container elementor-column-gap-default\">\n\t\t\t\t\t<div class=\"elementor-column elementor-col-50 elementor-inner-column elementor-element elementor-element-e4ed9fd col1\" data-id=\"e4ed9fd\" data-element_type=\"column\" data-e-type=\"column\">\n\t\t\t<div class=\"elementor-widget-wrap elementor-element-populated\">\n\t\t\t\t\t\t<div class=\"elementor-element elementor-element-e75eb00 elementor-widget elementor-widget-image\" data-id=\"e75eb00\" data-element_type=\"widget\" data-e-type=\"widget\" data-widget_type=\"image.default\">\n\t\t\t\t<div class=\"elementor-widget-container\">\n\t\t\t\t\t\t\t\t\t\t\t\t\t\t\t<img fetchpriority=\"high\" decoding=\"async\" width=\"350\" height=\"219\" src=\"https:\/\/ihdemu.com\/wp-content\/uploads\/2022\/11\/Instituto-Hispanico-de-Murcia-Estudiar-Nosotros-Calidad.jpg\" class=\"attachment-large size-large wp-image-5484\" alt=\"Study About Us - Qualit\u00e9\" srcset=\"https:\/\/ihdemu.com\/wp-content\/uploads\/2022\/11\/Instituto-Hispanico-de-Murcia-Estudiar-Nosotros-Calidad.jpg 350w, https:\/\/ihdemu.com\/wp-content\/uploads\/2022\/11\/Instituto-Hispanico-de-Murcia-Estudiar-Nosotros-Calidad-300x188.jpg 300w\" sizes=\"(max-width: 350px) 100vw, 350px\" \/>\t\t\t\t\t\t\t\t\t\t\t\t\t\t\t<\/div>\n\t\t\t\t<\/div>\n\t\t\t\t\t<\/div>\n\t\t<\/div>\n\t\t\t\t<div class=\"elementor-column elementor-col-50 elementor-inner-column elementor-element elementor-element-768ef14 col2\" data-id=\"768ef14\" data-element_type=\"column\" data-e-type=\"column\">\n\t\t\t<div class=\"elementor-widget-wrap elementor-element-populated\">\n\t\t\t\t\t\t<div class=\"elementor-element elementor-element-6bfe604 elementor-widget elementor-widget-heading\" data-id=\"6bfe604\" data-element_type=\"widget\" data-e-type=\"widget\" data-widget_type=\"heading.default\">\n\t\t\t\t<div class=\"elementor-widget-container\">\n\t\t\t\t\t<h2 class=\"elementor-heading-title elementor-size-default\">\u00c9DUCATION DE QUALIT\u00c9\n<\/h2>\t\t\t\t<\/div>\n\t\t\t\t<\/div>\n\t\t\t\t<div class=\"elementor-element elementor-element-a671199 elementor-widget elementor-widget-text-editor\" data-id=\"a671199\" data-element_type=\"widget\" data-e-type=\"widget\" data-widget_type=\"text-editor.default\">\n\t\t\t\t<div class=\"elementor-widget-container\">\n\t\t\t\t\t\t\t\t\t<p>C&rsquo;est un obligatoire !<\/p><div id=\"column-wrap-id-1655307011706\" class=\"sppb-col-md-3\"><div id=\"column-id-1655307011706\" class=\"sppb-column\"><div class=\"sppb-column-addons\"><div id=\"sppb-addon-wrapper-1655307011707\" class=\"sppb-addon-wrapper\"><div id=\"sppb-addon-1655307011707\" class=\"clearfix \"><div class=\"sppb-addon sppb-addon-text-block sppb-text-left \"><div class=\"sppb-addon-content\"><p>Nous accordons une grande importance au potentiel de r\u00e9ussite de chaque \u00e9l\u00e8ve.<\/p><\/div><\/div><\/div><\/div><\/div><\/div><\/div><div id=\"column-wrap-id-1655307011708\" class=\"sppb-col-md-3\"><div id=\"column-id-1655307011708\" class=\"sppb-column\"><div class=\"sppb-column-addons\"><div id=\"sppb-addon-wrapper-1655307011709\" class=\"sppb-addon-wrapper\"><div id=\"sppb-addon-1655307011709\" class=\"clearfix \"><div class=\"sppb-addon sppb-addon-single-image sppb-text-center \">\u00a0<\/div><\/div><\/div><\/div><\/div><\/div>\t\t\t\t\t\t\t\t<\/div>\n\t\t\t\t<\/div>\n\t\t\t\t\t<\/div>\n\t\t<\/div>\n\t\t\t\t\t<\/div>\n\t\t<\/section>\n\t\t\t\t\t<\/div>\n\t\t<\/div>\n\t\t\t\t<div class=\"elementor-column elementor-col-50 elementor-top-column elementor-element elementor-element-48143e4 c2\" data-id=\"48143e4\" data-element_type=\"column\" data-e-type=\"column\">\n\t\t\t<div class=\"elementor-widget-wrap elementor-element-populated\">\n\t\t\t\t\t\t<section class=\"elementor-section elementor-inner-section elementor-element elementor-element-5deac1e sepsup elementor-section-boxed elementor-section-height-default elementor-section-height-default\" data-id=\"5deac1e\" data-element_type=\"section\" data-e-type=\"section\">\n\t\t\t\t\t\t<div class=\"elementor-container elementor-column-gap-default\">\n\t\t\t\t\t<div class=\"elementor-column elementor-col-50 elementor-inner-column elementor-element elementor-element-dfccdff col1\" data-id=\"dfccdff\" data-element_type=\"column\" data-e-type=\"column\">\n\t\t\t<div class=\"elementor-widget-wrap elementor-element-populated\">\n\t\t\t\t\t\t<div class=\"elementor-element elementor-element-eea0c0d elementor-widget elementor-widget-image\" data-id=\"eea0c0d\" data-element_type=\"widget\" data-e-type=\"widget\" data-widget_type=\"image.default\">\n\t\t\t\t<div class=\"elementor-widget-container\">\n\t\t\t\t\t\t\t\t\t\t\t\t\t\t\t<img decoding=\"async\" width=\"350\" height=\"219\" src=\"https:\/\/ihdemu.com\/wp-content\/uploads\/2022\/11\/Instituto-Hispanico-de-Murcia-Estudiar-Nosotros-Experiencia.jpg\" class=\"attachment-large size-large wp-image-5475\" alt=\"\u00c9tudier avec nous - Exp\u00e9rience\" srcset=\"https:\/\/ihdemu.com\/wp-content\/uploads\/2022\/11\/Instituto-Hispanico-de-Murcia-Estudiar-Nosotros-Experiencia.jpg 350w, https:\/\/ihdemu.com\/wp-content\/uploads\/2022\/11\/Instituto-Hispanico-de-Murcia-Estudiar-Nosotros-Experiencia-300x188.jpg 300w\" sizes=\"(max-width: 350px) 100vw, 350px\" \/>\t\t\t\t\t\t\t\t\t\t\t\t\t\t\t<\/div>\n\t\t\t\t<\/div>\n\t\t\t\t\t<\/div>\n\t\t<\/div>\n\t\t\t\t<div class=\"elementor-column elementor-col-50 elementor-inner-column elementor-element elementor-element-7426be8 col2\" data-id=\"7426be8\" data-element_type=\"column\" data-e-type=\"column\">\n\t\t\t<div class=\"elementor-widget-wrap elementor-element-populated\">\n\t\t\t\t\t\t<div class=\"elementor-element elementor-element-267c417 elementor-widget elementor-widget-heading\" data-id=\"267c417\" data-element_type=\"widget\" data-e-type=\"widget\" data-widget_type=\"heading.default\">\n\t\t\t\t<div class=\"elementor-widget-container\">\n\t\t\t\t\t<h2 class=\"elementor-heading-title elementor-size-default\">EXP\u00c9RIENCE\n<\/h2>\t\t\t\t<\/div>\n\t\t\t\t<\/div>\n\t\t\t\t<div class=\"elementor-element elementor-element-7054a04 elementor-widget elementor-widget-text-editor\" data-id=\"7054a04\" data-element_type=\"widget\" data-e-type=\"widget\" data-widget_type=\"text-editor.default\">\n\t\t\t\t<div class=\"elementor-widget-container\">\n\t\t\t\t\t\t\t\t\tFond\u00e9e en 2000.\n\n24 ans d&rsquo;enseignement de l&rsquo;espagnol \u00e0 des \u00e9trangers venant du monde entier.\t\t\t\t\t\t\t\t<\/div>\n\t\t\t\t<\/div>\n\t\t\t\t\t<\/div>\n\t\t<\/div>\n\t\t\t\t\t<\/div>\n\t\t<\/section>\n\t\t\t\t\t<\/div>\n\t\t<\/div>\n\t\t\t\t\t<\/div>\n\t\t<\/section>\n\t\t\t\t<section class=\"elementor-section elementor-top-section elementor-element elementor-element-2b66d96 fila elementor-section-boxed elementor-section-height-default elementor-section-height-default\" data-id=\"2b66d96\" data-element_type=\"section\" data-e-type=\"section\">\n\t\t\t\t\t\t<div class=\"elementor-container elementor-column-gap-default\">\n\t\t\t\t\t<div class=\"elementor-column elementor-col-50 elementor-top-column elementor-element elementor-element-caab31f c1\" data-id=\"caab31f\" data-element_type=\"column\" data-e-type=\"column\">\n\t\t\t<div class=\"elementor-widget-wrap elementor-element-populated\">\n\t\t\t\t\t\t<section class=\"elementor-section elementor-inner-section elementor-element elementor-element-ae77229 sepsup elementor-section-boxed elementor-section-height-default elementor-section-height-default\" data-id=\"ae77229\" data-element_type=\"section\" data-e-type=\"section\">\n\t\t\t\t\t\t<div class=\"elementor-container elementor-column-gap-default\">\n\t\t\t\t\t<div class=\"elementor-column elementor-col-50 elementor-inner-column elementor-element elementor-element-5066c46 col1\" data-id=\"5066c46\" data-element_type=\"column\" data-e-type=\"column\">\n\t\t\t<div class=\"elementor-widget-wrap elementor-element-populated\">\n\t\t\t\t\t\t<div class=\"elementor-element elementor-element-daeba44 elementor-widget elementor-widget-image\" data-id=\"daeba44\" data-element_type=\"widget\" data-e-type=\"widget\" data-widget_type=\"image.default\">\n\t\t\t\t<div class=\"elementor-widget-container\">\n\t\t\t\t\t\t\t\t\t\t\t\t\t\t\t<img decoding=\"async\" width=\"350\" height=\"219\" src=\"https:\/\/ihdemu.com\/wp-content\/uploads\/2022\/11\/Instituto-Hispanico-de-Murcia-Estudiar-Nosotros-Grupos-Reducidos.jpg\" class=\"attachment-large size-large wp-image-5466\" alt=\"\u00c9tudier avec nous - Petits groupes\" srcset=\"https:\/\/ihdemu.com\/wp-content\/uploads\/2022\/11\/Instituto-Hispanico-de-Murcia-Estudiar-Nosotros-Grupos-Reducidos.jpg 350w, https:\/\/ihdemu.com\/wp-content\/uploads\/2022\/11\/Instituto-Hispanico-de-Murcia-Estudiar-Nosotros-Grupos-Reducidos-300x188.jpg 300w\" sizes=\"(max-width: 350px) 100vw, 350px\" \/>\t\t\t\t\t\t\t\t\t\t\t\t\t\t\t<\/div>\n\t\t\t\t<\/div>\n\t\t\t\t\t<\/div>\n\t\t<\/div>\n\t\t\t\t<div class=\"elementor-column elementor-col-50 elementor-inner-column elementor-element elementor-element-00f41d1 col2\" data-id=\"00f41d1\" data-element_type=\"column\" data-e-type=\"column\">\n\t\t\t<div class=\"elementor-widget-wrap elementor-element-populated\">\n\t\t\t\t\t\t<div class=\"elementor-element elementor-element-8ba1c6a elementor-widget elementor-widget-heading\" data-id=\"8ba1c6a\" data-element_type=\"widget\" data-e-type=\"widget\" data-widget_type=\"heading.default\">\n\t\t\t\t<div class=\"elementor-widget-container\">\n\t\t\t\t\t<h2 class=\"elementor-heading-title elementor-size-default\">PETITS GROUPES\n<\/h2>\t\t\t\t<\/div>\n\t\t\t\t<\/div>\n\t\t\t\t<div class=\"elementor-element elementor-element-516ac3b elementor-widget elementor-widget-text-editor\" data-id=\"516ac3b\" data-element_type=\"widget\" data-e-type=\"widget\" data-widget_type=\"text-editor.default\">\n\t\t\t\t<div class=\"elementor-widget-container\">\n\t\t\t\t\t\t\t\t\t<p>Maximum 12 \u00e9tudiants par classe.<\/p>\t\t\t\t\t\t\t\t<\/div>\n\t\t\t\t<\/div>\n\t\t\t\t\t<\/div>\n\t\t<\/div>\n\t\t\t\t\t<\/div>\n\t\t<\/section>\n\t\t\t\t\t<\/div>\n\t\t<\/div>\n\t\t\t\t<div class=\"elementor-column elementor-col-50 elementor-top-column elementor-element elementor-element-b24466d c2\" data-id=\"b24466d\" data-element_type=\"column\" data-e-type=\"column\">\n\t\t\t<div class=\"elementor-widget-wrap elementor-element-populated\">\n\t\t\t\t\t\t<section class=\"elementor-section elementor-inner-section elementor-element elementor-element-ac1a3c9 sepsup elementor-section-boxed elementor-section-height-default elementor-section-height-default\" data-id=\"ac1a3c9\" data-element_type=\"section\" data-e-type=\"section\">\n\t\t\t\t\t\t<div class=\"elementor-container elementor-column-gap-default\">\n\t\t\t\t\t<div class=\"elementor-column elementor-col-50 elementor-inner-column elementor-element elementor-element-62e9e6f col1\" data-id=\"62e9e6f\" data-element_type=\"column\" data-e-type=\"column\">\n\t\t\t<div class=\"elementor-widget-wrap elementor-element-populated\">\n\t\t\t\t\t\t<div class=\"elementor-element elementor-element-177e9bb elementor-widget elementor-widget-image\" data-id=\"177e9bb\" data-element_type=\"widget\" data-e-type=\"widget\" data-widget_type=\"image.default\">\n\t\t\t\t<div class=\"elementor-widget-container\">\n\t\t\t\t\t\t\t\t\t\t\t\t\t\t\t<img loading=\"lazy\" decoding=\"async\" width=\"350\" height=\"219\" src=\"https:\/\/ihdemu.com\/wp-content\/uploads\/2022\/11\/Instituto-Hispanico-de-Murcia-Estudiar-Nosotros-Acreditaciones.jpg\" class=\"attachment-large size-large wp-image-5493\" alt=\"Study with us - Accr\u00e9ditations\" srcset=\"https:\/\/ihdemu.com\/wp-content\/uploads\/2022\/11\/Instituto-Hispanico-de-Murcia-Estudiar-Nosotros-Acreditaciones.jpg 350w, https:\/\/ihdemu.com\/wp-content\/uploads\/2022\/11\/Instituto-Hispanico-de-Murcia-Estudiar-Nosotros-Acreditaciones-300x188.jpg 300w\" sizes=\"(max-width: 350px) 100vw, 350px\" \/>\t\t\t\t\t\t\t\t\t\t\t\t\t\t\t<\/div>\n\t\t\t\t<\/div>\n\t\t\t\t\t<\/div>\n\t\t<\/div>\n\t\t\t\t<div class=\"elementor-column elementor-col-50 elementor-inner-column elementor-element elementor-element-0e2de0f col2\" data-id=\"0e2de0f\" data-element_type=\"column\" data-e-type=\"column\">\n\t\t\t<div class=\"elementor-widget-wrap elementor-element-populated\">\n\t\t\t\t\t\t<div class=\"elementor-element elementor-element-c9f871a elementor-widget elementor-widget-heading\" data-id=\"c9f871a\" data-element_type=\"widget\" data-e-type=\"widget\" data-widget_type=\"heading.default\">\n\t\t\t\t<div class=\"elementor-widget-container\">\n\t\t\t\t\t<h2 class=\"elementor-heading-title elementor-size-default\">RECONNAISSANCE\n<\/h2>\t\t\t\t<\/div>\n\t\t\t\t<\/div>\n\t\t\t\t<div class=\"elementor-element elementor-element-d02b7e2 elementor-widget elementor-widget-text-editor\" data-id=\"d02b7e2\" data-element_type=\"widget\" data-e-type=\"widget\" data-widget_type=\"text-editor.default\">\n\t\t\t\t<div class=\"elementor-widget-container\">\n\t\t\t\t\t\t\t\t\t<div id=\"column-wrap-id-1655307011719\" class=\"sppb-col-md-3\"><div id=\"column-id-1655307011719\" class=\"sppb-column\"><div class=\"sppb-column-addons\"><div id=\"sppb-addon-wrapper-1655307011720\" class=\"sppb-addon-wrapper\"><div id=\"sppb-addon-1655307011720\" class=\"clearfix \"><div class=\"sppb-addon sppb-addon-text-block sppb-text-left \"><div class=\"sppb-addon-content\"><p>Accr\u00e9dit\u00e9 par plus de 30 agences mondiales, universit\u00e9s nationales et internationales et institutions espagnoles.\u00a0<\/p><\/div><\/div><\/div><\/div><\/div><\/div><\/div><div id=\"column-wrap-id-1655307011721\" class=\"sppb-col-md-3\"><div id=\"column-id-1655307011721\" class=\"sppb-column\">\u00a0<\/div><\/div>\t\t\t\t\t\t\t\t<\/div>\n\t\t\t\t<\/div>\n\t\t\t\t\t<\/div>\n\t\t<\/div>\n\t\t\t\t\t<\/div>\n\t\t<\/section>\n\t\t\t\t\t<\/div>\n\t\t<\/div>\n\t\t\t\t\t<\/div>\n\t\t<\/section>\n\t\t\t\t<section class=\"elementor-section elementor-top-section elementor-element elementor-element-ed6732f fila espinf elementor-section-boxed elementor-section-height-default elementor-section-height-default\" data-id=\"ed6732f\" data-element_type=\"section\" data-e-type=\"section\">\n\t\t\t\t\t\t<div class=\"elementor-container elementor-column-gap-default\">\n\t\t\t\t\t<div class=\"elementor-column elementor-col-25 elementor-top-column elementor-element elementor-element-622aed7 c2\" data-id=\"622aed7\" data-element_type=\"column\" data-e-type=\"column\">\n\t\t\t<div class=\"elementor-widget-wrap\">\n\t\t\t\t\t\t\t<\/div>\n\t\t<\/div>\n\t\t\t\t<div class=\"elementor-column elementor-col-50 elementor-top-column elementor-element elementor-element-9653b47 c1\" data-id=\"9653b47\" data-element_type=\"column\" data-e-type=\"column\">\n\t\t\t<div class=\"elementor-widget-wrap elementor-element-populated\">\n\t\t\t\t\t\t<section class=\"elementor-section elementor-inner-section elementor-element elementor-element-a93f15a sepsup elementor-section-boxed elementor-section-height-default elementor-section-height-default\" data-id=\"a93f15a\" data-element_type=\"section\" data-e-type=\"section\">\n\t\t\t\t\t\t<div class=\"elementor-container elementor-column-gap-default\">\n\t\t\t\t\t<div class=\"elementor-column elementor-col-50 elementor-inner-column elementor-element elementor-element-9f90c34 col1\" data-id=\"9f90c34\" data-element_type=\"column\" data-e-type=\"column\">\n\t\t\t<div class=\"elementor-widget-wrap elementor-element-populated\">\n\t\t\t\t\t\t<div class=\"elementor-element elementor-element-b829231 elementor-widget elementor-widget-image\" data-id=\"b829231\" data-element_type=\"widget\" data-e-type=\"widget\" data-widget_type=\"image.default\">\n\t\t\t\t<div class=\"elementor-widget-container\">\n\t\t\t\t\t\t\t\t\t\t\t\t\t\t\t<img loading=\"lazy\" decoding=\"async\" width=\"350\" height=\"219\" src=\"https:\/\/ihdemu.com\/wp-content\/uploads\/2022\/11\/Instituto-Hispanico-de-Murcia-Estudiar-Nosotros-Solucion-de-Problemas.jpg\" class=\"attachment-large size-large wp-image-5502\" alt=\"Study About Us - R\u00e9solution de probl\u00e8mes\" srcset=\"https:\/\/ihdemu.com\/wp-content\/uploads\/2022\/11\/Instituto-Hispanico-de-Murcia-Estudiar-Nosotros-Solucion-de-Problemas.jpg 350w, https:\/\/ihdemu.com\/wp-content\/uploads\/2022\/11\/Instituto-Hispanico-de-Murcia-Estudiar-Nosotros-Solucion-de-Problemas-300x188.jpg 300w\" sizes=\"(max-width: 350px) 100vw, 350px\" \/>\t\t\t\t\t\t\t\t\t\t\t\t\t\t\t<\/div>\n\t\t\t\t<\/div>\n\t\t\t\t\t<\/div>\n\t\t<\/div>\n\t\t\t\t<div class=\"elementor-column elementor-col-50 elementor-inner-column elementor-element elementor-element-c39eafc col2\" data-id=\"c39eafc\" data-element_type=\"column\" data-e-type=\"column\">\n\t\t\t<div class=\"elementor-widget-wrap elementor-element-populated\">\n\t\t\t\t\t\t<div class=\"elementor-element elementor-element-a0d319b elementor-widget elementor-widget-heading\" data-id=\"a0d319b\" data-element_type=\"widget\" data-e-type=\"widget\" data-widget_type=\"heading.default\">\n\t\t\t\t<div class=\"elementor-widget-container\">\n\t\t\t\t\t<h2 class=\"elementor-heading-title elementor-size-default\">RAPIDE SOLUTION\nDE PROBL\u00c8MES<\/h2>\t\t\t\t<\/div>\n\t\t\t\t<\/div>\n\t\t\t\t<div class=\"elementor-element elementor-element-797d2c3 elementor-widget elementor-widget-text-editor\" data-id=\"797d2c3\" data-element_type=\"widget\" data-e-type=\"widget\" data-widget_type=\"text-editor.default\">\n\t\t\t\t<div class=\"elementor-widget-container\">\n\t\t\t\t\t\t\t\t\t<p>Rapidit\u00e9 pour r\u00e9soudre toutes vos questions pendant votre s\u00e9jour \u00e0 Murcie.<\/p>\t\t\t\t\t\t\t\t<\/div>\n\t\t\t\t<\/div>\n\t\t\t\t\t<\/div>\n\t\t<\/div>\n\t\t\t\t\t<\/div>\n\t\t<\/section>\n\t\t\t\t\t<\/div>\n\t\t<\/div>\n\t\t\t\t<div class=\"elementor-column elementor-col-25 elementor-top-column elementor-element elementor-element-291f38d c2\" data-id=\"291f38d\" data-element_type=\"column\" data-e-type=\"column\">\n\t\t\t<div class=\"elementor-widget-wrap\">\n\t\t\t\t\t\t\t<\/div>\n\t\t<\/div>\n\t\t\t\t\t<\/div>\n\t\t<\/section>\n\t\t\t\t<\/div>\n\t\t","protected":false},"excerpt":{"rendered":"<p>POURQUOI \u00c9TUDIER AVEC NOUS ? \u00c9DUCATION DE QUALIT\u00c9 C&rsquo;est un obligatoire ! Nous accordons une grande importance au potentiel de r\u00e9ussite de chaque \u00e9l\u00e8ve. \u00a0 EXP\u00c9RIENCE Fond\u00e9e en 2000. 24 ans d&rsquo;enseignement de l&rsquo;espagnol \u00e0 des \u00e9trangers venant du monde entier. PETITS GROUPES Maximum 12 \u00e9tudiants par classe. RECONNAISSANCE Accr\u00e9dit\u00e9 par plus de 30 agences [&hellip;]<\/p>\n","protected":false},"author":1,"featured_media":16565,"parent":0,"menu_order":0,"comment_status":"closed","ping_status":"closed","template":"elementor_header_footer","meta":{"_acf_changed":false,"inline_featured_image":false,"site-sidebar-layout":"no-sidebar","site-content-layout":"page-builder","ast-site-content-layout":"default","site-content-style":"default","site-sidebar-style":"default","ast-global-header-display":"","ast-banner-title-visibility":"","ast-main-header-display":"","ast-hfb-above-header-display":"","ast-hfb-below-header-display":"","ast-hfb-mobile-header-display":"","site-post-title":"disabled","ast-breadcrumbs-content":"","ast-featured-img":"disabled","footer-sml-layout":"","ast-disable-related-posts":"","theme-transparent-header-meta":"default","adv-header-id-meta":"","stick-header-meta":"default","header-above-stick-meta":"","header-main-stick-meta":"","header-below-stick-meta":"","astra-migrate-meta-layouts":"default","ast-page-background-enabled":"default","ast-page-background-meta":{"desktop":{"background-color":"var(--ast-global-color-4)","background-image":"","background-repeat":"repeat","background-position":"center center","background-size":"auto","background-attachment":"scroll","background-type":"","background-media":"","overlay-type":"","overlay-color":"","overlay-opacity":"","overlay-gradient":""},"tablet":{"background-color":"","background-image":"","background-repeat":"repeat","background-position":"center center","background-size":"auto","background-attachment":"scroll","background-type":"","background-media":"","overlay-type":"","overlay-color":"","overlay-opacity":"","overlay-gradient":""},"mobile":{"background-color":"","background-image":"","background-repeat":"repeat","background-position":"center center","background-size":"auto","background-attachment":"scroll","background-type":"","background-media":"","overlay-type":"","overlay-color":"","overlay-opacity":"","overlay-gradient":""}},"ast-content-background-meta":{"desktop":{"background-color":"var(--ast-global-color-5)","background-image":"","background-repeat":"repeat","background-position":"center center","background-size":"auto","background-attachment":"scroll","background-type":"","background-media":"","overlay-type":"","overlay-color":"","overlay-opacity":"","overlay-gradient":""},"tablet":{"background-color":"var(--ast-global-color-5)","background-image":"","background-repeat":"repeat","background-position":"center center","background-size":"auto","background-attachment":"scroll","background-type":"","background-media":"","overlay-type":"","overlay-color":"","overlay-opacity":"","overlay-gradient":""},"mobile":{"background-color":"var(--ast-global-color-5)","background-image":"","background-repeat":"repeat","background-position":"center center","background-size":"auto","background-attachment":"scroll","background-type":"","background-media":"","overlay-type":"","overlay-color":"","overlay-opacity":"","overlay-gradient":""}},"footnotes":""},"class_list":["post-10066","page","type-page","status-publish","has-post-thumbnail","hentry"],"acf":[],"_links":{"self":[{"href":"https:\/\/ihdemu.com\/fr\/wp-json\/wp\/v2\/pages\/10066","targetHints":{"allow":["GET"]}}],"collection":[{"href":"https:\/\/ihdemu.com\/fr\/wp-json\/wp\/v2\/pages"}],"about":[{"href":"https:\/\/ihdemu.com\/fr\/wp-json\/wp\/v2\/types\/page"}],"author":[{"embeddable":true,"href":"https:\/\/ihdemu.com\/fr\/wp-json\/wp\/v2\/users\/1"}],"replies":[{"embeddable":true,"href":"https:\/\/ihdemu.com\/fr\/wp-json\/wp\/v2\/comments?post=10066"}],"version-history":[{"count":0,"href":"https:\/\/ihdemu.com\/fr\/wp-json\/wp\/v2\/pages\/10066\/revisions"}],"wp:featuredmedia":[{"embeddable":true,"href":"https:\/\/ihdemu.com\/fr\/wp-json\/wp\/v2\/media\/16565"}],"wp:attachment":[{"href":"https:\/\/ihdemu.com\/fr\/wp-json\/wp\/v2\/media?parent=10066"}],"curies":[{"name":"wp","href":"https:\/\/api.w.org\/{rel}","templated":true}]}}