{"id":7044,"date":"2022-11-13T17:53:56","date_gmt":"2022-11-13T16:53:56","guid":{"rendered":"https:\/\/ihdemu.com\/?page_id=7044"},"modified":"2026-01-14T12:01:36","modified_gmt":"2026-01-14T11:01:36","slug":"estudier-espagnol-murcie","status":"publish","type":"page","link":"https:\/\/ihdemu.com\/fr\/estudier-espagnol-murcie\/","title":{"rendered":"Je r\u00e9serve"},"content":{"rendered":"\t\t<div data-elementor-type=\"wp-page\" data-elementor-id=\"7044\" class=\"elementor elementor-7044 elementor-2866\" data-elementor-post-type=\"page\">\n\t\t\t\t\t\t<section data-dce-background-image-url=\"https:\/\/ihdemu.com\/wp-content\/uploads\/2022\/11\/Instituto-Hispanico-de-Murcia-Cabecera-Quiero-Reservar-1.jpg\" class=\"elementor-section elementor-top-section elementor-element elementor-element-c152739 elementor-section-boxed elementor-section-height-default elementor-section-height-default\" data-id=\"c152739\" data-element_type=\"section\" data-e-type=\"section\" id=\"cabecera\" data-settings=\"{&quot;background_background&quot;:&quot;classic&quot;}\">\n\t\t\t\t\t\t\t<div class=\"elementor-background-overlay\"><\/div>\n\t\t\t\t\t\t\t<div class=\"elementor-container elementor-column-gap-default\">\n\t\t\t\t\t<div class=\"elementor-column elementor-col-100 elementor-top-column elementor-element elementor-element-85f2154\" data-id=\"85f2154\" data-element_type=\"column\" data-e-type=\"column\">\n\t\t\t<div class=\"elementor-widget-wrap elementor-element-populated\">\n\t\t\t\t\t\t<div class=\"elementor-element elementor-element-d55310f elementor-widget elementor-widget-heading\" data-id=\"d55310f\" data-element_type=\"widget\" data-e-type=\"widget\" data-widget_type=\"heading.default\">\n\t\t\t\t<div class=\"elementor-widget-container\">\n\t\t\t\t\t<h1 class=\"elementor-heading-title elementor-size-default\">JE VEUX \u00c9TUDIER\n<\/h1>\t\t\t\t<\/div>\n\t\t\t\t<\/div>\n\t\t\t\t\t<\/div>\n\t\t<\/div>\n\t\t\t\t\t<\/div>\n\t\t<\/section>\n\t\t\t\t<section class=\"elementor-section elementor-top-section elementor-element elementor-element-8e78c8e intro elementor-section-boxed elementor-section-height-default elementor-section-height-default\" data-id=\"8e78c8e\" data-element_type=\"section\" data-e-type=\"section\">\n\t\t\t\t\t\t<div class=\"elementor-container elementor-column-gap-default\">\n\t\t\t\t\t<div class=\"elementor-column elementor-col-100 elementor-top-column elementor-element elementor-element-d38cd03\" data-id=\"d38cd03\" data-element_type=\"column\" data-e-type=\"column\">\n\t\t\t<div class=\"elementor-widget-wrap elementor-element-populated\">\n\t\t\t\t\t\t<div class=\"elementor-element elementor-element-15992fe elementor-widget elementor-widget-text-editor\" data-id=\"15992fe\" data-element_type=\"widget\" data-e-type=\"widget\" data-widget_type=\"text-editor.default\">\n\t\t\t\t<div class=\"elementor-widget-container\">\n\t\t\t\t\t\t\t\t\t<p style=\"text-align: center;\">Veuillez lire attentivement ce document afin de vous inscrire \u00e0 <strong>N\u2019IMPORTE QUEL<\/strong> cours d\u2019espagnol dans notre \u00e9cole \u00e0 Murcie.<\/p>\t\t\t\t\t\t\t\t<\/div>\n\t\t\t\t<\/div>\n\t\t\t\t\t<\/div>\n\t\t<\/div>\n\t\t\t\t\t<\/div>\n\t\t<\/section>\n\t\t\t\t<section class=\"elementor-section elementor-top-section elementor-element elementor-element-cd59742 espsup elementor-section-boxed elementor-section-height-default elementor-section-height-default\" data-id=\"cd59742\" data-element_type=\"section\" data-e-type=\"section\">\n\t\t\t\t\t\t<div class=\"elementor-container elementor-column-gap-default\">\n\t\t\t\t\t<div class=\"elementor-column elementor-col-33 elementor-top-column elementor-element elementor-element-240c3d5 col1\" data-id=\"240c3d5\" data-element_type=\"column\" data-e-type=\"column\">\n\t\t\t<div class=\"elementor-widget-wrap elementor-element-populated\">\n\t\t\t\t\t\t<div class=\"elementor-element elementor-element-082a69b elementor-widget elementor-widget-image\" data-id=\"082a69b\" data-element_type=\"widget\" data-e-type=\"widget\" data-widget_type=\"image.default\">\n\t\t\t\t<div class=\"elementor-widget-container\">\n\t\t\t\t\t\t\t\t\t\t\t\t\t\t\t<img decoding=\"async\" width=\"150\" height=\"150\" src=\"https:\/\/ihdemu.com\/wp-content\/uploads\/2022\/11\/Instituto-Hispanico-de-Murcia-Como-Reservar-Formulario-de-Reserva-1.png\" class=\"attachment-full size-full wp-image-2900\" alt=\"Comment r\u00e9server - Formulaire de r\u00e9servation\" srcset=\"https:\/\/ihdemu.com\/wp-content\/uploads\/2022\/11\/Instituto-Hispanico-de-Murcia-Como-Reservar-Formulario-de-Reserva-1.png 150w, https:\/\/ihdemu.com\/wp-content\/uploads\/2022\/11\/Instituto-Hispanico-de-Murcia-Como-Reservar-Formulario-de-Reserva-1-100x100.png 100w\" sizes=\"(max-width: 150px) 100vw, 150px\" \/>\t\t\t\t\t\t\t\t\t\t\t\t\t\t\t<\/div>\n\t\t\t\t<\/div>\n\t\t\t\t\t<\/div>\n\t\t<\/div>\n\t\t\t\t<div class=\"elementor-column elementor-col-66 elementor-top-column elementor-element elementor-element-3020695\" data-id=\"3020695\" data-element_type=\"column\" data-e-type=\"column\">\n\t\t\t<div class=\"elementor-widget-wrap elementor-element-populated\">\n\t\t\t\t\t\t<div class=\"elementor-element elementor-element-3922b30 elementor-widget elementor-widget-heading\" data-id=\"3922b30\" data-element_type=\"widget\" data-e-type=\"widget\" data-widget_type=\"heading.default\">\n\t\t\t\t<div class=\"elementor-widget-container\">\n\t\t\t\t\t<h2 class=\"elementor-heading-title elementor-size-default\">1. Choisissez votre cours d\u2019espagnol ainsi que les dates de d\u00e9but et de fin\n<\/h2>\t\t\t\t<\/div>\n\t\t\t\t<\/div>\n\t\t\t\t<div class=\"elementor-element elementor-element-eff5ede elementor-widget elementor-widget-text-editor\" data-id=\"eff5ede\" data-element_type=\"widget\" data-e-type=\"widget\" data-widget_type=\"text-editor.default\">\n\t\t\t\t<div class=\"elementor-widget-container\">\n\t\t\t\t\t\t\t\t\t<div id=\"column-wrap-id-1652112848756\" class=\"sppb-col-md-9\"><div id=\"column-id-1652112848756\" class=\"sppb-column\"><div class=\"sppb-column-addons\"><div id=\"sppb-addon-wrapper-1545119420241\" class=\"sppb-addon-wrapper\"><div id=\"sppb-addon-1545119420241\" class=\"clearfix \"><div class=\"sppb-addon sppb-addon-feature \"><div class=\"sppb-addon-content sppb-text-left\"><div class=\"sppb-media-content\"><div class=\"sppb-addon-text\"><div id=\"column-wrap-id-1652112848756\" class=\"sppb-col-md-9\"><div id=\"column-id-1652112848756\" class=\"sppb-column\"><div class=\"sppb-column-addons\"><div id=\"sppb-addon-wrapper-1545119420241\" class=\"sppb-addon-wrapper\"><div id=\"sppb-addon-1545119420241\" class=\"clearfix \"><div class=\"sppb-addon sppb-addon-feature \"><div class=\"sppb-addon-content sppb-text-left\"><div class=\"sppb-media-content\"><div class=\"sppb-addon-text\"><div id=\"column-wrap-id-1652112848756\" class=\"sppb-col-md-9\"><div id=\"column-id-1652112848756\" class=\"sppb-column\"><div class=\"sppb-column-addons\"><div id=\"sppb-addon-wrapper-1545119420241\" class=\"sppb-addon-wrapper\"><div id=\"sppb-addon-1545119420241\" class=\"clearfix \"><div class=\"sppb-addon sppb-addon-feature \"><div class=\"sppb-addon-content sppb-text-left\"><div class=\"sppb-media-content\"><div class=\"sppb-addon-text\"><p>Nous proposons plus de 20 cours diff\u00e9rents. Vous pouvez tous les consulter <a href=\"https:\/\/ihdemu.com\/fr\/cours-espagnol\/\">ici<\/a>.<\/p><\/div><\/div><\/div><\/div><\/div><\/div><\/div><\/div><\/div><div id=\"column-wrap-id-1652112848757\" class=\"sppb-col-md-9\"><div id=\"column-id-1652112848757\" class=\"sppb-column\"><div class=\"sppb-column-addons\"><div id=\"sppb-addon-wrapper-1545119420449\" class=\"sppb-addon-wrapper\"><div id=\"sppb-addon-1545119420449\" class=\"clearfix \"><div class=\"sppb-addon sppb-addon-feature \"><div class=\"sppb-addon-content sppb-text-right\">\u00a0<\/div><\/div><\/div><\/div><\/div><\/div><\/div><\/div><\/div><\/div><\/div><\/div><\/div><\/div><\/div><\/div><div id=\"column-wrap-id-1652112848757\" class=\"sppb-col-md-9\"><div id=\"column-id-1652112848757\" class=\"sppb-column\"><div class=\"sppb-column-addons\"><div id=\"sppb-addon-wrapper-1545119420449\" class=\"sppb-addon-wrapper\"><div id=\"sppb-addon-1545119420449\" class=\"clearfix \"><div class=\"sppb-addon sppb-addon-feature \"><div class=\"sppb-addon-content sppb-text-right\">\u00a0<\/div><\/div><\/div><\/div><\/div><\/div><\/div><\/div><\/div><\/div><\/div><\/div><\/div><\/div><\/div><\/div><div id=\"column-wrap-id-1652112848757\" class=\"sppb-col-md-9\"><div id=\"column-id-1652112848757\" class=\"sppb-column\"><div class=\"sppb-column-addons\"><div id=\"sppb-addon-wrapper-1545119420449\" class=\"sppb-addon-wrapper\"><div id=\"sppb-addon-1545119420449\" class=\"clearfix \"><div class=\"sppb-addon sppb-addon-feature \"><div class=\"sppb-addon-content sppb-text-right\">\u00a0<\/div><\/div><\/div><\/div><\/div><\/div><\/div>\t\t\t\t\t\t\t\t<\/div>\n\t\t\t\t<\/div>\n\t\t\t\t\t<\/div>\n\t\t<\/div>\n\t\t\t\t\t<\/div>\n\t\t<\/section>\n\t\t\t\t<section class=\"elementor-section elementor-top-section elementor-element elementor-element-f8c5a65 espsup elementor-section-boxed elementor-section-height-default elementor-section-height-default\" data-id=\"f8c5a65\" data-element_type=\"section\" data-e-type=\"section\">\n\t\t\t\t\t\t<div class=\"elementor-container elementor-column-gap-default\">\n\t\t\t\t\t<div class=\"elementor-column elementor-col-33 elementor-top-column elementor-element elementor-element-70856df col1\" data-id=\"70856df\" data-element_type=\"column\" data-e-type=\"column\">\n\t\t\t<div class=\"elementor-widget-wrap elementor-element-populated\">\n\t\t\t\t\t\t<div class=\"elementor-element elementor-element-1279b93 elementor-widget elementor-widget-image\" data-id=\"1279b93\" data-element_type=\"widget\" data-e-type=\"widget\" data-widget_type=\"image.default\">\n\t\t\t\t<div class=\"elementor-widget-container\">\n\t\t\t\t\t\t\t\t\t\t\t\t\t\t\t<img decoding=\"async\" width=\"150\" height=\"150\" src=\"https:\/\/ihdemu.com\/wp-content\/uploads\/2022\/11\/Instituto-Hispanico-de-Murcia-Como-Reservar-Envia-tu-Pasaporte.png\" class=\"attachment-full size-full wp-image-2891\" alt=\"Comment r\u00e9server - Envoyez votre passeport\" srcset=\"https:\/\/ihdemu.com\/wp-content\/uploads\/2022\/11\/Instituto-Hispanico-de-Murcia-Como-Reservar-Envia-tu-Pasaporte.png 150w, https:\/\/ihdemu.com\/wp-content\/uploads\/2022\/11\/Instituto-Hispanico-de-Murcia-Como-Reservar-Envia-tu-Pasaporte-100x100.png 100w\" sizes=\"(max-width: 150px) 100vw, 150px\" \/>\t\t\t\t\t\t\t\t\t\t\t\t\t\t\t<\/div>\n\t\t\t\t<\/div>\n\t\t\t\t\t<\/div>\n\t\t<\/div>\n\t\t\t\t<div class=\"elementor-column elementor-col-66 elementor-top-column elementor-element elementor-element-7df0923\" data-id=\"7df0923\" data-element_type=\"column\" data-e-type=\"column\">\n\t\t\t<div class=\"elementor-widget-wrap elementor-element-populated\">\n\t\t\t\t\t\t<div class=\"elementor-element elementor-element-87be7bd elementor-widget elementor-widget-heading\" data-id=\"87be7bd\" data-element_type=\"widget\" data-e-type=\"widget\" data-widget_type=\"heading.default\">\n\t\t\t\t<div class=\"elementor-widget-container\">\n\t\t\t\t\t<h2 class=\"elementor-heading-title elementor-size-default\">2. Envoyez-nous votre passeport \u00e0 hola @ ihdemu.com\n<\/h2>\t\t\t\t<\/div>\n\t\t\t\t<\/div>\n\t\t\t\t<div class=\"elementor-element elementor-element-680cf12 elementor-widget elementor-widget-text-editor\" data-id=\"680cf12\" data-element_type=\"widget\" data-e-type=\"widget\" data-widget_type=\"text-editor.default\">\n\t\t\t\t<div class=\"elementor-widget-container\">\n\t\t\t\t\t\t\t\t\t<p>Une copie couleur claire, en indiquant le cours que vous souhaitez suivre, la date de d\u00e9but et la date de fin. Avez-vous d\u00e9j\u00e0 pass\u00e9 notre <a href=\"https:\/\/ihdemu.com\/fr\/test-de-niveau\/\">test de niveau<\/a> ? Ce n\u2019est pas n\u00e9cessaire si votre niveau d\u2019espagnol est 0.<\/p>\t\t\t\t\t\t\t\t<\/div>\n\t\t\t\t<\/div>\n\t\t\t\t\t<\/div>\n\t\t<\/div>\n\t\t\t\t\t<\/div>\n\t\t<\/section>\n\t\t\t\t<section class=\"elementor-section elementor-top-section elementor-element elementor-element-edfef91 espsup elementor-section-boxed elementor-section-height-default elementor-section-height-default\" data-id=\"edfef91\" data-element_type=\"section\" data-e-type=\"section\">\n\t\t\t\t\t\t<div class=\"elementor-container elementor-column-gap-default\">\n\t\t\t\t\t<div class=\"elementor-column elementor-col-33 elementor-top-column elementor-element elementor-element-aff192f col1\" data-id=\"aff192f\" data-element_type=\"column\" data-e-type=\"column\">\n\t\t\t<div class=\"elementor-widget-wrap elementor-element-populated\">\n\t\t\t\t\t\t<div class=\"elementor-element elementor-element-86a3098 elementor-widget elementor-widget-image\" data-id=\"86a3098\" data-element_type=\"widget\" data-e-type=\"widget\" data-widget_type=\"image.default\">\n\t\t\t\t<div class=\"elementor-widget-container\">\n\t\t\t\t\t\t\t\t\t\t\t\t\t\t\t<img decoding=\"async\" width=\"152\" height=\"150\" src=\"https:\/\/ihdemu.com\/wp-content\/uploads\/2022\/11\/Instituto-Hispanico-de-Murcia-Como-Reservar-Metodos-de-Pago-1.png\" class=\"attachment-full size-full wp-image-5553\" alt=\"Comment r\u00e9server - Modes de paiement\" srcset=\"https:\/\/ihdemu.com\/wp-content\/uploads\/2022\/11\/Instituto-Hispanico-de-Murcia-Como-Reservar-Metodos-de-Pago-1.png 152w, https:\/\/ihdemu.com\/wp-content\/uploads\/2022\/11\/Instituto-Hispanico-de-Murcia-Como-Reservar-Metodos-de-Pago-1-100x100.png 100w\" sizes=\"(max-width: 152px) 100vw, 152px\" \/>\t\t\t\t\t\t\t\t\t\t\t\t\t\t\t<\/div>\n\t\t\t\t<\/div>\n\t\t\t\t\t<\/div>\n\t\t<\/div>\n\t\t\t\t<div class=\"elementor-column elementor-col-66 elementor-top-column elementor-element elementor-element-35b4de3\" data-id=\"35b4de3\" data-element_type=\"column\" data-e-type=\"column\">\n\t\t\t<div class=\"elementor-widget-wrap elementor-element-populated\">\n\t\t\t\t\t\t<div class=\"elementor-element elementor-element-cd3f4af elementor-widget elementor-widget-heading\" data-id=\"cd3f4af\" data-element_type=\"widget\" data-e-type=\"widget\" data-widget_type=\"heading.default\">\n\t\t\t\t<div class=\"elementor-widget-container\">\n\t\t\t\t\t<h2 class=\"elementor-heading-title elementor-size-default\">3. Moyens de paiement\n<\/h2>\t\t\t\t<\/div>\n\t\t\t\t<\/div>\n\t\t\t\t<div class=\"elementor-element elementor-element-ef9e782 elementor-widget elementor-widget-text-editor\" data-id=\"ef9e782\" data-element_type=\"widget\" data-e-type=\"widget\" data-widget_type=\"text-editor.default\">\n\t\t\t\t<div class=\"elementor-widget-container\">\n\t\t\t\t\t\t\t\t\t<p>Afin de garantir votre place, vous devrez r\u00e9gler le montant total du cours et de l\u2019h\u00e9bergement, ou verser un acompte de 200 \u20ac, qui sera d\u00e9duit du montant total du cours. Si le cours est de <span style=\"text-decoration: underline;\">longue dur\u00e9e, le paiement de 100 %<\/span> est requis ; s\u2019il s\u2019agit d\u2019un cours de formation professionnelle <span style=\"text-decoration: underline;\">(FP), la totalit\u00e9 de la premi\u00e8re ann\u00e9e doit \u00eatre r\u00e9gl\u00e9e<\/span>. Veuillez nous envoyer par e-mail une copie du justificatif de paiement afin d\u2019acc\u00e9l\u00e9rer la proc\u00e9dure.<\/p><p>Pour plus de d\u00e9tails concernant les <span style=\"text-decoration: underline;\">annulations, les remboursements et le visa \u00e9tudiant<\/span>, veuillez <a href=\"https:\/\/ihdemu.com\/fr\/conditions-reservation\/\">consulter cette page<\/a>.<\/p><p><strong>Moyens de paiement accept\u00e9s<\/strong><br \/>(Veuillez noter que tous les frais de virement bancaire et les commissions de change <span style=\"text-decoration: underline;\">doivent \u00eatre pris en charge par l\u2019\u00e9metteur<\/span>) :<\/p><ul><li>Paiement en ligne 100 % s\u00e9curis\u00e9 par carte bancaire via notre site web. Vous pouvez utiliser notre lien de <a href=\"https:\/\/ihdemu.com\/fr\/paiement-specifique\/\">paiement personnalis\u00e9<\/a>.<\/li><li>Virement bancaire vers le compte suivant :<br \/><strong>Banque :<\/strong> Sabadell<br \/><strong>Adresse :<\/strong> Calle Salzillo, 7, code postal 30001, Murcie, Espagne<br \/><strong>Titulaire du compte :<\/strong> Instituto Hisp\u00e1nico de Murcia S.L.<br \/><strong>IBAN :<\/strong> ES63 0081 1162 3700 0112 1814<br \/><strong>BIC \/ Code SWIFT :<\/strong> BSABESBBXXX<\/li><li><strong>PAYPAL<\/strong> en cliquant <a href=\"https:\/\/www.paypal.com\/paypalme\/ihmurcia\" target=\"_blank\" rel=\"noopener\">ici<\/a>. PayPal Inc. traite les transactions ; les informations de votre carte bancaire sont donc s\u00e9curis\u00e9es et ne sont jamais stock\u00e9es.<\/li><li>Dans nos bureaux, <strong>APPLE PAY<\/strong> et les principales cartes bancaires sont \u00e9galement accept\u00e9es.<\/li><\/ul>\t\t\t\t\t\t\t\t<\/div>\n\t\t\t\t<\/div>\n\t\t\t\t<div class=\"elementor-element elementor-element-7dce697 elementor-widget elementor-widget-image\" data-id=\"7dce697\" data-element_type=\"widget\" data-e-type=\"widget\" data-widget_type=\"image.default\">\n\t\t\t\t<div class=\"elementor-widget-container\">\n\t\t\t\t\t\t\t\t\t\t\t\t\t\t\t<img loading=\"lazy\" decoding=\"async\" width=\"900\" height=\"84\" src=\"https:\/\/ihdemu.com\/wp-content\/uploads\/2022\/11\/Instituto-Hispanico-de-Murcia-Como-Reservar-LogosPago.jpg\" class=\"attachment-large size-large wp-image-4983\" alt=\"Instituto Hispanico de Murcia - Como Reservar - LogosPago\" srcset=\"https:\/\/ihdemu.com\/wp-content\/uploads\/2022\/11\/Instituto-Hispanico-de-Murcia-Como-Reservar-LogosPago.jpg 900w, https:\/\/ihdemu.com\/wp-content\/uploads\/2022\/11\/Instituto-Hispanico-de-Murcia-Como-Reservar-LogosPago-300x28.jpg 300w, https:\/\/ihdemu.com\/wp-content\/uploads\/2022\/11\/Instituto-Hispanico-de-Murcia-Como-Reservar-LogosPago-768x72.jpg 768w, https:\/\/ihdemu.com\/wp-content\/uploads\/2022\/11\/Instituto-Hispanico-de-Murcia-Como-Reservar-LogosPago-600x56.jpg 600w\" sizes=\"(max-width: 900px) 100vw, 900px\" \/>\t\t\t\t\t\t\t\t\t\t\t\t\t\t\t<\/div>\n\t\t\t\t<\/div>\n\t\t\t\t\t<\/div>\n\t\t<\/div>\n\t\t\t\t\t<\/div>\n\t\t<\/section>\n\t\t\t\t<section class=\"elementor-section elementor-top-section elementor-element elementor-element-207abe0 espsup espinf elementor-section-boxed elementor-section-height-default elementor-section-height-default\" data-id=\"207abe0\" data-element_type=\"section\" data-e-type=\"section\">\n\t\t\t\t\t\t<div class=\"elementor-container elementor-column-gap-default\">\n\t\t\t\t\t<div class=\"elementor-column elementor-col-33 elementor-top-column elementor-element elementor-element-92f94fb col1\" data-id=\"92f94fb\" data-element_type=\"column\" data-e-type=\"column\">\n\t\t\t<div class=\"elementor-widget-wrap elementor-element-populated\">\n\t\t\t\t\t\t<div class=\"elementor-element elementor-element-e21e232 elementor-widget elementor-widget-image\" data-id=\"e21e232\" data-element_type=\"widget\" data-e-type=\"widget\" data-widget_type=\"image.default\">\n\t\t\t\t<div class=\"elementor-widget-container\">\n\t\t\t\t\t\t\t\t\t\t\t\t\t\t\t<img loading=\"lazy\" decoding=\"async\" width=\"150\" height=\"150\" src=\"https:\/\/ihdemu.com\/wp-content\/uploads\/2022\/11\/Instituto-Hispanico-de-Murcia-Como-Reservar-Confirmacion.png\" class=\"attachment-full size-full wp-image-2882\" alt=\"Comment r\u00e9server - Confirmation\" srcset=\"https:\/\/ihdemu.com\/wp-content\/uploads\/2022\/11\/Instituto-Hispanico-de-Murcia-Como-Reservar-Confirmacion.png 150w, https:\/\/ihdemu.com\/wp-content\/uploads\/2022\/11\/Instituto-Hispanico-de-Murcia-Como-Reservar-Confirmacion-100x100.png 100w\" sizes=\"(max-width: 150px) 100vw, 150px\" \/>\t\t\t\t\t\t\t\t\t\t\t\t\t\t\t<\/div>\n\t\t\t\t<\/div>\n\t\t\t\t\t<\/div>\n\t\t<\/div>\n\t\t\t\t<div class=\"elementor-column elementor-col-66 elementor-top-column elementor-element elementor-element-da17ac5\" data-id=\"da17ac5\" data-element_type=\"column\" data-e-type=\"column\">\n\t\t\t<div class=\"elementor-widget-wrap elementor-element-populated\">\n\t\t\t\t\t\t<div class=\"elementor-element elementor-element-2519e7b elementor-widget elementor-widget-heading\" data-id=\"2519e7b\" data-element_type=\"widget\" data-e-type=\"widget\" data-widget_type=\"heading.default\">\n\t\t\t\t<div class=\"elementor-widget-container\">\n\t\t\t\t\t<h2 class=\"elementor-heading-title elementor-size-default\">Confirmation\n<\/h2>\t\t\t\t<\/div>\n\t\t\t\t<\/div>\n\t\t\t\t<div class=\"elementor-element elementor-element-34ec299 elementor-widget elementor-widget-text-editor\" data-id=\"34ec299\" data-element_type=\"widget\" data-e-type=\"widget\" data-widget_type=\"text-editor.default\">\n\t\t\t\t<div class=\"elementor-widget-container\">\n\t\t\t\t\t\t\t\t\t<div id=\"column-wrap-id-1652112849514\" class=\"sppb-col-md-9\"><div id=\"column-id-1652112849514\" class=\"sppb-column\"><div class=\"sppb-column-addons\"><div id=\"sppb-addon-wrapper-1545123826683\" class=\"sppb-addon-wrapper\"><div id=\"sppb-addon-1545123826683\" class=\"clearfix \"><div class=\"sppb-addon sppb-addon-feature \"><div class=\"sppb-addon-content sppb-text-right\"><div class=\"sppb-media-content\"><div class=\"sppb-addon-text\"><p>D\u00e8s que ces \u00e9tapes seront compl\u00e9t\u00e9es, nous vous enverrons la confirmation du cours, les d\u00e9tails de votre h\u00e9bergement (si vous en avez fait la demande) ainsi que les instructions n\u00e9cessaires pour votre voyage. Si vous avez des questions avant ou apr\u00e8s votre inscription, n\u2019h\u00e9sitez pas \u00e0 nous contacter \u00e0 l\u2019adresse hola @ ihdemu.com. Nous serons ravis de vous aider !<\/p><p><strong>Remarque :<\/strong> <a href=\"https:\/\/ihdemu.com\/fr\/demande-visa\/\">Veuillez lire ces informations concernant le visa \u00e9tudiant.<\/a><\/p><\/div><\/div><\/div><\/div><\/div><\/div><\/div><\/div><\/div><div id=\"column-wrap-id-1652112849515\" class=\"sppb-col-md-3\"><div id=\"column-id-1652112849515\" class=\"sppb-column\"><div class=\"sppb-column-addons\"><div id=\"sppb-addon-wrapper-1652113127584\" class=\"sppb-addon-wrapper\"><div id=\"sppb-addon-1652113127584\" class=\"clearfix \"><div class=\"sppb-addon sppb-addon-single-image sppb-text-center \">\u00a0<\/div><\/div><\/div><\/div><\/div><\/div>\t\t\t\t\t\t\t\t<\/div>\n\t\t\t\t<\/div>\n\t\t\t\t\t<\/div>\n\t\t<\/div>\n\t\t\t\t\t<\/div>\n\t\t<\/section>\n\t\t\t\t<\/div>\n\t\t","protected":false},"excerpt":{"rendered":"<p>JE VEUX \u00c9TUDIER Veuillez lire attentivement ce document afin de vous inscrire \u00e0 N\u2019IMPORTE QUEL cours d\u2019espagnol dans notre \u00e9cole \u00e0 Murcie. 1. Choisissez votre cours d\u2019espagnol ainsi que les dates de d\u00e9but et de fin Nous proposons plus de 20 cours diff\u00e9rents. Vous pouvez tous les consulter ici. 2. Envoyez-nous votre passeport \u00e0 hola [&hellip;]<\/p>\n","protected":false},"author":1,"featured_media":16565,"parent":0,"menu_order":0,"comment_status":"closed","ping_status":"closed","template":"elementor_header_footer","meta":{"_acf_changed":false,"inline_featured_image":false,"site-sidebar-layout":"no-sidebar","site-content-layout":"page-builder","ast-site-content-layout":"full-width-container","site-content-style":"unboxed","site-sidebar-style":"unboxed","ast-global-header-display":"","ast-banner-title-visibility":"","ast-main-header-display":"","ast-hfb-above-header-display":"","ast-hfb-below-header-display":"","ast-hfb-mobile-header-display":"","site-post-title":"","ast-breadcrumbs-content":"","ast-featured-img":"disabled","footer-sml-layout":"","ast-disable-related-posts":"","theme-transparent-header-meta":"default","adv-header-id-meta":"","stick-header-meta":"default","header-above-stick-meta":"","header-main-stick-meta":"","header-below-stick-meta":"","astra-migrate-meta-layouts":"set","ast-page-background-enabled":"default","ast-page-background-meta":{"desktop":{"background-color":"var(--ast-global-color-4)","background-image":"","background-repeat":"repeat","background-position":"center center","background-size":"auto","background-attachment":"scroll","background-type":"","background-media":"","overlay-type":"","overlay-color":"","overlay-opacity":"","overlay-gradient":""},"tablet":{"background-color":"","background-image":"","background-repeat":"repeat","background-position":"center center","background-size":"auto","background-attachment":"scroll","background-type":"","background-media":"","overlay-type":"","overlay-color":"","overlay-opacity":"","overlay-gradient":""},"mobile":{"background-color":"","background-image":"","background-repeat":"repeat","background-position":"center center","background-size":"auto","background-attachment":"scroll","background-type":"","background-media":"","overlay-type":"","overlay-color":"","overlay-opacity":"","overlay-gradient":""}},"ast-content-background-meta":{"desktop":{"background-color":"var(--ast-global-color-5)","background-image":"","background-repeat":"repeat","background-position":"center center","background-size":"auto","background-attachment":"scroll","background-type":"","background-media":"","overlay-type":"","overlay-color":"","overlay-opacity":"","overlay-gradient":""},"tablet":{"background-color":"var(--ast-global-color-5)","background-image":"","background-repeat":"repeat","background-position":"center center","background-size":"auto","background-attachment":"scroll","background-type":"","background-media":"","overlay-type":"","overlay-color":"","overlay-opacity":"","overlay-gradient":""},"mobile":{"background-color":"var(--ast-global-color-5)","background-image":"","background-repeat":"repeat","background-position":"center center","background-size":"auto","background-attachment":"scroll","background-type":"","background-media":"","overlay-type":"","overlay-color":"","overlay-opacity":"","overlay-gradient":""}},"footnotes":""},"class_list":["post-7044","page","type-page","status-publish","has-post-thumbnail","hentry"],"acf":[],"_links":{"self":[{"href":"https:\/\/ihdemu.com\/fr\/wp-json\/wp\/v2\/pages\/7044","targetHints":{"allow":["GET"]}}],"collection":[{"href":"https:\/\/ihdemu.com\/fr\/wp-json\/wp\/v2\/pages"}],"about":[{"href":"https:\/\/ihdemu.com\/fr\/wp-json\/wp\/v2\/types\/page"}],"author":[{"embeddable":true,"href":"https:\/\/ihdemu.com\/fr\/wp-json\/wp\/v2\/users\/1"}],"replies":[{"embeddable":true,"href":"https:\/\/ihdemu.com\/fr\/wp-json\/wp\/v2\/comments?post=7044"}],"version-history":[{"count":13,"href":"https:\/\/ihdemu.com\/fr\/wp-json\/wp\/v2\/pages\/7044\/revisions"}],"predecessor-version":[{"id":107489,"href":"https:\/\/ihdemu.com\/fr\/wp-json\/wp\/v2\/pages\/7044\/revisions\/107489"}],"wp:featuredmedia":[{"embeddable":true,"href":"https:\/\/ihdemu.com\/fr\/wp-json\/wp\/v2\/media\/16565"}],"wp:attachment":[{"href":"https:\/\/ihdemu.com\/fr\/wp-json\/wp\/v2\/media?parent=7044"}],"curies":[{"name":"wp","href":"https:\/\/api.w.org\/{rel}","templated":true}]}}