{"id":8256,"date":"2022-11-14T13:45:41","date_gmt":"2022-11-14T12:45:41","guid":{"rendered":"https:\/\/ihdemu.com\/mision\/"},"modified":"2023-05-18T13:08:55","modified_gmt":"2023-05-18T11:08:55","slug":"mission","status":"publish","type":"page","link":"https:\/\/ihdemu.com\/fr\/mission\/","title":{"rendered":"Mission, Vision et Valeurs"},"content":{"rendered":"\t\t<div data-elementor-type=\"wp-page\" data-elementor-id=\"8256\" class=\"elementor elementor-8256 elementor-3727\" data-elementor-post-type=\"page\">\n\t\t\t\t\t\t<section data-dce-background-image-url=\"https:\/\/ihdemu.com\/wp-content\/uploads\/2022\/11\/Instituto-Hispanico-de-Murcia-Cabecera-Mision-Vision-Valores.jpeg\" class=\"elementor-section elementor-top-section elementor-element elementor-element-29f32d8 elementor-section-boxed elementor-section-height-default elementor-section-height-default\" data-id=\"29f32d8\" data-element_type=\"section\" data-e-type=\"section\" id=\"cabecera\" data-settings=\"{&quot;background_background&quot;:&quot;classic&quot;}\">\n\t\t\t\t\t\t\t<div class=\"elementor-background-overlay\"><\/div>\n\t\t\t\t\t\t\t<div class=\"elementor-container elementor-column-gap-default\">\n\t\t\t\t\t<div class=\"elementor-column elementor-col-100 elementor-top-column elementor-element elementor-element-fd2ca1d\" data-id=\"fd2ca1d\" data-element_type=\"column\" data-e-type=\"column\">\n\t\t\t<div class=\"elementor-widget-wrap elementor-element-populated\">\n\t\t\t\t\t\t<div class=\"elementor-element elementor-element-668e0cb elementor-widget elementor-widget-heading\" data-id=\"668e0cb\" data-element_type=\"widget\" data-e-type=\"widget\" data-widget_type=\"heading.default\">\n\t\t\t\t<div class=\"elementor-widget-container\">\n\t\t\t\t\t<h1 class=\"elementor-heading-title elementor-size-default\">MISSION, VISION ET VALEURS\n<\/h1>\t\t\t\t<\/div>\n\t\t\t\t<\/div>\n\t\t\t\t\t<\/div>\n\t\t<\/div>\n\t\t\t\t\t<\/div>\n\t\t<\/section>\n\t\t\t\t<section class=\"elementor-section elementor-top-section elementor-element elementor-element-c32e08c fila espsup elementor-section-boxed elementor-section-height-default elementor-section-height-default\" data-id=\"c32e08c\" data-element_type=\"section\" data-e-type=\"section\">\n\t\t\t\t\t\t<div class=\"elementor-container elementor-column-gap-default\">\n\t\t\t\t\t<div class=\"elementor-column elementor-col-66 elementor-top-column elementor-element elementor-element-6fc4b23\" data-id=\"6fc4b23\" data-element_type=\"column\" data-e-type=\"column\">\n\t\t\t<div class=\"elementor-widget-wrap elementor-element-populated\">\n\t\t\t\t\t\t<div class=\"elementor-element elementor-element-0349232 elementor-widget elementor-widget-text-editor\" data-id=\"0349232\" data-element_type=\"widget\" data-e-type=\"widget\" data-widget_type=\"text-editor.default\">\n\t\t\t\t<div class=\"elementor-widget-container\">\n\t\t\t\t\t\t\t\t\t<p>La majorit\u00e9 des entreprises r\u00e9digent leurs objectifs, puis les mettent dans un cadre dor\u00e9 et les placardent dans leurs bureaux.<\/p><p><strong>Nous, \u00e0 l\u2019Instituto Hisp\u00e1nico de Murcia, nous concentrons tous nos efforts sur ce que l\u2019on\u00a0<em>peut<\/em>\u00a0\u00eatre et non sur ce que l\u2019on\u00a0<em>veut<\/em>\u00a0\u00eatre<\/strong>. Le but est simple : plus de pratique et plus d\u2019efficacit\u00e9.<\/p><p>Depuis les ann\u00e9es 2000, nous travaillons dur pour rendre les gens heureux, en faisant les choses comme il se doit et en nous assurant que les membres de notre \u00e9quipe fassent de nos objectifs leur propre mission. Ce n&rsquo;est pas par hazard que nous sommes leader de l&rsquo;enseignement de l&rsquo;espagnol pour \u00e9trangers \u00e0 Murcia!<\/p><p>En tant qu&rsquo;entreprise du 21\u00e8me si\u00e8cle, nous sommes heureux de miser sur la diversit\u00e9, c\u2019est pourquoi notre personnel est compos\u00e9 de personnes de sexes, d\u2019\u00e2ges, de nationalit\u00e9s et de cultures diff\u00e9rentes.<\/p><p>Nos objectifs au service de la soci\u00e9t\u00e9 sont :<\/p><ul><li>La communication, la valorisation et le transfert des connaissances au service de la culture, de la qualit\u00e9 de vie et du d\u00e9veloppement \u00e9conomique de la ville de Murcie.<\/li><li>La diffusion de la langue et de la culture espagnoles \u00e0 travers l&rsquo;enseignement aux \u00e9tudiants internationaux, pla\u00e7ant Murcie sur la carte du monde pour l&rsquo;apprentissage de l&rsquo;espagnol comme langue \u00e9trang\u00e8re.<\/li><\/ul>\t\t\t\t\t\t\t\t<\/div>\n\t\t\t\t<\/div>\n\t\t\t\t\t<\/div>\n\t\t<\/div>\n\t\t\t\t<div class=\"elementor-column elementor-col-33 elementor-top-column elementor-element elementor-element-bf4e2b9\" data-id=\"bf4e2b9\" data-element_type=\"column\" data-e-type=\"column\">\n\t\t\t<div class=\"elementor-widget-wrap elementor-element-populated\">\n\t\t\t\t\t\t<div class=\"elementor-element elementor-element-626dee8 elementor-invisible elementor-widget elementor-widget-image\" data-id=\"626dee8\" data-element_type=\"widget\" data-e-type=\"widget\" data-settings=\"{&quot;_animation&quot;:&quot;slideInRight&quot;}\" data-widget_type=\"image.default\">\n\t\t\t\t<div class=\"elementor-widget-container\">\n\t\t\t\t\t\t\t\t\t\t\t\t\t\t\t<img fetchpriority=\"high\" decoding=\"async\" width=\"243\" height=\"300\" src=\"https:\/\/ihdemu.com\/wp-content\/uploads\/2022\/11\/Instituto-Hispanico-de-Murcia-Mission-Vision-Values-Mission-243x300.jpg\" class=\"attachment-medium size-medium wp-image-9763\" alt=\"Instituto-Hispanico-de-Murcia-Mission-Vision-Values-Mission\" srcset=\"https:\/\/ihdemu.com\/wp-content\/uploads\/2022\/11\/Instituto-Hispanico-de-Murcia-Mission-Vision-Values-Mission-243x300.jpg 243w, https:\/\/ihdemu.com\/wp-content\/uploads\/2022\/11\/Instituto-Hispanico-de-Murcia-Mission-Vision-Values-Mission.jpg 324w\" sizes=\"(max-width: 243px) 100vw, 243px\" \/>\t\t\t\t\t\t\t\t\t\t\t\t\t\t\t<\/div>\n\t\t\t\t<\/div>\n\t\t\t\t\t<\/div>\n\t\t<\/div>\n\t\t\t\t\t<\/div>\n\t\t<\/section>\n\t\t\t\t<section class=\"elementor-section elementor-top-section elementor-element elementor-element-d50e840 fila elementor-section-boxed elementor-section-height-default elementor-section-height-default\" data-id=\"d50e840\" data-element_type=\"section\" data-e-type=\"section\">\n\t\t\t\t\t\t<div class=\"elementor-container elementor-column-gap-default\">\n\t\t\t\t\t<div class=\"elementor-column elementor-col-66 elementor-top-column elementor-element elementor-element-cf5674d\" data-id=\"cf5674d\" data-element_type=\"column\" data-e-type=\"column\">\n\t\t\t<div class=\"elementor-widget-wrap elementor-element-populated\">\n\t\t\t\t\t\t<div class=\"elementor-element elementor-element-e28ffdf elementor-widget elementor-widget-text-editor\" data-id=\"e28ffdf\" data-element_type=\"widget\" data-e-type=\"widget\" data-widget_type=\"text-editor.default\">\n\t\t\t\t<div class=\"elementor-widget-container\">\n\t\t\t\t\t\t\t\t\t<p>Nous voulons offrir un r\u00e9el engagement envers l&rsquo;excellence acad\u00e9mique et la qualit\u00e9 de nos services.Nous voulons offrir un r\u00e9el engagement envers l&rsquo;excellence acad\u00e9mique et la qualit\u00e9 de nos services.<\/p><p>Nous voulons donner des cours de langue de haute qualit\u00e9 \u00e0 Murcie et d\u00e9velopper des activit\u00e9s de formation et de loisirs qui r\u00e9pondent \u00e0 l&rsquo;int\u00e9r\u00eat de nos \u00e9tudiants pour la langue et la culture espagnole.<\/p><p>Nous travaillons pour \u00eatre un mod\u00e8le de gestion et de communication, avec un personnel professionnel pr\u00eat \u00e0 accomplir ses t\u00e2ches et avec une volont\u00e9 permanente d&rsquo;am\u00e9lioration.<\/p><div id=\"column-wrap-id-1613649900314\" class=\"sppb-col-md-8\"><div id=\"column-id-1613649900314\" class=\"sppb-column\"><div class=\"sppb-column-addons\"><div id=\"sppb-addon-wrapper-1613649900342\" class=\"sppb-addon-wrapper\"><div id=\"sppb-addon-1613649900342\" class=\" sppb-wow fadeInUp clearfix sppb-animated\" data-sppb-wow-duration=\"400ms\" data-sppb-wow-delay=\"400ms\"><div class=\"sppb-addon sppb-addon-text-block \"><div class=\"sppb-addon-content\"><p>Et pour tout cela, nous nous effor\u00e7ons d&rsquo;\u00eatre des leaders dans le domaine des s\u00e9jours linguistiques sur la c\u00f4te m\u00e9diterran\u00e9enne.<\/p><\/div><\/div><\/div><\/div><\/div><\/div><\/div><div id=\"column-wrap-id-1651059478258\" class=\"sppb-col-md-4\"><div id=\"column-id-1651059478258\" class=\"sppb-column\"><div class=\"sppb-column-addons\"><div id=\"sppb-addon-wrapper-1651058417824\" class=\"sppb-addon-wrapper\"><div id=\"sppb-addon-1651058417824\" class=\"clearfix sppb-positioned-addon\" data-rowid=\"1613027002138\" data-colid=\"1651059478258\"><div class=\"sppb-addon sppb-addon-single-image sppb-text-center \">\u00a0<\/div><\/div><\/div><\/div><\/div><\/div>\t\t\t\t\t\t\t\t<\/div>\n\t\t\t\t<\/div>\n\t\t\t\t\t<\/div>\n\t\t<\/div>\n\t\t\t\t<div class=\"elementor-column elementor-col-33 elementor-top-column elementor-element elementor-element-bb90b32\" data-id=\"bb90b32\" data-element_type=\"column\" data-e-type=\"column\">\n\t\t\t<div class=\"elementor-widget-wrap elementor-element-populated\">\n\t\t\t\t\t\t<div class=\"elementor-element elementor-element-a8cf87e elementor-invisible elementor-widget elementor-widget-image\" data-id=\"a8cf87e\" data-element_type=\"widget\" data-e-type=\"widget\" data-settings=\"{&quot;_animation&quot;:&quot;slideInRight&quot;}\" data-widget_type=\"image.default\">\n\t\t\t\t<div class=\"elementor-widget-container\">\n\t\t\t\t\t\t\t\t\t\t\t\t\t\t\t<img decoding=\"async\" width=\"296\" height=\"300\" src=\"https:\/\/ihdemu.com\/wp-content\/uploads\/2022\/11\/Instituto-Hispanico-de-Murcia-Mission-Vision-Valeurs-Vision-296x300.jpg\" class=\"attachment-medium size-medium wp-image-9910\" alt=\"\" srcset=\"https:\/\/ihdemu.com\/wp-content\/uploads\/2022\/11\/Instituto-Hispanico-de-Murcia-Mission-Vision-Valeurs-Vision-296x300.jpg 296w, https:\/\/ihdemu.com\/wp-content\/uploads\/2022\/11\/Instituto-Hispanico-de-Murcia-Mission-Vision-Valeurs-Vision-600x607.jpg 600w, https:\/\/ihdemu.com\/wp-content\/uploads\/2022\/11\/Instituto-Hispanico-de-Murcia-Mission-Vision-Valeurs-Vision-100x100.jpg 100w, https:\/\/ihdemu.com\/wp-content\/uploads\/2022\/11\/Instituto-Hispanico-de-Murcia-Mission-Vision-Valeurs-Vision.jpg 654w\" sizes=\"(max-width: 296px) 100vw, 296px\" \/>\t\t\t\t\t\t\t\t\t\t\t\t\t\t\t<\/div>\n\t\t\t\t<\/div>\n\t\t\t\t\t<\/div>\n\t\t<\/div>\n\t\t\t\t\t<\/div>\n\t\t<\/section>\n\t\t\t\t<section class=\"elementor-section elementor-top-section elementor-element elementor-element-22296d6 fila elementor-section-boxed elementor-section-height-default elementor-section-height-default\" data-id=\"22296d6\" data-element_type=\"section\" data-e-type=\"section\">\n\t\t\t\t\t\t<div class=\"elementor-container elementor-column-gap-default\">\n\t\t\t\t\t<div class=\"elementor-column elementor-col-66 elementor-top-column elementor-element elementor-element-3d28b84\" data-id=\"3d28b84\" data-element_type=\"column\" data-e-type=\"column\">\n\t\t\t<div class=\"elementor-widget-wrap elementor-element-populated\">\n\t\t\t\t\t\t<div class=\"elementor-element elementor-element-2f661e6 elementor-widget elementor-widget-text-editor\" data-id=\"2f661e6\" data-element_type=\"widget\" data-e-type=\"widget\" data-widget_type=\"text-editor.default\">\n\t\t\t\t<div class=\"elementor-widget-container\">\n\t\t\t\t\t\t\t\t\t<p>Attitude ouverte au changement par rapport \u00e0 l&rsquo;innovation p\u00e9dagogique.Attitude ouverte au changement par rapport \u00e0 l&rsquo;innovation p\u00e9dagogique.<\/p><p>\u00c9thique professionnelle, honn\u00eatet\u00e9 et respect de tous. Tol\u00e9rance \u00e0 la diversit\u00e9 des opinions, des cultures et des visions du monde.<\/p><p>Engagement envers le service public que nous offrons.<\/p><p>Leadership, initiative et professionnalisme dans le d\u00e9veloppement des activit\u00e9s et la r\u00e9solution rapide des probl\u00e8mes.<\/p><p>Interaction des diff\u00e9rents d\u00e9partements de l&rsquo;\u00e9cole pour d\u00e9velopper une culture commune.<\/p><div id=\"column-wrap-id-1651059478259\" class=\"sppb-col-md-8\"><div id=\"column-id-1651059478259\" class=\"sppb-column\"><div class=\"sppb-column-addons\"><div id=\"sppb-addon-wrapper-1613649900427\" class=\"sppb-addon-wrapper\"><div id=\"sppb-addon-1613649900427\" class=\" sppb-wow fadeInUp clearfix  sppb-animated\" data-sppb-wow-duration=\"500ms\" data-sppb-wow-delay=\"500ms\"><div class=\"sppb-addon sppb-addon-text-block  \"><div class=\"sppb-addon-content\"><p>Aller au-del\u00e0 des attentes des \u00e9tudiants.<\/p><\/div><\/div><\/div><\/div><\/div><\/div><\/div>\t\t\t\t\t\t\t\t<\/div>\n\t\t\t\t<\/div>\n\t\t\t\t\t<\/div>\n\t\t<\/div>\n\t\t\t\t<div class=\"elementor-column elementor-col-33 elementor-top-column elementor-element elementor-element-6fd226f\" data-id=\"6fd226f\" data-element_type=\"column\" data-e-type=\"column\">\n\t\t\t<div class=\"elementor-widget-wrap elementor-element-populated\">\n\t\t\t\t\t\t<div class=\"elementor-element elementor-element-9a9c27b elementor-invisible elementor-widget elementor-widget-image\" data-id=\"9a9c27b\" data-element_type=\"widget\" data-e-type=\"widget\" data-settings=\"{&quot;_animation&quot;:&quot;slideInRight&quot;}\" data-widget_type=\"image.default\">\n\t\t\t\t<div class=\"elementor-widget-container\">\n\t\t\t\t\t\t\t\t\t\t\t\t\t\t\t<img decoding=\"async\" width=\"233\" height=\"300\" src=\"https:\/\/ihdemu.com\/wp-content\/uploads\/2022\/11\/Instituto-Hispanico-de-Murcia-Mission-Vision-Valeurs-Valeurs-233x300.jpg\" class=\"attachment-medium size-medium wp-image-9923\" alt=\"\" srcset=\"https:\/\/ihdemu.com\/wp-content\/uploads\/2022\/11\/Instituto-Hispanico-de-Murcia-Mission-Vision-Valeurs-Valeurs-233x300.jpg 233w, https:\/\/ihdemu.com\/wp-content\/uploads\/2022\/11\/Instituto-Hispanico-de-Murcia-Mission-Vision-Valeurs-Valeurs-795x1024.jpg 795w, https:\/\/ihdemu.com\/wp-content\/uploads\/2022\/11\/Instituto-Hispanico-de-Murcia-Mission-Vision-Valeurs-Valeurs-768x990.jpg 768w, https:\/\/ihdemu.com\/wp-content\/uploads\/2022\/11\/Instituto-Hispanico-de-Murcia-Mission-Vision-Valeurs-Valeurs-600x773.jpg 600w, https:\/\/ihdemu.com\/wp-content\/uploads\/2022\/11\/Instituto-Hispanico-de-Murcia-Mission-Vision-Valeurs-Valeurs.jpg 804w\" sizes=\"(max-width: 233px) 100vw, 233px\" \/>\t\t\t\t\t\t\t\t\t\t\t\t\t\t\t<\/div>\n\t\t\t\t<\/div>\n\t\t\t\t\t<\/div>\n\t\t<\/div>\n\t\t\t\t\t<\/div>\n\t\t<\/section>\n\t\t\t\t<section class=\"elementor-section elementor-top-section elementor-element elementor-element-b26d45d elementor-section-boxed elementor-section-height-default elementor-section-height-default\" data-id=\"b26d45d\" data-element_type=\"section\" data-e-type=\"section\" data-settings=\"{&quot;background_background&quot;:&quot;classic&quot;}\">\n\t\t\t\t\t\t<div class=\"elementor-container elementor-column-gap-default\">\n\t\t\t\t\t<div class=\"elementor-column elementor-col-100 elementor-top-column elementor-element elementor-element-80bf9e1\" data-id=\"80bf9e1\" data-element_type=\"column\" data-e-type=\"column\">\n\t\t\t<div class=\"elementor-widget-wrap elementor-element-populated\">\n\t\t\t\t\t\t<section data-dce-background-color=\"#F7F6F8\" class=\"elementor-section elementor-inner-section elementor-element elementor-element-59d64d7 bloque elementor-section-boxed elementor-section-height-default elementor-section-height-default\" data-id=\"59d64d7\" data-element_type=\"section\" data-e-type=\"section\" data-settings=\"{&quot;background_background&quot;:&quot;classic&quot;}\">\n\t\t\t\t\t\t<div class=\"elementor-container elementor-column-gap-default\">\n\t\t\t\t\t<div class=\"elementor-column elementor-col-25 elementor-inner-column elementor-element elementor-element-3aa6920\" data-id=\"3aa6920\" data-element_type=\"column\" data-e-type=\"column\">\n\t\t\t<div class=\"elementor-widget-wrap elementor-element-populated\">\n\t\t\t\t\t\t<div class=\"elementor-element elementor-element-403705b elementor-view-default elementor-widget elementor-widget-icon\" data-id=\"403705b\" data-element_type=\"widget\" data-e-type=\"widget\" data-widget_type=\"icon.default\">\n\t\t\t\t<div class=\"elementor-widget-container\">\n\t\t\t\t\t\t\t<div class=\"elementor-icon-wrapper\">\n\t\t\t<div class=\"elementor-icon\">\n\t\t\t<svg aria-hidden=\"true\" class=\"e-font-icon-svg e-fas-recycle\" viewBox=\"0 0 512 512\" xmlns=\"http:\/\/www.w3.org\/2000\/svg\"><path d=\"M184.561 261.903c3.232 13.997-12.123 24.635-24.068 17.168l-40.736-25.455-50.867 81.402C55.606 356.273 70.96 384 96.012 384H148c6.627 0 12 5.373 12 12v40c0 6.627-5.373 12-12 12H96.115c-75.334 0-121.302-83.048-81.408-146.88l50.822-81.388-40.725-25.448c-12.081-7.547-8.966-25.961 4.879-29.158l110.237-25.45c8.611-1.988 17.201 3.381 19.189 11.99l25.452 110.237zm98.561-182.915l41.289 66.076-40.74 25.457c-12.051 7.528-9 25.953 4.879 29.158l110.237 25.45c8.672 1.999 17.215-3.438 19.189-11.99l25.45-110.237c3.197-13.844-11.99-24.719-24.068-17.168l-40.687 25.424-41.263-66.082c-37.521-60.033-125.209-60.171-162.816 0l-17.963 28.766c-3.51 5.62-1.8 13.021 3.82 16.533l33.919 21.195c5.62 3.512 13.024 1.803 16.536-3.817l17.961-28.743c12.712-20.341 41.973-19.676 54.257-.022zM497.288 301.12l-27.515-44.065c-3.511-5.623-10.916-7.334-16.538-3.821l-33.861 21.159c-5.62 3.512-7.33 10.915-3.818 16.536l27.564 44.112c13.257 21.211-2.057 48.96-27.136 48.96H320V336.02c0-14.213-17.242-21.383-27.313-11.313l-80 79.981c-6.249 6.248-6.249 16.379 0 22.627l80 79.989C302.689 517.308 320 510.3 320 495.989V448h95.88c75.274 0 121.335-82.997 81.408-146.88z\"><\/path><\/svg>\t\t\t<\/div>\n\t\t<\/div>\n\t\t\t\t\t\t<\/div>\n\t\t\t\t<\/div>\n\t\t\t\t\t<\/div>\n\t\t<\/div>\n\t\t\t\t<div class=\"elementor-column elementor-col-50 elementor-inner-column elementor-element elementor-element-44f293e\" data-id=\"44f293e\" data-element_type=\"column\" data-e-type=\"column\">\n\t\t\t<div class=\"elementor-widget-wrap elementor-element-populated\">\n\t\t\t\t\t\t<div class=\"elementor-element elementor-element-8e29afb elementor-widget elementor-widget-text-editor\" data-id=\"8e29afb\" data-element_type=\"widget\" data-e-type=\"widget\" data-widget_type=\"text-editor.default\">\n\t\t\t\t<div class=\"elementor-widget-container\">\n\t\t\t\t\t\t\t\t\t<p style=\"text-align: center;\"><a href=\"https:\/\/ihdemu.com\/fr\/eco-responsables\/\">\u00c9co-responsables<\/a><\/p>\t\t\t\t\t\t\t\t<\/div>\n\t\t\t\t<\/div>\n\t\t\t\t\t<\/div>\n\t\t<\/div>\n\t\t\t\t<div class=\"elementor-column elementor-col-25 elementor-inner-column elementor-element elementor-element-723e02d\" data-id=\"723e02d\" data-element_type=\"column\" data-e-type=\"column\">\n\t\t\t<div class=\"elementor-widget-wrap elementor-element-populated\">\n\t\t\t\t\t\t<div class=\"elementor-element elementor-element-ace4849 elementor-widget elementor-widget-image\" data-id=\"ace4849\" data-element_type=\"widget\" data-e-type=\"widget\" data-widget_type=\"image.default\">\n\t\t\t\t<div class=\"elementor-widget-container\">\n\t\t\t\t\t\t\t\t\t\t\t\t\t\t\t\t<a href=\"https:\/\/ihdemu.com\/wp-content\/uploads\/2023\/05\/Compromiso-con-el-medio-ambiente.png\" data-elementor-open-lightbox=\"yes\" data-elementor-lightbox-title=\"Compromiso con el medio ambiente\" data-elementor-lightbox-description=\"\u00c9co-responsables\" data-e-action-hash=\"#elementor-action%3Aaction%3Dlightbox%26settings%3DeyJpZCI6NjI4NzIsInVybCI6Imh0dHBzOlwvXC9paGRlbXUuY29tXC93cC1jb250ZW50XC91cGxvYWRzXC8yMDIzXC8wNVwvQ29tcHJvbWlzby1jb24tZWwtbWVkaW8tYW1iaWVudGUucG5nIn0%3D\">\n\t\t\t\t\t\t\t<img loading=\"lazy\" decoding=\"async\" width=\"255\" height=\"110\" src=\"https:\/\/ihdemu.com\/wp-content\/uploads\/2023\/05\/Compromiso-con-el-medio-ambiente.png\" class=\"attachment-large size-large wp-image-62872\" alt=\"\u00c9co-responsables\" \/>\t\t\t\t\t\t\t\t<\/a>\n\t\t\t\t\t\t\t\t\t\t\t\t\t\t\t<\/div>\n\t\t\t\t<\/div>\n\t\t\t\t\t<\/div>\n\t\t<\/div>\n\t\t\t\t\t<\/div>\n\t\t<\/section>\n\t\t\t\t\t<\/div>\n\t\t<\/div>\n\t\t\t\t\t<\/div>\n\t\t<\/section>\n\t\t\t\t<\/div>\n\t\t","protected":false},"excerpt":{"rendered":"<p>MISSION, VISION ET VALEURS La majorit\u00e9 des entreprises r\u00e9digent leurs objectifs, puis les mettent dans un cadre dor\u00e9 et les placardent dans leurs bureaux. Nous, \u00e0 l\u2019Instituto Hisp\u00e1nico de Murcia, nous concentrons tous nos efforts sur ce que l\u2019on\u00a0peut\u00a0\u00eatre et non sur ce que l\u2019on\u00a0veut\u00a0\u00eatre. Le but est simple : plus de pratique et plus [&hellip;]<\/p>\n","protected":false},"author":1,"featured_media":16565,"parent":0,"menu_order":0,"comment_status":"closed","ping_status":"closed","template":"elementor_header_footer","meta":{"_acf_changed":false,"inline_featured_image":false,"site-sidebar-layout":"no-sidebar","site-content-layout":"page-builder","ast-site-content-layout":"default","site-content-style":"default","site-sidebar-style":"default","ast-global-header-display":"","ast-banner-title-visibility":"","ast-main-header-display":"","ast-hfb-above-header-display":"","ast-hfb-below-header-display":"","ast-hfb-mobile-header-display":"","site-post-title":"disabled","ast-breadcrumbs-content":"","ast-featured-img":"disabled","footer-sml-layout":"","ast-disable-related-posts":"","theme-transparent-header-meta":"default","adv-header-id-meta":"","stick-header-meta":"default","header-above-stick-meta":"","header-main-stick-meta":"","header-below-stick-meta":"","astra-migrate-meta-layouts":"default","ast-page-background-enabled":"default","ast-page-background-meta":{"desktop":{"background-color":"var(--ast-global-color-4)","background-image":"","background-repeat":"repeat","background-position":"center center","background-size":"auto","background-attachment":"scroll","background-type":"","background-media":"","overlay-type":"","overlay-color":"","overlay-opacity":"","overlay-gradient":""},"tablet":{"background-color":"","background-image":"","background-repeat":"repeat","background-position":"center center","background-size":"auto","background-attachment":"scroll","background-type":"","background-media":"","overlay-type":"","overlay-color":"","overlay-opacity":"","overlay-gradient":""},"mobile":{"background-color":"","background-image":"","background-repeat":"repeat","background-position":"center center","background-size":"auto","background-attachment":"scroll","background-type":"","background-media":"","overlay-type":"","overlay-color":"","overlay-opacity":"","overlay-gradient":""}},"ast-content-background-meta":{"desktop":{"background-color":"var(--ast-global-color-5)","background-image":"","background-repeat":"repeat","background-position":"center center","background-size":"auto","background-attachment":"scroll","background-type":"","background-media":"","overlay-type":"","overlay-color":"","overlay-opacity":"","overlay-gradient":""},"tablet":{"background-color":"var(--ast-global-color-5)","background-image":"","background-repeat":"repeat","background-position":"center center","background-size":"auto","background-attachment":"scroll","background-type":"","background-media":"","overlay-type":"","overlay-color":"","overlay-opacity":"","overlay-gradient":""},"mobile":{"background-color":"var(--ast-global-color-5)","background-image":"","background-repeat":"repeat","background-position":"center center","background-size":"auto","background-attachment":"scroll","background-type":"","background-media":"","overlay-type":"","overlay-color":"","overlay-opacity":"","overlay-gradient":""}},"footnotes":""},"class_list":["post-8256","page","type-page","status-publish","has-post-thumbnail","hentry"],"acf":[],"_links":{"self":[{"href":"https:\/\/ihdemu.com\/fr\/wp-json\/wp\/v2\/pages\/8256","targetHints":{"allow":["GET"]}}],"collection":[{"href":"https:\/\/ihdemu.com\/fr\/wp-json\/wp\/v2\/pages"}],"about":[{"href":"https:\/\/ihdemu.com\/fr\/wp-json\/wp\/v2\/types\/page"}],"author":[{"embeddable":true,"href":"https:\/\/ihdemu.com\/fr\/wp-json\/wp\/v2\/users\/1"}],"replies":[{"embeddable":true,"href":"https:\/\/ihdemu.com\/fr\/wp-json\/wp\/v2\/comments?post=8256"}],"version-history":[{"count":0,"href":"https:\/\/ihdemu.com\/fr\/wp-json\/wp\/v2\/pages\/8256\/revisions"}],"wp:featuredmedia":[{"embeddable":true,"href":"https:\/\/ihdemu.com\/fr\/wp-json\/wp\/v2\/media\/16565"}],"wp:attachment":[{"href":"https:\/\/ihdemu.com\/fr\/wp-json\/wp\/v2\/media?parent=8256"}],"curies":[{"name":"wp","href":"https:\/\/api.w.org\/{rel}","templated":true}]}}