{"id":20573,"date":"2022-11-22T19:01:03","date_gmt":"2022-11-22T18:01:03","guid":{"rendered":"https:\/\/ihdemu.com\/taxi-aeropuerto-alicante\/"},"modified":"2024-01-15T14:00:34","modified_gmt":"2024-01-15T13:00:34","slug":"taxi-aeroport-alicante","status":"publish","type":"product","link":"https:\/\/ihdemu.com\/fr\/taxi-aeroport-alicante\/","title":{"rendered":"Taxi de l&rsquo;a\u00e9roport d&rsquo;Alicante"},"content":{"rendered":"","protected":false},"excerpt":{"rendered":"<p>Nous vous pr\u00e9sentons un service de taxi <strong>s\u00fbr et confortable, \u00e0 un prix plus abordable<\/strong>, garantissant que votre arriv\u00e9e \u00e0 Murcie depuis l&rsquo;a\u00e9roport d&rsquo;Alicante soit exceptionnelle d\u00e8s le tout premier instant.<\/p>\n<p>Notre service de taxi est con\u00e7u pour vous offrir le <strong>confort<\/strong> n\u00e9cessaire apr\u00e8s un long vol. Nos chauffeurs professionnels et amicaux vous attendront \u00e0 l&rsquo;a\u00e9roport, \u00e9liminant toutes les inqui\u00e9tudes que vous pourriez avoir.<\/p>\n<p>L&rsquo;a\u00e9roport d&rsquo;Alicante, \u00e0 <strong>50 minutes en voiture de Murcie<\/strong>, est l&rsquo;un des principaux points d&rsquo;entr\u00e9e dans la belle r\u00e9gion de Murcie, et nous sommes ravis de vous offrir un accueil chaleureux et personnalis\u00e9. \u00c9tant donn\u00e9 que vous \u00eates ici pour \u00e9tudier l&rsquo;espagnol, vous immerger dans la riche culture locale et profiter des magnifiques plages, notre service de taxi garantira un d\u00e9but sans tracas. Nous sommes impatients de vous accueillir !<\/p>\n","protected":false},"featured_media":49902,"template":"","meta":{"_acf_changed":false,"inline_featured_image":false,"site-sidebar-layout":"default","site-content-layout":"default","ast-site-content-layout":"default","site-content-style":"default","site-sidebar-style":"default","ast-global-header-display":"","ast-banner-title-visibility":"","ast-main-header-display":"","ast-hfb-above-header-display":"","ast-hfb-below-header-display":"","ast-hfb-mobile-header-display":"","site-post-title":"","ast-breadcrumbs-content":"","ast-featured-img":"","footer-sml-layout":"","ast-disable-related-posts":"","theme-transparent-header-meta":"default","adv-header-id-meta":"","stick-header-meta":"default","header-above-stick-meta":"","header-main-stick-meta":"","header-below-stick-meta":"","astra-migrate-meta-layouts":"set","ast-page-background-enabled":"default","ast-page-background-meta":{"desktop":{"background-color":"var(--ast-global-color-4)","background-image":"","background-repeat":"repeat","background-position":"center center","background-size":"auto","background-attachment":"scroll","background-type":"","background-media":"","overlay-type":"","overlay-color":"","overlay-opacity":"","overlay-gradient":""},"tablet":{"background-color":"","background-image":"","background-repeat":"repeat","background-position":"center center","background-size":"auto","background-attachment":"scroll","background-type":"","background-media":"","overlay-type":"","overlay-color":"","overlay-opacity":"","overlay-gradient":""},"mobile":{"background-color":"","background-image":"","background-repeat":"repeat","background-position":"center center","background-size":"auto","background-attachment":"scroll","background-type":"","background-media":"","overlay-type":"","overlay-color":"","overlay-opacity":"","overlay-gradient":""}},"ast-content-background-meta":{"desktop":{"background-color":"var(--ast-global-color-5)","background-image":"","background-repeat":"repeat","background-position":"center center","background-size":"auto","background-attachment":"scroll","background-type":"","background-media":"","overlay-type":"","overlay-color":"","overlay-opacity":"","overlay-gradient":""},"tablet":{"background-color":"var(--ast-global-color-5)","background-image":"","background-repeat":"repeat","background-position":"center center","background-size":"auto","background-attachment":"scroll","background-type":"","background-media":"","overlay-type":"","overlay-color":"","overlay-opacity":"","overlay-gradient":""},"mobile":{"background-color":"var(--ast-global-color-5)","background-image":"","background-repeat":"repeat","background-position":"center center","background-size":"auto","background-attachment":"scroll","background-type":"","background-media":"","overlay-type":"","overlay-color":"","overlay-opacity":"","overlay-gradient":""}}},"product_brand":[],"product_cat":[209],"product_tag":[],"class_list":{"0":"post-20573","1":"product","2":"type-product","3":"status-publish","4":"has-post-thumbnail","6":"product_cat-service-de-taxi","7":"desktop-align-left","8":"tablet-align-left","9":"mobile-align-left","10":"ast-product-gallery-layout-horizontal-slider","11":"ast-product-gallery-with-no-image","12":"ast-product-single-variable","13":"ast-product-tabs-layout-horizontal","15":"first","16":"instock","17":"taxable","18":"shipping-taxable","19":"purchasable","20":"product-type-variable"},"acf":[],"_links":{"self":[{"href":"https:\/\/ihdemu.com\/fr\/wp-json\/wp\/v2\/product\/20573","targetHints":{"allow":["GET"]}}],"collection":[{"href":"https:\/\/ihdemu.com\/fr\/wp-json\/wp\/v2\/product"}],"about":[{"href":"https:\/\/ihdemu.com\/fr\/wp-json\/wp\/v2\/types\/product"}],"wp:featuredmedia":[{"embeddable":true,"href":"https:\/\/ihdemu.com\/fr\/wp-json\/wp\/v2\/media\/49902"}],"wp:attachment":[{"href":"https:\/\/ihdemu.com\/fr\/wp-json\/wp\/v2\/media?parent=20573"}],"wp:term":[{"taxonomy":"product_brand","embeddable":true,"href":"https:\/\/ihdemu.com\/fr\/wp-json\/wp\/v2\/product_brand?post=20573"},{"taxonomy":"product_cat","embeddable":true,"href":"https:\/\/ihdemu.com\/fr\/wp-json\/wp\/v2\/product_cat?post=20573"},{"taxonomy":"product_tag","embeddable":true,"href":"https:\/\/ihdemu.com\/fr\/wp-json\/wp\/v2\/product_tag?post=20573"}],"curies":[{"name":"wp","href":"https:\/\/api.w.org\/{rel}","templated":true}]}}