{"id":20931,"date":"2022-11-14T00:12:35","date_gmt":"2022-11-13T23:12:35","guid":{"rendered":"https:\/\/ihdemu.com\/habitacion\/"},"modified":"2024-03-21T10:34:47","modified_gmt":"2024-03-21T09:34:47","slug":"chambre","status":"publish","type":"product","link":"https:\/\/ihdemu.com\/fr\/chambre\/","title":{"rendered":"Famille d&rsquo;accueil (prix par nuit)"},"content":{"rendered":"","protected":false},"excerpt":{"rendered":"<p>Vivre avec une famille espagnole offre de nombreux avantages !<\/p>\n<p>Notre programme d&rsquo;h\u00e9bergement vous donne l&rsquo;opportunit\u00e9 de vous immerger dans la vie quotidienne espagnole et de <strong>pratiquer l&rsquo;espagnol<\/strong>, am\u00e9liorant ainsi votre vocabulaire et votre prononciation. Vous pourrez profiter d&rsquo;un environnement d\u00e9tendu et convivial avec l&rsquo;ind\u00e9pendance d&rsquo;avoir votre <strong>propre cl\u00e9<\/strong>.<\/p>\n<p>Nos familles d&rsquo;accueil s&rsquo;engagent \u00e0 vous offrir une atmosph\u00e8re <strong>chaleureuse et accueillante<\/strong> pendant votre s\u00e9jour. Vous partagerez leur quotidien, d\u00e9couvrirez leur culture et leurs traditions de pr\u00e8s, et cr\u00e9erez des liens sp\u00e9ciaux qui perdureront dans le temps.<\/p>\n<p>Choisissez si vous pr\u00e9f\u00e9rez un h\u00e9bergement en <strong>pension compl\u00e8te<\/strong> (petit-d\u00e9jeuner et d\u00eener) ou en <strong>pension compl\u00e8te<\/strong> (petit-d\u00e9jeuner, d\u00e9jeuner et d\u00eener), et d\u00e9couvrez les saveurs traditionnelles de Murcie avec nos familles d&rsquo;accueil.<\/p>\n<p>Faites de votre s\u00e9jour \u00e0 Murcie un <strong>souvenir inoubliable<\/strong> et d\u00e9couvrez comment le contact direct avec les familles locales enrichira votre compr\u00e9hension de la langue et vous permettra de profiter au maximum de votre aventure \u00e0 l&rsquo;\u00e9tranger.<\/p>\n","protected":false},"featured_media":32354,"template":"","meta":{"_acf_changed":false,"inline_featured_image":false,"site-sidebar-layout":"default","site-content-layout":"default","ast-site-content-layout":"default","site-content-style":"default","site-sidebar-style":"default","ast-global-header-display":"","ast-banner-title-visibility":"","ast-main-header-display":"","ast-hfb-above-header-display":"","ast-hfb-below-header-display":"","ast-hfb-mobile-header-display":"","site-post-title":"","ast-breadcrumbs-content":"","ast-featured-img":"","footer-sml-layout":"","ast-disable-related-posts":"","theme-transparent-header-meta":"default","adv-header-id-meta":"","stick-header-meta":"default","header-above-stick-meta":"","header-main-stick-meta":"","header-below-stick-meta":"","astra-migrate-meta-layouts":"set","ast-page-background-enabled":"default","ast-page-background-meta":{"desktop":{"background-color":"var(--ast-global-color-4)","background-image":"","background-repeat":"repeat","background-position":"center center","background-size":"auto","background-attachment":"scroll","background-type":"","background-media":"","overlay-type":"","overlay-color":"","overlay-opacity":"","overlay-gradient":""},"tablet":{"background-color":"","background-image":"","background-repeat":"repeat","background-position":"center center","background-size":"auto","background-attachment":"scroll","background-type":"","background-media":"","overlay-type":"","overlay-color":"","overlay-opacity":"","overlay-gradient":""},"mobile":{"background-color":"","background-image":"","background-repeat":"repeat","background-position":"center center","background-size":"auto","background-attachment":"scroll","background-type":"","background-media":"","overlay-type":"","overlay-color":"","overlay-opacity":"","overlay-gradient":""}},"ast-content-background-meta":{"desktop":{"background-color":"var(--ast-global-color-5)","background-image":"","background-repeat":"repeat","background-position":"center center","background-size":"auto","background-attachment":"scroll","background-type":"","background-media":"","overlay-type":"","overlay-color":"","overlay-opacity":"","overlay-gradient":""},"tablet":{"background-color":"var(--ast-global-color-5)","background-image":"","background-repeat":"repeat","background-position":"center center","background-size":"auto","background-attachment":"scroll","background-type":"","background-media":"","overlay-type":"","overlay-color":"","overlay-opacity":"","overlay-gradient":""},"mobile":{"background-color":"var(--ast-global-color-5)","background-image":"","background-repeat":"repeat","background-position":"center center","background-size":"auto","background-attachment":"scroll","background-type":"","background-media":"","overlay-type":"","overlay-color":"","overlay-opacity":"","overlay-gradient":""}}},"product_brand":[],"product_cat":[178],"product_tag":[],"class_list":{"0":"post-20931","1":"product","2":"type-product","3":"status-publish","4":"has-post-thumbnail","6":"product_cat-logements","7":"desktop-align-left","8":"tablet-align-left","9":"mobile-align-left","10":"ast-product-gallery-layout-horizontal-slider","11":"ast-product-gallery-with-no-image","12":"ast-product-single-variable","13":"ast-product-tabs-layout-horizontal","15":"first","16":"instock","17":"taxable","18":"shipping-taxable","19":"purchasable","20":"product-type-variable"},"acf":[],"_links":{"self":[{"href":"https:\/\/ihdemu.com\/fr\/wp-json\/wp\/v2\/product\/20931","targetHints":{"allow":["GET"]}}],"collection":[{"href":"https:\/\/ihdemu.com\/fr\/wp-json\/wp\/v2\/product"}],"about":[{"href":"https:\/\/ihdemu.com\/fr\/wp-json\/wp\/v2\/types\/product"}],"wp:featuredmedia":[{"embeddable":true,"href":"https:\/\/ihdemu.com\/fr\/wp-json\/wp\/v2\/media\/32354"}],"wp:attachment":[{"href":"https:\/\/ihdemu.com\/fr\/wp-json\/wp\/v2\/media?parent=20931"}],"wp:term":[{"taxonomy":"product_brand","embeddable":true,"href":"https:\/\/ihdemu.com\/fr\/wp-json\/wp\/v2\/product_brand?post=20931"},{"taxonomy":"product_cat","embeddable":true,"href":"https:\/\/ihdemu.com\/fr\/wp-json\/wp\/v2\/product_cat?post=20931"},{"taxonomy":"product_tag","embeddable":true,"href":"https:\/\/ihdemu.com\/fr\/wp-json\/wp\/v2\/product_tag?post=20931"}],"curies":[{"name":"wp","href":"https:\/\/api.w.org\/{rel}","templated":true}]}}