{"id":20971,"date":"2022-11-22T18:56:17","date_gmt":"2022-11-22T17:56:17","guid":{"rendered":"https:\/\/ihdemu.com\/taxi-aeropuerto-murcia\/"},"modified":"2024-01-15T13:53:07","modified_gmt":"2024-01-15T12:53:07","slug":"taxi-aeroport-murcie","status":"publish","type":"product","link":"https:\/\/ihdemu.com\/fr\/taxi-aeroport-murcie\/","title":{"rendered":"Taxi de l&rsquo;a\u00e9roport de Murcie"},"content":{"rendered":"","protected":false},"excerpt":{"rendered":"<p>Bonjour, voyageurs de l&rsquo;Instituto Hisp\u00e1nico de Murcia !<\/p>\n<p>Pr\u00eats pour un <strong>voyage sans soucis<\/strong> ? Notre service de taxi personnalis\u00e9 est l\u00e0 pour vous emmener \u00e0 votre destination en toute <strong>aisance et s\u00e9curit\u00e9<\/strong>.<\/p>\n<p>Nos taxis sont con\u00e7us pour offrir un service <strong>convivial et professionnel<\/strong>, avec des chauffeurs exp\u00e9riment\u00e9s et des v\u00e9hicules bien \u00e9quip\u00e9s pour garantir un voyage agr\u00e9able. D\u00e8s le moment de l&rsquo;atterrissage, nous nous assurerons que votre exp\u00e9rience soit sans tracas, vous conduisant confortablement \u00e0 votre destination. Avec des tarifs comp\u00e9titifs, un service moins cher et de premi\u00e8re classe, nous garantissons une exp\u00e9rience de voyage exceptionnelle.<\/p>\n<p>L&rsquo;<strong>A\u00e9roport de Murcie \/ Corvera<\/strong> est un a\u00e9roport ultramoderne situ\u00e9 \u00e0 seulement <strong>19 minutes en voiture de Murcie<\/strong>. Inaugur\u00e9 en janvier 2019, cet a\u00e9rodrome dernier cri offre des installations de premi\u00e8re classe, des services de haute qualit\u00e9 et une impressionnante gamme de destinations nationales et internationales.<\/p>\n<p>Ne perdez pas de temps ni d&rsquo;\u00e9nergie avec des options de transport compliqu\u00e9es. R\u00e9servez maintenant et laissez notre service de taxi vous offrir le <strong>confort et la tranquillit\u00e9 d&rsquo;esprit<\/strong> que m\u00e9rite votre aventure ! Allons-y !<\/p>\n","protected":false},"featured_media":49893,"template":"","meta":{"_acf_changed":false,"inline_featured_image":false,"site-sidebar-layout":"default","site-content-layout":"default","ast-site-content-layout":"default","site-content-style":"default","site-sidebar-style":"default","ast-global-header-display":"","ast-banner-title-visibility":"","ast-main-header-display":"","ast-hfb-above-header-display":"","ast-hfb-below-header-display":"","ast-hfb-mobile-header-display":"","site-post-title":"","ast-breadcrumbs-content":"","ast-featured-img":"","footer-sml-layout":"","ast-disable-related-posts":"","theme-transparent-header-meta":"default","adv-header-id-meta":"","stick-header-meta":"default","header-above-stick-meta":"","header-main-stick-meta":"","header-below-stick-meta":"","astra-migrate-meta-layouts":"set","ast-page-background-enabled":"default","ast-page-background-meta":{"desktop":{"background-color":"var(--ast-global-color-4)","background-image":"","background-repeat":"repeat","background-position":"center center","background-size":"auto","background-attachment":"scroll","background-type":"","background-media":"","overlay-type":"","overlay-color":"","overlay-opacity":"","overlay-gradient":""},"tablet":{"background-color":"","background-image":"","background-repeat":"repeat","background-position":"center center","background-size":"auto","background-attachment":"scroll","background-type":"","background-media":"","overlay-type":"","overlay-color":"","overlay-opacity":"","overlay-gradient":""},"mobile":{"background-color":"","background-image":"","background-repeat":"repeat","background-position":"center center","background-size":"auto","background-attachment":"scroll","background-type":"","background-media":"","overlay-type":"","overlay-color":"","overlay-opacity":"","overlay-gradient":""}},"ast-content-background-meta":{"desktop":{"background-color":"var(--ast-global-color-5)","background-image":"","background-repeat":"repeat","background-position":"center center","background-size":"auto","background-attachment":"scroll","background-type":"","background-media":"","overlay-type":"","overlay-color":"","overlay-opacity":"","overlay-gradient":""},"tablet":{"background-color":"var(--ast-global-color-5)","background-image":"","background-repeat":"repeat","background-position":"center center","background-size":"auto","background-attachment":"scroll","background-type":"","background-media":"","overlay-type":"","overlay-color":"","overlay-opacity":"","overlay-gradient":""},"mobile":{"background-color":"var(--ast-global-color-5)","background-image":"","background-repeat":"repeat","background-position":"center center","background-size":"auto","background-attachment":"scroll","background-type":"","background-media":"","overlay-type":"","overlay-color":"","overlay-opacity":"","overlay-gradient":""}}},"product_brand":[],"product_cat":[209],"product_tag":[],"class_list":{"0":"post-20971","1":"product","2":"type-product","3":"status-publish","4":"has-post-thumbnail","6":"product_cat-service-de-taxi","7":"desktop-align-left","8":"tablet-align-left","9":"mobile-align-left","10":"ast-product-gallery-layout-horizontal-slider","11":"ast-product-gallery-with-no-image","12":"ast-product-single-variable","13":"ast-product-tabs-layout-horizontal","15":"first","16":"instock","17":"taxable","18":"shipping-taxable","19":"purchasable","20":"product-type-variable"},"acf":[],"_links":{"self":[{"href":"https:\/\/ihdemu.com\/fr\/wp-json\/wp\/v2\/product\/20971","targetHints":{"allow":["GET"]}}],"collection":[{"href":"https:\/\/ihdemu.com\/fr\/wp-json\/wp\/v2\/product"}],"about":[{"href":"https:\/\/ihdemu.com\/fr\/wp-json\/wp\/v2\/types\/product"}],"wp:featuredmedia":[{"embeddable":true,"href":"https:\/\/ihdemu.com\/fr\/wp-json\/wp\/v2\/media\/49893"}],"wp:attachment":[{"href":"https:\/\/ihdemu.com\/fr\/wp-json\/wp\/v2\/media?parent=20971"}],"wp:term":[{"taxonomy":"product_brand","embeddable":true,"href":"https:\/\/ihdemu.com\/fr\/wp-json\/wp\/v2\/product_brand?post=20971"},{"taxonomy":"product_cat","embeddable":true,"href":"https:\/\/ihdemu.com\/fr\/wp-json\/wp\/v2\/product_cat?post=20971"},{"taxonomy":"product_tag","embeddable":true,"href":"https:\/\/ihdemu.com\/fr\/wp-json\/wp\/v2\/product_tag?post=20971"}],"curies":[{"name":"wp","href":"https:\/\/api.w.org\/{rel}","templated":true}]}}