{"id":18748,"date":"2022-11-14T16:08:43","date_gmt":"2022-11-14T15:08:43","guid":{"rendered":"https:\/\/ihdemu.com\/objetivos\/"},"modified":"2024-02-29T14:41:54","modified_gmt":"2024-02-29T13:41:54","slug":"obbiettivi-livello","status":"publish","type":"page","link":"https:\/\/ihdemu.com\/it\/obbiettivi-livello\/","title":{"rendered":"Obiettivi per livello nei nostri corsi di spagnolo"},"content":{"rendered":"\t\t<div data-elementor-type=\"wp-page\" data-elementor-id=\"18748\" class=\"elementor elementor-18748 elementor-3818\" data-elementor-post-type=\"page\">\n\t\t\t\t\t\t<section data-dce-background-image-url=\"https:\/\/ihdemu.com\/wp-content\/uploads\/2022\/11\/Instituto-Hispanico-de-Murcia-Cabecera-Objetivos.jpg\" class=\"elementor-section elementor-top-section elementor-element elementor-element-aa0fffd elementor-section-boxed elementor-section-height-default elementor-section-height-default\" data-id=\"aa0fffd\" data-element_type=\"section\" data-e-type=\"section\" id=\"cabecera\" data-settings=\"{&quot;background_background&quot;:&quot;classic&quot;}\">\n\t\t\t\t\t\t\t<div class=\"elementor-background-overlay\"><\/div>\n\t\t\t\t\t\t\t<div class=\"elementor-container elementor-column-gap-default\">\n\t\t\t\t\t<div class=\"elementor-column elementor-col-100 elementor-top-column elementor-element elementor-element-fd2f8cf\" data-id=\"fd2f8cf\" data-element_type=\"column\" data-e-type=\"column\">\n\t\t\t<div class=\"elementor-widget-wrap elementor-element-populated\">\n\t\t\t\t\t\t<div class=\"elementor-element elementor-element-4424047 elementor-widget elementor-widget-heading\" data-id=\"4424047\" data-element_type=\"widget\" data-e-type=\"widget\" data-widget_type=\"heading.default\">\n\t\t\t\t<div class=\"elementor-widget-container\">\n\t\t\t\t\t<h1 class=\"elementor-heading-title elementor-size-default\">Obiettivi per livello<\/h1>\t\t\t\t<\/div>\n\t\t\t\t<\/div>\n\t\t\t\t\t<\/div>\n\t\t<\/div>\n\t\t\t\t\t<\/div>\n\t\t<\/section>\n\t\t\t\t<section class=\"elementor-section elementor-top-section elementor-element elementor-element-c1b8866 contenido elementor-section-boxed elementor-section-height-default elementor-section-height-default\" data-id=\"c1b8866\" data-element_type=\"section\" data-e-type=\"section\">\n\t\t\t\t\t\t<div class=\"elementor-container elementor-column-gap-default\">\n\t\t\t\t\t<div class=\"elementor-column elementor-col-50 elementor-top-column elementor-element elementor-element-17b9e95 caja rosa\" data-id=\"17b9e95\" data-element_type=\"column\" data-e-type=\"column\">\n\t\t\t<div class=\"elementor-widget-wrap elementor-element-populated\">\n\t\t\t\t\t\t<div class=\"elementor-element elementor-element-96cc032 elementor-widget elementor-widget-image\" data-id=\"96cc032\" data-element_type=\"widget\" data-e-type=\"widget\" data-widget_type=\"image.default\">\n\t\t\t\t<div class=\"elementor-widget-container\">\n\t\t\t\t\t\t\t\t\t\t\t\t\t\t\t<img decoding=\"async\" width=\"231\" height=\"200\" src=\"https:\/\/ihdemu.com\/wp-content\/uploads\/2023\/01\/Instituto-Hispanico-de-Murcia-Objetivos-A1.png\" class=\"attachment-large size-large wp-image-20858\" alt=\"Instituto Hispanico de Murcia - Objetivos - A1\" \/>\t\t\t\t\t\t\t\t\t\t\t\t\t\t\t<\/div>\n\t\t\t\t<\/div>\n\t\t\t\t<div class=\"elementor-element elementor-element-dd21f10 elementor-widget elementor-widget-heading\" data-id=\"dd21f10\" data-element_type=\"widget\" data-e-type=\"widget\" data-widget_type=\"heading.default\">\n\t\t\t\t<div class=\"elementor-widget-container\">\n\t\t\t\t\t<h2 class=\"elementor-heading-title elementor-size-default\">A1 - BASE<\/h2>\t\t\t\t<\/div>\n\t\t\t\t<\/div>\n\t\t\t\t<div class=\"elementor-element elementor-element-a3a33b0 elementor-widget elementor-widget-text-editor\" data-id=\"a3a33b0\" data-element_type=\"widget\" data-e-type=\"widget\" data-widget_type=\"text-editor.default\">\n\t\t\t\t<div class=\"elementor-widget-container\">\n\t\t\t\t\t\t\t\t\t<ul><li><span style=\"background-color: rgba(255, 161, 209, 0);\">Per completare questo livello \u00e8 necessario impiegare un minimo di 60 ore secondo gli standard dell&#8217;Instituto Cervantes.<\/span><\/li><li>Gli studenti sono in grado di gestire un repertorio limitato di risorse linguistiche e non linguistiche semplici, come strutture sintattiche di base (comprese frasi o formule memorizzate) e conoscenze molto generali sulle convenzioni sociali e sui riferimenti culturali del mondo ispanico.<\/li><li><span style=\"letter-spacing: 0px; background-color: rgba(255, 161, 209, 0);\">Usano le loro abilit\u00e0, capacit\u00e0 e attitudini per compensare le difficolt\u00e0 di comunicazione.<\/span><\/li><li><span style=\"letter-spacing: 0px; background-color: rgba(255, 161, 209, 0);\">Comunicano in modo comprensibile e chiaro, anche se il loro accento straniero \u00e8 evidente e, in rare situazioni, si verificano interruzioni e incomprensioni.<\/span><\/li><li><span style=\"letter-spacing: 0px; background-color: rgba(255, 161, 209, 0);\">Sono in grado di affrontare situazioni quotidiane: pongono e rispondono alle domande, ottengono informazioni di base in negozi, banche, uffici postali, mezzi di trasporto, ecc. e acquisiscono i beni e i servizi di cui hanno bisogno.<\/span><\/li><\/ul>\t\t\t\t\t\t\t\t<\/div>\n\t\t\t\t<\/div>\n\t\t\t\t\t<\/div>\n\t\t<\/div>\n\t\t\t\t<div class=\"elementor-column elementor-col-50 elementor-top-column elementor-element elementor-element-3375698 caja rosa\" data-id=\"3375698\" data-element_type=\"column\" data-e-type=\"column\">\n\t\t\t<div class=\"elementor-widget-wrap elementor-element-populated\">\n\t\t\t\t\t\t<div class=\"elementor-element elementor-element-938e257 elementor-widget elementor-widget-image\" data-id=\"938e257\" data-element_type=\"widget\" data-e-type=\"widget\" data-widget_type=\"image.default\">\n\t\t\t\t<div class=\"elementor-widget-container\">\n\t\t\t\t\t\t\t\t\t\t\t\t\t\t\t<img fetchpriority=\"high\" decoding=\"async\" width=\"293\" height=\"200\" src=\"https:\/\/ihdemu.com\/wp-content\/uploads\/2022\/12\/Instituto-Hispanico-de-Murcia-Objetivos-A2.png\" class=\"attachment-large size-large wp-image-17312\" alt=\"RAgazzo che indica e fa pollice in su\" \/>\t\t\t\t\t\t\t\t\t\t\t\t\t\t\t<\/div>\n\t\t\t\t<\/div>\n\t\t\t\t<div class=\"elementor-element elementor-element-69496a1 elementor-widget elementor-widget-heading\" data-id=\"69496a1\" data-element_type=\"widget\" data-e-type=\"widget\" data-widget_type=\"heading.default\">\n\t\t\t\t<div class=\"elementor-widget-container\">\n\t\t\t\t\t<h2 class=\"elementor-heading-title elementor-size-default\">A2 - ELEMENTARE<\/h2>\t\t\t\t<\/div>\n\t\t\t\t<\/div>\n\t\t\t\t<div class=\"elementor-element elementor-element-9f6de3c elementor-widget elementor-widget-text-editor\" data-id=\"9f6de3c\" data-element_type=\"widget\" data-e-type=\"widget\" data-widget_type=\"text-editor.default\">\n\t\t\t\t<div class=\"elementor-widget-container\">\n\t\t\t\t\t\t\t\t\t<ul><li><span style=\"background-color: rgba(255, 161, 209, 0);\">Per completare questo livello \u00e8 necessario impiegare un minimo di 90 ore secondo gli standard dell&#8217;Instituto Cervantes.<\/span><\/li><li><span style=\"background-color: rgba(255, 161, 209, 0);\"><span style=\"letter-spacing: 0px;\">Gli studenti sono in grado di gestire un repertorio limitato di risorse linguistiche e non linguistiche semplici, come strutture sintattiche di base (comprese frasi o formule memorizzate) e conoscenze molto generali sulle convenzioni sociali e sui riferimenti culturali del mondo ispanico.<\/span><\/span><\/li><li><span style=\"background-color: rgba(255, 161, 209, 0);\">Usano le loro abilit\u00e0, capacit\u00e0 e attitudini per compensare le loro difficolt\u00e0 di comunicazione.<\/span><\/li><li><span style=\"background-color: rgba(255, 161, 209, 0);\">Comunicano in modo comprensibile e chiaro, anche se il loro accento straniero \u00e8 evidente e, in rare situazioni, si verificano interruzioni e incomprensioni.<\/span><\/li><li><span style=\"background-color: rgba(255, 161, 209, 0);\">Funzionano nelle situazioni quotidiane di sopravvivenza di base: chiedono e rispondono alle richieste, ottengono informazioni di base nei negozi, banche, uffici postali, mezzi di trasporto, ecc. e acquisiscono i beni e i servizi di cui hanno bisogno.<\/span><\/li><\/ul>\t\t\t\t\t\t\t\t<\/div>\n\t\t\t\t<\/div>\n\t\t\t\t\t<\/div>\n\t\t<\/div>\n\t\t\t\t\t<\/div>\n\t\t<\/section>\n\t\t\t\t<section class=\"elementor-section elementor-top-section elementor-element elementor-element-abdc0d4 contenido elementor-section-boxed elementor-section-height-default elementor-section-height-default\" data-id=\"abdc0d4\" data-element_type=\"section\" data-e-type=\"section\">\n\t\t\t\t\t\t<div class=\"elementor-container elementor-column-gap-default\">\n\t\t\t\t\t<div class=\"elementor-column elementor-col-50 elementor-top-column elementor-element elementor-element-3c1c07b caja amarillo\" data-id=\"3c1c07b\" data-element_type=\"column\" data-e-type=\"column\">\n\t\t\t<div class=\"elementor-widget-wrap elementor-element-populated\">\n\t\t\t\t\t\t<div class=\"elementor-element elementor-element-c5bca0a elementor-widget elementor-widget-image\" data-id=\"c5bca0a\" data-element_type=\"widget\" data-e-type=\"widget\" data-widget_type=\"image.default\">\n\t\t\t\t<div class=\"elementor-widget-container\">\n\t\t\t\t\t\t\t\t\t\t\t\t\t\t\t<img decoding=\"async\" width=\"231\" height=\"200\" src=\"https:\/\/ihdemu.com\/wp-content\/uploads\/2022\/12\/Instituto-Hispanico-de-Murcia-Objetivos-B1-2.png\" class=\"attachment-large size-large wp-image-17348\" alt=\"Ragazza sorpresa\" \/>\t\t\t\t\t\t\t\t\t\t\t\t\t\t\t<\/div>\n\t\t\t\t<\/div>\n\t\t\t\t<div class=\"elementor-element elementor-element-aa45d0a elementor-widget elementor-widget-heading\" data-id=\"aa45d0a\" data-element_type=\"widget\" data-e-type=\"widget\" data-widget_type=\"heading.default\">\n\t\t\t\t<div class=\"elementor-widget-container\">\n\t\t\t\t\t<h2 class=\"elementor-heading-title elementor-size-default\">B1 - INTERMEDIO O DI SOGLIA<\/h2>\t\t\t\t<\/div>\n\t\t\t\t<\/div>\n\t\t\t\t<div class=\"elementor-element elementor-element-5c7ee26 elementor-widget elementor-widget-text-editor\" data-id=\"5c7ee26\" data-element_type=\"widget\" data-e-type=\"widget\" data-widget_type=\"text-editor.default\">\n\t\t\t\t<div class=\"elementor-widget-container\">\n\t\t\t\t\t\t\t\t\t<ul><li>Per completare questo livello \u00e8 necessario impiegare un minimo di 120 ore secondo gli standard dell&#8217;Instituto Cervantes.<\/li><li>Gli studenti sono in grado di usufruire di un ampio ma semplice repertorio di vocaboli, strutture e formule.<\/li><li>Mettono in gioco le conoscenze generali del mondo ispanico (riferimenti culturali, norme e convenzioni di natura socioculturale) di cui hanno bisogno per destreggiarsi negli scambi comunicativi a cui partecipano.<\/li><li>Comunicano adeguatamente con un registro neutro, sebbene con sufficiente flessibilit\u00e0 per adattarsi a situazioni diverse.<\/li><li>Si esprimono con ragionevole precisione, anche se esitano o si soffermano a pensare a cosa diranno e commettono errori (soprattutto di pronuncia), soprattutto in situazioni impreviste e tese.<\/li><li>Sanno come chiedere a qualcuno di chiarire o sviluppare ci\u00f2 che hanno appena detto.<\/li><li>Sono in grado di effettuare le operazioni che sono richieste nell&#8217;organizzazione di un viaggio o durante il suo svolgimento o in situazioni meno comuni in negozi, agenzie di autonoleggio, uffici postali, banche, ecc.<\/li><li>Sono in grado di sporgere denuncia e raccontare dettagli di situazioni impreviste (furti, incidenti, ecc.).<\/li><\/ul>\t\t\t\t\t\t\t\t<\/div>\n\t\t\t\t<\/div>\n\t\t\t\t\t<\/div>\n\t\t<\/div>\n\t\t\t\t<div class=\"elementor-column elementor-col-50 elementor-top-column elementor-element elementor-element-0ed1c9f caja amarillo\" data-id=\"0ed1c9f\" data-element_type=\"column\" data-e-type=\"column\">\n\t\t\t<div class=\"elementor-widget-wrap elementor-element-populated\">\n\t\t\t\t\t\t<div class=\"elementor-element elementor-element-35fc6ec elementor-widget elementor-widget-image\" data-id=\"35fc6ec\" data-element_type=\"widget\" data-e-type=\"widget\" data-widget_type=\"image.default\">\n\t\t\t\t<div class=\"elementor-widget-container\">\n\t\t\t\t\t\t\t\t\t\t\t\t\t\t\t<img loading=\"lazy\" decoding=\"async\" width=\"176\" height=\"200\" src=\"https:\/\/ihdemu.com\/wp-content\/uploads\/2023\/01\/Instituto-Hispanico-de-Murcia-Objetivos-B2.png\" class=\"attachment-large size-large wp-image-20879\" alt=\"Instituto Hispanico de Murcia - Objetivos - B2\" \/>\t\t\t\t\t\t\t\t\t\t\t\t\t\t\t<\/div>\n\t\t\t\t<\/div>\n\t\t\t\t<div class=\"elementor-element elementor-element-046c727 elementor-widget elementor-widget-heading\" data-id=\"046c727\" data-element_type=\"widget\" data-e-type=\"widget\" data-widget_type=\"heading.default\">\n\t\t\t\t<div class=\"elementor-widget-container\">\n\t\t\t\t\t<h2 class=\"elementor-heading-title elementor-size-default\">B2 - INTERMEDIO SUPERIORE O DI EFFICIENZA AUTONOMA<\/h2>\t\t\t\t<\/div>\n\t\t\t\t<\/div>\n\t\t\t\t<div class=\"elementor-element elementor-element-6666f0a elementor-widget elementor-widget-text-editor\" data-id=\"6666f0a\" data-element_type=\"widget\" data-e-type=\"widget\" data-widget_type=\"text-editor.default\">\n\t\t\t\t<div class=\"elementor-widget-container\">\n\t\t\t\t\t\t\t\t\t<ul><li>Per completare questo livello \u00e8 necessario impiegare un minimo di 150 ore dopo aver preventivamente accreditato i livelli precedenti secondo gli standard dell&#8217;Instituto Cervantes.<\/li><li>Gli studenti dispongono delle risorse linguistiche e non linguistiche necessarie per partecipare agli scambi comunicativi con un sufficiente grado di scioltezza, precisione e naturalezza, in modo che i loro interlocutori non debbano fare sforzi particolari.<\/li><li>Hanno un livello di consapevolezza del linguaggio che consente loro di evitare errori che danno adito a malintesi e utilizzano risorse sufficienti per evitare situazioni di ambiguit\u00e0 e chiarire cosa ha voluto dire l&#8217;interlocutore.<\/li><li>Utilizzano un vasto repertorio linguistico, sufficiente per esprimersi con argomentazioni e sfumature, senza grossi errori di formulazione e con pronuncia chiara.<\/li><li>Considerano l&#8217;effetto dei loro commenti e tengono conto sia della situazione comunicativa che dei loro interlocutori per adattare il registro e il livello di formalit\u00e0 alle diverse circostanze.<\/li><li>Hanno una capacit\u00e0 linguistica sufficiente per delineare i dettagli di un problema, presentare reclami e risolvere situazioni di conflitto usando la loro capacit\u00e0 di argomentare e usare un linguaggio persuasivo.<\/li><\/ul>\t\t\t\t\t\t\t\t<\/div>\n\t\t\t\t<\/div>\n\t\t\t\t\t<\/div>\n\t\t<\/div>\n\t\t\t\t\t<\/div>\n\t\t<\/section>\n\t\t\t\t<section class=\"elementor-section elementor-top-section elementor-element elementor-element-a5a639f contenido elementor-section-boxed elementor-section-height-default elementor-section-height-default\" data-id=\"a5a639f\" data-element_type=\"section\" data-e-type=\"section\">\n\t\t\t\t\t\t<div class=\"elementor-container elementor-column-gap-default\">\n\t\t\t\t\t<div class=\"elementor-column elementor-col-50 elementor-top-column elementor-element elementor-element-5cb95d8 caja verde\" data-id=\"5cb95d8\" data-element_type=\"column\" data-e-type=\"column\">\n\t\t\t<div class=\"elementor-widget-wrap elementor-element-populated\">\n\t\t\t\t\t\t<div class=\"elementor-element elementor-element-84d4c4f elementor-widget elementor-widget-image\" data-id=\"84d4c4f\" data-element_type=\"widget\" data-e-type=\"widget\" data-widget_type=\"image.default\">\n\t\t\t\t<div class=\"elementor-widget-container\">\n\t\t\t\t\t\t\t\t\t\t\t\t\t\t\t<img loading=\"lazy\" decoding=\"async\" width=\"149\" height=\"200\" src=\"https:\/\/ihdemu.com\/wp-content\/uploads\/2022\/12\/Instituto-Hispanico-de-Murcia-Objetivos-C1.png\" class=\"attachment-large size-large wp-image-17285\" alt=\"Ragazzo che esulta\" \/>\t\t\t\t\t\t\t\t\t\t\t\t\t\t\t<\/div>\n\t\t\t\t<\/div>\n\t\t\t\t<div class=\"elementor-element elementor-element-fa93224 elementor-widget elementor-widget-heading\" data-id=\"fa93224\" data-element_type=\"widget\" data-e-type=\"widget\" data-widget_type=\"heading.default\">\n\t\t\t\t<div class=\"elementor-widget-container\">\n\t\t\t\t\t<h2 class=\"elementor-heading-title elementor-size-default\">C1 - AVANZATO<\/h2>\t\t\t\t<\/div>\n\t\t\t\t<\/div>\n\t\t\t\t<div class=\"elementor-element elementor-element-74e6de1 elementor-widget elementor-widget-text-editor\" data-id=\"74e6de1\" data-element_type=\"widget\" data-e-type=\"widget\" data-widget_type=\"text-editor.default\">\n\t\t\t\t<div class=\"elementor-widget-container\">\n\t\t\t\t\t\t\t\t\t<ul><li>Per completare questo livello \u00e8 necessario impiegare un minimo di 180 ore dopo aver preventivamente accreditato i livelli precedenti secondo gli standard dell&#8217;Instituto Cervantes.<\/li><li>Gli studenti hanno un repertorio di risorse linguistiche e non linguistiche sufficientemente ampio e ricco per comunicare in modo fluente e naturale, quasi senza sforzo.<\/li><li>Hanno un vasto e preciso repertorio lessicale che permette loro di esprimere sfumature di significato, eliminando ambiguit\u00e0 e confusione.<\/li><li>Comunicano in modo fluido e spontaneo, con poca esitazione, anche in situazioni complicate o con circostanze avverse di rumore o interferenza.<\/li><li>Utilizzano il registro appropriato per ogni tipo di situazione e operano in modo coerente in registri diversi (familiare, neutrale, formale, solenne, ecc.).<\/li><li>Ricorrono alle competenze, capacit\u00e0 e attitudini necessarie per effettuare operazioni delicate o di un certo grado di complessit\u00e0, come prendere accordi telefonici, svolgere operazioni bancarie di una certa complessit\u00e0, risolvere guasti seguendo istruzioni telefoniche, ecc.<\/li><\/ul>\t\t\t\t\t\t\t\t<\/div>\n\t\t\t\t<\/div>\n\t\t\t\t\t<\/div>\n\t\t<\/div>\n\t\t\t\t<div class=\"elementor-column elementor-col-50 elementor-top-column elementor-element elementor-element-74a2edf caja verde\" data-id=\"74a2edf\" data-element_type=\"column\" data-e-type=\"column\">\n\t\t\t<div class=\"elementor-widget-wrap elementor-element-populated\">\n\t\t\t\t\t\t<div class=\"elementor-element elementor-element-510448a elementor-widget elementor-widget-image\" data-id=\"510448a\" data-element_type=\"widget\" data-e-type=\"widget\" data-widget_type=\"image.default\">\n\t\t\t\t<div class=\"elementor-widget-container\">\n\t\t\t\t\t\t\t\t\t\t\t\t\t\t\t<img loading=\"lazy\" decoding=\"async\" width=\"185\" height=\"200\" src=\"https:\/\/ihdemu.com\/wp-content\/uploads\/2022\/12\/Instituto-Hispanico-de-Murcia-Objetivos-C2.png\" class=\"attachment-large size-large wp-image-17294\" alt=\"Ragazzo con tocco laurea\" \/>\t\t\t\t\t\t\t\t\t\t\t\t\t\t\t<\/div>\n\t\t\t\t<\/div>\n\t\t\t\t<div class=\"elementor-element elementor-element-9ed0f77 elementor-widget elementor-widget-heading\" data-id=\"9ed0f77\" data-element_type=\"widget\" data-e-type=\"widget\" data-widget_type=\"heading.default\">\n\t\t\t\t<div class=\"elementor-widget-container\">\n\t\t\t\t\t<h2 class=\"elementor-heading-title elementor-size-default\">C2 - PADRONANZA DELLA LINGUA IN SITUAZIONI COMPLESSE<\/h2>\t\t\t\t<\/div>\n\t\t\t\t<\/div>\n\t\t\t\t<div class=\"elementor-element elementor-element-4f2a7b0 elementor-widget elementor-widget-text-editor\" data-id=\"4f2a7b0\" data-element_type=\"widget\" data-e-type=\"widget\" data-widget_type=\"text-editor.default\">\n\t\t\t\t<div class=\"elementor-widget-container\">\n\t\t\t\t\t\t\t\t\t<ul>\n<li>Per completare questo livello \u00e8 necessario impiegare un minimo di 210 ore dopo aver preventivamente accreditato i livelli precedenti secondo gli standard dell&#8217;Instituto Cervantes.&nbsp;<\/li>\n<li>Gli studenti hanno risorse linguistiche e non linguistiche, nonch\u00e9 sufficienti conoscenze dichiarative per affrontare ogni tipo di situazione, anche imprevista, e le complicazioni in cui possono essere coinvolti.<\/li>\n<li>Si esprimono con precisione, correttezza e facilit\u00e0 nell&#8217;uso della lingua e sono in grado di trasmettere sottili sfumature di significato.<\/li>\n<li>Funzionano senza problemi in diversi registri e hanno una buona padronanza delle espressioni idiomatiche e colloquiali.<\/li>\n<li>In situazioni particolarmente delicate o complesse sanno aggirare le difficolt\u00e0 di comunicazione con tale abilit\u00e0 e discrezione che l&#8217;interlocutore a malapena le nota.<\/li>\n<li>Hanno capacit\u00e0 linguistiche sufficienti per comprendere le implicazioni di un contratto o di un documento amministrativo, informarsi su aree di lavoro diverse dalla propria, fare valutazioni sfumate di una proposta, descrivere sintomi non visibili di malattia, affrontare situazioni professionali insolite, ecc.<\/li>\n<\/ul>\t\t\t\t\t\t\t\t<\/div>\n\t\t\t\t<\/div>\n\t\t\t\t\t<\/div>\n\t\t<\/div>\n\t\t\t\t\t<\/div>\n\t\t<\/section>\n\t\t\t\t<section class=\"elementor-section elementor-top-section elementor-element elementor-element-c2ea7ad elementor-section-boxed elementor-section-height-default elementor-section-height-default\" data-id=\"c2ea7ad\" data-element_type=\"section\" data-e-type=\"section\" id=\"imagen\">\n\t\t\t\t\t\t<div class=\"elementor-container elementor-column-gap-default\">\n\t\t\t\t\t<div class=\"elementor-column elementor-col-100 elementor-top-column elementor-element elementor-element-0642bec\" data-id=\"0642bec\" data-element_type=\"column\" data-e-type=\"column\">\n\t\t\t<div class=\"elementor-widget-wrap elementor-element-populated\">\n\t\t\t\t\t\t<div class=\"elementor-element elementor-element-e03ede4 elementor-widget elementor-widget-image\" data-id=\"e03ede4\" data-element_type=\"widget\" data-e-type=\"widget\" data-widget_type=\"image.default\">\n\t\t\t\t<div class=\"elementor-widget-container\">\n\t\t\t\t\t\t\t\t\t\t\t\t\t\t\t<img loading=\"lazy\" decoding=\"async\" width=\"1024\" height=\"372\" src=\"https:\/\/ihdemu.com\/wp-content\/uploads\/2022\/12\/Instituto-Hispanico-de-Murcia-Obiettivi-Livello-1024x372.png\" class=\"attachment-large size-large wp-image-18756\" alt=\"Instituto Hispanico de Murcia - Obiettivi - Livello\" srcset=\"https:\/\/ihdemu.com\/wp-content\/uploads\/2022\/12\/Instituto-Hispanico-de-Murcia-Obiettivi-Livello-1024x372.png 1024w, https:\/\/ihdemu.com\/wp-content\/uploads\/2022\/12\/Instituto-Hispanico-de-Murcia-Obiettivi-Livello-300x109.png 300w, https:\/\/ihdemu.com\/wp-content\/uploads\/2022\/12\/Instituto-Hispanico-de-Murcia-Obiettivi-Livello-768x279.png 768w, https:\/\/ihdemu.com\/wp-content\/uploads\/2022\/12\/Instituto-Hispanico-de-Murcia-Obiettivi-Livello-600x218.png 600w, https:\/\/ihdemu.com\/wp-content\/uploads\/2022\/12\/Instituto-Hispanico-de-Murcia-Obiettivi-Livello.png 1100w\" sizes=\"(max-width: 1024px) 100vw, 1024px\" \/>\t\t\t\t\t\t\t\t\t\t\t\t\t\t\t<\/div>\n\t\t\t\t<\/div>\n\t\t\t\t\t<\/div>\n\t\t<\/div>\n\t\t\t\t\t<\/div>\n\t\t<\/section>\n\t\t\t\t<\/div>\n\t\t","protected":false},"excerpt":{"rendered":"<p>Obiettivi per livello A1 &#8211; BASE Per completare questo livello \u00e8 necessario impiegare un minimo di 60 ore secondo gli standard dell&#8217;Instituto Cervantes. Gli studenti sono in grado di gestire un repertorio limitato di risorse linguistiche e non linguistiche semplici, come strutture sintattiche di base (comprese frasi o formule memorizzate) e conoscenze molto generali sulle [&hellip;]<\/p>\n","protected":false},"author":1,"featured_media":16567,"parent":0,"menu_order":0,"comment_status":"closed","ping_status":"closed","template":"elementor_header_footer","meta":{"_acf_changed":false,"inline_featured_image":false,"site-sidebar-layout":"no-sidebar","site-content-layout":"page-builder","ast-site-content-layout":"default","site-content-style":"default","site-sidebar-style":"default","ast-global-header-display":"","ast-banner-title-visibility":"","ast-main-header-display":"","ast-hfb-above-header-display":"","ast-hfb-below-header-display":"","ast-hfb-mobile-header-display":"","site-post-title":"disabled","ast-breadcrumbs-content":"","ast-featured-img":"disabled","footer-sml-layout":"","ast-disable-related-posts":"","theme-transparent-header-meta":"default","adv-header-id-meta":"","stick-header-meta":"default","header-above-stick-meta":"","header-main-stick-meta":"","header-below-stick-meta":"","astra-migrate-meta-layouts":"default","ast-page-background-enabled":"default","ast-page-background-meta":{"desktop":{"background-color":"var(--ast-global-color-4)","background-image":"","background-repeat":"repeat","background-position":"center center","background-size":"auto","background-attachment":"scroll","background-type":"","background-media":"","overlay-type":"","overlay-color":"","overlay-opacity":"","overlay-gradient":""},"tablet":{"background-color":"","background-image":"","background-repeat":"repeat","background-position":"center center","background-size":"auto","background-attachment":"scroll","background-type":"","background-media":"","overlay-type":"","overlay-color":"","overlay-opacity":"","overlay-gradient":""},"mobile":{"background-color":"","background-image":"","background-repeat":"repeat","background-position":"center center","background-size":"auto","background-attachment":"scroll","background-type":"","background-media":"","overlay-type":"","overlay-color":"","overlay-opacity":"","overlay-gradient":""}},"ast-content-background-meta":{"desktop":{"background-color":"var(--ast-global-color-5)","background-image":"","background-repeat":"repeat","background-position":"center center","background-size":"auto","background-attachment":"scroll","background-type":"","background-media":"","overlay-type":"","overlay-color":"","overlay-opacity":"","overlay-gradient":""},"tablet":{"background-color":"var(--ast-global-color-5)","background-image":"","background-repeat":"repeat","background-position":"center center","background-size":"auto","background-attachment":"scroll","background-type":"","background-media":"","overlay-type":"","overlay-color":"","overlay-opacity":"","overlay-gradient":""},"mobile":{"background-color":"var(--ast-global-color-5)","background-image":"","background-repeat":"repeat","background-position":"center center","background-size":"auto","background-attachment":"scroll","background-type":"","background-media":"","overlay-type":"","overlay-color":"","overlay-opacity":"","overlay-gradient":""}},"footnotes":""},"class_list":["post-18748","page","type-page","status-publish","has-post-thumbnail","hentry"],"acf":[],"_links":{"self":[{"href":"https:\/\/ihdemu.com\/it\/wp-json\/wp\/v2\/pages\/18748","targetHints":{"allow":["GET"]}}],"collection":[{"href":"https:\/\/ihdemu.com\/it\/wp-json\/wp\/v2\/pages"}],"about":[{"href":"https:\/\/ihdemu.com\/it\/wp-json\/wp\/v2\/types\/page"}],"author":[{"embeddable":true,"href":"https:\/\/ihdemu.com\/it\/wp-json\/wp\/v2\/users\/1"}],"replies":[{"embeddable":true,"href":"https:\/\/ihdemu.com\/it\/wp-json\/wp\/v2\/comments?post=18748"}],"version-history":[{"count":0,"href":"https:\/\/ihdemu.com\/it\/wp-json\/wp\/v2\/pages\/18748\/revisions"}],"wp:featuredmedia":[{"embeddable":true,"href":"https:\/\/ihdemu.com\/it\/wp-json\/wp\/v2\/media\/16567"}],"wp:attachment":[{"href":"https:\/\/ihdemu.com\/it\/wp-json\/wp\/v2\/media?parent=18748"}],"curies":[{"name":"wp","href":"https:\/\/api.w.org\/{rel}","templated":true}]}}