{"id":8276,"date":"2022-11-13T21:24:10","date_gmt":"2022-11-13T20:24:10","guid":{"rendered":"https:\/\/ihdemu.com\/escuela-murcia\/"},"modified":"2024-05-15T11:26:22","modified_gmt":"2024-05-15T09:26:22","slug":"scuola-spagnolo","status":"publish","type":"page","link":"https:\/\/ihdemu.com\/it\/scuola-spagnolo\/","title":{"rendered":"La migliore scuola di spagnolo"},"content":{"rendered":"\t\t<div data-elementor-type=\"wp-page\" data-elementor-id=\"8276\" class=\"elementor elementor-8276 elementor-3121\" data-elementor-post-type=\"page\">\n\t\t\t\t\t\t<section data-dce-background-image-url=\"https:\/\/ihdemu.com\/wp-content\/uploads\/2022\/11\/Instituto-Hispanico-de-Murcia-Cabecera-Mejor-Escuela-Espanol.jpg\" class=\"elementor-section elementor-top-section elementor-element elementor-element-c3faa4e elementor-section-boxed elementor-section-height-default elementor-section-height-default\" data-id=\"c3faa4e\" data-element_type=\"section\" data-e-type=\"section\" data-settings=\"{&quot;background_background&quot;:&quot;classic&quot;}\">\n\t\t\t\t\t\t\t<div class=\"elementor-background-overlay\"><\/div>\n\t\t\t\t\t\t\t<div class=\"elementor-container elementor-column-gap-default\">\n\t\t\t\t\t<div class=\"elementor-column elementor-col-100 elementor-top-column elementor-element elementor-element-093e1fd\" data-id=\"093e1fd\" data-element_type=\"column\" data-e-type=\"column\">\n\t\t\t<div class=\"elementor-widget-wrap elementor-element-populated\">\n\t\t\t\t\t\t<div class=\"elementor-element elementor-element-3bd93d4 elementor-widget elementor-widget-heading\" data-id=\"3bd93d4\" data-element_type=\"widget\" data-e-type=\"widget\" id=\"cabecera\" data-widget_type=\"heading.default\">\n\t\t\t\t<div class=\"elementor-widget-container\">\n\t\t\t\t\t<h1 class=\"elementor-heading-title elementor-size-default\">LA MIGLIORE SCUOLA DI SPAGNOLO<\/h1>\t\t\t\t<\/div>\n\t\t\t\t<\/div>\n\t\t\t\t\t<\/div>\n\t\t<\/div>\n\t\t\t\t\t<\/div>\n\t\t<\/section>\n\t\t\t\t<section class=\"elementor-section elementor-top-section elementor-element elementor-element-1784ab0 sepsup elementor-section-boxed elementor-section-height-default elementor-section-height-default\" data-id=\"1784ab0\" data-element_type=\"section\" data-e-type=\"section\">\n\t\t\t\t\t\t<div class=\"elementor-container elementor-column-gap-default\">\n\t\t\t\t\t<div class=\"elementor-column elementor-col-66 elementor-top-column elementor-element elementor-element-de71d9a col1\" data-id=\"de71d9a\" data-element_type=\"column\" data-e-type=\"column\">\n\t\t\t<div class=\"elementor-widget-wrap elementor-element-populated\">\n\t\t\t\t\t\t<div class=\"elementor-element elementor-element-883a4ee elementor-widget elementor-widget-text-editor\" data-id=\"883a4ee\" data-element_type=\"widget\" data-e-type=\"widget\" data-widget_type=\"text-editor.default\">\n\t\t\t\t<div class=\"elementor-widget-container\">\n\t\t\t\t\t\t\t\t\t<p>La nostra scuola di spagnolo si trova proprio nel cuore della citt\u00e0 di Murcia, vicino all\u2019Universit\u00e0 e accanto al Teatro Circo, circondata da luoghi d\u2019interesse come la cattedrale, musei, bar, ristoranti ed \u00e8 dotata di una biblioteca e di altri strumenti audiovisivi per lo studio dello spagnolo.&nbsp;<\/p>\n<p>Non abbiamo manie di grandezza, quindi non ti aspettare una scuola grande! Nonostante ci\u00f2, ricorda che offriamo corsi per tutti i livelli di spagnolo secondo il quadro comune europeo di riferimento per la conoscenza delle lingue.<\/p>\n<p>Ci prendiamo cura di tutti, in quanto l&#8217;edificio \u00e8 dotato anche di una rampa elettrica e di bagni adattati per i disabili.<\/p>\t\t\t\t\t\t\t\t<\/div>\n\t\t\t\t<\/div>\n\t\t\t\t\t<\/div>\n\t\t<\/div>\n\t\t\t\t<div class=\"elementor-column elementor-col-33 elementor-top-column elementor-element elementor-element-f602b9b col2\" data-id=\"f602b9b\" data-element_type=\"column\" data-e-type=\"column\">\n\t\t\t<div class=\"elementor-widget-wrap elementor-element-populated\">\n\t\t\t\t\t\t<div class=\"elementor-element elementor-element-496e172 elementor-view-default elementor-widget elementor-widget-icon\" data-id=\"496e172\" data-element_type=\"widget\" data-e-type=\"widget\" data-widget_type=\"icon.default\">\n\t\t\t\t<div class=\"elementor-widget-container\">\n\t\t\t\t\t\t\t<div class=\"elementor-icon-wrapper\">\n\t\t\t<div class=\"elementor-icon elementor-animation-grow\">\n\t\t\t<svg aria-hidden=\"true\" class=\"e-font-icon-svg e-fas-wheelchair\" viewBox=\"0 0 512 512\" xmlns=\"http:\/\/www.w3.org\/2000\/svg\"><path d=\"M496.101 385.669l14.227 28.663c3.929 7.915.697 17.516-7.218 21.445l-65.465 32.886c-16.049 7.967-35.556 1.194-43.189-15.055L331.679 320H192c-15.925 0-29.426-11.71-31.679-27.475C126.433 55.308 128.38 70.044 128 64c0-36.358 30.318-65.635 67.052-63.929 33.271 1.545 60.048 28.905 60.925 62.201.868 32.933-23.152 60.423-54.608 65.039l4.67 32.69H336c8.837 0 16 7.163 16 16v32c0 8.837-7.163 16-16 16H215.182l4.572 32H352a32 32 0 0 1 28.962 18.392L438.477 396.8l36.178-18.349c7.915-3.929 17.517-.697 21.446 7.218zM311.358 352h-24.506c-7.788 54.204-54.528 96-110.852 96-61.757 0-112-50.243-112-112 0-41.505 22.694-77.809 56.324-97.156-3.712-25.965-6.844-47.86-9.488-66.333C45.956 198.464 0 261.963 0 336c0 97.047 78.953 176 176 176 71.87 0 133.806-43.308 161.11-105.192L311.358 352z\"><\/path><\/svg>\t\t\t<\/div>\n\t\t<\/div>\n\t\t\t\t\t\t<\/div>\n\t\t\t\t<\/div>\n\t\t\t\t\t<\/div>\n\t\t<\/div>\n\t\t\t\t\t<\/div>\n\t\t<\/section>\n\t\t\t\t<section class=\"elementor-section elementor-top-section elementor-element elementor-element-211266f sepsup elementor-section-boxed elementor-section-height-default elementor-section-height-default\" data-id=\"211266f\" data-element_type=\"section\" data-e-type=\"section\" id=\"metodologia\">\n\t\t\t\t\t\t<div class=\"elementor-container elementor-column-gap-default\">\n\t\t\t\t\t<div class=\"elementor-column elementor-col-100 elementor-top-column elementor-element elementor-element-c4d50ed\" data-id=\"c4d50ed\" data-element_type=\"column\" data-e-type=\"column\">\n\t\t\t<div class=\"elementor-widget-wrap elementor-element-populated\">\n\t\t\t\t\t\t<div class=\"elementor-element elementor-element-14b6421 elementor-widget elementor-widget-heading\" data-id=\"14b6421\" data-element_type=\"widget\" data-e-type=\"widget\" data-widget_type=\"heading.default\">\n\t\t\t\t<div class=\"elementor-widget-container\">\n\t\t\t\t\t<h2 class=\"elementor-heading-title elementor-size-default\">Metodologia e professori ottimi per studiare spagnolo<\/h2>\t\t\t\t<\/div>\n\t\t\t\t<\/div>\n\t\t\t\t<section class=\"elementor-section elementor-inner-section elementor-element elementor-element-70a5694 elementor-section-boxed elementor-section-height-default elementor-section-height-default\" data-id=\"70a5694\" data-element_type=\"section\" data-e-type=\"section\">\n\t\t\t\t\t\t<div class=\"elementor-container elementor-column-gap-default\">\n\t\t\t\t\t<div class=\"elementor-column elementor-col-50 elementor-inner-column elementor-element elementor-element-00ed6ec col1\" data-id=\"00ed6ec\" data-element_type=\"column\" data-e-type=\"column\">\n\t\t\t<div class=\"elementor-widget-wrap elementor-element-populated\">\n\t\t\t\t\t\t<div class=\"elementor-element elementor-element-f9feb4b texto elementor-widget elementor-widget-text-editor\" data-id=\"f9feb4b\" data-element_type=\"widget\" data-e-type=\"widget\" data-widget_type=\"text-editor.default\">\n\t\t\t\t<div class=\"elementor-widget-container\">\n\t\t\t\t\t\t\t\t\t<p>Il successo di una scuola di lingue dipende dalla qualit\u00e0 dei suoi professori e dai metodi che adottano. Per questo, abbiamo uno staff di professori validi ed entusiasti che riescono a insegnare combinando professionalit\u00e0 e divertimento.<\/p><p>I professori dell\u2019Instituto Hisp\u00e1nico sono i pilastri della scuola, e ci\u00f2 che si percepisce fin dall&#8217;inizio \u00e8 proprio il rapporto speciale che riescono a creare con gli studenti.<\/p>\t\t\t\t\t\t\t\t<\/div>\n\t\t\t\t<\/div>\n\t\t\t\t<div class=\"elementor-element elementor-element-c5c40bf elementor-widget elementor-widget-image\" data-id=\"c5c40bf\" data-element_type=\"widget\" data-e-type=\"widget\" data-widget_type=\"image.default\">\n\t\t\t\t<div class=\"elementor-widget-container\">\n\t\t\t\t\t\t\t\t\t\t\t\t\t\t\t<img fetchpriority=\"high\" decoding=\"async\" width=\"700\" height=\"438\" src=\"https:\/\/ihdemu.com\/wp-content\/uploads\/2022\/11\/Instituto-Hispanico-de-Murcia-Mejor-Escuela-de-Espanol-Excelente-Metodologia.jpg\" class=\"attachment-large size-large wp-image-5446\" alt=\"Gruppi di studenti\" srcset=\"https:\/\/ihdemu.com\/wp-content\/uploads\/2022\/11\/Instituto-Hispanico-de-Murcia-Mejor-Escuela-de-Espanol-Excelente-Metodologia.jpg 700w, https:\/\/ihdemu.com\/wp-content\/uploads\/2022\/11\/Instituto-Hispanico-de-Murcia-Mejor-Escuela-de-Espanol-Excelente-Metodologia-300x188.jpg 300w, https:\/\/ihdemu.com\/wp-content\/uploads\/2022\/11\/Instituto-Hispanico-de-Murcia-Mejor-Escuela-de-Espanol-Excelente-Metodologia-600x375.jpg 600w\" sizes=\"(max-width: 700px) 100vw, 700px\" \/>\t\t\t\t\t\t\t\t\t\t\t\t\t\t\t<\/div>\n\t\t\t\t<\/div>\n\t\t\t\t\t<\/div>\n\t\t<\/div>\n\t\t\t\t<div class=\"elementor-column elementor-col-50 elementor-inner-column elementor-element elementor-element-9bdd6d1 col2\" data-id=\"9bdd6d1\" data-element_type=\"column\" data-e-type=\"column\">\n\t\t\t<div class=\"elementor-widget-wrap elementor-element-populated\">\n\t\t\t\t\t\t<div class=\"elementor-element elementor-element-167119c texto elementor-widget elementor-widget-text-editor\" data-id=\"167119c\" data-element_type=\"widget\" data-e-type=\"widget\" data-widget_type=\"text-editor.default\">\n\t\t\t\t<div class=\"elementor-widget-container\">\n\t\t\t\t\t\t\t\t\t<div id=\"column-wrap-id-1651159048142\" class=\"sppb-col-md-6\"><div id=\"column-id-1651159048142\" class=\"sppb-column\"><div class=\"sppb-column-addons\"><div id=\"sppb-addon-wrapper-1651159048208\" class=\"sppb-addon-wrapper\"><div id=\"sppb-addon-1651159048208\" class=\"clearfix\"><div class=\"sppb-addon sppb-addon-text-block \"><div class=\"sppb-addon-content\"><p>Si distinguono tutti per la loro capacit\u00e0 di ascolto, la gentilezza, l&#8217;entusiasmo e la pazienza, ma soprattutto per la loro vocazione per l\u2019insegnamento.<\/p><p>Molti professori insegnano nella nostra scuola da tanti anni, e tutti hanno molta esperienza nell\u2019insegnamento dello<strong>\u00a0spagnolo come lingua straniera<\/strong>. Inoltre, hanno seguito tutti corsi di formazione presso l&#8217;<a href=\"https:\/\/cervantes.org\/\" target=\"_blank\" rel=\"noopener\">Instituto Cervantes<\/a>.<\/p><\/div><\/div><\/div><\/div><\/div><\/div><\/div>\t\t\t\t\t\t\t\t<\/div>\n\t\t\t\t<\/div>\n\t\t\t\t<div class=\"elementor-element elementor-element-5fa861f elementor-widget elementor-widget-image\" data-id=\"5fa861f\" data-element_type=\"widget\" data-e-type=\"widget\" data-widget_type=\"image.default\">\n\t\t\t\t<div class=\"elementor-widget-container\">\n\t\t\t\t\t\t\t\t\t\t\t\t\t\t\t<img decoding=\"async\" width=\"700\" height=\"438\" src=\"https:\/\/ihdemu.com\/wp-content\/uploads\/2022\/11\/Instituto-Hispanico-de-Murcia-Mejor-Escuela-de-Espanol-Excelentes-Profesores.jpg\" class=\"attachment-large size-large wp-image-5437\" alt=\"Studenti con diploma\" srcset=\"https:\/\/ihdemu.com\/wp-content\/uploads\/2022\/11\/Instituto-Hispanico-de-Murcia-Mejor-Escuela-de-Espanol-Excelentes-Profesores.jpg 700w, https:\/\/ihdemu.com\/wp-content\/uploads\/2022\/11\/Instituto-Hispanico-de-Murcia-Mejor-Escuela-de-Espanol-Excelentes-Profesores-300x188.jpg 300w, https:\/\/ihdemu.com\/wp-content\/uploads\/2022\/11\/Instituto-Hispanico-de-Murcia-Mejor-Escuela-de-Espanol-Excelentes-Profesores-600x375.jpg 600w\" sizes=\"(max-width: 700px) 100vw, 700px\" \/>\t\t\t\t\t\t\t\t\t\t\t\t\t\t\t<\/div>\n\t\t\t\t<\/div>\n\t\t\t\t\t<\/div>\n\t\t<\/div>\n\t\t\t\t\t<\/div>\n\t\t<\/section>\n\t\t\t\t\t<\/div>\n\t\t<\/div>\n\t\t\t\t\t<\/div>\n\t\t<\/section>\n\t\t\t\t<section class=\"elementor-section elementor-top-section elementor-element elementor-element-705541b sepsup elementor-section-boxed elementor-section-height-default elementor-section-height-default\" data-id=\"705541b\" data-element_type=\"section\" data-e-type=\"section\" id=\"material\">\n\t\t\t\t\t\t<div class=\"elementor-container elementor-column-gap-default\">\n\t\t\t\t\t<div class=\"elementor-column elementor-col-100 elementor-top-column elementor-element elementor-element-96601f8\" data-id=\"96601f8\" data-element_type=\"column\" data-e-type=\"column\">\n\t\t\t<div class=\"elementor-widget-wrap elementor-element-populated\">\n\t\t\t\t\t\t<div class=\"elementor-element elementor-element-66e9150 elementor-widget elementor-widget-heading\" data-id=\"66e9150\" data-element_type=\"widget\" data-e-type=\"widget\" data-widget_type=\"heading.default\">\n\t\t\t\t<div class=\"elementor-widget-container\">\n\t\t\t\t\t<h2 class=\"elementor-heading-title elementor-size-default\">Tutto il materiale didattico necessario per imparare la lingua<\/h2>\t\t\t\t<\/div>\n\t\t\t\t<\/div>\n\t\t\t\t<section class=\"elementor-section elementor-inner-section elementor-element elementor-element-d8daf05 elementor-section-boxed elementor-section-height-default elementor-section-height-default\" data-id=\"d8daf05\" data-element_type=\"section\" data-e-type=\"section\">\n\t\t\t\t\t\t<div class=\"elementor-container elementor-column-gap-default\">\n\t\t\t\t\t<div class=\"elementor-column elementor-col-50 elementor-inner-column elementor-element elementor-element-1b51c14 col1\" data-id=\"1b51c14\" data-element_type=\"column\" data-e-type=\"column\">\n\t\t\t<div class=\"elementor-widget-wrap elementor-element-populated\">\n\t\t\t\t\t\t<div class=\"elementor-element elementor-element-4271e70 texto elementor-widget elementor-widget-text-editor\" data-id=\"4271e70\" data-element_type=\"widget\" data-e-type=\"widget\" data-widget_type=\"text-editor.default\">\n\t\t\t\t<div class=\"elementor-widget-container\">\n\t\t\t\t\t\t\t\t\t<div id=\"column-wrap-id-1651159048146\" class=\"sppb-col-md-6\"><div id=\"column-id-1651159048146\" class=\"sppb-column\"><div class=\"sppb-column-addons\"><div id=\"sppb-addon-wrapper-1651159048327\" class=\"sppb-addon-wrapper\"><div id=\"sppb-addon-1651159048327\" class=\"clearfix\"><div class=\"sppb-addon sppb-addon-text-block  \"><div class=\"sppb-addon-content\"><p>All\u2019inizio e durante il corso riceverai tutto il materiale didattico necessario. I nostri libri di testo includono una serie di unit\u00e0 con esercizi pratici grazie ai quali imparerai a capire e parlare spagnolo senza rendertene conto. Queste unit\u00e0 guidano gli studenti nello studio dello spagnolo in modo progressivo, seguendo un metodo comunicativo.<\/p><\/div><\/div><\/div><\/div><\/div><\/div><\/div><div id=\"column-wrap-id-1651159048147\" class=\"sppb-col-md-6\"><div id=\"column-id-1651159048147\" class=\"sppb-column\"><div class=\"sppb-column-addons\"><div id=\"sppb-addon-wrapper-1651159048330\" class=\"sppb-addon-wrapper\"><div id=\"sppb-addon-1651159048330\" class=\"clearfix\"><div class=\"sppb-addon sppb-addon-text-block  \"><div class=\"sppb-addon-content\">\u00a0<\/div><\/div><\/div><\/div><\/div><\/div><\/div>\t\t\t\t\t\t\t\t<\/div>\n\t\t\t\t<\/div>\n\t\t\t\t\t<\/div>\n\t\t<\/div>\n\t\t\t\t<div class=\"elementor-column elementor-col-50 elementor-inner-column elementor-element elementor-element-6945364 col2\" data-id=\"6945364\" data-element_type=\"column\" data-e-type=\"column\">\n\t\t\t<div class=\"elementor-widget-wrap elementor-element-populated\">\n\t\t\t\t\t\t<div class=\"elementor-element elementor-element-83fa77c texto elementor-widget elementor-widget-text-editor\" data-id=\"83fa77c\" data-element_type=\"widget\" data-e-type=\"widget\" data-widget_type=\"text-editor.default\">\n\t\t\t\t<div class=\"elementor-widget-container\">\n\t\t\t\t\t\t\t\t\t<p>Il materiale didattico e il materiale extra sono composti da una combinazione di libri di testo acquistabili direttamente nell\u2019istituto e sono creati dai nostri professori.<\/p><p>Una cosa molto importante: tutti gli studenti vengono invogliati a parlare spagnolo dal loro primo giorno in classe, compresi coloro che iniziano da un livello base.<\/p>\t\t\t\t\t\t\t\t<\/div>\n\t\t\t\t<\/div>\n\t\t\t\t\t<\/div>\n\t\t<\/div>\n\t\t\t\t\t<\/div>\n\t\t<\/section>\n\t\t\t\t<div class=\"elementor-element elementor-element-e936ce1 elementor-widget elementor-widget-text-editor\" data-id=\"e936ce1\" data-element_type=\"widget\" data-e-type=\"widget\" data-widget_type=\"text-editor.default\">\n\t\t\t\t<div class=\"elementor-widget-container\">\n\t\t\t\t\t\t\t\t\t<p style=\"text-align: center;\"><strong style=\"font-size: 16px;\">Cominciare a parlare in spagnolo significa cominciare a pensare in spagnolo!<\/strong><\/p>\t\t\t\t\t\t\t\t<\/div>\n\t\t\t\t<\/div>\n\t\t\t\t\t<\/div>\n\t\t<\/div>\n\t\t\t\t\t<\/div>\n\t\t<\/section>\n\t\t\t\t<section class=\"elementor-section elementor-top-section elementor-element elementor-element-2ca6318 sepsup sepinf elementor-section-boxed elementor-section-height-default elementor-section-height-default\" data-id=\"2ca6318\" data-element_type=\"section\" data-e-type=\"section\" id=\"fotos\">\n\t\t\t\t\t\t<div class=\"elementor-container elementor-column-gap-default\">\n\t\t\t\t\t<div class=\"elementor-column elementor-col-50 elementor-top-column elementor-element elementor-element-5b2fe2b col1\" data-id=\"5b2fe2b\" data-element_type=\"column\" data-e-type=\"column\">\n\t\t\t<div class=\"elementor-widget-wrap elementor-element-populated\">\n\t\t\t\t\t\t<div class=\"elementor-element elementor-element-df79a87 elementor-widget elementor-widget-image\" data-id=\"df79a87\" data-element_type=\"widget\" data-e-type=\"widget\" data-widget_type=\"image.default\">\n\t\t\t\t<div class=\"elementor-widget-container\">\n\t\t\t\t\t\t\t\t\t\t\t\t\t\t\t<img decoding=\"async\" width=\"700\" height=\"438\" src=\"https:\/\/ihdemu.com\/wp-content\/uploads\/2022\/11\/Instituto-Hispanico-de-Murcia-Mejor-Escuela-de-Espanol-Comienza-a-Hablar.jpg\" class=\"attachment-large size-large wp-image-5428\" alt=\"Studenti con diploma\" srcset=\"https:\/\/ihdemu.com\/wp-content\/uploads\/2022\/11\/Instituto-Hispanico-de-Murcia-Mejor-Escuela-de-Espanol-Comienza-a-Hablar.jpg 700w, https:\/\/ihdemu.com\/wp-content\/uploads\/2022\/11\/Instituto-Hispanico-de-Murcia-Mejor-Escuela-de-Espanol-Comienza-a-Hablar-300x188.jpg 300w, https:\/\/ihdemu.com\/wp-content\/uploads\/2022\/11\/Instituto-Hispanico-de-Murcia-Mejor-Escuela-de-Espanol-Comienza-a-Hablar-600x375.jpg 600w\" sizes=\"(max-width: 700px) 100vw, 700px\" \/>\t\t\t\t\t\t\t\t\t\t\t\t\t\t\t<\/div>\n\t\t\t\t<\/div>\n\t\t\t\t\t<\/div>\n\t\t<\/div>\n\t\t\t\t<div class=\"elementor-column elementor-col-50 elementor-top-column elementor-element elementor-element-f64d6cb col2\" data-id=\"f64d6cb\" data-element_type=\"column\" data-e-type=\"column\">\n\t\t\t<div class=\"elementor-widget-wrap elementor-element-populated\">\n\t\t\t\t\t\t<div class=\"elementor-element elementor-element-a9633bd elementor-widget elementor-widget-image\" data-id=\"a9633bd\" data-element_type=\"widget\" data-e-type=\"widget\" data-widget_type=\"image.default\">\n\t\t\t\t<div class=\"elementor-widget-container\">\n\t\t\t\t\t\t\t\t\t\t\t\t\t\t\t<img loading=\"lazy\" decoding=\"async\" width=\"700\" height=\"438\" src=\"https:\/\/ihdemu.com\/wp-content\/uploads\/2022\/11\/Instituto-Hispanico-de-Murcia-Mejor-Escuela-de-Espanol-Pensar-en-Espanol.jpg\" class=\"attachment-large size-large wp-image-5455\" alt=\"Gruppi di studenti\" srcset=\"https:\/\/ihdemu.com\/wp-content\/uploads\/2022\/11\/Instituto-Hispanico-de-Murcia-Mejor-Escuela-de-Espanol-Pensar-en-Espanol.jpg 700w, https:\/\/ihdemu.com\/wp-content\/uploads\/2022\/11\/Instituto-Hispanico-de-Murcia-Mejor-Escuela-de-Espanol-Pensar-en-Espanol-300x188.jpg 300w, https:\/\/ihdemu.com\/wp-content\/uploads\/2022\/11\/Instituto-Hispanico-de-Murcia-Mejor-Escuela-de-Espanol-Pensar-en-Espanol-600x375.jpg 600w\" sizes=\"(max-width: 700px) 100vw, 700px\" \/>\t\t\t\t\t\t\t\t\t\t\t\t\t\t\t<\/div>\n\t\t\t\t<\/div>\n\t\t\t\t\t<\/div>\n\t\t<\/div>\n\t\t\t\t\t<\/div>\n\t\t<\/section>\n\t\t\t\t<\/div>\n\t\t","protected":false},"excerpt":{"rendered":"<p>LA MIGLIORE SCUOLA DI SPAGNOLO La nostra scuola di spagnolo si trova proprio nel cuore della citt\u00e0 di Murcia, vicino all\u2019Universit\u00e0 e accanto al Teatro Circo, circondata da luoghi d\u2019interesse come la cattedrale, musei, bar, ristoranti ed \u00e8 dotata di una biblioteca e di altri strumenti audiovisivi per lo studio dello spagnolo.&nbsp; Non abbiamo manie [&hellip;]<\/p>\n","protected":false},"author":1,"featured_media":16567,"parent":0,"menu_order":0,"comment_status":"closed","ping_status":"closed","template":"elementor_header_footer","meta":{"_acf_changed":false,"inline_featured_image":false,"site-sidebar-layout":"no-sidebar","site-content-layout":"page-builder","ast-site-content-layout":"default","site-content-style":"default","site-sidebar-style":"default","ast-global-header-display":"","ast-banner-title-visibility":"","ast-main-header-display":"","ast-hfb-above-header-display":"","ast-hfb-below-header-display":"","ast-hfb-mobile-header-display":"","site-post-title":"disabled","ast-breadcrumbs-content":"","ast-featured-img":"disabled","footer-sml-layout":"","ast-disable-related-posts":"","theme-transparent-header-meta":"default","adv-header-id-meta":"","stick-header-meta":"default","header-above-stick-meta":"","header-main-stick-meta":"","header-below-stick-meta":"","astra-migrate-meta-layouts":"default","ast-page-background-enabled":"default","ast-page-background-meta":{"desktop":{"background-color":"var(--ast-global-color-4)","background-image":"","background-repeat":"repeat","background-position":"center center","background-size":"auto","background-attachment":"scroll","background-type":"","background-media":"","overlay-type":"","overlay-color":"","overlay-opacity":"","overlay-gradient":""},"tablet":{"background-color":"","background-image":"","background-repeat":"repeat","background-position":"center center","background-size":"auto","background-attachment":"scroll","background-type":"","background-media":"","overlay-type":"","overlay-color":"","overlay-opacity":"","overlay-gradient":""},"mobile":{"background-color":"","background-image":"","background-repeat":"repeat","background-position":"center center","background-size":"auto","background-attachment":"scroll","background-type":"","background-media":"","overlay-type":"","overlay-color":"","overlay-opacity":"","overlay-gradient":""}},"ast-content-background-meta":{"desktop":{"background-color":"var(--ast-global-color-5)","background-image":"","background-repeat":"repeat","background-position":"center center","background-size":"auto","background-attachment":"scroll","background-type":"","background-media":"","overlay-type":"","overlay-color":"","overlay-opacity":"","overlay-gradient":""},"tablet":{"background-color":"var(--ast-global-color-5)","background-image":"","background-repeat":"repeat","background-position":"center center","background-size":"auto","background-attachment":"scroll","background-type":"","background-media":"","overlay-type":"","overlay-color":"","overlay-opacity":"","overlay-gradient":""},"mobile":{"background-color":"var(--ast-global-color-5)","background-image":"","background-repeat":"repeat","background-position":"center center","background-size":"auto","background-attachment":"scroll","background-type":"","background-media":"","overlay-type":"","overlay-color":"","overlay-opacity":"","overlay-gradient":""}},"footnotes":""},"class_list":["post-8276","page","type-page","status-publish","has-post-thumbnail","hentry"],"acf":[],"_links":{"self":[{"href":"https:\/\/ihdemu.com\/it\/wp-json\/wp\/v2\/pages\/8276","targetHints":{"allow":["GET"]}}],"collection":[{"href":"https:\/\/ihdemu.com\/it\/wp-json\/wp\/v2\/pages"}],"about":[{"href":"https:\/\/ihdemu.com\/it\/wp-json\/wp\/v2\/types\/page"}],"author":[{"embeddable":true,"href":"https:\/\/ihdemu.com\/it\/wp-json\/wp\/v2\/users\/1"}],"replies":[{"embeddable":true,"href":"https:\/\/ihdemu.com\/it\/wp-json\/wp\/v2\/comments?post=8276"}],"version-history":[{"count":1,"href":"https:\/\/ihdemu.com\/it\/wp-json\/wp\/v2\/pages\/8276\/revisions"}],"predecessor-version":[{"id":93856,"href":"https:\/\/ihdemu.com\/it\/wp-json\/wp\/v2\/pages\/8276\/revisions\/93856"}],"wp:featuredmedia":[{"embeddable":true,"href":"https:\/\/ihdemu.com\/it\/wp-json\/wp\/v2\/media\/16567"}],"wp:attachment":[{"href":"https:\/\/ihdemu.com\/it\/wp-json\/wp\/v2\/media?parent=8276"}],"curies":[{"name":"wp","href":"https:\/\/api.w.org\/{rel}","templated":true}]}}