{"id":6528,"date":"2022-11-13T17:53:56","date_gmt":"2022-11-13T16:53:56","guid":{"rendered":"https:\/\/ihdemu.com\/?page_id=6528"},"modified":"2026-01-14T12:19:47","modified_gmt":"2026-01-14T11:19:47","slug":"studiuj-hiszpanski-murcja","status":"publish","type":"page","link":"https:\/\/ihdemu.com\/pl\/studiuj-hiszpanski-murcja\/","title":{"rendered":"Chc\u0119 rezerwowa\u0107"},"content":{"rendered":"\t\t<div data-elementor-type=\"wp-page\" data-elementor-id=\"6528\" class=\"elementor elementor-6528 elementor-2866\" data-elementor-post-type=\"page\">\n\t\t\t\t\t\t<section data-dce-background-image-url=\"https:\/\/ihdemu.com\/wp-content\/uploads\/2022\/11\/Instituto-Hispanico-de-Murcia-Cabecera-Quiero-Reservar-1.jpg\" class=\"elementor-section elementor-top-section elementor-element elementor-element-c152739 elementor-section-boxed elementor-section-height-default elementor-section-height-default\" data-id=\"c152739\" data-element_type=\"section\" data-e-type=\"section\" id=\"cabecera\" data-settings=\"{&quot;background_background&quot;:&quot;classic&quot;}\">\n\t\t\t\t\t\t\t<div class=\"elementor-background-overlay\"><\/div>\n\t\t\t\t\t\t\t<div class=\"elementor-container elementor-column-gap-default\">\n\t\t\t\t\t<div class=\"elementor-column elementor-col-100 elementor-top-column elementor-element elementor-element-85f2154\" data-id=\"85f2154\" data-element_type=\"column\" data-e-type=\"column\">\n\t\t\t<div class=\"elementor-widget-wrap elementor-element-populated\">\n\t\t\t\t\t\t<div class=\"elementor-element elementor-element-d55310f elementor-widget elementor-widget-heading\" data-id=\"d55310f\" data-element_type=\"widget\" data-e-type=\"widget\" data-widget_type=\"heading.default\">\n\t\t\t\t<div class=\"elementor-widget-container\">\n\t\t\t\t\t<h1 class=\"elementor-heading-title elementor-size-default\">CHC\u0118 STUDIOWA\u0106<\/h1>\t\t\t\t<\/div>\n\t\t\t\t<\/div>\n\t\t\t\t\t<\/div>\n\t\t<\/div>\n\t\t\t\t\t<\/div>\n\t\t<\/section>\n\t\t\t\t<section class=\"elementor-section elementor-top-section elementor-element elementor-element-8e78c8e intro elementor-section-boxed elementor-section-height-default elementor-section-height-default\" data-id=\"8e78c8e\" data-element_type=\"section\" data-e-type=\"section\">\n\t\t\t\t\t\t<div class=\"elementor-container elementor-column-gap-default\">\n\t\t\t\t\t<div class=\"elementor-column elementor-col-100 elementor-top-column elementor-element elementor-element-d38cd03\" data-id=\"d38cd03\" data-element_type=\"column\" data-e-type=\"column\">\n\t\t\t<div class=\"elementor-widget-wrap elementor-element-populated\">\n\t\t\t\t\t\t<div class=\"elementor-element elementor-element-15992fe elementor-widget elementor-widget-text-editor\" data-id=\"15992fe\" data-element_type=\"widget\" data-e-type=\"widget\" data-widget_type=\"text-editor.default\">\n\t\t\t\t<div class=\"elementor-widget-container\">\n\t\t\t\t\t\t\t\t\t<p style=\"text-align: center;\">Prosimy o uwa\u017cne przeczytanie tego dokumentu, aby zapisa\u0107 si\u0119 na <strong>DOWOLNY<\/strong> kurs j\u0119zyka hiszpa\u0144skiego w naszej szkole w Murcji.<\/p>\t\t\t\t\t\t\t\t<\/div>\n\t\t\t\t<\/div>\n\t\t\t\t\t<\/div>\n\t\t<\/div>\n\t\t\t\t\t<\/div>\n\t\t<\/section>\n\t\t\t\t<section class=\"elementor-section elementor-top-section elementor-element elementor-element-cd59742 espsup elementor-section-boxed elementor-section-height-default elementor-section-height-default\" data-id=\"cd59742\" data-element_type=\"section\" data-e-type=\"section\">\n\t\t\t\t\t\t<div class=\"elementor-container elementor-column-gap-default\">\n\t\t\t\t\t<div class=\"elementor-column elementor-col-33 elementor-top-column elementor-element elementor-element-240c3d5 col1\" data-id=\"240c3d5\" data-element_type=\"column\" data-e-type=\"column\">\n\t\t\t<div class=\"elementor-widget-wrap elementor-element-populated\">\n\t\t\t\t\t\t<div class=\"elementor-element elementor-element-082a69b elementor-widget elementor-widget-image\" data-id=\"082a69b\" data-element_type=\"widget\" data-e-type=\"widget\" data-widget_type=\"image.default\">\n\t\t\t\t<div class=\"elementor-widget-container\">\n\t\t\t\t\t\t\t\t\t\t\t\t\t\t\t<img decoding=\"async\" width=\"150\" height=\"150\" src=\"https:\/\/ihdemu.com\/wp-content\/uploads\/2022\/11\/Instituto-Hispanico-de-Murcia-Como-Reservar-Formulario-de-Reserva-1.png\" class=\"attachment-full size-full wp-image-2903\" alt=\"Instituto Hispanico de Murcia - Como Reservar - Formulario de Reserva\" srcset=\"https:\/\/ihdemu.com\/wp-content\/uploads\/2022\/11\/Instituto-Hispanico-de-Murcia-Como-Reservar-Formulario-de-Reserva-1.png 150w, https:\/\/ihdemu.com\/wp-content\/uploads\/2022\/11\/Instituto-Hispanico-de-Murcia-Como-Reservar-Formulario-de-Reserva-1-100x100.png 100w\" sizes=\"(max-width: 150px) 100vw, 150px\" \/>\t\t\t\t\t\t\t\t\t\t\t\t\t\t\t<\/div>\n\t\t\t\t<\/div>\n\t\t\t\t\t<\/div>\n\t\t<\/div>\n\t\t\t\t<div class=\"elementor-column elementor-col-66 elementor-top-column elementor-element elementor-element-3020695\" data-id=\"3020695\" data-element_type=\"column\" data-e-type=\"column\">\n\t\t\t<div class=\"elementor-widget-wrap elementor-element-populated\">\n\t\t\t\t\t\t<div class=\"elementor-element elementor-element-3922b30 elementor-widget elementor-widget-heading\" data-id=\"3922b30\" data-element_type=\"widget\" data-e-type=\"widget\" data-widget_type=\"heading.default\">\n\t\t\t\t<div class=\"elementor-widget-container\">\n\t\t\t\t\t<h2 class=\"elementor-heading-title elementor-size-default\">1. Wybierz kurs j\u0119zyka hiszpa\u0144skiego oraz daty rozpocz\u0119cia i zako\u0144czenia<\/h2>\t\t\t\t<\/div>\n\t\t\t\t<\/div>\n\t\t\t\t<div class=\"elementor-element elementor-element-eff5ede elementor-widget elementor-widget-text-editor\" data-id=\"eff5ede\" data-element_type=\"widget\" data-e-type=\"widget\" data-widget_type=\"text-editor.default\">\n\t\t\t\t<div class=\"elementor-widget-container\">\n\t\t\t\t\t\t\t\t\t<div id=\"column-wrap-id-1652112848756\" class=\"sppb-col-md-9\"><div id=\"column-id-1652112848756\" class=\"sppb-column\"><div class=\"sppb-column-addons\"><div id=\"sppb-addon-wrapper-1545119420241\" class=\"sppb-addon-wrapper\"><div id=\"sppb-addon-1545119420241\" class=\"clearfix \"><div class=\"sppb-addon sppb-addon-feature \"><div class=\"sppb-addon-content sppb-text-left\"><div class=\"sppb-media-content\"><div class=\"sppb-addon-text\"><p>Oferujemy ponad 20 r\u00f3\u017cnych kurs\u00f3w. <a href=\"https:\/\/ihdemu.com\/pl\/kursy-hiszpanskiego\/\">Wszystkie<\/a> mo\u017cesz zobaczy\u0107 ponownie tutaj.<\/p><\/div><\/div><\/div><\/div><\/div><\/div><\/div><\/div><\/div><div id=\"column-wrap-id-1652112848757\" class=\"sppb-col-md-9\"><div id=\"column-id-1652112848757\" class=\"sppb-column\"><div class=\"sppb-column-addons\"><div id=\"sppb-addon-wrapper-1545119420449\" class=\"sppb-addon-wrapper\"><div id=\"sppb-addon-1545119420449\" class=\"clearfix \"><div class=\"sppb-addon sppb-addon-feature \"><div class=\"sppb-addon-content sppb-text-right\">\u00a0<\/div><\/div><\/div><\/div><\/div><\/div><\/div>\t\t\t\t\t\t\t\t<\/div>\n\t\t\t\t<\/div>\n\t\t\t\t\t<\/div>\n\t\t<\/div>\n\t\t\t\t\t<\/div>\n\t\t<\/section>\n\t\t\t\t<section class=\"elementor-section elementor-top-section elementor-element elementor-element-f8c5a65 espsup elementor-section-boxed elementor-section-height-default elementor-section-height-default\" data-id=\"f8c5a65\" data-element_type=\"section\" data-e-type=\"section\">\n\t\t\t\t\t\t<div class=\"elementor-container elementor-column-gap-default\">\n\t\t\t\t\t<div class=\"elementor-column elementor-col-33 elementor-top-column elementor-element elementor-element-70856df col1\" data-id=\"70856df\" data-element_type=\"column\" data-e-type=\"column\">\n\t\t\t<div class=\"elementor-widget-wrap elementor-element-populated\">\n\t\t\t\t\t\t<div class=\"elementor-element elementor-element-1279b93 elementor-widget elementor-widget-image\" data-id=\"1279b93\" data-element_type=\"widget\" data-e-type=\"widget\" data-widget_type=\"image.default\">\n\t\t\t\t<div class=\"elementor-widget-container\">\n\t\t\t\t\t\t\t\t\t\t\t\t\t\t\t<img decoding=\"async\" width=\"150\" height=\"150\" src=\"https:\/\/ihdemu.com\/wp-content\/uploads\/2022\/11\/Instituto-Hispanico-de-Murcia-Como-Reservar-Envia-tu-Pasaporte.png\" class=\"attachment-full size-full wp-image-2894\" alt=\"Instituto Hispanico de Murcia - Como Reservar - Envia tu Pasaporte\" srcset=\"https:\/\/ihdemu.com\/wp-content\/uploads\/2022\/11\/Instituto-Hispanico-de-Murcia-Como-Reservar-Envia-tu-Pasaporte.png 150w, https:\/\/ihdemu.com\/wp-content\/uploads\/2022\/11\/Instituto-Hispanico-de-Murcia-Como-Reservar-Envia-tu-Pasaporte-100x100.png 100w\" sizes=\"(max-width: 150px) 100vw, 150px\" \/>\t\t\t\t\t\t\t\t\t\t\t\t\t\t\t<\/div>\n\t\t\t\t<\/div>\n\t\t\t\t\t<\/div>\n\t\t<\/div>\n\t\t\t\t<div class=\"elementor-column elementor-col-66 elementor-top-column elementor-element elementor-element-7df0923\" data-id=\"7df0923\" data-element_type=\"column\" data-e-type=\"column\">\n\t\t\t<div class=\"elementor-widget-wrap elementor-element-populated\">\n\t\t\t\t\t\t<div class=\"elementor-element elementor-element-87be7bd elementor-widget elementor-widget-heading\" data-id=\"87be7bd\" data-element_type=\"widget\" data-e-type=\"widget\" data-widget_type=\"heading.default\">\n\t\t\t\t<div class=\"elementor-widget-container\">\n\t\t\t\t\t<h2 class=\"elementor-heading-title elementor-size-default\">2. Prze\u015blij nam sw\u00f3j paszport na adres hola @ ihdemu.com\n<\/h2>\t\t\t\t<\/div>\n\t\t\t\t<\/div>\n\t\t\t\t<div class=\"elementor-element elementor-element-680cf12 elementor-widget elementor-widget-text-editor\" data-id=\"680cf12\" data-element_type=\"widget\" data-e-type=\"widget\" data-widget_type=\"text-editor.default\">\n\t\t\t\t<div class=\"elementor-widget-container\">\n\t\t\t\t\t\t\t\t\t<p>Wyra\u017an\u0105 kolorow\u0105 kopi\u0119, podaj\u0105c, kt\u00f3ry kurs chcesz odby\u0107, dat\u0119 rozpocz\u0119cia i dat\u0119 zako\u0144czenia. Czy ju\u017c zrobi\u0142e\u015b nasz <a href=\"https:\/\/ihdemu.com\/pl\/proba-poziomu\/\">test poziomuj\u0105cy<\/a>? Nie jest to konieczne, je\u015bli Tw\u00f3j poziom j\u0119zyka hiszpa\u0144skiego to 0.<\/p>\t\t\t\t\t\t\t\t<\/div>\n\t\t\t\t<\/div>\n\t\t\t\t\t<\/div>\n\t\t<\/div>\n\t\t\t\t\t<\/div>\n\t\t<\/section>\n\t\t\t\t<section class=\"elementor-section elementor-top-section elementor-element elementor-element-edfef91 espsup elementor-section-boxed elementor-section-height-default elementor-section-height-default\" data-id=\"edfef91\" data-element_type=\"section\" data-e-type=\"section\">\n\t\t\t\t\t\t<div class=\"elementor-container elementor-column-gap-default\">\n\t\t\t\t\t<div class=\"elementor-column elementor-col-33 elementor-top-column elementor-element elementor-element-aff192f col1\" data-id=\"aff192f\" data-element_type=\"column\" data-e-type=\"column\">\n\t\t\t<div class=\"elementor-widget-wrap elementor-element-populated\">\n\t\t\t\t\t\t<div class=\"elementor-element elementor-element-86a3098 elementor-widget elementor-widget-image\" data-id=\"86a3098\" data-element_type=\"widget\" data-e-type=\"widget\" data-widget_type=\"image.default\">\n\t\t\t\t<div class=\"elementor-widget-container\">\n\t\t\t\t\t\t\t\t\t\t\t\t\t\t\t<img decoding=\"async\" width=\"152\" height=\"150\" src=\"https:\/\/ihdemu.com\/wp-content\/uploads\/2022\/11\/Instituto-Hispanico-de-Murcia-Como-Reservar-Metodos-de-Pago-1.png\" class=\"attachment-full size-full wp-image-5556\" alt=\"Instituto Hispanico de Murcia - Como Reservar - Metodos de Pago\" srcset=\"https:\/\/ihdemu.com\/wp-content\/uploads\/2022\/11\/Instituto-Hispanico-de-Murcia-Como-Reservar-Metodos-de-Pago-1.png 152w, https:\/\/ihdemu.com\/wp-content\/uploads\/2022\/11\/Instituto-Hispanico-de-Murcia-Como-Reservar-Metodos-de-Pago-1-100x100.png 100w\" sizes=\"(max-width: 152px) 100vw, 152px\" \/>\t\t\t\t\t\t\t\t\t\t\t\t\t\t\t<\/div>\n\t\t\t\t<\/div>\n\t\t\t\t\t<\/div>\n\t\t<\/div>\n\t\t\t\t<div class=\"elementor-column elementor-col-66 elementor-top-column elementor-element elementor-element-35b4de3\" data-id=\"35b4de3\" data-element_type=\"column\" data-e-type=\"column\">\n\t\t\t<div class=\"elementor-widget-wrap elementor-element-populated\">\n\t\t\t\t\t\t<div class=\"elementor-element elementor-element-cd3f4af elementor-widget elementor-widget-heading\" data-id=\"cd3f4af\" data-element_type=\"widget\" data-e-type=\"widget\" data-widget_type=\"heading.default\">\n\t\t\t\t<div class=\"elementor-widget-container\">\n\t\t\t\t\t<h2 class=\"elementor-heading-title elementor-size-default\">3. Metody p\u0142atno\u015bci\n<\/h2>\t\t\t\t<\/div>\n\t\t\t\t<\/div>\n\t\t\t\t<div class=\"elementor-element elementor-element-ef9e782 elementor-widget elementor-widget-text-editor\" data-id=\"ef9e782\" data-element_type=\"widget\" data-e-type=\"widget\" data-widget_type=\"text-editor.default\">\n\t\t\t\t<div class=\"elementor-widget-container\">\n\t\t\t\t\t\t\t\t\t<p>Aby zagwarantowa\u0107 swoje miejsce, nale\u017cy op\u0142aci\u0107 pe\u0142n\u0105 kwot\u0119 kursu i zakwaterowania lub wp\u0142aci\u0107 depozyt w wysoko\u015bci 200 \u20ac, kt\u00f3ry zostanie odliczony od ca\u0142kowitej kwoty kursu. Je\u015bli kurs jest d\u0142ugoterminowy, <span style=\"text-decoration: underline;\">nale\u017cy op\u0142aci\u0107 100% koszt\u00f3w<\/span>, a je\u015bli jest to kurs kszta\u0142cenia zawodowego <span style=\"text-decoration: underline;\">(FP), pe\u0142ny pierwszy rok<\/span>. Prosimy o przes\u0142anie nam kopii potwierdzenia p\u0142atno\u015bci e-mailem w celu przyspieszenia procesu.<\/p><p>Szczeg\u00f3\u0142owe informacje <span style=\"text-decoration: underline;\">dotycz\u0105ce anulacji, zwrot\u00f3w i wizy studenckiej<\/span> <a href=\"https:\/\/ihdemu.com\/pl\/warunki-rezerwacji\/\">znajdziesz tutaj<\/a>.<\/p><p><strong>Akceptowane metody p\u0142atno\u015bci<\/strong><br \/>(Prosimy pami\u0119ta\u0107, \u017ce wszystkie op\u0142aty bankowe i prowizje za wymian\u0119 waluty ponosi nadawca):<\/p><ul><li><strong>Bezpieczna p\u0142atno\u015b\u0107 online kart\u0105 kredytow\u0105 w 100% przez nasz\u0105 stron\u0119<\/strong> internetow\u0105. Mo\u017cesz skorzysta\u0107 z naszego spersonalizowanego <a href=\"https:\/\/ihdemu.com\/pl\/konkretna-platnosc\/\">linku do p\u0142atno\u015bci<\/a>.<\/li><li>Przelew bankowy na nast\u0119puj\u0105ce konto:<br \/><strong>Bank:<\/strong> Sabadell<br \/><strong>Adres:<\/strong> Calle Salzillo, 7, kod pocztowy 30001, Murcia, Hiszpania<br \/><strong>Nazwa odbiorcy:<\/strong> Instituto Hisp\u00e1nico de Murcia S.L.<br \/><strong>IBAN:<\/strong> ES63 0081 1162 3700 0112 1814<br \/><strong>BIC \/ SWIFT:<\/strong> BSABESBBXXX<\/li><li><strong>PAYPAL<\/strong> klikaj\u0105c <a href=\"https:\/\/www.paypal.com\/paypalme\/ihmurcia\" target=\"_blank\" rel=\"noopener\">tutaj<\/a>. PayPal Inc. przetwarza transakcje, dzi\u0119ki czemu dane Twojej karty kredytowej s\u0105 bezpieczne i nigdy nie s\u0105 przechowywane.<\/li><li>W naszym biurze akceptujemy r\u00f3wnie\u017c <strong>APPLE PAY<\/strong> oraz g\u0142\u00f3wne karty kredytowe.<\/li><\/ul>\t\t\t\t\t\t\t\t<\/div>\n\t\t\t\t<\/div>\n\t\t\t\t<div class=\"elementor-element elementor-element-7dce697 elementor-widget elementor-widget-image\" data-id=\"7dce697\" data-element_type=\"widget\" data-e-type=\"widget\" data-widget_type=\"image.default\">\n\t\t\t\t<div class=\"elementor-widget-container\">\n\t\t\t\t\t\t\t\t\t\t\t\t\t\t\t<img loading=\"lazy\" decoding=\"async\" width=\"900\" height=\"84\" src=\"https:\/\/ihdemu.com\/wp-content\/uploads\/2022\/11\/Instituto-Hispanico-de-Murcia-Como-Reservar-LogosPago.jpg\" class=\"attachment-large size-large wp-image-4986\" alt=\"Instituto Hispanico de Murcia - Como Reservar - LogosPago\" srcset=\"https:\/\/ihdemu.com\/wp-content\/uploads\/2022\/11\/Instituto-Hispanico-de-Murcia-Como-Reservar-LogosPago.jpg 900w, https:\/\/ihdemu.com\/wp-content\/uploads\/2022\/11\/Instituto-Hispanico-de-Murcia-Como-Reservar-LogosPago-300x28.jpg 300w, https:\/\/ihdemu.com\/wp-content\/uploads\/2022\/11\/Instituto-Hispanico-de-Murcia-Como-Reservar-LogosPago-768x72.jpg 768w, https:\/\/ihdemu.com\/wp-content\/uploads\/2022\/11\/Instituto-Hispanico-de-Murcia-Como-Reservar-LogosPago-600x56.jpg 600w\" sizes=\"(max-width: 900px) 100vw, 900px\" \/>\t\t\t\t\t\t\t\t\t\t\t\t\t\t\t<\/div>\n\t\t\t\t<\/div>\n\t\t\t\t\t<\/div>\n\t\t<\/div>\n\t\t\t\t\t<\/div>\n\t\t<\/section>\n\t\t\t\t<section class=\"elementor-section elementor-top-section elementor-element elementor-element-207abe0 espsup espinf elementor-section-boxed elementor-section-height-default elementor-section-height-default\" data-id=\"207abe0\" data-element_type=\"section\" data-e-type=\"section\">\n\t\t\t\t\t\t<div class=\"elementor-container elementor-column-gap-default\">\n\t\t\t\t\t<div class=\"elementor-column elementor-col-33 elementor-top-column elementor-element elementor-element-92f94fb col1\" data-id=\"92f94fb\" data-element_type=\"column\" data-e-type=\"column\">\n\t\t\t<div class=\"elementor-widget-wrap elementor-element-populated\">\n\t\t\t\t\t\t<div class=\"elementor-element elementor-element-e21e232 elementor-widget elementor-widget-image\" data-id=\"e21e232\" data-element_type=\"widget\" data-e-type=\"widget\" data-widget_type=\"image.default\">\n\t\t\t\t<div class=\"elementor-widget-container\">\n\t\t\t\t\t\t\t\t\t\t\t\t\t\t\t<img loading=\"lazy\" decoding=\"async\" width=\"150\" height=\"150\" src=\"https:\/\/ihdemu.com\/wp-content\/uploads\/2022\/11\/Instituto-Hispanico-de-Murcia-Como-Reservar-Confirmacion.png\" class=\"attachment-full size-full wp-image-2885\" alt=\"Instituto Hispanico de Murcia - Como Reservar - Confirmacion\" srcset=\"https:\/\/ihdemu.com\/wp-content\/uploads\/2022\/11\/Instituto-Hispanico-de-Murcia-Como-Reservar-Confirmacion.png 150w, https:\/\/ihdemu.com\/wp-content\/uploads\/2022\/11\/Instituto-Hispanico-de-Murcia-Como-Reservar-Confirmacion-100x100.png 100w\" sizes=\"(max-width: 150px) 100vw, 150px\" \/>\t\t\t\t\t\t\t\t\t\t\t\t\t\t\t<\/div>\n\t\t\t\t<\/div>\n\t\t\t\t\t<\/div>\n\t\t<\/div>\n\t\t\t\t<div class=\"elementor-column elementor-col-66 elementor-top-column elementor-element elementor-element-da17ac5\" data-id=\"da17ac5\" data-element_type=\"column\" data-e-type=\"column\">\n\t\t\t<div class=\"elementor-widget-wrap elementor-element-populated\">\n\t\t\t\t\t\t<div class=\"elementor-element elementor-element-2519e7b elementor-widget elementor-widget-heading\" data-id=\"2519e7b\" data-element_type=\"widget\" data-e-type=\"widget\" data-widget_type=\"heading.default\">\n\t\t\t\t<div class=\"elementor-widget-container\">\n\t\t\t\t\t<h2 class=\"elementor-heading-title elementor-size-default\">Potwierdzenie<\/h2>\t\t\t\t<\/div>\n\t\t\t\t<\/div>\n\t\t\t\t<div class=\"elementor-element elementor-element-34ec299 elementor-widget elementor-widget-text-editor\" data-id=\"34ec299\" data-element_type=\"widget\" data-e-type=\"widget\" data-widget_type=\"text-editor.default\">\n\t\t\t\t<div class=\"elementor-widget-container\">\n\t\t\t\t\t\t\t\t\t<p style=\"text-align: justify;\">Jak tylko te kroki zostan\u0105 wykonane, wy\u015blemy potwierdzenie Twojego kursu, szczeg\u00f3\u0142y Twojego zakwaterowania, je\u015bli takie istniej\u0105, oraz odpowiednie instrukcje dotycz\u0105ce Twojej podr\u00f3\u017cy. Je\u015bli masz jakiekolwiek pytania przed lub po rejestracji, nie wahaj si\u0119 z nami skontaktowa\u0107. Ch\u0119tnie Ci pomo\u017cemy!<\/p><div id=\"column-wrap-id-1652112849514\" class=\"sppb-col-md-9\" style=\"text-align: justify;\"><div id=\"column-id-1652112849514\" class=\"sppb-column\"><div class=\"sppb-column-addons\"><div id=\"sppb-addon-wrapper-1545123826683\" class=\"sppb-addon-wrapper\"><div id=\"sppb-addon-1545123826683\" class=\"clearfix \"><div class=\"sppb-addon sppb-addon-feature \"><div class=\"sppb-addon-content sppb-text-right\"><div class=\"sppb-media-content\"><div class=\"sppb-addon-text\"><p>Uwaga:\u00a0<a href=\"\/pl\/wniosek-wizowy\/\" target=\"_self\">przeczytaj to dla wiz studenckich<\/a>.<\/p><\/div><\/div><\/div><\/div><\/div><\/div><\/div><\/div><\/div><div id=\"column-wrap-id-1652112849515\" class=\"sppb-col-md-3\"><div id=\"column-id-1652112849515\" class=\"sppb-column\"><div class=\"sppb-column-addons\"><div id=\"sppb-addon-wrapper-1652113127584\" class=\"sppb-addon-wrapper\"><div id=\"sppb-addon-1652113127584\" class=\"clearfix \"><div class=\"sppb-addon sppb-addon-single-image sppb-text-center \" style=\"text-align: justify;\">\u00a0<\/div><\/div><\/div><\/div><\/div><\/div>\t\t\t\t\t\t\t\t<\/div>\n\t\t\t\t<\/div>\n\t\t\t\t\t<\/div>\n\t\t<\/div>\n\t\t\t\t\t<\/div>\n\t\t<\/section>\n\t\t\t\t<\/div>\n\t\t","protected":false},"excerpt":{"rendered":"<p>CHC\u0118 STUDIOWA\u0106 Prosimy o uwa\u017cne przeczytanie tego dokumentu, aby zapisa\u0107 si\u0119 na DOWOLNY kurs j\u0119zyka hiszpa\u0144skiego w naszej szkole w Murcji. 1. Wybierz kurs j\u0119zyka hiszpa\u0144skiego oraz daty rozpocz\u0119cia i zako\u0144czenia Oferujemy ponad 20 r\u00f3\u017cnych kurs\u00f3w. Wszystkie mo\u017cesz zobaczy\u0107 ponownie tutaj. 2. Prze\u015blij nam sw\u00f3j paszport na adres hola @ ihdemu.com Wyra\u017an\u0105 kolorow\u0105 kopi\u0119, podaj\u0105c, [&hellip;]<\/p>\n","protected":false},"author":1,"featured_media":16568,"parent":0,"menu_order":0,"comment_status":"closed","ping_status":"closed","template":"elementor_header_footer","meta":{"_acf_changed":false,"inline_featured_image":false,"site-sidebar-layout":"no-sidebar","site-content-layout":"page-builder","ast-site-content-layout":"full-width-container","site-content-style":"unboxed","site-sidebar-style":"unboxed","ast-global-header-display":"","ast-banner-title-visibility":"","ast-main-header-display":"","ast-hfb-above-header-display":"","ast-hfb-below-header-display":"","ast-hfb-mobile-header-display":"","site-post-title":"","ast-breadcrumbs-content":"","ast-featured-img":"disabled","footer-sml-layout":"","ast-disable-related-posts":"","theme-transparent-header-meta":"default","adv-header-id-meta":"","stick-header-meta":"default","header-above-stick-meta":"","header-main-stick-meta":"","header-below-stick-meta":"","astra-migrate-meta-layouts":"set","ast-page-background-enabled":"default","ast-page-background-meta":{"desktop":{"background-color":"var(--ast-global-color-4)","background-image":"","background-repeat":"repeat","background-position":"center center","background-size":"auto","background-attachment":"scroll","background-type":"","background-media":"","overlay-type":"","overlay-color":"","overlay-opacity":"","overlay-gradient":""},"tablet":{"background-color":"","background-image":"","background-repeat":"repeat","background-position":"center center","background-size":"auto","background-attachment":"scroll","background-type":"","background-media":"","overlay-type":"","overlay-color":"","overlay-opacity":"","overlay-gradient":""},"mobile":{"background-color":"","background-image":"","background-repeat":"repeat","background-position":"center center","background-size":"auto","background-attachment":"scroll","background-type":"","background-media":"","overlay-type":"","overlay-color":"","overlay-opacity":"","overlay-gradient":""}},"ast-content-background-meta":{"desktop":{"background-color":"var(--ast-global-color-5)","background-image":"","background-repeat":"repeat","background-position":"center center","background-size":"auto","background-attachment":"scroll","background-type":"","background-media":"","overlay-type":"","overlay-color":"","overlay-opacity":"","overlay-gradient":""},"tablet":{"background-color":"var(--ast-global-color-5)","background-image":"","background-repeat":"repeat","background-position":"center center","background-size":"auto","background-attachment":"scroll","background-type":"","background-media":"","overlay-type":"","overlay-color":"","overlay-opacity":"","overlay-gradient":""},"mobile":{"background-color":"var(--ast-global-color-5)","background-image":"","background-repeat":"repeat","background-position":"center center","background-size":"auto","background-attachment":"scroll","background-type":"","background-media":"","overlay-type":"","overlay-color":"","overlay-opacity":"","overlay-gradient":""}},"footnotes":""},"class_list":["post-6528","page","type-page","status-publish","has-post-thumbnail","hentry"],"acf":[],"_links":{"self":[{"href":"https:\/\/ihdemu.com\/pl\/wp-json\/wp\/v2\/pages\/6528","targetHints":{"allow":["GET"]}}],"collection":[{"href":"https:\/\/ihdemu.com\/pl\/wp-json\/wp\/v2\/pages"}],"about":[{"href":"https:\/\/ihdemu.com\/pl\/wp-json\/wp\/v2\/types\/page"}],"author":[{"embeddable":true,"href":"https:\/\/ihdemu.com\/pl\/wp-json\/wp\/v2\/users\/1"}],"replies":[{"embeddable":true,"href":"https:\/\/ihdemu.com\/pl\/wp-json\/wp\/v2\/comments?post=6528"}],"version-history":[{"count":14,"href":"https:\/\/ihdemu.com\/pl\/wp-json\/wp\/v2\/pages\/6528\/revisions"}],"predecessor-version":[{"id":107494,"href":"https:\/\/ihdemu.com\/pl\/wp-json\/wp\/v2\/pages\/6528\/revisions\/107494"}],"wp:featuredmedia":[{"embeddable":true,"href":"https:\/\/ihdemu.com\/pl\/wp-json\/wp\/v2\/media\/16568"}],"wp:attachment":[{"href":"https:\/\/ihdemu.com\/pl\/wp-json\/wp\/v2\/media?parent=6528"}],"curies":[{"name":"wp","href":"https:\/\/api.w.org\/{rel}","templated":true}]}}