{"id":75563,"date":"2023-11-02T20:44:46","date_gmt":"2023-11-02T19:44:46","guid":{"rendered":"https:\/\/ihdemu.com\/test-de-nivel-resultados-a2\/"},"modified":"2023-11-06T15:01:02","modified_gmt":"2023-11-06T14:01:02","slug":"test-poziomu-wyniki-a2","status":"publish","type":"page","link":"https:\/\/ihdemu.com\/pl\/test-poziomu-wyniki-a2\/","title":{"rendered":"Test poziomu &#8211; Wyniki A2"},"content":{"rendered":"\t\t<div data-elementor-type=\"wp-page\" data-elementor-id=\"75563\" class=\"elementor elementor-75563 elementor-75431\" data-elementor-post-type=\"page\">\n\t\t\t\t\t\t<section class=\"elementor-section elementor-top-section elementor-element elementor-element-de01908 elementor-section-boxed elementor-section-height-default elementor-section-height-default\" data-id=\"de01908\" data-element_type=\"section\" data-e-type=\"section\" id=\"resultados\">\n\t\t\t\t\t\t<div class=\"elementor-container elementor-column-gap-default\">\n\t\t\t\t\t<div class=\"elementor-column elementor-col-100 elementor-top-column elementor-element elementor-element-eb159e6\" data-id=\"eb159e6\" data-element_type=\"column\" data-e-type=\"column\">\n\t\t\t<div class=\"elementor-widget-wrap elementor-element-populated\">\n\t\t\t\t\t\t<div class=\"elementor-element elementor-element-e859e69 elementor-widget elementor-widget-heading\" data-id=\"e859e69\" data-element_type=\"widget\" data-e-type=\"widget\" data-widget_type=\"heading.default\">\n\t\t\t\t<div class=\"elementor-widget-container\">\n\t\t\t\t\t<h1 class=\"elementor-heading-title elementor-size-default\">Wyniki Twojego testu<\/h1>\t\t\t\t<\/div>\n\t\t\t\t<\/div>\n\t\t\t\t<div class=\"elementor-element elementor-element-b289a11 elementor-widget elementor-widget-text-editor\" data-id=\"b289a11\" data-element_type=\"widget\" data-e-type=\"widget\" data-widget_type=\"text-editor.default\">\n\t\t\t\t<div class=\"elementor-widget-container\">\n\t\t\t\t\t\t\t\t\t<p style=\"text-align: center;\">Gratulacje! Uko\u0144czy\u0142e\u015b\/a\u015b test kompetencji hiszpa\u0144skiego z sukcesem. Na podstawie uzyskanego wyniku, Tw\u00f3j poziom hiszpa\u0144skiego to&#8230;<\/p>\t\t\t\t\t\t\t\t<\/div>\n\t\t\t\t<\/div>\n\t\t\t\t<div class=\"elementor-element elementor-element-93665da elementor-widget elementor-widget-heading\" data-id=\"93665da\" data-element_type=\"widget\" data-e-type=\"widget\" data-widget_type=\"heading.default\">\n\t\t\t\t<div class=\"elementor-widget-container\">\n\t\t\t\t\t<h2 class=\"elementor-heading-title elementor-size-default\">A2<\/h2>\t\t\t\t<\/div>\n\t\t\t\t<\/div>\n\t\t\t\t<div class=\"elementor-element elementor-element-097dd8e elementor-widget elementor-widget-text-editor\" data-id=\"097dd8e\" data-element_type=\"widget\" data-e-type=\"widget\" data-widget_type=\"text-editor.default\">\n\t\t\t\t<div class=\"elementor-widget-container\">\n\t\t\t\t\t\t\t\t\t<p>To jest obliczenie oparte wy\u0142\u0105cznie na Twoich odpowiedziach. Je\u015bli chcesz otrzyma\u0107 certyfikat dok\u0142adnie odzwierciedlaj\u0105cy Tw\u00f3j poziom, prosimy o kontakt, aby go otrzyma\u0107.<\/p>\t\t\t\t\t\t\t\t<\/div>\n\t\t\t\t<\/div>\n\t\t\t\t<div class=\"elementor-element elementor-element-4a47e21 elementor-align-center elementor-widget elementor-widget-button\" data-id=\"4a47e21\" data-element_type=\"widget\" data-e-type=\"widget\" data-widget_type=\"button.default\">\n\t\t\t\t<div class=\"elementor-widget-container\">\n\t\t\t\t\t\t\t\t\t<div class=\"elementor-button-wrapper\">\n\t\t\t\t\t<a class=\"elementor-button elementor-button-link elementor-size-sm\" href=\"https:\/\/ihdemu.com\/pl\/kontakt\/\">\n\t\t\t\t\t\t<span class=\"elementor-button-content-wrapper\">\n\t\t\t\t\t\t\t\t\t<span class=\"elementor-button-text\">Skontaktuj si\u0119 z nami<\/span>\n\t\t\t\t\t<\/span>\n\t\t\t\t\t<\/a>\n\t\t\t\t<\/div>\n\t\t\t\t\t\t\t\t<\/div>\n\t\t\t\t<\/div>\n\t\t\t\t<div class=\"elementor-element elementor-element-d429c0a elementor-widget elementor-widget-text-editor\" data-id=\"d429c0a\" data-element_type=\"widget\" data-e-type=\"widget\" data-widget_type=\"text-editor.default\">\n\t\t\t\t<div class=\"elementor-widget-container\">\n\t\t\t\t\t\t\t\t\t<p>Jeste\u015bmy tutaj, aby pom\u00f3c Ci w Twojej drodze do opanowania hiszpa\u0144skiego.<\/p><p><strong>Do zobaczenia wkr\u00f3tce!<\/strong><\/p>\t\t\t\t\t\t\t\t<\/div>\n\t\t\t\t<\/div>\n\t\t\t\t\t<\/div>\n\t\t<\/div>\n\t\t\t\t\t<\/div>\n\t\t<\/section>\n\t\t\t\t<\/div>\n\t\t","protected":false},"excerpt":{"rendered":"<p>Wyniki Twojego testu Gratulacje! Uko\u0144czy\u0142e\u015b\/a\u015b test kompetencji hiszpa\u0144skiego z sukcesem. Na podstawie uzyskanego wyniku, Tw\u00f3j poziom hiszpa\u0144skiego to&#8230; A2 To jest obliczenie oparte wy\u0142\u0105cznie na Twoich odpowiedziach. Je\u015bli chcesz otrzyma\u0107 certyfikat dok\u0142adnie odzwierciedlaj\u0105cy Tw\u00f3j poziom, prosimy o kontakt, aby go otrzyma\u0107. Skontaktuj si\u0119 z nami Jeste\u015bmy tutaj, aby pom\u00f3c Ci w Twojej drodze do opanowania [&hellip;]<\/p>\n","protected":false},"author":1,"featured_media":0,"parent":0,"menu_order":0,"comment_status":"closed","ping_status":"closed","template":"","meta":{"_acf_changed":false,"inline_featured_image":false,"site-sidebar-layout":"no-sidebar","site-content-layout":"page-builder","ast-site-content-layout":"full-width-container","site-content-style":"unboxed","site-sidebar-style":"unboxed","ast-global-header-display":"","ast-banner-title-visibility":"","ast-main-header-display":"","ast-hfb-above-header-display":"","ast-hfb-below-header-display":"","ast-hfb-mobile-header-display":"","site-post-title":"disabled","ast-breadcrumbs-content":"","ast-featured-img":"disabled","footer-sml-layout":"","ast-disable-related-posts":"","theme-transparent-header-meta":"","adv-header-id-meta":"","stick-header-meta":"","header-above-stick-meta":"","header-main-stick-meta":"","header-below-stick-meta":"","astra-migrate-meta-layouts":"set","ast-page-background-enabled":"default","ast-page-background-meta":{"desktop":{"background-color":"var(--ast-global-color-4)","background-image":"","background-repeat":"repeat","background-position":"center center","background-size":"auto","background-attachment":"scroll","background-type":"","background-media":"","overlay-type":"","overlay-color":"","overlay-opacity":"","overlay-gradient":""},"tablet":{"background-color":"","background-image":"","background-repeat":"repeat","background-position":"center center","background-size":"auto","background-attachment":"scroll","background-type":"","background-media":"","overlay-type":"","overlay-color":"","overlay-opacity":"","overlay-gradient":""},"mobile":{"background-color":"","background-image":"","background-repeat":"repeat","background-position":"center center","background-size":"auto","background-attachment":"scroll","background-type":"","background-media":"","overlay-type":"","overlay-color":"","overlay-opacity":"","overlay-gradient":""}},"ast-content-background-meta":{"desktop":{"background-color":"var(--ast-global-color-5)","background-image":"","background-repeat":"repeat","background-position":"center center","background-size":"auto","background-attachment":"scroll","background-type":"","background-media":"","overlay-type":"","overlay-color":"","overlay-opacity":"","overlay-gradient":""},"tablet":{"background-color":"var(--ast-global-color-5)","background-image":"","background-repeat":"repeat","background-position":"center center","background-size":"auto","background-attachment":"scroll","background-type":"","background-media":"","overlay-type":"","overlay-color":"","overlay-opacity":"","overlay-gradient":""},"mobile":{"background-color":"var(--ast-global-color-5)","background-image":"","background-repeat":"repeat","background-position":"center center","background-size":"auto","background-attachment":"scroll","background-type":"","background-media":"","overlay-type":"","overlay-color":"","overlay-opacity":"","overlay-gradient":""}},"footnotes":""},"class_list":["post-75563","page","type-page","status-publish","hentry"],"acf":[],"_links":{"self":[{"href":"https:\/\/ihdemu.com\/pl\/wp-json\/wp\/v2\/pages\/75563","targetHints":{"allow":["GET"]}}],"collection":[{"href":"https:\/\/ihdemu.com\/pl\/wp-json\/wp\/v2\/pages"}],"about":[{"href":"https:\/\/ihdemu.com\/pl\/wp-json\/wp\/v2\/types\/page"}],"author":[{"embeddable":true,"href":"https:\/\/ihdemu.com\/pl\/wp-json\/wp\/v2\/users\/1"}],"replies":[{"embeddable":true,"href":"https:\/\/ihdemu.com\/pl\/wp-json\/wp\/v2\/comments?post=75563"}],"version-history":[{"count":0,"href":"https:\/\/ihdemu.com\/pl\/wp-json\/wp\/v2\/pages\/75563\/revisions"}],"wp:attachment":[{"href":"https:\/\/ihdemu.com\/pl\/wp-json\/wp\/v2\/media?parent=75563"}],"curies":[{"name":"wp","href":"https:\/\/api.w.org\/{rel}","templated":true}]}}