{"id":7872,"date":"2022-11-14T13:45:41","date_gmt":"2022-11-14T12:45:41","guid":{"rendered":"https:\/\/ihdemu.com\/mision\/"},"modified":"2023-05-18T13:10:40","modified_gmt":"2023-05-18T11:10:40","slug":"misja","status":"publish","type":"page","link":"https:\/\/ihdemu.com\/pl\/misja\/","title":{"rendered":"Misja, Wizja i Warto\u015bci"},"content":{"rendered":"\t\t<div data-elementor-type=\"wp-page\" data-elementor-id=\"7872\" class=\"elementor elementor-7872 elementor-3727\" data-elementor-post-type=\"page\">\n\t\t\t\t\t\t<section data-dce-background-image-url=\"https:\/\/ihdemu.com\/wp-content\/uploads\/2022\/11\/Instituto-Hispanico-de-Murcia-Cabecera-Mision-Vision-Valores.jpeg\" class=\"elementor-section elementor-top-section elementor-element elementor-element-29f32d8 elementor-section-boxed elementor-section-height-default elementor-section-height-default\" data-id=\"29f32d8\" data-element_type=\"section\" data-e-type=\"section\" id=\"cabecera\" data-settings=\"{&quot;background_background&quot;:&quot;classic&quot;}\">\n\t\t\t\t\t\t\t<div class=\"elementor-background-overlay\"><\/div>\n\t\t\t\t\t\t\t<div class=\"elementor-container elementor-column-gap-default\">\n\t\t\t\t\t<div class=\"elementor-column elementor-col-100 elementor-top-column elementor-element elementor-element-fd2ca1d\" data-id=\"fd2ca1d\" data-element_type=\"column\" data-e-type=\"column\">\n\t\t\t<div class=\"elementor-widget-wrap elementor-element-populated\">\n\t\t\t\t\t\t<div class=\"elementor-element elementor-element-668e0cb elementor-widget elementor-widget-heading\" data-id=\"668e0cb\" data-element_type=\"widget\" data-e-type=\"widget\" data-widget_type=\"heading.default\">\n\t\t\t\t<div class=\"elementor-widget-container\">\n\t\t\t\t\t<h1 class=\"elementor-heading-title elementor-size-default\">MISJA, WIZJA I WARTO\u015aCI\n<\/h1>\t\t\t\t<\/div>\n\t\t\t\t<\/div>\n\t\t\t\t\t<\/div>\n\t\t<\/div>\n\t\t\t\t\t<\/div>\n\t\t<\/section>\n\t\t\t\t<section class=\"elementor-section elementor-top-section elementor-element elementor-element-c32e08c fila espsup elementor-section-boxed elementor-section-height-default elementor-section-height-default\" data-id=\"c32e08c\" data-element_type=\"section\" data-e-type=\"section\">\n\t\t\t\t\t\t<div class=\"elementor-container elementor-column-gap-default\">\n\t\t\t\t\t<div class=\"elementor-column elementor-col-66 elementor-top-column elementor-element elementor-element-6fc4b23\" data-id=\"6fc4b23\" data-element_type=\"column\" data-e-type=\"column\">\n\t\t\t<div class=\"elementor-widget-wrap elementor-element-populated\">\n\t\t\t\t\t\t<div class=\"elementor-element elementor-element-0349232 elementor-widget elementor-widget-text-editor\" data-id=\"0349232\" data-element_type=\"widget\" data-e-type=\"widget\" data-widget_type=\"text-editor.default\">\n\t\t\t\t<div class=\"elementor-widget-container\">\n\t\t\t\t\t\t\t\t\t<p>Wi\u0119kszo\u015b\u0107 firm oprawia swoje misje w z\u0142ote ramki i wiesza je w recepcji lub biurach.<\/p><p><strong>My w Instituto Hispanico koncentrujemy wszystkie nasze wysi\u0142ki na tym, czym\u00a0<em>mo\u017cemy<\/em>\u00a0by\u0107, a nie na tym, kim\u00a0<em>chcemy<\/em>\u00a0by\u0107.<\/strong>\u00a0Jest to znacznie prostsze, bardziej praktyczne i bardziej produktywne podej\u015bcie.<\/p><p>Od 2000 roku ci\u0119\u017cko pracujemy i dok\u0142adamy wszelkich stara\u0144 aby uszcz\u0119\u015bliwi\u0107 ludzi. Wszyscy cz\u0142onkowie naszego zespo\u0142u doskonale rozumiej\u0105 t\u0119 misj\u0119 i czuj\u0105 si\u0119 jej cz\u0119\u015bci\u0105. Nie bez powodu jeste\u015bmy w Murcji liderami w nauczaniu obcokrajowc\u00f3w j\u0119zyka hiszpa\u0144skiego!<\/p><p>Jeste\u015bmy firm\u0105 z 21-ego wieku, z przyjemno\u015bci\u0105 inwestujemy w r\u00f3\u017cnorodno\u015b\u0107, tak\u017ce nasi pracownicy r\u00f3\u017cni\u0105 si\u0119 wiekiem, p\u0142ci\u0105, narodowo\u015bci\u0105 i kultur\u0105.<\/p><p>Nasze cele w s\u0142u\u017cbie spo\u0142ecze\u0144stwu to:<\/p><ul><li>Komunikacja, waloryzacja i transfer wiedzy w s\u0142u\u017cbie kultury, jako\u015bci \u017cycia i rozwoju gospodarczego miasta Murcia.<\/li><li>Upowszechnianie j\u0119zyka i kultury hiszpa\u0144skiej poprzez nauczanie mi\u0119dzynarodowych student\u00f3w, umieszczenie Murcji na mapie \u015bwiata do nauki hiszpa\u0144skiego jako j\u0119zyka obcego.<\/li><\/ul>\t\t\t\t\t\t\t\t<\/div>\n\t\t\t\t<\/div>\n\t\t\t\t\t<\/div>\n\t\t<\/div>\n\t\t\t\t<div class=\"elementor-column elementor-col-33 elementor-top-column elementor-element elementor-element-bf4e2b9\" data-id=\"bf4e2b9\" data-element_type=\"column\" data-e-type=\"column\">\n\t\t\t<div class=\"elementor-widget-wrap elementor-element-populated\">\n\t\t\t\t\t\t<div class=\"elementor-element elementor-element-626dee8 elementor-invisible elementor-widget elementor-widget-image\" data-id=\"626dee8\" data-element_type=\"widget\" data-e-type=\"widget\" data-settings=\"{&quot;_animation&quot;:&quot;slideInRight&quot;}\" data-widget_type=\"image.default\">\n\t\t\t\t<div class=\"elementor-widget-container\">\n\t\t\t\t\t\t\t\t\t\t\t\t\t\t\t<img fetchpriority=\"high\" decoding=\"async\" width=\"243\" height=\"300\" src=\"https:\/\/ihdemu.com\/wp-content\/uploads\/2022\/11\/Instituto-Hispanico-de-Murcia-Misja-Wizja-Wartosci-Misja-243x300.jpg\" class=\"attachment-medium size-medium wp-image-9596\" alt=\"Instituto-Hispanico-de-Murcia-Misja-Wizja-Wartosci-Misja\" srcset=\"https:\/\/ihdemu.com\/wp-content\/uploads\/2022\/11\/Instituto-Hispanico-de-Murcia-Misja-Wizja-Wartosci-Misja-243x300.jpg 243w, https:\/\/ihdemu.com\/wp-content\/uploads\/2022\/11\/Instituto-Hispanico-de-Murcia-Misja-Wizja-Wartosci-Misja.jpg 324w\" sizes=\"(max-width: 243px) 100vw, 243px\" \/>\t\t\t\t\t\t\t\t\t\t\t\t\t\t\t<\/div>\n\t\t\t\t<\/div>\n\t\t\t\t\t<\/div>\n\t\t<\/div>\n\t\t\t\t\t<\/div>\n\t\t<\/section>\n\t\t\t\t<section class=\"elementor-section elementor-top-section elementor-element elementor-element-d50e840 fila elementor-section-boxed elementor-section-height-default elementor-section-height-default\" data-id=\"d50e840\" data-element_type=\"section\" data-e-type=\"section\">\n\t\t\t\t\t\t<div class=\"elementor-container elementor-column-gap-default\">\n\t\t\t\t\t<div class=\"elementor-column elementor-col-66 elementor-top-column elementor-element elementor-element-cf5674d\" data-id=\"cf5674d\" data-element_type=\"column\" data-e-type=\"column\">\n\t\t\t<div class=\"elementor-widget-wrap elementor-element-populated\">\n\t\t\t\t\t\t<div class=\"elementor-element elementor-element-e28ffdf elementor-widget elementor-widget-text-editor\" data-id=\"e28ffdf\" data-element_type=\"widget\" data-e-type=\"widget\" data-widget_type=\"text-editor.default\">\n\t\t\t\t<div class=\"elementor-widget-container\">\n\t\t\t\t\t\t\t\t\t<p>Chcemy zaoferowa\u0107 prawdziwe zaanga\u017cowanie w doskona\u0142o\u015b\u0107 akademick\u0105 i jako\u015b\u0107 naszych us\u0142ug.<\/p><p><span lang=\"PL\">Chcemy udziela\u0107 wysokiej jako\u015bci kurs\u00f3w j\u0119zykowych w Murcji oraz rozwija\u0107 szkolenia i zaj\u0119cia rekreacyjne, kt\u00f3re odpowiadaj\u0105 zainteresowaniu naszych uczni\u00f3w j\u0119zykiem i kultur\u0105 hiszpa\u0144sk\u0105.<\/span><\/p><p>Pracujemy by by\u0107 wzorem zarz\u0105dzania i komunikacji, z profesjonaln\u0105 kadr\u0105 gotow\u0105 do wykonywania swoich zada\u0144 i sta\u0142\u0105 ch\u0119ci\u0105 doskonalenia si\u0119.<\/p><div id=\"column-wrap-id-1613649900314\" class=\"sppb-col-md-8\"><div id=\"column-id-1613649900314\" class=\"sppb-column\"><div class=\"sppb-column-addons\"><div id=\"sppb-addon-wrapper-1666109307957\" class=\"sppb-addon-wrapper\"><div id=\"sppb-addon-1666109307957\" class=\"clearfix \"><div class=\"sppb-addon sppb-addon-text-block \"><div class=\"sppb-addon-content\"><p>A za to wszystko staramy si\u0119 by\u0107 liderami w dziedzinie podr\u00f3\u017cy j\u0119zykowych na wybrze\u017cu Morza \u015ar\u00f3dziemnego.<\/p><\/div><\/div><\/div><\/div><\/div><\/div><\/div>\t\t\t\t\t\t\t\t<\/div>\n\t\t\t\t<\/div>\n\t\t\t\t\t<\/div>\n\t\t<\/div>\n\t\t\t\t<div class=\"elementor-column elementor-col-33 elementor-top-column elementor-element elementor-element-bb90b32\" data-id=\"bb90b32\" data-element_type=\"column\" data-e-type=\"column\">\n\t\t\t<div class=\"elementor-widget-wrap elementor-element-populated\">\n\t\t\t\t\t\t<div class=\"elementor-element elementor-element-a8cf87e elementor-invisible elementor-widget elementor-widget-image\" data-id=\"a8cf87e\" data-element_type=\"widget\" data-e-type=\"widget\" data-settings=\"{&quot;_animation&quot;:&quot;slideInRight&quot;}\" data-widget_type=\"image.default\">\n\t\t\t\t<div class=\"elementor-widget-container\">\n\t\t\t\t\t\t\t\t\t\t\t\t\t\t\t<img decoding=\"async\" width=\"296\" height=\"300\" src=\"https:\/\/ihdemu.com\/wp-content\/uploads\/2022\/11\/Instituto-Hispanico-de-Murcia-Misja-Wizja-Wartosci-Wizja-296x300.jpg\" class=\"attachment-medium size-medium wp-image-9723\" alt=\"\" srcset=\"https:\/\/ihdemu.com\/wp-content\/uploads\/2022\/11\/Instituto-Hispanico-de-Murcia-Misja-Wizja-Wartosci-Wizja-296x300.jpg 296w, https:\/\/ihdemu.com\/wp-content\/uploads\/2022\/11\/Instituto-Hispanico-de-Murcia-Misja-Wizja-Wartosci-Wizja-600x607.jpg 600w, https:\/\/ihdemu.com\/wp-content\/uploads\/2022\/11\/Instituto-Hispanico-de-Murcia-Misja-Wizja-Wartosci-Wizja-100x100.jpg 100w, https:\/\/ihdemu.com\/wp-content\/uploads\/2022\/11\/Instituto-Hispanico-de-Murcia-Misja-Wizja-Wartosci-Wizja.jpg 654w\" sizes=\"(max-width: 296px) 100vw, 296px\" \/>\t\t\t\t\t\t\t\t\t\t\t\t\t\t\t<\/div>\n\t\t\t\t<\/div>\n\t\t\t\t\t<\/div>\n\t\t<\/div>\n\t\t\t\t\t<\/div>\n\t\t<\/section>\n\t\t\t\t<section class=\"elementor-section elementor-top-section elementor-element elementor-element-22296d6 fila elementor-section-boxed elementor-section-height-default elementor-section-height-default\" data-id=\"22296d6\" data-element_type=\"section\" data-e-type=\"section\">\n\t\t\t\t\t\t<div class=\"elementor-container elementor-column-gap-default\">\n\t\t\t\t\t<div class=\"elementor-column elementor-col-66 elementor-top-column elementor-element elementor-element-3d28b84\" data-id=\"3d28b84\" data-element_type=\"column\" data-e-type=\"column\">\n\t\t\t<div class=\"elementor-widget-wrap elementor-element-populated\">\n\t\t\t\t\t\t<div class=\"elementor-element elementor-element-2f661e6 elementor-widget elementor-widget-text-editor\" data-id=\"2f661e6\" data-element_type=\"widget\" data-e-type=\"widget\" data-widget_type=\"text-editor.default\">\n\t\t\t\t<div class=\"elementor-widget-container\">\n\t\t\t\t\t\t\t\t\t<p>Otwarte podej\u015bcie do zmian od edukacyjnych innowacji.<\/p><p>Etyka zawodowa, uczciwo\u015b\u0107 i szacunek do ludzi. Tolerancja dla r\u00f3\u017cnorodno\u015bci opinii, kultur i wizji \u015bwiata.<\/p><p>Zaanga\u017cowanie w us\u0142ugi publiczne, kt\u00f3re oferujemy.<\/p><p>Przyw\u00f3dztwo, inicjatywa i profesjonalizm w rozwoju dzia\u0142a\u0144 i szybkim rozwi\u0105zywaniu problem\u00f3w.<\/p><p>Interakcja r\u00f3\u017cnych dzia\u0142\u00f3w centrum w celu wypracowania wsp\u00f3lnej kultury.<\/p><p>Wyj\u015bcie ponad oczekiwania uczni\u00f3w.<\/p>\t\t\t\t\t\t\t\t<\/div>\n\t\t\t\t<\/div>\n\t\t\t\t\t<\/div>\n\t\t<\/div>\n\t\t\t\t<div class=\"elementor-column elementor-col-33 elementor-top-column elementor-element elementor-element-6fd226f\" data-id=\"6fd226f\" data-element_type=\"column\" data-e-type=\"column\">\n\t\t\t<div class=\"elementor-widget-wrap elementor-element-populated\">\n\t\t\t\t\t\t<div class=\"elementor-element elementor-element-9a9c27b elementor-invisible elementor-widget elementor-widget-image\" data-id=\"9a9c27b\" data-element_type=\"widget\" data-e-type=\"widget\" data-settings=\"{&quot;_animation&quot;:&quot;slideInRight&quot;}\" data-widget_type=\"image.default\">\n\t\t\t\t<div class=\"elementor-widget-container\">\n\t\t\t\t\t\t\t\t\t\t\t\t\t\t\t<img decoding=\"async\" width=\"233\" height=\"300\" src=\"https:\/\/ihdemu.com\/wp-content\/uploads\/2022\/11\/Instituto-Hispanico-de-Murcia-Misja-Wizja-Wartosci-Wartosci-233x300.jpg\" class=\"attachment-medium size-medium wp-image-9736\" alt=\"Instituto-Hispanico-de-Murcia-Misja-Wizja-Wartosci-Wartosci\" srcset=\"https:\/\/ihdemu.com\/wp-content\/uploads\/2022\/11\/Instituto-Hispanico-de-Murcia-Misja-Wizja-Wartosci-Wartosci-233x300.jpg 233w, https:\/\/ihdemu.com\/wp-content\/uploads\/2022\/11\/Instituto-Hispanico-de-Murcia-Misja-Wizja-Wartosci-Wartosci-795x1024.jpg 795w, https:\/\/ihdemu.com\/wp-content\/uploads\/2022\/11\/Instituto-Hispanico-de-Murcia-Misja-Wizja-Wartosci-Wartosci-768x990.jpg 768w, https:\/\/ihdemu.com\/wp-content\/uploads\/2022\/11\/Instituto-Hispanico-de-Murcia-Misja-Wizja-Wartosci-Wartosci-600x773.jpg 600w, https:\/\/ihdemu.com\/wp-content\/uploads\/2022\/11\/Instituto-Hispanico-de-Murcia-Misja-Wizja-Wartosci-Wartosci.jpg 804w\" sizes=\"(max-width: 233px) 100vw, 233px\" \/>\t\t\t\t\t\t\t\t\t\t\t\t\t\t\t<\/div>\n\t\t\t\t<\/div>\n\t\t\t\t\t<\/div>\n\t\t<\/div>\n\t\t\t\t\t<\/div>\n\t\t<\/section>\n\t\t\t\t<section class=\"elementor-section elementor-top-section elementor-element elementor-element-b26d45d elementor-section-boxed elementor-section-height-default elementor-section-height-default\" data-id=\"b26d45d\" data-element_type=\"section\" data-e-type=\"section\" data-settings=\"{&quot;background_background&quot;:&quot;classic&quot;}\">\n\t\t\t\t\t\t<div class=\"elementor-container elementor-column-gap-default\">\n\t\t\t\t\t<div class=\"elementor-column elementor-col-100 elementor-top-column elementor-element elementor-element-80bf9e1\" data-id=\"80bf9e1\" data-element_type=\"column\" data-e-type=\"column\">\n\t\t\t<div class=\"elementor-widget-wrap elementor-element-populated\">\n\t\t\t\t\t\t<section data-dce-background-color=\"#F7F6F8\" class=\"elementor-section elementor-inner-section elementor-element elementor-element-59d64d7 bloque elementor-section-boxed elementor-section-height-default elementor-section-height-default\" data-id=\"59d64d7\" data-element_type=\"section\" data-e-type=\"section\" data-settings=\"{&quot;background_background&quot;:&quot;classic&quot;}\">\n\t\t\t\t\t\t<div class=\"elementor-container elementor-column-gap-default\">\n\t\t\t\t\t<div class=\"elementor-column elementor-col-25 elementor-inner-column elementor-element elementor-element-3aa6920\" data-id=\"3aa6920\" data-element_type=\"column\" data-e-type=\"column\">\n\t\t\t<div class=\"elementor-widget-wrap elementor-element-populated\">\n\t\t\t\t\t\t<div class=\"elementor-element elementor-element-403705b elementor-view-default elementor-widget elementor-widget-icon\" data-id=\"403705b\" data-element_type=\"widget\" data-e-type=\"widget\" data-widget_type=\"icon.default\">\n\t\t\t\t<div class=\"elementor-widget-container\">\n\t\t\t\t\t\t\t<div class=\"elementor-icon-wrapper\">\n\t\t\t<div class=\"elementor-icon\">\n\t\t\t<svg aria-hidden=\"true\" class=\"e-font-icon-svg e-fas-recycle\" viewBox=\"0 0 512 512\" xmlns=\"http:\/\/www.w3.org\/2000\/svg\"><path d=\"M184.561 261.903c3.232 13.997-12.123 24.635-24.068 17.168l-40.736-25.455-50.867 81.402C55.606 356.273 70.96 384 96.012 384H148c6.627 0 12 5.373 12 12v40c0 6.627-5.373 12-12 12H96.115c-75.334 0-121.302-83.048-81.408-146.88l50.822-81.388-40.725-25.448c-12.081-7.547-8.966-25.961 4.879-29.158l110.237-25.45c8.611-1.988 17.201 3.381 19.189 11.99l25.452 110.237zm98.561-182.915l41.289 66.076-40.74 25.457c-12.051 7.528-9 25.953 4.879 29.158l110.237 25.45c8.672 1.999 17.215-3.438 19.189-11.99l25.45-110.237c3.197-13.844-11.99-24.719-24.068-17.168l-40.687 25.424-41.263-66.082c-37.521-60.033-125.209-60.171-162.816 0l-17.963 28.766c-3.51 5.62-1.8 13.021 3.82 16.533l33.919 21.195c5.62 3.512 13.024 1.803 16.536-3.817l17.961-28.743c12.712-20.341 41.973-19.676 54.257-.022zM497.288 301.12l-27.515-44.065c-3.511-5.623-10.916-7.334-16.538-3.821l-33.861 21.159c-5.62 3.512-7.33 10.915-3.818 16.536l27.564 44.112c13.257 21.211-2.057 48.96-27.136 48.96H320V336.02c0-14.213-17.242-21.383-27.313-11.313l-80 79.981c-6.249 6.248-6.249 16.379 0 22.627l80 79.989C302.689 517.308 320 510.3 320 495.989V448h95.88c75.274 0 121.335-82.997 81.408-146.88z\"><\/path><\/svg>\t\t\t<\/div>\n\t\t<\/div>\n\t\t\t\t\t\t<\/div>\n\t\t\t\t<\/div>\n\t\t\t\t\t<\/div>\n\t\t<\/div>\n\t\t\t\t<div class=\"elementor-column elementor-col-50 elementor-inner-column elementor-element elementor-element-44f293e\" data-id=\"44f293e\" data-element_type=\"column\" data-e-type=\"column\">\n\t\t\t<div class=\"elementor-widget-wrap elementor-element-populated\">\n\t\t\t\t\t\t<div class=\"elementor-element elementor-element-8e29afb elementor-widget elementor-widget-text-editor\" data-id=\"8e29afb\" data-element_type=\"widget\" data-e-type=\"widget\" data-widget_type=\"text-editor.default\">\n\t\t\t\t<div class=\"elementor-widget-container\">\n\t\t\t\t\t\t\t\t\t<p style=\"text-align: center;\"><a href=\"https:\/\/ihdemu.com\/pl\/zaangazowani-ochrone-srodowiska\/\">Zaanga\u017cowany w ochron\u0119 \u015brodowiska<\/a><\/p>\t\t\t\t\t\t\t\t<\/div>\n\t\t\t\t<\/div>\n\t\t\t\t\t<\/div>\n\t\t<\/div>\n\t\t\t\t<div class=\"elementor-column elementor-col-25 elementor-inner-column elementor-element elementor-element-723e02d\" data-id=\"723e02d\" data-element_type=\"column\" data-e-type=\"column\">\n\t\t\t<div class=\"elementor-widget-wrap elementor-element-populated\">\n\t\t\t\t\t\t<div class=\"elementor-element elementor-element-ace4849 elementor-widget elementor-widget-image\" data-id=\"ace4849\" data-element_type=\"widget\" data-e-type=\"widget\" data-widget_type=\"image.default\">\n\t\t\t\t<div class=\"elementor-widget-container\">\n\t\t\t\t\t\t\t\t\t\t\t\t\t\t\t\t<a href=\"https:\/\/ihdemu.com\/wp-content\/uploads\/2023\/05\/Compromiso-con-el-medio-ambiente.png\" data-elementor-open-lightbox=\"yes\" data-elementor-lightbox-title=\"Compromiso con el medio ambiente\" data-elementor-lightbox-description=\"Zaanga\u017cowani w ochron\u0119 \u015brodowiska\" data-e-action-hash=\"#elementor-action%3Aaction%3Dlightbox%26settings%3DeyJpZCI6NjI4NzUsInVybCI6Imh0dHBzOlwvXC9paGRlbXUuY29tXC93cC1jb250ZW50XC91cGxvYWRzXC8yMDIzXC8wNVwvQ29tcHJvbWlzby1jb24tZWwtbWVkaW8tYW1iaWVudGUucG5nIn0%3D\">\n\t\t\t\t\t\t\t<img loading=\"lazy\" decoding=\"async\" width=\"255\" height=\"110\" src=\"https:\/\/ihdemu.com\/wp-content\/uploads\/2023\/05\/Compromiso-con-el-medio-ambiente.png\" class=\"attachment-large size-large wp-image-62875\" alt=\"Zaanga\u017cowani w ochron\u0119 \u015brodowiska\" \/>\t\t\t\t\t\t\t\t<\/a>\n\t\t\t\t\t\t\t\t\t\t\t\t\t\t\t<\/div>\n\t\t\t\t<\/div>\n\t\t\t\t\t<\/div>\n\t\t<\/div>\n\t\t\t\t\t<\/div>\n\t\t<\/section>\n\t\t\t\t\t<\/div>\n\t\t<\/div>\n\t\t\t\t\t<\/div>\n\t\t<\/section>\n\t\t\t\t<\/div>\n\t\t","protected":false},"excerpt":{"rendered":"<p>MISJA, WIZJA I WARTO\u015aCI Wi\u0119kszo\u015b\u0107 firm oprawia swoje misje w z\u0142ote ramki i wiesza je w recepcji lub biurach. My w Instituto Hispanico koncentrujemy wszystkie nasze wysi\u0142ki na tym, czym\u00a0mo\u017cemy\u00a0by\u0107, a nie na tym, kim\u00a0chcemy\u00a0by\u0107.\u00a0Jest to znacznie prostsze, bardziej praktyczne i bardziej produktywne podej\u015bcie. Od 2000 roku ci\u0119\u017cko pracujemy i dok\u0142adamy wszelkich stara\u0144 aby uszcz\u0119\u015bliwi\u0107 [&hellip;]<\/p>\n","protected":false},"author":1,"featured_media":16568,"parent":0,"menu_order":0,"comment_status":"closed","ping_status":"closed","template":"elementor_header_footer","meta":{"_acf_changed":false,"inline_featured_image":false,"site-sidebar-layout":"no-sidebar","site-content-layout":"page-builder","ast-site-content-layout":"default","site-content-style":"default","site-sidebar-style":"default","ast-global-header-display":"","ast-banner-title-visibility":"","ast-main-header-display":"","ast-hfb-above-header-display":"","ast-hfb-below-header-display":"","ast-hfb-mobile-header-display":"","site-post-title":"disabled","ast-breadcrumbs-content":"","ast-featured-img":"disabled","footer-sml-layout":"","ast-disable-related-posts":"","theme-transparent-header-meta":"default","adv-header-id-meta":"","stick-header-meta":"default","header-above-stick-meta":"","header-main-stick-meta":"","header-below-stick-meta":"","astra-migrate-meta-layouts":"default","ast-page-background-enabled":"default","ast-page-background-meta":{"desktop":{"background-color":"var(--ast-global-color-4)","background-image":"","background-repeat":"repeat","background-position":"center center","background-size":"auto","background-attachment":"scroll","background-type":"","background-media":"","overlay-type":"","overlay-color":"","overlay-opacity":"","overlay-gradient":""},"tablet":{"background-color":"","background-image":"","background-repeat":"repeat","background-position":"center center","background-size":"auto","background-attachment":"scroll","background-type":"","background-media":"","overlay-type":"","overlay-color":"","overlay-opacity":"","overlay-gradient":""},"mobile":{"background-color":"","background-image":"","background-repeat":"repeat","background-position":"center center","background-size":"auto","background-attachment":"scroll","background-type":"","background-media":"","overlay-type":"","overlay-color":"","overlay-opacity":"","overlay-gradient":""}},"ast-content-background-meta":{"desktop":{"background-color":"var(--ast-global-color-5)","background-image":"","background-repeat":"repeat","background-position":"center center","background-size":"auto","background-attachment":"scroll","background-type":"","background-media":"","overlay-type":"","overlay-color":"","overlay-opacity":"","overlay-gradient":""},"tablet":{"background-color":"var(--ast-global-color-5)","background-image":"","background-repeat":"repeat","background-position":"center center","background-size":"auto","background-attachment":"scroll","background-type":"","background-media":"","overlay-type":"","overlay-color":"","overlay-opacity":"","overlay-gradient":""},"mobile":{"background-color":"var(--ast-global-color-5)","background-image":"","background-repeat":"repeat","background-position":"center center","background-size":"auto","background-attachment":"scroll","background-type":"","background-media":"","overlay-type":"","overlay-color":"","overlay-opacity":"","overlay-gradient":""}},"footnotes":""},"class_list":["post-7872","page","type-page","status-publish","has-post-thumbnail","hentry"],"acf":[],"_links":{"self":[{"href":"https:\/\/ihdemu.com\/pl\/wp-json\/wp\/v2\/pages\/7872","targetHints":{"allow":["GET"]}}],"collection":[{"href":"https:\/\/ihdemu.com\/pl\/wp-json\/wp\/v2\/pages"}],"about":[{"href":"https:\/\/ihdemu.com\/pl\/wp-json\/wp\/v2\/types\/page"}],"author":[{"embeddable":true,"href":"https:\/\/ihdemu.com\/pl\/wp-json\/wp\/v2\/users\/1"}],"replies":[{"embeddable":true,"href":"https:\/\/ihdemu.com\/pl\/wp-json\/wp\/v2\/comments?post=7872"}],"version-history":[{"count":0,"href":"https:\/\/ihdemu.com\/pl\/wp-json\/wp\/v2\/pages\/7872\/revisions"}],"wp:featuredmedia":[{"embeddable":true,"href":"https:\/\/ihdemu.com\/pl\/wp-json\/wp\/v2\/media\/16568"}],"wp:attachment":[{"href":"https:\/\/ihdemu.com\/pl\/wp-json\/wp\/v2\/media?parent=7872"}],"curies":[{"name":"wp","href":"https:\/\/api.w.org\/{rel}","templated":true}]}}