{"id":9897,"date":"2022-11-06T19:29:03","date_gmt":"2022-11-06T18:29:03","guid":{"rendered":"https:\/\/ihdemu.com\/servizio-taxi\/"},"modified":"2024-06-05T14:03:30","modified_gmt":"2024-06-05T12:03:30","slug":"uslugi-taxi","status":"publish","type":"page","link":"https:\/\/ihdemu.com\/pl\/uslugi-taxi\/","title":{"rendered":"Us\u0142uga taxi z lotniska"},"content":{"rendered":"\t\t<div data-elementor-type=\"wp-page\" data-elementor-id=\"9897\" class=\"elementor elementor-9897 elementor-2439\" data-elementor-post-type=\"page\">\n\t\t\t\t\t\t<section data-dce-background-image-url=\"https:\/\/ihdemu.com\/wp-content\/uploads\/2022\/11\/Instituto-Hispanico-de-Murcia-Cabecera-Servicio-Taxi-Aeropuerto.jpg\" class=\"elementor-section elementor-top-section elementor-element elementor-element-eb6c898 elementor-section-boxed elementor-section-height-default elementor-section-height-default\" data-id=\"eb6c898\" data-element_type=\"section\" data-e-type=\"section\" id=\"cabecera\" data-settings=\"{&quot;background_background&quot;:&quot;classic&quot;}\">\n\t\t\t\t\t\t\t<div class=\"elementor-background-overlay\"><\/div>\n\t\t\t\t\t\t\t<div class=\"elementor-container elementor-column-gap-default\">\n\t\t\t\t\t<div class=\"elementor-column elementor-col-100 elementor-top-column elementor-element elementor-element-f545819\" data-id=\"f545819\" data-element_type=\"column\" data-e-type=\"column\">\n\t\t\t<div class=\"elementor-widget-wrap elementor-element-populated\">\n\t\t\t\t\t\t<div class=\"elementor-element elementor-element-4aa65f4 elementor-widget elementor-widget-heading\" data-id=\"4aa65f4\" data-element_type=\"widget\" data-e-type=\"widget\" data-widget_type=\"heading.default\">\n\t\t\t\t<div class=\"elementor-widget-container\">\n\t\t\t\t\t<h1 class=\"elementor-heading-title elementor-size-default\">\nLOTNISKO-SERWIS ODBI\u00d3R TAKS\u00d3WK\u0104\n <\/h1>\t\t\t\t<\/div>\n\t\t\t\t<\/div>\n\t\t\t\t<div class=\"elementor-element elementor-element-7f193e1 elementor-widget elementor-widget-text-editor\" data-id=\"7f193e1\" data-element_type=\"widget\" data-e-type=\"widget\" data-widget_type=\"text-editor.default\">\n\t\t\t\t<div class=\"elementor-widget-container\">\n\t\t\t\t\t\t\t\t\t<p>Udost\u0119pniamy us\u0142ug\u0119 odbioru i dowozu\u00a0 na lotnisko &#8230; jest to o <span style=\"text-decoration: underline;\"><strong>wiele ta\u0144sze, bezpieczniejsze i niezawodne<\/strong><\/span> ni\u017c publiczne taks\u00f3wki.<\/p><p>B\u0119dziemy na Ciebie czekac!<\/p>\t\t\t\t\t\t\t\t<\/div>\n\t\t\t\t<\/div>\n\t\t\t\t\t<\/div>\n\t\t<\/div>\n\t\t\t\t\t<\/div>\n\t\t<\/section>\n\t\t\t\t<section class=\"elementor-section elementor-top-section elementor-element elementor-element-5be487b elementor-section-boxed elementor-section-height-default elementor-section-height-default\" data-id=\"5be487b\" data-element_type=\"section\" data-e-type=\"section\" id=\"precios\">\n\t\t\t\t\t\t<div class=\"elementor-container elementor-column-gap-default\">\n\t\t\t\t\t<div class=\"elementor-column elementor-col-100 elementor-top-column elementor-element elementor-element-23212b5\" data-id=\"23212b5\" data-element_type=\"column\" data-e-type=\"column\">\n\t\t\t<div class=\"elementor-widget-wrap elementor-element-populated\">\n\t\t\t\t\t\t<div class=\"elementor-element elementor-element-f3a5a96 elementor-widget elementor-widget-text-editor\" data-id=\"f3a5a96\" data-element_type=\"widget\" data-e-type=\"widget\" id=\"intro\" data-widget_type=\"text-editor.default\">\n\t\t\t\t<div class=\"elementor-widget-container\">\n\t\t\t\t\t\t\t\t\t<p>Nale\u017cy pami\u0119ta\u0107, \u017ce s\u0105 to ceny za\u00a0 <span style=\"text-decoration: underline;\">jedn\u0105 walizke plus baga\u017c podr\u0119czny na osob\u0119<\/span> w przypadku przyjazd\u00f3w \/ odjazd\u00f3w z lotniska w Murcja. i Alicante. Podaj nam szczeg\u00f3\u0142owe informacje o Twoim locie w celu zarezerwowania tej us\u0142ugi. Prosimy o kontakt z nami w przypadku wi\u0119kszych grup lub odlot\u00f3w z innych lotnisk.<\/p>\t\t\t\t\t\t\t\t<\/div>\n\t\t\t\t<\/div>\n\t\t\t\t<section class=\"elementor-section elementor-inner-section elementor-element elementor-element-88d0f14 elementor-section-boxed elementor-section-height-default elementor-section-height-default\" data-id=\"88d0f14\" data-element_type=\"section\" data-e-type=\"section\">\n\t\t\t\t\t\t<div class=\"elementor-container elementor-column-gap-default\">\n\t\t\t\t\t<div class=\"elementor-column elementor-col-50 elementor-inner-column elementor-element elementor-element-bba17cb col\" data-id=\"bba17cb\" data-element_type=\"column\" data-e-type=\"column\" data-settings=\"{&quot;motion_fx_motion_fx_mouse&quot;:&quot;yes&quot;,&quot;motion_fx_tilt_effect&quot;:&quot;yes&quot;,&quot;motion_fx_tilt_speed&quot;:{&quot;unit&quot;:&quot;px&quot;,&quot;size&quot;:4,&quot;sizes&quot;:[]}}\">\n\t\t\t<div class=\"elementor-widget-wrap elementor-element-populated\">\n\t\t\t\t\t\t<div class=\"elementor-element elementor-element-2a3bfda elementor-widget elementor-widget-image\" data-id=\"2a3bfda\" data-element_type=\"widget\" data-e-type=\"widget\" data-widget_type=\"image.default\">\n\t\t\t\t<div class=\"elementor-widget-container\">\n\t\t\t\t\t\t\t\t\t\t\t\t\t\t\t<img fetchpriority=\"high\" decoding=\"async\" width=\"554\" height=\"304\" src=\"https:\/\/ihdemu.com\/wp-content\/uploads\/2022\/11\/Instituto-Hispanico-de-Murcia-Servicio-de-Taxi-Aeropuerto-de-Murcia-1.png\" class=\"attachment-full size-full wp-image-2515\" alt=\"Instituto Hispanico de Murcia - Servicio de Taxi - Aeropuerto de Murcia\" srcset=\"https:\/\/ihdemu.com\/wp-content\/uploads\/2022\/11\/Instituto-Hispanico-de-Murcia-Servicio-de-Taxi-Aeropuerto-de-Murcia-1.png 554w, https:\/\/ihdemu.com\/wp-content\/uploads\/2022\/11\/Instituto-Hispanico-de-Murcia-Servicio-de-Taxi-Aeropuerto-de-Murcia-1-300x165.png 300w\" sizes=\"(max-width: 554px) 100vw, 554px\" \/>\t\t\t\t\t\t\t\t\t\t\t\t\t\t\t<\/div>\n\t\t\t\t<\/div>\n\t\t\t\t<div class=\"elementor-element elementor-element-1e12c63 precio elementor-widget elementor-widget-text-editor\" data-id=\"1e12c63\" data-element_type=\"widget\" data-e-type=\"widget\" data-widget_type=\"text-editor.default\">\n\t\t\t\t<div class=\"elementor-widget-container\">\n\t\t\t\t\t\t\t\t\t<p>TARYFA:<\/p>\t\t\t\t\t\t\t\t<\/div>\n\t\t\t\t<\/div>\n\t\t\t\t<div class=\"elementor-element elementor-element-f2bc438 elementor-widget elementor-widget-text-editor\" data-id=\"f2bc438\" data-element_type=\"widget\" data-e-type=\"widget\" data-widget_type=\"text-editor.default\">\n\t\t\t\t<div class=\"elementor-widget-container\">\n\t\t\t\t\t\t\t\t\t<ul><li>P\u00f3j\u015bcie: <strong>39 <strong>\u20ac<\/strong><\/strong><\/li><li>Podr\u00f3\u017c w obie strony: <strong>69\u00a0<strong>\u20ac<\/strong><\/strong><\/li><\/ul>\t\t\t\t\t\t\t\t<\/div>\n\t\t\t\t<\/div>\n\t\t\t\t<div class=\"elementor-element elementor-element-c576c05 elementor-align-center elementor-widget elementor-widget-button\" data-id=\"c576c05\" data-element_type=\"widget\" data-e-type=\"widget\" data-widget_type=\"button.default\">\n\t\t\t\t<div class=\"elementor-widget-container\">\n\t\t\t\t\t\t\t\t\t<div class=\"elementor-button-wrapper\">\n\t\t\t\t\t<a class=\"elementor-button elementor-button-link elementor-size-sm\" href=\"https:\/\/ihdemu.com\/pl\/taksowka-lotniska-murcji\/\">\n\t\t\t\t\t\t<span class=\"elementor-button-content-wrapper\">\n\t\t\t\t\t\t\t\t\t<span class=\"elementor-button-text\">ZAREZERWUJ TERAZ<\/span>\n\t\t\t\t\t<\/span>\n\t\t\t\t\t<\/a>\n\t\t\t\t<\/div>\n\t\t\t\t\t\t\t\t<\/div>\n\t\t\t\t<\/div>\n\t\t\t\t\t<\/div>\n\t\t<\/div>\n\t\t\t\t<div class=\"elementor-column elementor-col-50 elementor-inner-column elementor-element elementor-element-7a68c44 col\" data-id=\"7a68c44\" data-element_type=\"column\" data-e-type=\"column\" data-settings=\"{&quot;motion_fx_motion_fx_mouse&quot;:&quot;yes&quot;,&quot;motion_fx_tilt_effect&quot;:&quot;yes&quot;,&quot;motion_fx_tilt_speed&quot;:{&quot;unit&quot;:&quot;px&quot;,&quot;size&quot;:4,&quot;sizes&quot;:[]}}\">\n\t\t\t<div class=\"elementor-widget-wrap elementor-element-populated\">\n\t\t\t\t\t\t<div class=\"elementor-element elementor-element-2be7328 elementor-widget elementor-widget-image\" data-id=\"2be7328\" data-element_type=\"widget\" data-e-type=\"widget\" data-widget_type=\"image.default\">\n\t\t\t\t<div class=\"elementor-widget-container\">\n\t\t\t\t\t\t\t\t\t\t\t\t\t\t\t<img decoding=\"async\" width=\"554\" height=\"304\" src=\"https:\/\/ihdemu.com\/wp-content\/uploads\/2022\/11\/Instituto-Hispanico-de-Murcia-Servicio-de-Taxi-Aeropuerto-de-Alicante-1.png\" class=\"attachment-large size-large wp-image-2506\" alt=\"Instituto Hispanico de Murcia - Servicio de Taxi - Aeropuerto de Alicante\" srcset=\"https:\/\/ihdemu.com\/wp-content\/uploads\/2022\/11\/Instituto-Hispanico-de-Murcia-Servicio-de-Taxi-Aeropuerto-de-Alicante-1.png 554w, https:\/\/ihdemu.com\/wp-content\/uploads\/2022\/11\/Instituto-Hispanico-de-Murcia-Servicio-de-Taxi-Aeropuerto-de-Alicante-1-300x165.png 300w\" sizes=\"(max-width: 554px) 100vw, 554px\" \/>\t\t\t\t\t\t\t\t\t\t\t\t\t\t\t<\/div>\n\t\t\t\t<\/div>\n\t\t\t\t<div class=\"elementor-element elementor-element-f860f52 precio elementor-widget elementor-widget-text-editor\" data-id=\"f860f52\" data-element_type=\"widget\" data-e-type=\"widget\" data-widget_type=\"text-editor.default\">\n\t\t\t\t<div class=\"elementor-widget-container\">\n\t\t\t\t\t\t\t\t\t<p>TARYFA:<\/p>\t\t\t\t\t\t\t\t<\/div>\n\t\t\t\t<\/div>\n\t\t\t\t<div class=\"elementor-element elementor-element-465e435 elementor-widget elementor-widget-text-editor\" data-id=\"465e435\" data-element_type=\"widget\" data-e-type=\"widget\" data-widget_type=\"text-editor.default\">\n\t\t\t\t<div class=\"elementor-widget-container\">\n\t\t\t\t\t\t\t\t\t<ul><li>P\u00f3j\u015bcie: <strong>89\u00a0<strong>\u20ac<\/strong><\/strong><\/li><li>Podr\u00f3\u017c w obie strony: <strong>169 <strong>\u20ac<\/strong><\/strong><\/li><\/ul>\t\t\t\t\t\t\t\t<\/div>\n\t\t\t\t<\/div>\n\t\t\t\t<div class=\"elementor-element elementor-element-eb5af7e elementor-align-center elementor-widget elementor-widget-button\" data-id=\"eb5af7e\" data-element_type=\"widget\" data-e-type=\"widget\" data-widget_type=\"button.default\">\n\t\t\t\t<div class=\"elementor-widget-container\">\n\t\t\t\t\t\t\t\t\t<div class=\"elementor-button-wrapper\">\n\t\t\t\t\t<a class=\"elementor-button elementor-button-link elementor-size-sm\" href=\"https:\/\/ihdemu.com\/pl\/taksowka-lotniska-alicante\/\">\n\t\t\t\t\t\t<span class=\"elementor-button-content-wrapper\">\n\t\t\t\t\t\t\t\t\t<span class=\"elementor-button-text\">ZAREZERWUJ TERAZ<\/span>\n\t\t\t\t\t<\/span>\n\t\t\t\t\t<\/a>\n\t\t\t\t<\/div>\n\t\t\t\t\t\t\t\t<\/div>\n\t\t\t\t<\/div>\n\t\t\t\t\t<\/div>\n\t\t<\/div>\n\t\t\t\t\t<\/div>\n\t\t<\/section>\n\t\t\t\t\t<\/div>\n\t\t<\/div>\n\t\t\t\t\t<\/div>\n\t\t<\/section>\n\t\t\t\t<section class=\"elementor-section elementor-top-section elementor-element elementor-element-ba4edc0 elementor-section-boxed elementor-section-height-default elementor-section-height-default\" data-id=\"ba4edc0\" data-element_type=\"section\" data-e-type=\"section\" id=\"importante\">\n\t\t\t\t\t\t<div class=\"elementor-container elementor-column-gap-default\">\n\t\t\t\t\t<div class=\"elementor-column elementor-col-100 elementor-top-column elementor-element elementor-element-c80fb02\" data-id=\"c80fb02\" data-element_type=\"column\" data-e-type=\"column\">\n\t\t\t<div class=\"elementor-widget-wrap elementor-element-populated\">\n\t\t\t\t\t\t<div class=\"elementor-element elementor-element-3868557 elementor-align-center elementor-widget elementor-widget-button\" data-id=\"3868557\" data-element_type=\"widget\" data-e-type=\"widget\" data-widget_type=\"button.default\">\n\t\t\t\t<div class=\"elementor-widget-container\">\n\t\t\t\t\t\t\t\t\t<div class=\"elementor-button-wrapper\">\n\t\t\t\t\t<a class=\"elementor-button elementor-button-link elementor-size-sm\" href=\"\/pl\/kontakt\/\">\n\t\t\t\t\t\t<span class=\"elementor-button-content-wrapper\">\n\t\t\t\t\t\t\t\t\t<span class=\"elementor-button-text\">PROSZ\u0118 SPRAWDZI\u0106 R\u00d3\u017bNE US\u0141UGI<\/span>\n\t\t\t\t\t<\/span>\n\t\t\t\t\t<\/a>\n\t\t\t\t<\/div>\n\t\t\t\t\t\t\t\t<\/div>\n\t\t\t\t<\/div>\n\t\t\t\t<div class=\"elementor-element elementor-element-3c47c65 elementor-widget elementor-widget-heading\" data-id=\"3c47c65\" data-element_type=\"widget\" data-e-type=\"widget\" data-widget_type=\"heading.default\">\n\t\t\t\t<div class=\"elementor-widget-container\">\n\t\t\t\t\t<h2 class=\"elementor-heading-title elementor-size-default\">WA\u017bNE:<\/h2>\t\t\t\t<\/div>\n\t\t\t\t<\/div>\n\t\t\t\t<div class=\"elementor-element elementor-element-120e3db elementor-widget elementor-widget-text-editor\" data-id=\"120e3db\" data-element_type=\"widget\" data-e-type=\"widget\" data-widget_type=\"text-editor.default\">\n\t\t\t\t<div class=\"elementor-widget-container\">\n\t\t\t\t\t\t\t\t\t<ul><li>Kierowca b\u0119dzie oczekiwa\u0142 maksymalnie 60 minut na lotnisku od oczekiwanego czasu przybycia studenta.<\/li><li>Je\u015bli student nie pojawi si\u0119 \/ nie skontaktuje si\u0119 z kierowc\u0105, us\u0142uga odbioru z lotniska wyga\u015bnie i student b\u0119dzie musia\u0142 zap\u0142aci\u0107 za te us\u0142ug\u0119.<\/li><li>Je\u015bli student skontaktuje si\u0119 z kierowc\u0105, aby zmieni\u0107 godzine przyjazdu raz gdy juz przyby\u0142 na lotnisko, zap\u0142aci prowizje w wysoko\u015bci 10 \u20ac za ka\u017cde 30 minut czekania.<\/li><li><span style=\"text-decoration: underline;\">Podatki (21%) nie s\u0105 wliczone.<\/span><\/li><\/ul>\t\t\t\t\t\t\t\t<\/div>\n\t\t\t\t<\/div>\n\t\t\t\t\t<\/div>\n\t\t<\/div>\n\t\t\t\t\t<\/div>\n\t\t<\/section>\n\t\t\t\t<\/div>\n\t\t","protected":false},"excerpt":{"rendered":"<p>LOTNISKO-SERWIS ODBI\u00d3R TAKS\u00d3WK\u0104 Udost\u0119pniamy us\u0142ug\u0119 odbioru i dowozu\u00a0 na lotnisko &#8230; jest to o wiele ta\u0144sze, bezpieczniejsze i niezawodne ni\u017c publiczne taks\u00f3wki. B\u0119dziemy na Ciebie czekac! Nale\u017cy pami\u0119ta\u0107, \u017ce s\u0105 to ceny za\u00a0 jedn\u0105 walizke plus baga\u017c podr\u0119czny na osob\u0119 w przypadku przyjazd\u00f3w \/ odjazd\u00f3w z lotniska w Murcja. i Alicante. Podaj nam szczeg\u00f3\u0142owe informacje [&hellip;]<\/p>\n","protected":false},"author":1,"featured_media":16568,"parent":0,"menu_order":0,"comment_status":"closed","ping_status":"closed","template":"elementor_header_footer","meta":{"_acf_changed":false,"inline_featured_image":false,"site-sidebar-layout":"no-sidebar","site-content-layout":"page-builder","ast-site-content-layout":"full-width-container","site-content-style":"unboxed","site-sidebar-style":"unboxed","ast-global-header-display":"","ast-banner-title-visibility":"","ast-main-header-display":"","ast-hfb-above-header-display":"","ast-hfb-below-header-display":"","ast-hfb-mobile-header-display":"","site-post-title":"disabled","ast-breadcrumbs-content":"","ast-featured-img":"disabled","footer-sml-layout":"","ast-disable-related-posts":"","theme-transparent-header-meta":"default","adv-header-id-meta":"","stick-header-meta":"default","header-above-stick-meta":"","header-main-stick-meta":"","header-below-stick-meta":"","astra-migrate-meta-layouts":"default","ast-page-background-enabled":"default","ast-page-background-meta":{"desktop":{"background-color":"var(--ast-global-color-4)","background-image":"","background-repeat":"repeat","background-position":"center center","background-size":"auto","background-attachment":"scroll","background-type":"","background-media":"","overlay-type":"","overlay-color":"","overlay-opacity":"","overlay-gradient":""},"tablet":{"background-color":"","background-image":"","background-repeat":"repeat","background-position":"center center","background-size":"auto","background-attachment":"scroll","background-type":"","background-media":"","overlay-type":"","overlay-color":"","overlay-opacity":"","overlay-gradient":""},"mobile":{"background-color":"","background-image":"","background-repeat":"repeat","background-position":"center center","background-size":"auto","background-attachment":"scroll","background-type":"","background-media":"","overlay-type":"","overlay-color":"","overlay-opacity":"","overlay-gradient":""}},"ast-content-background-meta":{"desktop":{"background-color":"var(--ast-global-color-5)","background-image":"","background-repeat":"repeat","background-position":"center center","background-size":"auto","background-attachment":"scroll","background-type":"","background-media":"","overlay-type":"","overlay-color":"","overlay-opacity":"","overlay-gradient":""},"tablet":{"background-color":"var(--ast-global-color-5)","background-image":"","background-repeat":"repeat","background-position":"center center","background-size":"auto","background-attachment":"scroll","background-type":"","background-media":"","overlay-type":"","overlay-color":"","overlay-opacity":"","overlay-gradient":""},"mobile":{"background-color":"var(--ast-global-color-5)","background-image":"","background-repeat":"repeat","background-position":"center center","background-size":"auto","background-attachment":"scroll","background-type":"","background-media":"","overlay-type":"","overlay-color":"","overlay-opacity":"","overlay-gradient":""}},"footnotes":""},"class_list":["post-9897","page","type-page","status-publish","has-post-thumbnail","hentry"],"acf":[],"_links":{"self":[{"href":"https:\/\/ihdemu.com\/pl\/wp-json\/wp\/v2\/pages\/9897","targetHints":{"allow":["GET"]}}],"collection":[{"href":"https:\/\/ihdemu.com\/pl\/wp-json\/wp\/v2\/pages"}],"about":[{"href":"https:\/\/ihdemu.com\/pl\/wp-json\/wp\/v2\/types\/page"}],"author":[{"embeddable":true,"href":"https:\/\/ihdemu.com\/pl\/wp-json\/wp\/v2\/users\/1"}],"replies":[{"embeddable":true,"href":"https:\/\/ihdemu.com\/pl\/wp-json\/wp\/v2\/comments?post=9897"}],"version-history":[{"count":4,"href":"https:\/\/ihdemu.com\/pl\/wp-json\/wp\/v2\/pages\/9897\/revisions"}],"predecessor-version":[{"id":95188,"href":"https:\/\/ihdemu.com\/pl\/wp-json\/wp\/v2\/pages\/9897\/revisions\/95188"}],"wp:featuredmedia":[{"embeddable":true,"href":"https:\/\/ihdemu.com\/pl\/wp-json\/wp\/v2\/media\/16568"}],"wp:attachment":[{"href":"https:\/\/ihdemu.com\/pl\/wp-json\/wp\/v2\/media?parent=9897"}],"curies":[{"name":"wp","href":"https:\/\/api.w.org\/{rel}","templated":true}]}}