{"id":20588,"date":"2022-11-22T19:01:03","date_gmt":"2022-11-22T18:01:03","guid":{"rendered":"https:\/\/ihdemu.com\/taxi-aeropuerto-alicante\/"},"modified":"2024-01-15T14:01:47","modified_gmt":"2024-01-15T13:01:47","slug":"taksowka-lotniska-alicante","status":"publish","type":"product","link":"https:\/\/ihdemu.com\/pl\/taksowka-lotniska-alicante\/","title":{"rendered":"Taks\u00f3wka z lotniska w Alicante"},"content":{"rendered":"","protected":false},"excerpt":{"rendered":"<p>Przedstawiamy Pa\u0144stwu <strong>bezpieczn\u0105 i komfortow\u0105 us\u0142ug\u0119 taks\u00f3wki, w atrakcyjnej cenie<\/strong>, zapewniaj\u0105c\u0105, \u017ce Wasze przybycie do Murcji z lotniska w Alicante b\u0119dzie wyj\u0105tkowe ju\u017c od pierwszej chwili.<\/p>\n<p>Nasza us\u0142uga taks\u00f3wki zosta\u0142a zaprojektowana, aby zapewni\u0107 Pa\u0144stwu niezb\u0119dny <strong>komfort<\/strong> po d\u0142ugim locie. Nasi profesjonalni i przyja\u017ani kierowcy b\u0119d\u0105 na Pa\u0144stwa czekali na lotnisku, eliminuj\u0105c wszelkie obawy.<\/p>\n<p>Lotnisko w Alicante, oddalone o <strong>50 minut jazdy samochodem od Murcji<\/strong>, jest jednym z kluczowych punkt\u00f3w wej\u015bcia do pi\u0119knej Regionu Murcji, i z przyjemno\u015bci\u0105 oferujemy Pa\u0144stwu ciep\u0142e i spersonalizowane powitanie. Poniewa\u017c s\u0105 Pa\u0144stwo tutaj, aby uczy\u0107 si\u0119 hiszpa\u0144skiego, zanurzy\u0107 si\u0119 w bogatej lokalnej kulturze i cieszy\u0107 si\u0119 imponuj\u0105cymi pla\u017cami, nasza us\u0142uga taks\u00f3wki zapewni bezproblemowy pocz\u0105tek. Czekamy na Was!<\/p>\n","protected":false},"featured_media":49905,"template":"","meta":{"_acf_changed":false,"inline_featured_image":false,"site-sidebar-layout":"default","site-content-layout":"default","ast-site-content-layout":"default","site-content-style":"default","site-sidebar-style":"default","ast-global-header-display":"","ast-banner-title-visibility":"","ast-main-header-display":"","ast-hfb-above-header-display":"","ast-hfb-below-header-display":"","ast-hfb-mobile-header-display":"","site-post-title":"","ast-breadcrumbs-content":"","ast-featured-img":"","footer-sml-layout":"","ast-disable-related-posts":"","theme-transparent-header-meta":"default","adv-header-id-meta":"","stick-header-meta":"default","header-above-stick-meta":"","header-main-stick-meta":"","header-below-stick-meta":"","astra-migrate-meta-layouts":"set","ast-page-background-enabled":"default","ast-page-background-meta":{"desktop":{"background-color":"var(--ast-global-color-4)","background-image":"","background-repeat":"repeat","background-position":"center center","background-size":"auto","background-attachment":"scroll","background-type":"","background-media":"","overlay-type":"","overlay-color":"","overlay-opacity":"","overlay-gradient":""},"tablet":{"background-color":"","background-image":"","background-repeat":"repeat","background-position":"center center","background-size":"auto","background-attachment":"scroll","background-type":"","background-media":"","overlay-type":"","overlay-color":"","overlay-opacity":"","overlay-gradient":""},"mobile":{"background-color":"","background-image":"","background-repeat":"repeat","background-position":"center center","background-size":"auto","background-attachment":"scroll","background-type":"","background-media":"","overlay-type":"","overlay-color":"","overlay-opacity":"","overlay-gradient":""}},"ast-content-background-meta":{"desktop":{"background-color":"var(--ast-global-color-5)","background-image":"","background-repeat":"repeat","background-position":"center center","background-size":"auto","background-attachment":"scroll","background-type":"","background-media":"","overlay-type":"","overlay-color":"","overlay-opacity":"","overlay-gradient":""},"tablet":{"background-color":"var(--ast-global-color-5)","background-image":"","background-repeat":"repeat","background-position":"center center","background-size":"auto","background-attachment":"scroll","background-type":"","background-media":"","overlay-type":"","overlay-color":"","overlay-opacity":"","overlay-gradient":""},"mobile":{"background-color":"var(--ast-global-color-5)","background-image":"","background-repeat":"repeat","background-position":"center center","background-size":"auto","background-attachment":"scroll","background-type":"","background-media":"","overlay-type":"","overlay-color":"","overlay-opacity":"","overlay-gradient":""}}},"product_brand":[],"product_cat":[208],"product_tag":[],"class_list":{"0":"post-20588","1":"product","2":"type-product","3":"status-publish","4":"has-post-thumbnail","6":"product_cat-uslugi-taxi-cat","7":"desktop-align-left","8":"tablet-align-left","9":"mobile-align-left","10":"ast-product-gallery-layout-horizontal-slider","11":"ast-product-gallery-with-no-image","12":"ast-product-single-variable","13":"ast-product-tabs-layout-horizontal","15":"first","16":"instock","17":"taxable","18":"shipping-taxable","19":"purchasable","20":"product-type-variable"},"acf":[],"_links":{"self":[{"href":"https:\/\/ihdemu.com\/pl\/wp-json\/wp\/v2\/product\/20588","targetHints":{"allow":["GET"]}}],"collection":[{"href":"https:\/\/ihdemu.com\/pl\/wp-json\/wp\/v2\/product"}],"about":[{"href":"https:\/\/ihdemu.com\/pl\/wp-json\/wp\/v2\/types\/product"}],"wp:featuredmedia":[{"embeddable":true,"href":"https:\/\/ihdemu.com\/pl\/wp-json\/wp\/v2\/media\/49905"}],"wp:attachment":[{"href":"https:\/\/ihdemu.com\/pl\/wp-json\/wp\/v2\/media?parent=20588"}],"wp:term":[{"taxonomy":"product_brand","embeddable":true,"href":"https:\/\/ihdemu.com\/pl\/wp-json\/wp\/v2\/product_brand?post=20588"},{"taxonomy":"product_cat","embeddable":true,"href":"https:\/\/ihdemu.com\/pl\/wp-json\/wp\/v2\/product_cat?post=20588"},{"taxonomy":"product_tag","embeddable":true,"href":"https:\/\/ihdemu.com\/pl\/wp-json\/wp\/v2\/product_tag?post=20588"}],"curies":[{"name":"wp","href":"https:\/\/api.w.org\/{rel}","templated":true}]}}