{"id":20946,"date":"2022-11-14T00:12:35","date_gmt":"2022-11-13T23:12:35","guid":{"rendered":"https:\/\/ihdemu.com\/habitacion\/"},"modified":"2024-03-21T10:36:00","modified_gmt":"2024-03-21T09:36:00","slug":"pokoj","status":"publish","type":"product","link":"https:\/\/ihdemu.com\/pl\/pokoj\/","title":{"rendered":"Zakwaterowanie w rodzinach (cena za noc)"},"content":{"rendered":"","protected":false},"excerpt":{"rendered":"<p>Mieszkanie z hiszpa\u0144sk\u0105 rodzin\u0105 ma wiele zalet!<\/p>\n<p>Nasz program zakwaterowania daje Ci mo\u017cliwo\u015b\u0107 zanurzenia si\u0119 w hiszpa\u0144skim \u017cyciu codziennym oraz szans\u0119 na <strong>praktykowanie hiszpa\u0144skiego<\/strong> i popraw\u0119 s\u0142ownictwa oraz wymowy. B\u0119dziesz m\u00f3g\u0142\/mog\u0142a cieszy\u0107 si\u0119 zrelaksowan\u0105 i towarzysk\u0105 atmosfer\u0105, zachowuj\u0105c jednocze\u015bnie <strong>niezale\u017cno\u015b\u0107, posiadaj\u0105c swoje w\u0142asne klucze<\/strong>.<\/p>\n<p>Nasze rodziny goszcz\u0105ce s\u0105 zaanga\u017cowane w zapewnienie Ci <strong>ciep\u0142ej i przyjemnej<\/strong> atmosfery podczas pobytu. Podzielisz ich codzienne \u017cycie, zbli\u017cysz si\u0119 do ich kultury i tradycji, a tak\u017ce stworzysz specjalne wi\u0119zi, kt\u00f3re przetrwaj\u0105 w czasie.<\/p>\n<p>Zdecyduj, czy wolisz zakwaterowanie z <strong>pe\u0142nym wy\u017cywieniem<\/strong> (\u015bniadanie, obiad i kolacja) czy te\u017c <strong>ze \u015bniadaniem i kolacj\u0105<\/strong> i odkryj tradycyjne smaki Murcji z naszymi rodzinami goszcz\u0105cymi.<\/p>\n<p>Spraw, aby tw\u00f3j pobyt w Murcji by\u0142 <strong>niezapomnianym wspomnieniem<\/strong> i odkryj, jak bezpo\u015bredni kontakt z lokalnymi rodzinami wzbogaci twoje zrozumienie j\u0119zyka i pozwoli ci maksymalnie wykorzysta\u0107 swoj\u0105 przygod\u0119 za granic\u0105.<\/p>\n","protected":false},"featured_media":32357,"template":"","meta":{"_acf_changed":false,"inline_featured_image":false,"site-sidebar-layout":"default","site-content-layout":"default","ast-site-content-layout":"default","site-content-style":"default","site-sidebar-style":"default","ast-global-header-display":"","ast-banner-title-visibility":"","ast-main-header-display":"","ast-hfb-above-header-display":"","ast-hfb-below-header-display":"","ast-hfb-mobile-header-display":"","site-post-title":"","ast-breadcrumbs-content":"","ast-featured-img":"","footer-sml-layout":"","ast-disable-related-posts":"","theme-transparent-header-meta":"default","adv-header-id-meta":"","stick-header-meta":"default","header-above-stick-meta":"","header-main-stick-meta":"","header-below-stick-meta":"","astra-migrate-meta-layouts":"set","ast-page-background-enabled":"default","ast-page-background-meta":{"desktop":{"background-color":"var(--ast-global-color-4)","background-image":"","background-repeat":"repeat","background-position":"center center","background-size":"auto","background-attachment":"scroll","background-type":"","background-media":"","overlay-type":"","overlay-color":"","overlay-opacity":"","overlay-gradient":""},"tablet":{"background-color":"","background-image":"","background-repeat":"repeat","background-position":"center center","background-size":"auto","background-attachment":"scroll","background-type":"","background-media":"","overlay-type":"","overlay-color":"","overlay-opacity":"","overlay-gradient":""},"mobile":{"background-color":"","background-image":"","background-repeat":"repeat","background-position":"center center","background-size":"auto","background-attachment":"scroll","background-type":"","background-media":"","overlay-type":"","overlay-color":"","overlay-opacity":"","overlay-gradient":""}},"ast-content-background-meta":{"desktop":{"background-color":"var(--ast-global-color-5)","background-image":"","background-repeat":"repeat","background-position":"center center","background-size":"auto","background-attachment":"scroll","background-type":"","background-media":"","overlay-type":"","overlay-color":"","overlay-opacity":"","overlay-gradient":""},"tablet":{"background-color":"var(--ast-global-color-5)","background-image":"","background-repeat":"repeat","background-position":"center center","background-size":"auto","background-attachment":"scroll","background-type":"","background-media":"","overlay-type":"","overlay-color":"","overlay-opacity":"","overlay-gradient":""},"mobile":{"background-color":"var(--ast-global-color-5)","background-image":"","background-repeat":"repeat","background-position":"center center","background-size":"auto","background-attachment":"scroll","background-type":"","background-media":"","overlay-type":"","overlay-color":"","overlay-opacity":"","overlay-gradient":""}}},"product_brand":[],"product_cat":[179],"product_tag":[],"class_list":{"0":"post-20946","1":"product","2":"type-product","3":"status-publish","4":"has-post-thumbnail","6":"product_cat-zakwaterowanie-cat","7":"desktop-align-left","8":"tablet-align-left","9":"mobile-align-left","10":"ast-product-gallery-layout-horizontal-slider","11":"ast-product-gallery-with-no-image","12":"ast-product-single-variable","13":"ast-product-tabs-layout-horizontal","15":"first","16":"instock","17":"taxable","18":"shipping-taxable","19":"purchasable","20":"product-type-variable"},"acf":[],"_links":{"self":[{"href":"https:\/\/ihdemu.com\/pl\/wp-json\/wp\/v2\/product\/20946","targetHints":{"allow":["GET"]}}],"collection":[{"href":"https:\/\/ihdemu.com\/pl\/wp-json\/wp\/v2\/product"}],"about":[{"href":"https:\/\/ihdemu.com\/pl\/wp-json\/wp\/v2\/types\/product"}],"wp:featuredmedia":[{"embeddable":true,"href":"https:\/\/ihdemu.com\/pl\/wp-json\/wp\/v2\/media\/32357"}],"wp:attachment":[{"href":"https:\/\/ihdemu.com\/pl\/wp-json\/wp\/v2\/media?parent=20946"}],"wp:term":[{"taxonomy":"product_brand","embeddable":true,"href":"https:\/\/ihdemu.com\/pl\/wp-json\/wp\/v2\/product_brand?post=20946"},{"taxonomy":"product_cat","embeddable":true,"href":"https:\/\/ihdemu.com\/pl\/wp-json\/wp\/v2\/product_cat?post=20946"},{"taxonomy":"product_tag","embeddable":true,"href":"https:\/\/ihdemu.com\/pl\/wp-json\/wp\/v2\/product_tag?post=20946"}],"curies":[{"name":"wp","href":"https:\/\/api.w.org\/{rel}","templated":true}]}}