{"id":20986,"date":"2022-11-22T18:56:17","date_gmt":"2022-11-22T17:56:17","guid":{"rendered":"https:\/\/ihdemu.com\/taxi-aeropuerto-murcia\/"},"modified":"2024-01-15T13:54:51","modified_gmt":"2024-01-15T12:54:51","slug":"taksowka-lotniska-murcji","status":"publish","type":"product","link":"https:\/\/ihdemu.com\/pl\/taksowka-lotniska-murcji\/","title":{"rendered":"Taks\u00f3wka z lotniska w Murcji"},"content":{"rendered":"","protected":false},"excerpt":{"rendered":"<p>Cze\u015b\u0107, podr\u00f3\u017cnicy z Instituto Hisp\u00e1nico de Murcia!<\/p>\n<p>Gotowi na <strong>bezproblemow\u0105 podr\u00f3\u017c<\/strong>? Nasza spersonalizowana us\u0142uga taks\u00f3wkowa jest tutaj, aby zabra\u0107 ci\u0119 do celu podr\u00f3\u017cy z ca\u0142kowitym <strong>komfortem i bezpiecze\u0144stwem<\/strong>.<\/p>\n<p>Nasze taks\u00f3wki s\u0105 zaprojektowane, aby zapewni\u0107 <strong>przyjazn\u0105 i profesjonaln\u0105<\/strong> obs\u0142ug\u0119, z do\u015bwiadczonymi kierowcami i dobrze wyposa\u017conymi pojazdami, aby zapewni\u0107 przyjemn\u0105 podr\u00f3\u017c. Od momentu l\u0105dowania, zadbamy, aby twoje do\u015bwiadczenie by\u0142o bezproblemowe, wygodnie dostarczaj\u0105c ci\u0119 do celu podr\u00f3\u017cy. Z konkurencyjnymi stawkami, ta\u0144szym i us\u0142ug\u0105 pierwszej klasy, gwarantujemy wyj\u0105tkowe prze\u017cycie podr\u00f3\u017cy.<\/p>\n<p><strong>Lotnisko Murcia \/ Corvera<\/strong> to ultranowoczesne lotnisko po\u0142o\u017cone zaledwie <strong>19 minut jazdy samochodem od Murcji<\/strong>. Otwarte w styczniu 2019 roku, to lotnisko najnowszej generacji oferuje udogodnienia najwy\u017cszej klasy, wysokiej jako\u015bci us\u0142ugi i imponuj\u0105cy wyb\u00f3r zar\u00f3wno krajowych, jak i mi\u0119dzynarodowych destynacji.<\/p>\n<p>Nie tra\u0107 czasu ani energii na skomplikowane opcje transportu. Zarezerwuj teraz i pozw\u00f3l naszej us\u0142udze taks\u00f3wkowej zapewni\u0107 <strong>komfort i spok\u00f3j<\/strong>, jakie zas\u0142uguje twoja przygoda! Ruszajmy!<\/p>\n","protected":false},"featured_media":49896,"template":"","meta":{"_acf_changed":false,"inline_featured_image":false,"site-sidebar-layout":"default","site-content-layout":"default","ast-site-content-layout":"default","site-content-style":"default","site-sidebar-style":"default","ast-global-header-display":"","ast-banner-title-visibility":"","ast-main-header-display":"","ast-hfb-above-header-display":"","ast-hfb-below-header-display":"","ast-hfb-mobile-header-display":"","site-post-title":"","ast-breadcrumbs-content":"","ast-featured-img":"","footer-sml-layout":"","ast-disable-related-posts":"","theme-transparent-header-meta":"default","adv-header-id-meta":"","stick-header-meta":"default","header-above-stick-meta":"","header-main-stick-meta":"","header-below-stick-meta":"","astra-migrate-meta-layouts":"set","ast-page-background-enabled":"default","ast-page-background-meta":{"desktop":{"background-color":"var(--ast-global-color-4)","background-image":"","background-repeat":"repeat","background-position":"center center","background-size":"auto","background-attachment":"scroll","background-type":"","background-media":"","overlay-type":"","overlay-color":"","overlay-opacity":"","overlay-gradient":""},"tablet":{"background-color":"","background-image":"","background-repeat":"repeat","background-position":"center center","background-size":"auto","background-attachment":"scroll","background-type":"","background-media":"","overlay-type":"","overlay-color":"","overlay-opacity":"","overlay-gradient":""},"mobile":{"background-color":"","background-image":"","background-repeat":"repeat","background-position":"center center","background-size":"auto","background-attachment":"scroll","background-type":"","background-media":"","overlay-type":"","overlay-color":"","overlay-opacity":"","overlay-gradient":""}},"ast-content-background-meta":{"desktop":{"background-color":"var(--ast-global-color-5)","background-image":"","background-repeat":"repeat","background-position":"center center","background-size":"auto","background-attachment":"scroll","background-type":"","background-media":"","overlay-type":"","overlay-color":"","overlay-opacity":"","overlay-gradient":""},"tablet":{"background-color":"var(--ast-global-color-5)","background-image":"","background-repeat":"repeat","background-position":"center center","background-size":"auto","background-attachment":"scroll","background-type":"","background-media":"","overlay-type":"","overlay-color":"","overlay-opacity":"","overlay-gradient":""},"mobile":{"background-color":"var(--ast-global-color-5)","background-image":"","background-repeat":"repeat","background-position":"center center","background-size":"auto","background-attachment":"scroll","background-type":"","background-media":"","overlay-type":"","overlay-color":"","overlay-opacity":"","overlay-gradient":""}}},"product_brand":[],"product_cat":[208],"product_tag":[],"class_list":{"0":"post-20986","1":"product","2":"type-product","3":"status-publish","4":"has-post-thumbnail","6":"product_cat-uslugi-taxi-cat","7":"desktop-align-left","8":"tablet-align-left","9":"mobile-align-left","10":"ast-product-gallery-layout-horizontal-slider","11":"ast-product-gallery-with-no-image","12":"ast-product-single-variable","13":"ast-product-tabs-layout-horizontal","15":"first","16":"instock","17":"taxable","18":"shipping-taxable","19":"purchasable","20":"product-type-variable"},"acf":[],"_links":{"self":[{"href":"https:\/\/ihdemu.com\/pl\/wp-json\/wp\/v2\/product\/20986","targetHints":{"allow":["GET"]}}],"collection":[{"href":"https:\/\/ihdemu.com\/pl\/wp-json\/wp\/v2\/product"}],"about":[{"href":"https:\/\/ihdemu.com\/pl\/wp-json\/wp\/v2\/types\/product"}],"wp:featuredmedia":[{"embeddable":true,"href":"https:\/\/ihdemu.com\/pl\/wp-json\/wp\/v2\/media\/49896"}],"wp:attachment":[{"href":"https:\/\/ihdemu.com\/pl\/wp-json\/wp\/v2\/media?parent=20986"}],"wp:term":[{"taxonomy":"product_brand","embeddable":true,"href":"https:\/\/ihdemu.com\/pl\/wp-json\/wp\/v2\/product_brand?post=20986"},{"taxonomy":"product_cat","embeddable":true,"href":"https:\/\/ihdemu.com\/pl\/wp-json\/wp\/v2\/product_cat?post=20986"},{"taxonomy":"product_tag","embeddable":true,"href":"https:\/\/ihdemu.com\/pl\/wp-json\/wp\/v2\/product_tag?post=20986"}],"curies":[{"name":"wp","href":"https:\/\/api.w.org\/{rel}","templated":true}]}}